{"id":155605,"date":"2024-07-25T12:31:50","date_gmt":"2024-07-25T10:31:50","guid":{"rendered":"https:\/\/fitshaker-eshop-prod.goodrequest.dev\/eshop\/?post_type=product&#038;p=155605"},"modified":"2026-04-09T07:38:43","modified_gmt":"2026-04-09T05:38:43","slug":"fitnutka-bio-lieskove-oriesky-cokolada","status":"publish","type":"product","link":"https:\/\/fitshaker.cz\/eshop\/cs\/produkt\/fitnutka-bio-lieskove-oriesky-cokolada","title":{"rendered":"Fitnutka: BIO L\u00edskov\u00e9 o\u0159\u00ed\u0161ky a \u010dokol\u00e1da 330 g"},"content":{"rendered":"<p>Fitnutka je <strong>Lahodn\u00fd BIO o\u0159\u00ed\u0161kov\u00fd kr\u00e9m<\/strong> vyroben\u00fd v jemn\u00e9 konzistenci, jeho\u017e z\u00e1klad tvo\u0159\u00ed a\u017e <strong>70 % v\u00fdb\u011brov\u00fdch l\u00edskov\u00fdch o\u0159\u00ed\u0161k\u016f<\/strong>. V kombinaci s kakaovou hmotou a kokosov\u00fdm cukrem v\u00fdjime\u010dn\u00e9 kvality je neodmyslitelnou sou\u010d\u00e1st\u00ed bo\u017esk\u00e9ho po\u017eitku. Po jej\u00edm ochutn\u00e1n\u00ed se do n\u00ed jednodu\u0161e zamilujete. Nav\u00edc vzhledem k tomu, \u017ee <strong>neobsahuje \u017e\u00e1dn\u00e9 zdrav\u00ed \u0161kodliv\u00e9 l\u00e1tky, ml\u00e9ko, palmov\u00fd olej nebo lecitin<\/strong>, je vynikaj\u00edc\u00ed volbou pro v\u0161echny, kte\u0159\u00ed preferuj\u00ed kvalitn\u00ed a nutri\u010dn\u011b bohat\u00e9 potraviny.<\/p>\n<h3><img loading=\"lazy\" decoding=\"async\" class=\"alignnone wp-image-128059\" src=\"https:\/\/fitshaker.sk\/eshop\/wp-content\/uploads\/2022\/12\/Fitnuky_Produktova-a-kulisou-48-681x1024.jpg\" alt=\"orieskove masla\" width=\"406\" height=\"610\" srcset=\"https:\/\/fitshaker.cz\/eshop\/wp-content\/uploads\/2022\/12\/Fitnuky_Produktova-a-kulisou-48-681x1024.jpg 681w, https:\/\/fitshaker.cz\/eshop\/wp-content\/uploads\/2022\/12\/Fitnuky_Produktova-a-kulisou-48-200x300.jpg 200w, https:\/\/fitshaker.cz\/eshop\/wp-content\/uploads\/2022\/12\/Fitnuky_Produktova-a-kulisou-48-768x1155.jpg 768w, https:\/\/fitshaker.cz\/eshop\/wp-content\/uploads\/2022\/12\/Fitnuky_Produktova-a-kulisou-48-600x902.jpg 600w, https:\/\/fitshaker.cz\/eshop\/wp-content\/uploads\/2022\/12\/Fitnuky_Produktova-a-kulisou-48.jpg 914w\" sizes=\"(max-width: 406px) 100vw, 406px\" \/>\u00a0<img loading=\"lazy\" decoding=\"async\" class=\"alignnone wp-image-128056\" style=\"font-size: 16px;\" src=\"https:\/\/fitshaker.sk\/eshop\/wp-content\/uploads\/2022\/12\/Fitnuky_Produktova-a-kulisou-31-682x1024.jpg\" alt=\"cokoladova natierka s lieskovymi orieskami\" width=\"406\" height=\"610\" srcset=\"https:\/\/fitshaker.cz\/eshop\/wp-content\/uploads\/2022\/12\/Fitnuky_Produktova-a-kulisou-31-682x1024.jpg 682w, https:\/\/fitshaker.cz\/eshop\/wp-content\/uploads\/2022\/12\/Fitnuky_Produktova-a-kulisou-31-200x300.jpg 200w, https:\/\/fitshaker.cz\/eshop\/wp-content\/uploads\/2022\/12\/Fitnuky_Produktova-a-kulisou-31-768x1154.jpg 768w, https:\/\/fitshaker.cz\/eshop\/wp-content\/uploads\/2022\/12\/Fitnuky_Produktova-a-kulisou-31-1022x1536.jpg 1022w, https:\/\/fitshaker.cz\/eshop\/wp-content\/uploads\/2022\/12\/Fitnuky_Produktova-a-kulisou-31-600x901.jpg 600w, https:\/\/fitshaker.cz\/eshop\/wp-content\/uploads\/2022\/12\/Fitnuky_Produktova-a-kulisou-31.jpg 1208w\" sizes=\"(max-width: 406px) 100vw, 406px\" \/> <img loading=\"lazy\" decoding=\"async\" class=\"alignnone wp-image-166807\" style=\"font-size: 16px;\" src=\"https:\/\/fitshaker.sk\/eshop\/wp-content\/uploads\/2024\/07\/Lieskovo-cokoladove-tycinky-2-2-595x894.jpg\" alt=\"\" width=\"406\" height=\"610\" srcset=\"https:\/\/fitshaker.cz\/eshop\/wp-content\/uploads\/2024\/07\/Lieskovo-cokoladove-tycinky-2-2-595x894.jpg 595w, https:\/\/fitshaker.cz\/eshop\/wp-content\/uploads\/2024\/07\/Lieskovo-cokoladove-tycinky-2-2-200x300.jpg 200w, https:\/\/fitshaker.cz\/eshop\/wp-content\/uploads\/2024\/07\/Lieskovo-cokoladove-tycinky-2-2-331x498.jpg 331w, https:\/\/fitshaker.cz\/eshop\/wp-content\/uploads\/2024\/07\/Lieskovo-cokoladove-tycinky-2-2-768x1154.jpg 768w, https:\/\/fitshaker.cz\/eshop\/wp-content\/uploads\/2024\/07\/Lieskovo-cokoladove-tycinky-2-2-450x676.jpg 450w, https:\/\/fitshaker.cz\/eshop\/wp-content\/uploads\/2024\/07\/Lieskovo-cokoladove-tycinky-2-2-350x526.jpg 350w, https:\/\/fitshaker.cz\/eshop\/wp-content\/uploads\/2024\/07\/Lieskovo-cokoladove-tycinky-2-2.jpg 800w\" sizes=\"(max-width: 406px) 100vw, 406px\" \/><\/h3>\n<p>&nbsp;<\/p>\n<h3>Co dobr\u00e9ho si m\u016f\u017ee\u0161 s Fitnutkami p\u0159ipravit?<\/h3>\n<p>Tak co, zkus\u00ed\u0161 p\u0159idat n\u011bkterou z na\u0161ich Fitnutek do sn\u00edda\u0148ov\u00e9 ka\u0161e, na l\u00edvance, dezerty nebo naslano do om\u00e1\u010dek \u010di t\u011bstovin?<\/p>\n<p>Inspiruj se recepty na na\u0161em blogu v kategorii <a href=\"https:\/\/fitshaker.cz\/cz\/kategorie\/recepty\/recepty-fitnutka\">RECEPTY S FITNUTKOU<\/a>, zjisti, kde v\u0161ude se daj\u00ed o\u0159\u00ed\u0161kov\u00e9 pomaz\u00e1nky vyu\u017e\u00edt, a vykouzli novou chu\u0165 na tal\u00ed\u0159i.<\/p>\n<p>&nbsp;<\/p>\n<h3>Slo\u017een\u00ed:<\/h3>\n<ul>\n<li>70 % BIO <strong>l\u00edskov\u00e9 o\u0159echy<\/strong>*<\/li>\n<li>30 % \u010dokol\u00e1da* (kokosov\u00fd cukr*, kakaov\u00e9 m\u00e1slo*, kakaov\u00fd pr\u00e1\u0161ek*)<\/li>\n<\/ul>\n<p>*\u00a0vyprodukov\u00e1no v\u00a0ekologick\u00e9m zem\u011bd\u011blstv\u00ed<\/p>\n<p>&nbsp;<\/p>\n<h3>V\u00fd\u017eivov\u00e9 \u00fadaje na 100\u00a0g:<\/h3>\n<p>energie 2481kJ\/593 kcal<br \/>\ntuky 48,24 g z\u00a0toho nasycen\u00e9 7,27 g<br \/>\nsacharidy 24 g z\u00a0toho cukry 21,15 g<br \/>\nvl\u00e1knina 7,8 g<br \/>\nb\u00edlkoviny 12,04 g<br \/>\ns\u016fl \u02c2 0,1 g<\/p>\n<p><strong>M\u016f\u017ee obsahovat stopy jin\u00fdch sko\u0159\u00e1pkov\u00fdch plod\u016f<\/strong><\/p>\n<p><strong>Balen\u00ed: 330 g<\/strong><\/p>\n<p>&nbsp;<\/p>\n<p>&nbsp;<\/p>\n<p><strong>UPOZORN\u011aN\u00cd:<\/strong>\u00a0<strong>P\u0159i v\u011bt\u0161\u00edch teplotn\u00edch rozd\u00edlech, hlavn\u011b v\u00a0podzimn\u00edm a\u00a0zimn\u00edm obdob\u00ed, se odd\u011blen\u00fd olej m\u016f\u017ee vysr\u00e1\u017eet do tukov\u00fdch \u010d\u00e1ste\u010dek (mal\u00e9 b\u00edl\u00e9 kuli\u010dky) nebo se m\u016f\u017ee odd\u011blit tuh\u00e1 a\u00a0tekut\u00e1 slo\u017eka pomaz\u00e1nky, co\u017e v\u0161ak nen\u00ed vadou produktu. Pro odstran\u011bn\u00ed tohoto jevu doporu\u010dujeme produkt d\u016fkladn\u011b prom\u00edchat v\u00a0tepl\u00e9, ne vrouc\u00ed l\u00e1zni, aby se v\u0161echny \u201evrstvy\u201c \u0159\u00e1dn\u011b spojily. Vznikne tak lahodn\u00e1 kr\u00e9mov\u00e1 konzistence.<\/strong><\/p>\n<p>&nbsp;<\/p>\n","protected":false},"excerpt":{"rendered":"<p><strong>Tvoje zdrav\u00e1 pochoutka. Lahodn\u00fd Bio o\u0159\u00ed\u0161kov\u00fd kr\u00e9m.<\/strong><br \/>\nDatum minim\u00e1ln\u00ed trvanlivosti: 7.7.2026<\/p>\n<p>&nbsp;<\/p>\n<p><img loading=\"lazy\" decoding=\"async\" class=\"alignnone wp-image-171126\" src=\"https:\/\/fitshaker.sk\/eshop\/wp-content\/uploads\/2024\/12\/CZ-fitnutky-zakladne.png\" alt=\"Bio orieskove natierky\" width=\"670\" height=\"100\" srcset=\"https:\/\/fitshaker.cz\/eshop\/wp-content\/uploads\/2024\/12\/CZ-fitnutky-zakladne.png 5920w, https:\/\/fitshaker.cz\/eshop\/wp-content\/uploads\/2024\/12\/CZ-fitnutky-zakladne-350x52.png 350w, https:\/\/fitshaker.cz\/eshop\/wp-content\/uploads\/2024\/12\/CZ-fitnutky-zakladne-595x89.png 595w, https:\/\/fitshaker.cz\/eshop\/wp-content\/uploads\/2024\/12\/CZ-fitnutky-zakladne-385x57.png 385w, https:\/\/fitshaker.cz\/eshop\/wp-content\/uploads\/2024\/12\/CZ-fitnutky-zakladne-768x115.png 768w, https:\/\/fitshaker.cz\/eshop\/wp-content\/uploads\/2024\/12\/CZ-fitnutky-zakladne-1536x229.png 1536w, https:\/\/fitshaker.cz\/eshop\/wp-content\/uploads\/2024\/12\/CZ-fitnutky-zakladne-2048x305.png 2048w, https:\/\/fitshaker.cz\/eshop\/wp-content\/uploads\/2024\/12\/CZ-fitnutky-zakladne-450x67.png 450w\" sizes=\"(max-width: 670px) 100vw, 670px\" \/><\/p>\n","protected":false},"featured_media":162586,"comment_status":"open","ping_status":"closed","template":"","meta":{"_acf_changed":false},"product_cat":[213],"product_tag":[],"bundle_layout":"","bundled_by":[],"bundled_items":[],"acf":[],"_links":{"self":[{"href":"https:\/\/fitshaker.cz\/eshop\/cs\/wp-json\/wp\/v2\/product\/155605"}],"collection":[{"href":"https:\/\/fitshaker.cz\/eshop\/cs\/wp-json\/wp\/v2\/product"}],"about":[{"href":"https:\/\/fitshaker.cz\/eshop\/cs\/wp-json\/wp\/v2\/types\/product"}],"replies":[{"embeddable":true,"href":"https:\/\/fitshaker.cz\/eshop\/cs\/wp-json\/wp\/v2\/comments?post=155605"}],"wp:featuredmedia":[{"embeddable":true,"href":"https:\/\/fitshaker.cz\/eshop\/cs\/wp-json\/wp\/v2\/media\/162586"}],"wp:attachment":[{"href":"https:\/\/fitshaker.cz\/eshop\/cs\/wp-json\/wp\/v2\/media?parent=155605"}],"wp:term":[{"taxonomy":"product_cat","embeddable":true,"href":"https:\/\/fitshaker.cz\/eshop\/cs\/wp-json\/wp\/v2\/product_cat?post=155605"},{"taxonomy":"product_tag","embeddable":true,"href":"https:\/\/fitshaker.cz\/eshop\/cs\/wp-json\/wp\/v2\/product_tag?post=155605"}],"curies":[{"name":"wp","href":"https:\/\/api.w.org\/{rel}","templated":true}]}}