{"id":155660,"date":"2024-07-24T12:32:09","date_gmt":"2024-07-24T10:32:09","guid":{"rendered":"https:\/\/fitshaker-eshop-prod.goodrequest.dev\/eshop\/?post_type=product&#038;p=155660"},"modified":"2026-04-18T21:04:24","modified_gmt":"2026-04-18T19:04:24","slug":"expandery-na-precvicenie-celeho-tela","status":"publish","type":"product","link":"https:\/\/fitshaker.cz\/eshop\/cs\/produkt\/expandery-na-precvicenie-celeho-tela","title":{"rendered":"Expandery k procvi\u010den\u00ed cel\u00e9ho t\u011bla"},"content":{"rendered":"<p>Posu\u0148 <strong>cvi\u010den\u00ed online z pohodl\u00ed domova<\/strong> na jinou \u00farove\u0148. Jak na to? Vyu\u017eij tuto jedine\u010dnou pom\u016fcku, kter\u00e1 ti nezabere moc m\u00edsta, a p\u0159itom komplexn\u011b s n\u00ed procvi\u010d\u00ed\u0161 v\u0161echny partie t\u011bla. Krom\u011b posilov\u00e1n\u00ed zlep\u0161\u00ed\u0161 i svoji <strong>flexibilitu<\/strong> \u010di <strong>rozsah pohybu<\/strong>. Vzhledem k tomu, \u017ee expandery jsou vyrobeny z kvalitn\u00edch materi\u00e1l\u016f, prodlu\u017eujeme jejich \u017eivotnost a v co nejv\u011bt\u0161\u00ed mo\u017en\u00e9 m\u00ed\u0159e eliminujeme riziko zran\u011bn\u00ed p\u0159i cvi\u010den\u00ed online. Ka\u017ed\u00fd expander m\u011b\u0159\u00ed <strong>208 cm, \u0161\u00ed\u0159ku 4 cm<\/strong> a sada obsahuje <strong>3 \u00farovn\u011b expander\u016f<\/strong>:<\/p>\n<p><strong>\u2022 fialov\u00fd &#8211; lehk\u00fd (max. odpor 13 kg),<\/strong><\/p>\n<p><strong>\u2022 bled\u011b oran\u017eov\u00fd &#8211; st\u0159edn\u00ed (max. odpor 22 kg),<\/strong><\/p>\n<p><strong>\u2022 tmav\u011b oran\u017eov\u00fd &#8211; t\u011b\u017ek\u00fd (max. odpor 31 kg).<\/strong><\/p>\n<p>Tato sada obsahuje i <strong>s\u00e1\u010dek<\/strong>, kter\u00fd ti zajist\u00ed pohodln\u00e9 skladov\u00e1n\u00ed a p\u0159enos, aby sis dop\u0159\u00e1la plnohodnotn\u00e9 cvi\u010den\u00ed odkudkoli.<\/p>\n<p>Mezi na\u0161imi tr\u00e9ninky najde\u0161 i inspiraci <a href=\"https:\/\/fitshaker.cz\/cviceni?accessories=17\">jak s dlouh\u00fdmi expand\u00e9ry cvi\u010dit.\u00a0<\/a><\/p>\n<style>.embed-container { position: relative; padding-bottom: 56.25%; height: 0; overflow: hidden; max-width: 100%; } .embed-container iframe, .embed-container object, .embed-container embed { position: absolute; top: 0; left: 0; width: 100%; height: 100%; }<\/style>\n<div class=\"embed-container\"><iframe src=\"https:\/\/www.youtube.com\/embed\/9qLMwzHycps\" frameborder=\"0\" allowfullscreen=\"allowfullscreen\"><\/iframe><\/div>\n<style>.embed-container { position: relative; padding-bottom: 56.25%; height: 0; overflow: hidden; max-width: 100%; } .embed-container iframe, .embed-container object, .embed-container embed { position: absolute; top: 0; left: 0; width: 100%; height: 100%; }<\/style>\n<div class=\"embed-container\"><iframe src=\"https:\/\/www.youtube.com\/embed\/_6XJcZsaiaE\" frameborder=\"0\" allowfullscreen=\"allowfullscreen\"><\/iframe><\/div>\n<style>.embed-container { position: relative; padding-bottom: 56.25%; height: 0; overflow: hidden; max-width: 100%; } .embed-container iframe, .embed-container object, .embed-container embed { position: absolute; top: 0; left: 0; width: 100%; height: 100%; }<\/style>\n<div class=\"embed-container\"><iframe src=\"https:\/\/www.youtube.com\/embed\/aFEB4XQ6VGM\" frameborder=\"0\" allowfullscreen=\"allowfullscreen\"><\/iframe><\/div>\n<p>&nbsp;<\/p>\n<style>.embed-container { position: relative; padding-bottom: 56.25%; height: 0; overflow: hidden; max-width: 100%; } .embed-container iframe, .embed-container object, .embed-container embed { position: absolute; top: 0; left: 0; width: 100%; height: 100%; }<\/style>\n<div class=\"embed-container\"><iframe src=\"https:\/\/www.youtube.com\/embed\/nh3oxsoLv4Y\" frameborder=\"0\" allowfullscreen=\"allowfullscreen\"><\/iframe><\/div>\n","protected":false},"excerpt":{"rendered":"<p>Procvi\u010d cel\u00e9 t\u011blo bez fitka! Sada 3 dlouh\u00fdch expander\u016f (208 cm, odpor 13\u201331 kg) ti pom\u016f\u017ee pos\u00edlit svaly, zlep\u0161it flexibilitu a d\u00edky praktick\u00e9mu pytl\u00edku m\u016f\u017ee\u0161 cvi\u010dit kdekoli!<\/p>\n","protected":false},"featured_media":162579,"comment_status":"open","ping_status":"closed","template":"","meta":{"_acf_changed":false},"product_cat":[215],"product_tag":[],"bundle_layout":"","bundled_by":[],"bundled_items":[],"acf":[],"_links":{"self":[{"href":"https:\/\/fitshaker.cz\/eshop\/cs\/wp-json\/wp\/v2\/product\/155660"}],"collection":[{"href":"https:\/\/fitshaker.cz\/eshop\/cs\/wp-json\/wp\/v2\/product"}],"about":[{"href":"https:\/\/fitshaker.cz\/eshop\/cs\/wp-json\/wp\/v2\/types\/product"}],"replies":[{"embeddable":true,"href":"https:\/\/fitshaker.cz\/eshop\/cs\/wp-json\/wp\/v2\/comments?post=155660"}],"wp:featuredmedia":[{"embeddable":true,"href":"https:\/\/fitshaker.cz\/eshop\/cs\/wp-json\/wp\/v2\/media\/162579"}],"wp:attachment":[{"href":"https:\/\/fitshaker.cz\/eshop\/cs\/wp-json\/wp\/v2\/media?parent=155660"}],"wp:term":[{"taxonomy":"product_cat","embeddable":true,"href":"https:\/\/fitshaker.cz\/eshop\/cs\/wp-json\/wp\/v2\/product_cat?post=155660"},{"taxonomy":"product_tag","embeddable":true,"href":"https:\/\/fitshaker.cz\/eshop\/cs\/wp-json\/wp\/v2\/product_tag?post=155660"}],"curies":[{"name":"wp","href":"https:\/\/api.w.org\/{rel}","templated":true}]}}