{"id":155673,"date":"2024-07-24T12:32:10","date_gmt":"2024-07-24T10:32:10","guid":{"rendered":"https:\/\/fitshaker-eshop-prod.goodrequest.dev\/eshop\/?post_type=product&#038;p=155673"},"modified":"2026-04-09T07:38:24","modified_gmt":"2026-04-09T05:38:24","slug":"klzave-disky","status":"publish","type":"product","link":"https:\/\/fitshaker.cz\/eshop\/cs\/produkt\/klzave-disky","title":{"rendered":"Klouzav\u00e9 disky"},"content":{"rendered":"<p><strong>Klouzav\u00e9 disky, naz\u00fdvan\u00e9 tak\u00e9 smykov\u00e9 podlo\u017eky nebo Core sliders,<\/strong> jsou skv\u011blou cvi\u010debn\u00ed pom\u016fckou pro vypracov\u00e1n\u00ed a zpevn\u011bn\u00ed cel\u00e9ho t\u011bla. Cvi\u010den\u00ed s disky spo\u010d\u00edv\u00e1 v posouv\u00e1n\u00ed rukou a nohou po podlaze, p\u0159i\u010dem\u017e vynikaj\u00ed svoj\u00ed v\u0161estrannost\u00ed. Umo\u017en\u00ed <strong>zintenzivnit si dom\u00e1c\u00ed tr\u00e9nink<\/strong> mnoha cviky a z\u00e1rove\u0148 jsou <strong>\u0161etrn\u00e9 ke kloub\u016fm<\/strong>. Disky jsou\u00a0<strong>skladn\u00e9 a p\u0159enosn\u00e9<\/strong>, tak\u017ee je m\u016f\u017eete vz\u00edt kamkoliv s sebou.<\/p>\n<p>D\u00edky 2 stran\u00e1m se disky <strong>p\u0159izp\u016fsob\u00ed ka\u017ed\u00e9mu povrchu<\/strong>. P\u011bnov\u00e1 strana dob\u0159e klou\u017ee po tvrd\u00e9 podlaze a barevn\u00e1 strana je vhodn\u00e1 na m\u011bk\u010d\u00ed povrch, nap\u0159\u00edklad koberec.<\/p>\n<p>Balen\u00ed obsahuje 2 klouzav\u00e9 disky v praktick\u00e9 stahovac\u00ed kapse. Pr\u016fm\u011br jednoho disku je 18 cm.<\/p>\n<p>Recenze od na\u0161\u00ed z\u00e1kaznice Dominiky: <i data-stringify-type=\"italic\">\u201eChci veeeelmi pozitivn\u011b ohodnotit klouzav\u00e9 disky, nad kter\u00fdmi jsem stra\u0161n\u011b v\u00e1hala, ale jedin\u00e9 cvi\u010den\u00ed s nimi m\u011b p\u0159esv\u011bd\u010dilo, \u017ee jsou skv\u011bl\u00e9. Lehou\u010dk\u00e9, vejdou se do ta\u0161ky, praktick\u00e9 a klou\u017eou p\u0159esn\u011b jak je t\u0159eba.. Toti\u017e, u\u017e jsem \u010detla i negativn\u00ed recenze na jin\u00e9 zna\u010dky, tak\u017ee tyto Va\u0161e jsou fakt takov\u00e9, jak\u00e9 maj\u00ed b\u00fdt.&#8221;<\/i><strong style=\"color: var(--global--color-primary); font-family: var(--global--font-secondary); font-size: var(--global--font-size-base); background-color: var(--global--color-background);\">\u00a0 \u00a0 \u00a0 \u00a0 \u00a0 \u00a0 \u00a0 \u00a0 \u00a0\u00a0<\/strong><\/p>\n<p>Mezi na\u0161imi tr\u00e9ninky najde\u0161 i inspiraci <a href=\"https:\/\/fitshaker.cz\/cviceni?accessories=11\">jak s klouzav\u00fdmi disky cvi\u010dit<\/a>.<\/p>\n<style>.embed-container { position: relative; padding-bottom: 56.25%; height: 0; overflow: hidden; max-width: 100%; } .embed-container iframe, .embed-container object, .embed-container embed { position: absolute; top: 0; left: 0; width: 100%; height: 100%; }<\/style>\n<div class=\"embed-container\" style=\"margin-top: 30px;\"><iframe src=\"https:\/\/www.youtube.com\/embed\/\/zKKcRlNvx8Y\" frameborder=\"0\" allowfullscreen=\"allowfullscreen\"><span data-mce-type=\"bookmark\" style=\"display: inline-block; width: 0px; overflow: hidden; line-height: 0;\" class=\"mce_SELRES_start\">\ufeff<\/span><\/iframe><\/div>\n<div style=\"height: 30px;\"><\/div>\n<div class=\"embed-container\" style=\"margin-top: 30px;\"><iframe src=\"https:\/\/www.youtube.com\/embed\/\/B3OMuQduHFM\" frameborder=\"0\" allowfullscreen=\"allowfullscreen\"><\/iframe><\/div>\n<div style=\"height: 30px;\"><\/div>\n<div class=\"embed-container\" style=\"margin-top: 30px;\"><iframe src=\"https:\/\/www.youtube.com\/embed\/\/Z_pXwLeXgkQ\" frameborder=\"0\" allowfullscreen=\"allowfullscreen\"><\/iframe><\/div>\n","protected":false},"excerpt":{"rendered":"<p>Klouzav\u00e9 disky v\u00e1m umo\u017en\u00ed pos\u00edlit v\u0161echny svaly d\u00edky cvik\u016fm s v\u00e1hou vlastn\u00edho t\u011bla.<\/p>\n","protected":false},"featured_media":162518,"comment_status":"open","ping_status":"closed","template":"","meta":{"_acf_changed":false},"product_cat":[215],"product_tag":[],"bundle_layout":"","bundled_by":[],"bundled_items":[],"acf":[],"_links":{"self":[{"href":"https:\/\/fitshaker.cz\/eshop\/cs\/wp-json\/wp\/v2\/product\/155673"}],"collection":[{"href":"https:\/\/fitshaker.cz\/eshop\/cs\/wp-json\/wp\/v2\/product"}],"about":[{"href":"https:\/\/fitshaker.cz\/eshop\/cs\/wp-json\/wp\/v2\/types\/product"}],"replies":[{"embeddable":true,"href":"https:\/\/fitshaker.cz\/eshop\/cs\/wp-json\/wp\/v2\/comments?post=155673"}],"wp:featuredmedia":[{"embeddable":true,"href":"https:\/\/fitshaker.cz\/eshop\/cs\/wp-json\/wp\/v2\/media\/162518"}],"wp:attachment":[{"href":"https:\/\/fitshaker.cz\/eshop\/cs\/wp-json\/wp\/v2\/media?parent=155673"}],"wp:term":[{"taxonomy":"product_cat","embeddable":true,"href":"https:\/\/fitshaker.cz\/eshop\/cs\/wp-json\/wp\/v2\/product_cat?post=155673"},{"taxonomy":"product_tag","embeddable":true,"href":"https:\/\/fitshaker.cz\/eshop\/cs\/wp-json\/wp\/v2\/product_tag?post=155673"}],"curies":[{"name":"wp","href":"https:\/\/api.w.org\/{rel}","templated":true}]}}