{"id":155679,"date":"2024-07-24T12:32:10","date_gmt":"2024-07-24T10:32:10","guid":{"rendered":"https:\/\/fitshaker-eshop-prod.goodrequest.dev\/eshop\/?post_type=product&#038;p=155679"},"modified":"2026-04-10T10:07:21","modified_gmt":"2026-04-10T08:07:21","slug":"crop-top-fitshaker-abraka","status":"publish","type":"product","link":"https:\/\/fitshaker.cz\/eshop\/cs\/produkt\/crop-top-fitshaker-abraka","title":{"rendered":"Crop top Fitshaker x Abraka\u00ae"},"content":{"rendered":"<p>Crop top Fitshaker x Abraka\u00ae m\u00e1 unik\u00e1tn\u00ed sv\u011b\u017e\u00ed design, je <strong>mimo\u0159\u00e1dn\u011b pohodln\u00fd,<\/strong> funk\u010dn\u00ed a\u00a0poskytuje skv\u011blou oporu p\u0159i sportu.\u00a0 D\u00edky pe\u010dliv\u00e9mu v\u00fdb\u011bru kvalitn\u00edch recyklovan\u00fdch materi\u00e1l\u016f, st\u0159ihu a\u00a0\u0161it\u00ed <strong>sed\u00ed jako druh\u00e1 k\u016f\u017ee.<\/strong> Crop top nen\u00ed vyztu\u017een\u00fd, ale jeho <strong>dokonal\u00fd st\u0159ih zaji\u0161\u0165uje pohodl\u00ed a\u00a0oporu i\u00a0p\u0159i n\u00e1ro\u010dn\u00fdch sportovn\u00edch aktivit\u00e1ch.<\/strong> M\u00e1 d\u016fmysln\u011b um\u00edst\u011bnou gumi\u010dkou, aby dr\u017eel skute\u010dn\u011b dokonale. Je <strong>vyroben z\u00a0funk\u010dn\u00edho recyklovan\u00e9ho materi\u00e1lu\u00a0Light,<\/strong> kter\u00fd je<strong> prody\u0161n\u00fd, extra jemn\u00fd, s\u00a0vysokou hustotou pleten\u00ed,<\/strong> d\u00edly \u010demu\u017e dosahuje vysok\u00e9 <strong>odolnosti proti prosv\u00edt\u00e1n\u00ed,<\/strong> <strong>UVB ochranu SPF 50+, rychle schne<\/strong> a\u00a0m\u016f\u017ee\u0161 ho klidn\u011b <strong>vyu\u017e\u00edt i\u00a0ve vod\u011b.<\/strong><\/p>\n<p><em>P\u0159i v\u00fdb\u011bru tv\u00e9ho kousku doporu\u010dujeme dr\u017eet se standardn\u00ed konfek\u010dn\u00ed velikosti, kterou b\u011b\u017en\u011b nos\u00ed\u0161. V\u00a0p\u0159\u00edpad\u011b, \u017ee se rozhoduje\u0161 mezi dv\u011bma velikostmi, vyber si tu men\u0161\u00ed \u2013 pokud preferuje\u0161 v\u011bt\u0161\u00ed zpevn\u011bn\u00ed, nebo si vyber tu v\u011bt\u0161\u00ed \u2013 pokud d\u00e1v\u00e1\u0161 p\u0159ednost v\u011bt\u0161\u00ed volnosti. <\/em><\/p>\n<p>Velikost S: prsa 75\u201388\u00a0cm, pod prsy 68\u201376\u00a0cm, velikost ko\u0161\u00ed\u010dku 70\u00a0A\/B<\/p>\n<p>Velikost M: prsa 85\u201398\u00a0cm, pod prsy 74\u201384\u00a0cm, velikost ko\u0161\u00ed\u010dku 75\u00a0A\/B\/C<\/p>\n<p>Velikost L: prsa 95\u2013108\u00a0cm, 80\u201392\u00a0cm, velikost ko\u0161\u00ed\u010dku 80\u00a0B\/C\/D<\/p>\n<p>P\u00e9\u010de o\u00a0produkt: Pr\u00e1t naruby na 30\u00a0\u00b0C, nepou\u017e\u00edvat aviv\u00e1\u017e, nesu\u0161it v\u00a0su\u0161i\u010dce, vyvarovat se ot\u011bru o\u00a0ostr\u00e9 p\u0159edm\u011bty.<\/p>\n<p>Podpora\u00a0<strong>lok\u00e1ln\u00ed a\u00a0ekologick\u00e9 v\u00fdroby <\/strong>je pro n\u00e1s extr\u00e9mn\u011b d\u016fle\u017eit\u00e1. P\u0159idej se a\u00a0nakupuj uv\u011bdom\u011ble a\u00a0udr\u017eiteln\u011b. \ud83d\ude42<\/p>\n","protected":false},"excerpt":{"rendered":"<p>Ve spolupr\u00e1ci se slovenskou zna\u010dkou Abraka\u00ae jsme vytvo\u0159ili <strong>stylovou, nad\u010dasovou, ekologickou a\u00a0vysoce kvalitn\u00ed kolekci sportovn\u00edho oble\u010den\u00ed.<\/strong><\/p>\n","protected":false},"featured_media":155095,"comment_status":"open","ping_status":"closed","template":"","meta":{"_acf_changed":false},"product_cat":[214],"product_tag":[],"bundle_layout":"","bundled_by":[],"bundled_items":[],"acf":[],"_links":{"self":[{"href":"https:\/\/fitshaker.cz\/eshop\/cs\/wp-json\/wp\/v2\/product\/155679"}],"collection":[{"href":"https:\/\/fitshaker.cz\/eshop\/cs\/wp-json\/wp\/v2\/product"}],"about":[{"href":"https:\/\/fitshaker.cz\/eshop\/cs\/wp-json\/wp\/v2\/types\/product"}],"replies":[{"embeddable":true,"href":"https:\/\/fitshaker.cz\/eshop\/cs\/wp-json\/wp\/v2\/comments?post=155679"}],"wp:featuredmedia":[{"embeddable":true,"href":"https:\/\/fitshaker.cz\/eshop\/cs\/wp-json\/wp\/v2\/media\/155095"}],"wp:attachment":[{"href":"https:\/\/fitshaker.cz\/eshop\/cs\/wp-json\/wp\/v2\/media?parent=155679"}],"wp:term":[{"taxonomy":"product_cat","embeddable":true,"href":"https:\/\/fitshaker.cz\/eshop\/cs\/wp-json\/wp\/v2\/product_cat?post=155679"},{"taxonomy":"product_tag","embeddable":true,"href":"https:\/\/fitshaker.cz\/eshop\/cs\/wp-json\/wp\/v2\/product_tag?post=155679"}],"curies":[{"name":"wp","href":"https:\/\/api.w.org\/{rel}","templated":true}]}}