{"id":155685,"date":"2024-07-24T12:32:18","date_gmt":"2024-07-24T10:32:18","guid":{"rendered":"https:\/\/fitshaker-eshop-prod.goodrequest.dev\/eshop\/?post_type=product&#038;p=155685"},"modified":"2026-01-28T17:59:32","modified_gmt":"2026-01-28T16:59:32","slug":"fitnutka-bio-arasidy-protein","status":"publish","type":"product","link":"https:\/\/fitshaker.cz\/eshop\/cs\/produkt\/fitnutka-bio-arasidy-protein","title":{"rendered":"Fitnutka: BIO Ara\u0161\u00eddy a protein 330 g"},"content":{"rendered":"<p><strong>Fitnutka: BIO Ara\u0161\u00eddy &#038; Protein<\/strong> je vynikaj\u00edc\u00ed ara\u0161\u00eddov\u00e1 pomaz\u00e1nka a kamar\u00e1dka ka\u017ed\u00e9ho aktivn\u00edho \u010dlov\u011bka. K\u0159upav\u00e9 ara\u0161\u00eddy jsou p\u0159ipraven\u00e9 tak, aby j\u00ed dodaly karamelovou chu\u0165 a u\u010dinily ji neodolatelnou. Chutn\u00e1 jako obl\u00edben\u00e1 ara\u0161\u00eddov\u00e1 oplatka, kterou je t\u0159eba m\u00edt v\u017edy po ruce na v\u00fdlet\u011b nebo k\u00a0sva\u010din\u011b. Nahra\u010fte ji zdrav\u011b. \ud83e\udd5c\ud83d\ude0b Tu chu\u0165 budete milovat. \u2764\ufe0f<\/p>\n<p><img loading=\"lazy\" decoding=\"async\" class=\"alignnone wp-image-128077\" src=\"https:\/\/fitshaker.sk\/eshop\/wp-content\/uploads\/2022\/12\/Cucoriedkovo-arasidove-smoothie-11-682x1024.jpg\" alt=\"recept s orie\u0161kovym maslom\" width=\"413\" height=\"620\" srcset=\"https:\/\/fitshaker.cz\/eshop\/wp-content\/uploads\/2022\/12\/Cucoriedkovo-arasidove-smoothie-11-682x1024.jpg 682w, https:\/\/fitshaker.cz\/eshop\/wp-content\/uploads\/2022\/12\/Cucoriedkovo-arasidove-smoothie-11-200x300.jpg 200w, https:\/\/fitshaker.cz\/eshop\/wp-content\/uploads\/2022\/12\/Cucoriedkovo-arasidove-smoothie-11-768x1154.jpg 768w, https:\/\/fitshaker.cz\/eshop\/wp-content\/uploads\/2022\/12\/Cucoriedkovo-arasidove-smoothie-11-600x902.jpg 600w, https:\/\/fitshaker.cz\/eshop\/wp-content\/uploads\/2022\/12\/Cucoriedkovo-arasidove-smoothie-11.jpg 800w\" sizes=\"(max-width: 413px) 100vw, 413px\" \/> <img loading=\"lazy\" decoding=\"async\" class=\"alignnone wp-image-128058\" src=\"https:\/\/fitshaker.sk\/eshop\/wp-content\/uploads\/2022\/12\/Fitnuky_Produktova-a-kulisou-44-681x1024.jpg\" alt=\"arasidove maslo s kuskami arasidov\" width=\"413\" height=\"620\" srcset=\"https:\/\/fitshaker.cz\/eshop\/wp-content\/uploads\/2022\/12\/Fitnuky_Produktova-a-kulisou-44-681x1024.jpg 681w, https:\/\/fitshaker.cz\/eshop\/wp-content\/uploads\/2022\/12\/Fitnuky_Produktova-a-kulisou-44-200x300.jpg 200w, https:\/\/fitshaker.cz\/eshop\/wp-content\/uploads\/2022\/12\/Fitnuky_Produktova-a-kulisou-44-768x1154.jpg 768w, https:\/\/fitshaker.cz\/eshop\/wp-content\/uploads\/2022\/12\/Fitnuky_Produktova-a-kulisou-44-600x902.jpg 600w, https:\/\/fitshaker.cz\/eshop\/wp-content\/uploads\/2022\/12\/Fitnuky_Produktova-a-kulisou-44.jpg 1006w\" sizes=\"(max-width: 413px) 100vw, 413px\" \/> <img loading=\"lazy\" decoding=\"async\" class=\"alignnone wp-image-128059\" src=\"https:\/\/fitshaker.sk\/eshop\/wp-content\/uploads\/2022\/12\/Fitnuky_Produktova-a-kulisou-48-681x1024.jpg\" alt=\"orieskove masla\" width=\"412\" height=\"620\" srcset=\"https:\/\/fitshaker.cz\/eshop\/wp-content\/uploads\/2022\/12\/Fitnuky_Produktova-a-kulisou-48-681x1024.jpg 681w, https:\/\/fitshaker.cz\/eshop\/wp-content\/uploads\/2022\/12\/Fitnuky_Produktova-a-kulisou-48-200x300.jpg 200w, https:\/\/fitshaker.cz\/eshop\/wp-content\/uploads\/2022\/12\/Fitnuky_Produktova-a-kulisou-48-768x1155.jpg 768w, https:\/\/fitshaker.cz\/eshop\/wp-content\/uploads\/2022\/12\/Fitnuky_Produktova-a-kulisou-48-600x902.jpg 600w, https:\/\/fitshaker.cz\/eshop\/wp-content\/uploads\/2022\/12\/Fitnuky_Produktova-a-kulisou-48.jpg 914w\" sizes=\"(max-width: 412px) 100vw, 412px\" \/><\/p>\n<p>&nbsp;<\/p>\n<h3>Co dobr\u00e9ho si m\u016f\u017ee\u0161 s Fitnutkami p\u0159ipravit?<\/h3>\n<p>Tak co, zkus\u00ed\u0161 p\u0159idat n\u011bkterou z na\u0161ich Fitnutek do sn\u00edda\u0148ov\u00e9 ka\u0161e, na l\u00edvance, dezerty nebo naslano do om\u00e1\u010dek \u010di t\u011bstovin?<\/p>\n<p>Inspiruj se recepty na na\u0161em blogu v kategorii <a href=\"https:\/\/fitshaker.cz\/cz\/kategorie\/recepty\/recepty-fitnutka\">RECEPTY S FITNUTKOU<\/a>, zjisti, kde v\u0161ude se daj\u00ed o\u0159\u00ed\u0161kov\u00e9 pomaz\u00e1nky vyu\u017e\u00edt, a vykouzli novou chu\u0165 na tal\u00ed\u0159i.<\/p>\n<p>&nbsp;<\/p>\n<h3>Slo\u017een\u00ed:<\/h3>\n<ul>\n<li>BIO <strong>pra\u017een\u00e9 ara\u0161\u00eddy <\/strong>70 %*<\/li>\n<li>BIO kokosov\u00fd olej*<\/li>\n<li>BIO r\u00fd\u017eov\u00e1 b\u00edlkovina 9 %*<\/li>\n<li>BIO kokosov\u00fd cukr*<\/li>\n<li>BIO slune\u010dnicov\u00fd lecitin*<\/li>\n<li>mo\u0159sk\u00e1 s\u016fl*<\/li>\n<\/ul>\n<p>*Vyprodukov\u00e1no v ekologick\u00e9m zem\u011bd\u011blstv\u00ed.<\/p>\n<p><strong>M\u016f\u017ee obsahovat stopy jin\u00fdch sko\u0159\u00e1pkov\u00fdch plod\u016f.<\/strong><\/p>\n<p>&nbsp;<\/p>\n<p><strong>Pou\u017eit\u00ed\/Skladov\u00e1n\u00ed:<\/strong><br \/>\nP\u0159ed pou\u017eit\u00edm prom\u00edchejte. Skladujte v suchu, p\u0159i teplot\u011bdo 25 \u00b0C a chra\u0148te p\u0159ed p\u0159\u00edm\u00fdm slune\u010dn\u00edm z\u00e1\u0159en\u00edm. Zkonzumujte do jednoho m\u011bs\u00edce od otev\u0159en\u00ed.<\/p>\n<p>&nbsp;<\/p>\n<h3>V\u00fd\u017eivov\u00e9 \u00fadaje na 100 g:<\/h3>\n<p>energie 2542 kJ\/586 kcal<br \/>\nb\u00edlkoviny 24,95 g<br \/>\nsacharidy 19,7 g, z toho cukry 11,24 g<br \/>\ntuky 44,5 g, z toho nasycen\u00e9 mastn\u00e9 kyseliny 13,21 g<br \/>\nvl\u00e1knina 5,32 g<br \/>\ns\u016fl 0,2 g<\/p>\n<p><strong>Balen\u00ed: 330 g<\/strong><\/p>\n<p>&nbsp;<\/p>\n<h3>A jak\u00e9 maj\u00ed ara\u0161\u00eddy v pomaz\u00e1nce benefity?<\/h3>\n<p>Samotn\u00e9 ara\u0161\u00eddy jsou zn\u00e1m\u00e9 vysok\u00fdm obsahem protein\u016f a\u00a0pomaz\u00e1nka je nav\u00edc obohacena o\u00a0r\u00fd\u017eov\u00fd protein, kter\u00fd dopln\u00ed b\u00edlkoviny do ka\u017edodenn\u00edho j\u00eddeln\u00ed\u010dku. Ty jsou velmi d\u016fle\u017eit\u00e9 pro zdrav\u00ed kost\u00ed, r\u016fst a\u00a0udr\u017een\u00ed sval\u016f, pom\u00e1haj\u00ed zrychlit metabolismus a\u00a0podporuj\u00ed regeneraci. Krom\u011b toho maj\u00ed ara\u0161\u00eddy vysok\u00fd obsah vl\u00e1kniny.\u00a0Vl\u00e1knina a\u00a0proteiny zajist\u00ed dlouhodob\u00fd pocit nasycen\u00ed. Dal\u0161\u00edmi v\u00fdznamn\u00fdmi benefity ara\u0161\u00edd\u016f jsou obsah vitam\u00ednu E (chr\u00e1n\u00ed bu\u0148ky p\u0159ed po\u0161kozen\u00edm), vitam\u00edny skupiny B (nap\u0159\u00edklad B3 sni\u017euje cholesterol, B7 \u2013 biotin, zn\u00e1m\u00fd jako \u201evitam\u00edn kr\u00e1sy\u201c, kter\u00fd m\u00e1 blahod\u00e1rn\u00e9 \u00fa\u010dinky na na\u0161i poko\u017eku, nehty a\u00a0vlasy), obsah ho\u0159\u010d\u00edku (v\u00fd\u017eiva pro kosti) a\u00a0manganu (p\u016fsob\u00ed p\u0159\u00edzniv\u011b na n\u00e1\u0161 metabolismus a\u00a0spalov\u00e1n\u00ed tuk\u016f, chr\u00e1n\u00ed n\u00e1s p\u0159ed osteopor\u00f3zou, vysok\u00fdm krevn\u00edm tlakem, an\u00e9mi\u00ed a\u00a0cukrovkou).<\/p>\n<p>&nbsp;<\/p>\n<p><strong>UPOZORN\u011aN\u00cd:<\/strong> <strong>P\u0159i v\u011bt\u0161\u00edch teplotn\u00edch rozd\u00edlech, hlavn\u011b v\u00a0podzimn\u00edm a\u00a0zimn\u00edm obdob\u00ed, se odd\u011blen\u00fd olej m\u016f\u017ee vysr\u00e1\u017eet do tukov\u00fdch \u010d\u00e1ste\u010dek (mal\u00e9 b\u00edl\u00e9 kuli\u010dky) nebo se m\u016f\u017ee odd\u011blit tuh\u00e1 a\u00a0tekut\u00e1 slo\u017eka pomaz\u00e1nky, co\u017e v\u0161ak nen\u00ed vadou produktu. Pro odstran\u011bn\u00ed tohoto jevu doporu\u010dujeme produkt d\u016fkladn\u011b prom\u00edchat v\u00a0tepl\u00e9, ne vrouc\u00ed l\u00e1zni, aby se v\u0161echny \u201evrstvy\u201c \u0159\u00e1dn\u011b spojily. Vznikne tak lahodn\u00e1 kr\u00e9mov\u00e1 konzistence.<\/strong><\/p>\n","protected":false},"excerpt":{"rendered":"<p><strong>Bio ara\u0161\u00eddov\u00e1 pomaz\u00e1nka s kousky ara\u0161\u00edd\u016f a proteinem. A\u017e 70% ara\u0161\u00edd\u016f!<br \/>\n<\/strong>Chutn\u00e1 jako obl\u00edben\u00e1 ara\u0161\u00eddov\u00e1 oplatka.<\/p>\n<p>&nbsp;<\/p>\n<p><img loading=\"lazy\" decoding=\"async\" class=\"alignnone wp-image-171126\" src=\"https:\/\/fitshaker.sk\/eshop\/wp-content\/uploads\/2024\/12\/CZ-fitnutky-zakladne.png\" alt=\"Bio orieskove natierky\" width=\"670\" height=\"100\" srcset=\"https:\/\/fitshaker.cz\/eshop\/wp-content\/uploads\/2024\/12\/CZ-fitnutky-zakladne.png 5920w, https:\/\/fitshaker.cz\/eshop\/wp-content\/uploads\/2024\/12\/CZ-fitnutky-zakladne-350x52.png 350w, https:\/\/fitshaker.cz\/eshop\/wp-content\/uploads\/2024\/12\/CZ-fitnutky-zakladne-595x89.png 595w, https:\/\/fitshaker.cz\/eshop\/wp-content\/uploads\/2024\/12\/CZ-fitnutky-zakladne-385x57.png 385w, https:\/\/fitshaker.cz\/eshop\/wp-content\/uploads\/2024\/12\/CZ-fitnutky-zakladne-768x115.png 768w, https:\/\/fitshaker.cz\/eshop\/wp-content\/uploads\/2024\/12\/CZ-fitnutky-zakladne-1536x229.png 1536w, https:\/\/fitshaker.cz\/eshop\/wp-content\/uploads\/2024\/12\/CZ-fitnutky-zakladne-2048x305.png 2048w, https:\/\/fitshaker.cz\/eshop\/wp-content\/uploads\/2024\/12\/CZ-fitnutky-zakladne-450x67.png 450w\" sizes=\"(max-width: 670px) 100vw, 670px\" \/><\/p>\n","protected":false},"featured_media":162584,"comment_status":"open","ping_status":"closed","template":"","meta":{"_acf_changed":false},"product_cat":[213],"product_tag":[],"bundle_layout":"","bundled_by":[],"bundled_items":[],"acf":[],"_links":{"self":[{"href":"https:\/\/fitshaker.cz\/eshop\/cs\/wp-json\/wp\/v2\/product\/155685"}],"collection":[{"href":"https:\/\/fitshaker.cz\/eshop\/cs\/wp-json\/wp\/v2\/product"}],"about":[{"href":"https:\/\/fitshaker.cz\/eshop\/cs\/wp-json\/wp\/v2\/types\/product"}],"replies":[{"embeddable":true,"href":"https:\/\/fitshaker.cz\/eshop\/cs\/wp-json\/wp\/v2\/comments?post=155685"}],"wp:featuredmedia":[{"embeddable":true,"href":"https:\/\/fitshaker.cz\/eshop\/cs\/wp-json\/wp\/v2\/media\/162584"}],"wp:attachment":[{"href":"https:\/\/fitshaker.cz\/eshop\/cs\/wp-json\/wp\/v2\/media?parent=155685"}],"wp:term":[{"taxonomy":"product_cat","embeddable":true,"href":"https:\/\/fitshaker.cz\/eshop\/cs\/wp-json\/wp\/v2\/product_cat?post=155685"},{"taxonomy":"product_tag","embeddable":true,"href":"https:\/\/fitshaker.cz\/eshop\/cs\/wp-json\/wp\/v2\/product_tag?post=155685"}],"curies":[{"name":"wp","href":"https:\/\/api.w.org\/{rel}","templated":true}]}}