{"id":155687,"date":"2024-07-24T12:32:18","date_gmt":"2024-07-24T10:32:18","guid":{"rendered":"https:\/\/fitshaker-eshop-prod.goodrequest.dev\/eshop\/?post_type=product&#038;p=155687"},"modified":"2026-04-03T11:55:42","modified_gmt":"2026-04-03T09:55:42","slug":"masazny-olej-na-svalovicu","status":"publish","type":"product","link":"https:\/\/fitshaker.cz\/eshop\/cs\/produkt\/masazny-olej-na-svalovicu","title":{"rendered":"Mas\u00e1\u017en\u00ed olej na bolav\u00e9 svaly"},"content":{"rendered":"<p><strong>Spr\u00e1vn\u00e1 regenerace je stejn\u011b d\u016fle\u017eit\u00e1 jako spr\u00e1vn\u00fd tr\u00e9nink nebo v\u00fdkon p\u0159i sportovn\u00ed aktivit\u011b.<\/strong> N\u011bkdy se bolesti sval\u016f nevyhneme. Kdy\u017e u\u017e p\u0159ijde, chceme, aby trvala co nejkrat\u0161\u00ed dobu. Abychom v\u00e1m pomohli, vytvo\u0159ili jsme <strong>mas\u00e1\u017en\u00ed olej s\u00a0unik\u00e1tn\u00edm slo\u017een\u00edm. <\/strong>Tvo\u0159\u00ed ho p\u0159\u00edrodn\u00ed silice \u2013 <strong>levandule, kafr a\u00a0wintergreen.<\/strong> Tento unik\u00e1tn\u00ed mix jsme navrhli ve spolupr\u00e1ci s\u00a0odborn\u00edky tak, aby p\u0159inesl vytou\u017een\u00fd \u00fa\u010dinek. Ka\u017ed\u00e1 je pe\u010dliv\u011b vybran\u00e1 tak, aby pomohla fyzick\u00e9mu i\u00a0psychick\u00e9mu zrelaxov\u00e1n\u00ed a\u00a0zotaven\u00ed.<\/p>\n<p><strong>Olej je vhodn\u00fd na\u00a0mas\u00e1\u017e bolav\u00fdch sval\u016f, p\u0159i svalov\u00e9 \u00fanav\u011b, svalov\u00e9 hore\u010dce, bolesti \u0161lach, vaziv a\u00a0sval\u016f. Tak\u00e9 p\u0159i menstrua\u010dn\u00edch bolestech. <\/strong>Poko\u017eka z\u016fst\u00e1v\u00e1 po\u00a0mas\u00e1\u017ei jemn\u00e1, vy\u017eiven\u00e1 a\u00a0vo\u0148av\u00e1.<\/p>\n<p><strong>Levandule<\/strong> zklid\u0148uje nejen na fyzick\u00e9 \u00farovni, po n\u00e1ro\u010dn\u00e9m tr\u00e9ninku, ale je ide\u00e1ln\u00ed i\u00a0na psychick\u00e9 zrelaxov\u00e1n\u00ed. M\u00e1 aromaterapeutick\u00e9 \u00fa\u010dinky. Tlum\u00ed k\u0159e\u010de a\u00a0uvol\u0148uje svalov\u00e9 nap\u011bt\u00ed.<\/p>\n<p><strong>Kafr<\/strong> m\u00e1 kr\u00e1snou typickou bylinkovou v\u016fni. \u010casto se vyu\u017e\u00edv\u00e1 v medic\u00edn\u011b p\u0159i l\u00e9\u010db\u011b r\u016fzn\u00fdch zran\u011bn\u00ed, jako je nap\u0159\u00edklad vyvrtnut\u00ed nebo nata\u017een\u00ed sval\u016f. Tato slo\u017eka je skv\u011bl\u00e1 proti svalov\u00e9 bolesti, svalov\u00e9 hore\u010dce. Stimuluje svaly, aby se dob\u0159e regenerovaly.<\/p>\n<p><strong>Wintergreen<\/strong> je relaxant a\u00a0antirevmatikum. P\u016fsob\u00ed zklid\u0148uj\u00edc\u00edm \u00fa\u010dinkem proti k\u0159e\u010d\u00edm, v\u010detn\u011b menstrua\u010dn\u00edch. Pom\u00e1h\u00e1 p\u0159i svalov\u00e9 hore\u010dce, svalov\u00fdch k\u0159e\u010d\u00edch, ztuhlosti svalstva po cvi\u010den\u00ed. Tato silice se dok\u00e1\u017ee vst\u0159ebat do t\u011bla poko\u017ekou, um\u00ed proh\u0159\u00e1t a\u00a0uvolnit svaly do hloubky. Pom\u00e1h\u00e1 i\u00a0p\u0159i dn\u011b, z\u00e1n\u011btech kost\u00ed nebo sval\u016f. V\u016fn\u011b je sladk\u00e1, p\u0159\u00edjemn\u00e1 a\u00a0dopl\u0148uje se s\u00a0v\u016fn\u00ed levandule.<\/p>\n<p><strong>Pou\u017eit\u00ed:<\/strong><br \/>\nOlej lze pou\u017e\u00edt na\u00a0mas\u00e1\u017e nebo do\u00a0koupele. P\u0159i mas\u00e1\u017ei naneste a\u00a0vmas\u00edrujte mal\u00e9 mno\u017estv\u00ed oleje do\u00a0poko\u017eky na\u00a0rukou, krku, z\u00e1dech nebo nohou. P\u0159i koupeli nalijte do\u00a0vany s\u00a0teplou vodou 1\u00a0PL oleje. Pono\u0159te se do\u00a0vody, inhalujte a\u00a0relaxujte.<\/p>\n<p>Skladujte na such\u00e9m, chladn\u00e9m a tmav\u00edm m\u00edst\u011b mimo dosah d\u011bt\u00ed. Vyhn\u011bte se kontaktu s o\u010dima, sliznicemi a poran\u011bnou poko\u017ekou. P\u0159i zasa\u017een\u00ed o\u010d\u00ed vypl\u00e1chn\u011bte vodou. Ur\u010deno na vn\u011bj\u0161\u00ed pou\u017eit\u00ed. Nevhodn\u00e9 pro d\u011bti do 6 let, t\u011bhotn\u00e9 a koj\u00edc\u00ed \u017eeny.<\/p>\n<p><strong>Balen\u00ed: 50 ml<\/strong><\/p>\n<p><strong>V\u00edc o\u00a0svalov\u00e9 hore\u010dce a\u00a0dal\u0161\u00ed tipy, jak si s\u00a0n\u00ed poradit, najdete<\/strong> i\u00a0na na\u0161em blogu:<\/p>\n<p><a href=\"https:\/\/fitshaker.cz\/mela-bych-cvicit-kdyz-mam-svalovou-horecku\">M\u011bla bych cvi\u010dit, kdy\u017e m\u00e1m svalovou hore\u010dku?<\/a><\/p>\n<p><a href=\"https:\/\/fitshaker.sk\/strecing-je-mega-dolezity-zisti-ako-na-to-video-navod-tu\">Dynamick\u00fd stre\u010dink versus statick\u00fd stre\u010dink<\/a><\/p>\n<p><a href=\"https:\/\/fitshaker.sk\/ako-sa-zbavit-svalovice-jedlom-3-overene-tipy-vo-vnutri\">Jak\u00e9 potraviny pom\u00e1haj\u00ed p\u0159i svalov\u00e9 hore\u010dce<\/a><\/p>\n<p><a href=\"https:\/\/fitshaker.cz\/svalova-horecka-proc-se-z-ni-radovat\">Jak p\u0159edej\u00edt svalov\u00e9 hore\u010dce a jak zm\u00edrnit bolest<\/a><\/p>\n","protected":false},"excerpt":{"rendered":"<div class=\"ql-block\" data-block-id=\"block-623bbe76-8438-4e41-b82b-2c23ee8a6e35\">\n<p>Mas\u00e1\u017en\u00ed olej nejen na bolav\u00e9 svaly, ale n\u00e1pomocn\u00fd i p\u0159i bolesti \u0161lach, vaziv a sval\u016f. Tak\u00e9 p\u0159i menstrua\u010dn\u00edch bolestech. Poko\u017eka z\u016fst\u00e1v\u00e1 po mas\u00e1\u017ei jemn\u00e1, vy\u017eiven\u00e1 a vo\u0148av\u00e1 d\u00edky p\u0159\u00edrodn\u00edm silic\u00edm \u2013 levandule, kafr, wintergreen. Vhodn\u00fd pro mas\u00e1\u017e i do koupele.<\/p>\n<\/div>\n","protected":false},"featured_media":162558,"comment_status":"open","ping_status":"closed","template":"","meta":{"_acf_changed":false},"product_cat":[215],"product_tag":[],"bundle_layout":"","bundled_by":[],"bundled_items":[],"acf":[],"_links":{"self":[{"href":"https:\/\/fitshaker.cz\/eshop\/cs\/wp-json\/wp\/v2\/product\/155687"}],"collection":[{"href":"https:\/\/fitshaker.cz\/eshop\/cs\/wp-json\/wp\/v2\/product"}],"about":[{"href":"https:\/\/fitshaker.cz\/eshop\/cs\/wp-json\/wp\/v2\/types\/product"}],"replies":[{"embeddable":true,"href":"https:\/\/fitshaker.cz\/eshop\/cs\/wp-json\/wp\/v2\/comments?post=155687"}],"wp:featuredmedia":[{"embeddable":true,"href":"https:\/\/fitshaker.cz\/eshop\/cs\/wp-json\/wp\/v2\/media\/162558"}],"wp:attachment":[{"href":"https:\/\/fitshaker.cz\/eshop\/cs\/wp-json\/wp\/v2\/media?parent=155687"}],"wp:term":[{"taxonomy":"product_cat","embeddable":true,"href":"https:\/\/fitshaker.cz\/eshop\/cs\/wp-json\/wp\/v2\/product_cat?post=155687"},{"taxonomy":"product_tag","embeddable":true,"href":"https:\/\/fitshaker.cz\/eshop\/cs\/wp-json\/wp\/v2\/product_tag?post=155687"}],"curies":[{"name":"wp","href":"https:\/\/api.w.org\/{rel}","templated":true}]}}