{"id":155691,"date":"2025-01-08T12:32:19","date_gmt":"2025-01-08T11:32:19","guid":{"rendered":"https:\/\/fitshaker-eshop-prod.goodrequest.dev\/eshop\/?post_type=product&#038;p=155691"},"modified":"2026-04-10T08:01:51","modified_gmt":"2026-04-10T06:01:51","slug":"protismykova-podlozka-na-cvicenie-v-novom-dizajne","status":"publish","type":"product","link":"https:\/\/fitshaker.cz\/eshop\/cs\/produkt\/protismykova-podlozka-na-cvicenie-v-novom-dizajne","title":{"rendered":"Protiskluzov\u00e1 podlo\u017eka na cvi\u010den\u00ed Fitshaker"},"content":{"rendered":"<p>Jak si vytvo\u0159it podm\u00ednky ke cvi\u010den\u00ed tak, aby bylo ka\u017ed\u00e9 cvi\u010denie\u00a0pohodln\u00e9? Jednodu\u0161e.\u00a0<strong>Vysoce kvalitn\u00ed\u00a0protiskluzov\u00e1 podlo\u017eka<\/strong> na cvi\u010den\u00ed dop\u0159eje komfort p\u0159i ka\u017ed\u00e9m jednotliv\u00e9m pohybu. V sedu, v lehu, nebo p\u0159i v\u00fdskoc\u00edch, \u010di d\u0159epov\u00e1n\u00ed. Je tv\u016fj tr\u00e9nink intenzivn\u00ed? Tato protiskluzov\u00e1 podlo\u017eka p\u011bkn\u011b p\u0159ilne k podlaze a zajist\u00ed absolutn\u00ed komfort. Nav\u00edc p\u0159i pohledu na ni bude\u0161 m\u00edt chu\u0165 nep\u0159est\u00e1vat a m\u00edt ji st\u00e1le po ruce.<\/p>\n<p>&nbsp;<\/p>\n<p><strong>Rozm\u011br:<\/strong>\u00a0185&#215;68 cm<br \/>\n<strong>Tlou\u0161\u0165ka:<\/strong>\u00a04 mm<br \/>\n<strong>V\u00e1ha:\u00a0<\/strong>2,7 kg<\/p>\n<p><strong>Materi\u00e1l:<\/strong>\u00a0P\u0159\u00edrodn\u00ed kau\u010duk s polyuretanov\u00fdm povrchem. Hladk\u00fd povrch polyuretanu (PU) je odoln\u00fd a jemn\u00fd na dotyk. Je to modern\u00ed povrch, kter\u00fd nab\u00edz\u00ed maxim\u00e1ln\u00ed p\u0159ilnavost a pohodl\u00ed pro tvoje cvi\u010den\u00ed. Polyuretan je nav\u00edc p\u0159\u00e1telsk\u00fd k poko\u017ece. Je tak\u00e9 bez latexu, AZO barviv, zm\u011bk\u010dovadel DOP a t\u011b\u017ek\u00fdch kov\u016f.<\/p>\n<p>&nbsp;<\/p>\n<p><strong>Protiskluzov\u00e1 podlo\u017eka se neroluje, nema\u010dk\u00e1,<\/strong> dr\u017e\u00ed na podlaze jako p\u0159ilepen\u00e1. Je tro\u0161ku t\u011b\u017e\u0161\u00ed, d\u00edky \u010demu\u017e se dob\u0159e p\u0159ilne a dr\u017e\u00ed nejen na podlaze ale tak\u00e9 na koberci. Tlou\u0161\u0165ka 4 mm zajist\u00ed dostate\u010dn\u00e9 tlumen\u00ed pro kolena a ruce.<\/p>\n<p><strong>Pokud hled\u00e1\u0161 lehkou podlo\u017eku na cesty, prohl\u00e9dni si na\u0161i <a href=\"https:\/\/fitshaker.cz\/eshop\/produkt\/podlozka-na-cvicenie-light\">Light protiskluzovou podlo\u017eku o tlou\u0161\u0165ce 1,5 mm.<\/a><\/strong><\/p>\n<p>&nbsp;<\/p>\n<p><strong>\u010ci\u0161t\u011bn\u00ed:<\/strong><br \/>\nUt\u00edrejte m\u011bkk\u00fdm had\u0159\u00edkem navlh\u010den\u00fdm v \u010dist\u00e9 vod\u011b, podlo\u017eku nechte vyschnout na vzduchu.<\/p>\n<p><strong>Uskladn\u011bn\u00ed:<\/strong><br \/>\nPodlo\u017eku zabalte PU stranou ven, skladujte ji na such\u00e9m a chladn\u00e9m m\u00edst\u011b.<\/p>\n<p>&nbsp;<\/p>\n<p><strong>\ud83d\udce2 <em>INFO O DORU\u010cEN\u00cd<\/em> \ud83d\ude9a\ud83e\udd17:<\/strong><br \/>\n<em><strong>Podlo\u017eka chod\u00ed v\u017edy zabalen\u00e1 v samostatn\u00e9m bal\u00ed\u010dku.<br \/>\nPokud si tedy od n\u00e1s objedn\u00e1\u0161 v\u00edce v\u011bci\u010dek, p\u0159ijdou ti 2 bal\u00ed\u010dky. N\u011bkdy se m\u016f\u017ee st\u00e1t, \u017ee se v t\u0159\u00edd\u00edc\u00edm centru p\u0159epravn\u00ed spole\u010dnosti rozd\u011bl\u00ed a nep\u0159ijdou ti najednou. Ale nemus\u00ed\u0161 m\u00edt obavy\ud83d\ude09\u00a0<\/strong><\/em><em style=\"background-color: var(--global--color-background); color: var(--global--color-primary); font-family: var(--global--font-secondary); font-size: var(--global--font-size-base);\"><strong>, i druh\u00fd bal\u00ed\u010dek ur\u010dit\u011b doraz\u00ed, v\u011bt\u0161inou n\u00e1sleduj\u00edc\u00ed pracovn\u00ed den.<\/strong><\/em><\/p>\n","protected":false},"excerpt":{"rendered":"<p>Fitshaker protiskluzov\u00e1 podlo\u017eka v nov\u00e9m designu. Kr\u00e1sn\u00e1, \u017eensk\u00e1. Protiskluzov\u00e1 podlo\u017eka se neroluje, nema\u010dk\u00e1, dr\u017e\u00ed na podlaze jako p\u0159ilepen\u00e1. Je tro\u0161ku t\u011b\u017e\u0161\u00ed, d\u00edky \u010demu\u017e se dob\u0159e p\u0159ilne a dr\u017e\u00ed nejen na podlaze ale tak\u00e9 na koberci. Tlou\u0161\u0165ka 4 mm zajist\u00ed dostate\u010dn\u00e9 tlumen\u00ed pro kolena a ruce.<\/p>\n","protected":false},"featured_media":169584,"comment_status":"open","ping_status":"closed","template":"","meta":{"_acf_changed":false},"product_cat":[215],"product_tag":[],"bundle_layout":"","bundled_by":[],"bundled_items":[],"acf":[],"_links":{"self":[{"href":"https:\/\/fitshaker.cz\/eshop\/cs\/wp-json\/wp\/v2\/product\/155691"}],"collection":[{"href":"https:\/\/fitshaker.cz\/eshop\/cs\/wp-json\/wp\/v2\/product"}],"about":[{"href":"https:\/\/fitshaker.cz\/eshop\/cs\/wp-json\/wp\/v2\/types\/product"}],"replies":[{"embeddable":true,"href":"https:\/\/fitshaker.cz\/eshop\/cs\/wp-json\/wp\/v2\/comments?post=155691"}],"wp:featuredmedia":[{"embeddable":true,"href":"https:\/\/fitshaker.cz\/eshop\/cs\/wp-json\/wp\/v2\/media\/169584"}],"wp:attachment":[{"href":"https:\/\/fitshaker.cz\/eshop\/cs\/wp-json\/wp\/v2\/media?parent=155691"}],"wp:term":[{"taxonomy":"product_cat","embeddable":true,"href":"https:\/\/fitshaker.cz\/eshop\/cs\/wp-json\/wp\/v2\/product_cat?post=155691"},{"taxonomy":"product_tag","embeddable":true,"href":"https:\/\/fitshaker.cz\/eshop\/cs\/wp-json\/wp\/v2\/product_tag?post=155691"}],"curies":[{"name":"wp","href":"https:\/\/api.w.org\/{rel}","templated":true}]}}