{"id":155693,"date":"2024-07-24T12:32:19","date_gmt":"2024-07-24T10:32:19","guid":{"rendered":"https:\/\/fitshaker-eshop-prod.goodrequest.dev\/eshop\/?post_type=product&#038;p=155693"},"modified":"2026-04-06T14:02:10","modified_gmt":"2026-04-06T12:02:10","slug":"overball","status":"publish","type":"product","link":"https:\/\/fitshaker.cz\/eshop\/cs\/produkt\/overball","title":{"rendered":"Overball 25 cm"},"content":{"rendered":"<p><span class=\"il\">Overball<\/span>\u00a0m\u00e1 velice \u0161irok\u00e9 vyu\u017eit\u00ed. Je ide\u00e1ln\u00ed ke <strong>zpest\u0159en\u00ed a\u00a0zefektivn\u011bn\u00ed r\u016fzn\u00fdch typ\u016f cvi\u010den\u00ed<\/strong>. Ocen\u00ed\u0161 ho jako v\u00fdbornou pom\u016fcku <strong>p\u0159i posilovac\u00edch cvi\u010den\u00edch<\/strong>, ale i\u00a0<strong>p\u0159i protahovac\u00edch, balan\u010dn\u00edch a\u00a0relaxa\u010dn\u00edch cvi\u010den\u00edch<\/strong>, <strong>jako je j\u00f3ga nebo pilates.<\/strong> N\u00e1pomocn\u00fd je i\u00a0<strong>p\u0159i rehabilita\u010dn\u00edch cvi\u010den\u00edch a\u00a0fyzioterapii.<\/strong> Multifunk\u010dn\u00ed\u00a0<span class=\"il\">overball<\/span>\u00a0m\u016f\u017ee\u0161 vyu\u017e\u00edt i\u00a0<strong>p\u0159i sezen\u00ed za po\u010d\u00edta\u010dem<\/strong> podlo\u017een\u00edm bedern\u00ed nebo mezilopatkov\u00e9 oblasti, \u010d\u00edm\u017e <strong>zajist\u00ed\u0161 vzp\u0159\u00edmen\u00e9 sezen\u00ed<\/strong>.<\/p>\n<p>D\u00e1 se pou\u017e\u00edt \u00fapln\u011b nafouknut\u00fd nebo jemn\u011b vyfouknut\u00fd podle pot\u0159eby a\u00a0typu cvi\u010den\u00ed. Stupe\u0148 nafouknut\u00ed ovliv\u0148uje n\u00e1ro\u010dnost cvi\u010den\u00ed.<\/p>\n<p><span class=\"il\">Overball<\/span>\u00a0je vyroben z\u00a0pevn\u00e9ho a\u00a0velmi flexibiln\u00edho materi\u00e1lu (PVC). V\u00a0balen\u00ed je p\u0159ilo\u017een\u00e9 br\u010dko, kter\u00fdm se d\u00e1 m\u00ed\u010d velmi jednodu\u0161e a\u00a0rychle nafoukat \u00fasty.<\/p>\n<p>Pr\u016fm\u011br overballu: 25\u221226\u00a0cm<\/p>\n<p>Nosnost: 150 kg<\/p>\n<p>Mezi na\u0161imi tr\u00e9ninky najde\u0161 i inspiraci <a href=\"https:\/\/fitshaker.cz\/cviceni?accessories=14\">jak s overballem cvi\u010dit.<\/a><\/p>\n","protected":false},"excerpt":{"rendered":"<p>Multifunk\u010dn\u00ed pom\u016fcka p\u0159i v\u0161ech typech cvi\u010den\u00ed. P\u0159i posilovac\u00edch cvi\u010den\u00edch, protahovac\u00edch, balan\u010dn\u00edch a relaxa\u010dn\u00edch cvi\u010den\u00edch jako je j\u00f3ga nebo pilates, ale tak\u00e9 p\u0159i rehabilita\u010dn\u00edch cvi\u010den\u00edch a fyzioterapii. Pr\u016fm\u011br overballu je 25-26 cm.<\/p>\n","protected":false},"featured_media":162559,"comment_status":"open","ping_status":"closed","template":"","meta":{"_acf_changed":false},"product_cat":[215],"product_tag":[],"bundle_layout":"","bundled_by":[],"bundled_items":[],"acf":[],"_links":{"self":[{"href":"https:\/\/fitshaker.cz\/eshop\/cs\/wp-json\/wp\/v2\/product\/155693"}],"collection":[{"href":"https:\/\/fitshaker.cz\/eshop\/cs\/wp-json\/wp\/v2\/product"}],"about":[{"href":"https:\/\/fitshaker.cz\/eshop\/cs\/wp-json\/wp\/v2\/types\/product"}],"replies":[{"embeddable":true,"href":"https:\/\/fitshaker.cz\/eshop\/cs\/wp-json\/wp\/v2\/comments?post=155693"}],"wp:featuredmedia":[{"embeddable":true,"href":"https:\/\/fitshaker.cz\/eshop\/cs\/wp-json\/wp\/v2\/media\/162559"}],"wp:attachment":[{"href":"https:\/\/fitshaker.cz\/eshop\/cs\/wp-json\/wp\/v2\/media?parent=155693"}],"wp:term":[{"taxonomy":"product_cat","embeddable":true,"href":"https:\/\/fitshaker.cz\/eshop\/cs\/wp-json\/wp\/v2\/product_cat?post=155693"},{"taxonomy":"product_tag","embeddable":true,"href":"https:\/\/fitshaker.cz\/eshop\/cs\/wp-json\/wp\/v2\/product_tag?post=155693"}],"curies":[{"name":"wp","href":"https:\/\/api.w.org\/{rel}","templated":true}]}}