{"id":155740,"date":"2024-07-24T12:32:28","date_gmt":"2024-07-24T10:32:28","guid":{"rendered":"https:\/\/fitshaker-eshop-prod.goodrequest.dev\/eshop\/?post_type=product&#038;p=155740"},"modified":"2026-03-19T14:20:30","modified_gmt":"2026-03-19T13:20:30","slug":"rychloschnuci-sportovy-uterak-ruzovy","status":"publish","type":"product","link":"https:\/\/fitshaker.cz\/eshop\/cs\/produkt\/rychloschnuci-sportovy-uterak-ruzovy","title":{"rendered":"Rychleschnouc\u00ed sportovn\u00ed ru\u010dn\u00edk"},"content":{"rendered":"<p style=\"font-weight: 400;\">I\u00a0ty pat\u0159\u00ed\u0161 mezi \u017eeny, kter\u00e9 n\u00e1m psaly, \u017ee by se jim p\u0159i cvi\u010den\u00ed hodil Fitshaker ru\u010dn\u00edk?<\/p>\n<p style=\"font-weight: 400;\">Tad\u00e1\u00e1\u00e1! Je to tady!<\/p>\n<p style=\"font-weight: 400;\">Pln\u00edme v\u00e1m p\u0159\u00e1n\u00ed a\u00a0p\u0159in\u00e1\u0161\u00edme dal\u0161\u00ed novinku. Testovali, tunili a\u00a0vyrobili jsme pro tebe praktick\u00fd sportovn\u00ed ru\u010dn\u00edk. Krom\u011b toho, \u017ee je z\u00a0kvalitn\u00edho rychleschnouc\u00edho materi\u00e1lu, m\u00e1 i super vychyt\u00e1vky jako odep\u00ednateln\u00e9 poutko a\u00a0pytl\u00edk. M\u016f\u017ee\u0161 ho vyu\u017e\u00edt p\u0159i cvi\u010den\u00ed doma nebo ve fitku, anebo si ho m\u016f\u017ee\u0161 p\u0159ihodit do zavazadla na cesty.<\/p>\n<p style=\"font-weight: 400;\"><strong>\u00a0<\/strong><\/p>\n<p style=\"font-weight: 400;\"><strong>Fitshaker sportovn\u00ed ru\u010dn\u00edk a\u00a0jeho vychyt\u00e1vky:<\/strong><\/p>\n<ul style=\"font-weight: 400;\">\n<li><strong>rychleschnouc\u00ed materi\u00e1l z\u00a0mikrovl\u00e1kna<\/strong><\/li>\n<li>lehk\u00fd, prostorov\u011b \u00fasporn\u00fd, v\u00a0ide\u00e1ln\u00ed velikosti\u00a0<strong>40\u00a0x\u00a080\u00a0cm<\/strong><\/li>\n<li><strong>s\u00a0odep\u00ednac\u00edm poutkem<\/strong>\u00a0na zav\u011b\u0161en\u00ed nebo p\u0159ipnut\u00ed k\u00a0ta\u0161ce<\/li>\n<li><strong>s\u00a0praktick\u00fdm pytl\u00edkem na p\u0159enos<\/strong><\/li>\n<li>v r\u016fzn\u00fdch barevn\u00fdch proveden\u00edch\u00a0\u00a0\u2013 <strong>\u010dern\u00e1,<\/strong> <strong>modr\u00e1 a r\u016f\u017eov\u00e1<\/strong><\/li>\n<\/ul>\n<p style=\"font-weight: 400;\">Kterou barvu si vybere\u0161?<\/p>\n","protected":false},"excerpt":{"rendered":"<p>Praktick\u00fd sportovn\u00ed ru\u010dn\u00edk z mikrovl\u00e1kna, ve velikosti 40 x 80 cm.<\/p>\n","protected":false},"featured_media":162533,"comment_status":"open","ping_status":"closed","template":"","meta":{"_acf_changed":false},"product_cat":[215],"product_tag":[],"bundle_layout":"","bundled_by":[],"bundled_items":[],"acf":[],"_links":{"self":[{"href":"https:\/\/fitshaker.cz\/eshop\/cs\/wp-json\/wp\/v2\/product\/155740"}],"collection":[{"href":"https:\/\/fitshaker.cz\/eshop\/cs\/wp-json\/wp\/v2\/product"}],"about":[{"href":"https:\/\/fitshaker.cz\/eshop\/cs\/wp-json\/wp\/v2\/types\/product"}],"replies":[{"embeddable":true,"href":"https:\/\/fitshaker.cz\/eshop\/cs\/wp-json\/wp\/v2\/comments?post=155740"}],"wp:featuredmedia":[{"embeddable":true,"href":"https:\/\/fitshaker.cz\/eshop\/cs\/wp-json\/wp\/v2\/media\/162533"}],"wp:attachment":[{"href":"https:\/\/fitshaker.cz\/eshop\/cs\/wp-json\/wp\/v2\/media?parent=155740"}],"wp:term":[{"taxonomy":"product_cat","embeddable":true,"href":"https:\/\/fitshaker.cz\/eshop\/cs\/wp-json\/wp\/v2\/product_cat?post=155740"},{"taxonomy":"product_tag","embeddable":true,"href":"https:\/\/fitshaker.cz\/eshop\/cs\/wp-json\/wp\/v2\/product_tag?post=155740"}],"curies":[{"name":"wp","href":"https:\/\/api.w.org\/{rel}","templated":true}]}}