{"id":155850,"date":"2025-04-24T12:32:55","date_gmt":"2025-04-24T10:32:55","guid":{"rendered":"https:\/\/fitshaker-eshop-prod.goodrequest.dev\/eshop\/?post_type=product&#038;p=155850"},"modified":"2026-04-09T16:02:21","modified_gmt":"2026-04-09T14:02:21","slug":"granola-maliny-karob-300-g","status":"publish","type":"product","link":"https:\/\/fitshaker.cz\/eshop\/cs\/produkt\/granola-maliny-karob-300-g","title":{"rendered":"Granola \u2013 maliny, karob 300 g"},"content":{"rendered":"<p><strong><img loading=\"lazy\" decoding=\"async\" class=\"alignright wp-image-155568\" src=\"https:\/\/fitshaker.sk\/eshop\/wp-content\/uploads\/2024\/07\/granola-maliny-karob-banan-1-e1739367876355.jpg\" alt=\"\" width=\"689\" height=\"500\" srcset=\"https:\/\/fitshaker.cz\/eshop\/wp-content\/uploads\/2024\/07\/granola-maliny-karob-banan-1-e1739367876355.jpg 970w, https:\/\/fitshaker.cz\/eshop\/wp-content\/uploads\/2024\/07\/granola-maliny-karob-banan-1-e1739367876355-350x254.jpg 350w, https:\/\/fitshaker.cz\/eshop\/wp-content\/uploads\/2024\/07\/granola-maliny-karob-banan-1-e1739367876355-595x432.jpg 595w, https:\/\/fitshaker.cz\/eshop\/wp-content\/uploads\/2024\/07\/granola-maliny-karob-banan-1-e1739367876355-385x279.jpg 385w, https:\/\/fitshaker.cz\/eshop\/wp-content\/uploads\/2024\/07\/granola-maliny-karob-banan-1-e1739367876355-768x557.jpg 768w, https:\/\/fitshaker.cz\/eshop\/wp-content\/uploads\/2024\/07\/granola-maliny-karob-banan-1-e1739367876355-450x327.jpg 450w\" sizes=\"(max-width: 689px) 100vw, 689px\" \/><\/strong>\u010c\u00edm je fitshaker granola v\u00fdjime\u010dn\u00e1?<\/p>\n<ul>\n<li><strong>je extr\u00e9mn\u011b chutn\u00e1,<\/strong><\/li>\n<li><strong>k\u0159upav\u00e1 <\/strong>(ale ne tvrd\u00e1! \ud83d\ude09),<\/li>\n<li><strong>pln\u00e1 zdrav\u00fdch a hodnotn\u00fdch surovin,<\/strong><\/li>\n<li><strong>bez p\u0159idan\u00e9ho cukru \u2013<\/strong> slazen\u00e1 kokosov\u00fdm sirupem,<\/li>\n<li><strong>bez p\u0159idan\u00fdch konzerva\u010dn\u00edch l\u00e1tek,<\/strong><\/li>\n<li><strong>rychle po ruce <\/strong><strong>\ud83d\ude42<\/strong><strong>.<\/strong><\/li>\n<\/ul>\n<p>&nbsp;<\/p>\n<h3>Slo\u017een\u00ed:<\/h3>\n<p><strong>ovesn\u00e9<\/strong> vlo\u010dky bez lepku 52,4 %<br \/>\nkokosov\u00fd sirup<br \/>\n<strong>mandle<\/strong> loupan\u00e9 pl\u00e1tky 7 %<br \/>\nsu\u0161en\u00e9 kokosov\u00e9 pl\u00e1tky<br \/>\nkokosov\u00fd olej<br \/>\nsu\u0161en\u00e9 ban\u00e1nov\u00e9 pl\u00e1tky neslazen\u00e9 (68 % ban\u00e1n, 32 % kokosov\u00fd olej)<br \/>\nkarob pr\u00e1\u0161ek z rohovn\u00edku obecn\u00e9ho 2,7 %<br \/>\nlyofilizovan\u00e9 maliny<br \/>\nsko\u0159ice mlet\u00e1<br \/>\nhimal\u00e1jsk\u00e1 s\u016fl r\u016f\u017eov\u00e1<\/p>\n<p><strong>M\u016f\u017ee obsahovat jin\u00e9 sko\u0159\u00e1pkov\u00e9 plody.<\/strong><\/p>\n<p>&nbsp;<\/p>\n<h3>V\u00fd\u017eivov\u00e9 \u00fadaje na 100 g:<\/h3>\n<p>energie 1 829 kJ\/436 kcal; tuky 19,4 g, z toho nasycen\u00e9 mastn\u00e9 kyseliny 12 g; sacharidy 54 g, z toho cukry 14 g; vl\u00e1knina 9 g, b\u00edlkoviny 9,3 g; s\u016fl 0,2 g.<\/p>\n<p>&nbsp;<\/p>\n<p><strong>P\u0159\u00edprava:<\/strong> Granola v\u00fdborn\u011b chutn\u00e1 samostatn\u011b bez \u00fapravy nebo si ji m\u016f\u017eete nasypat do misky a zal\u00edt ml\u00e9kem \u010di jogurtem.<\/p>\n<p><strong>Skladov\u00e1n\u00ed: <\/strong>Skladujte v\u00a0suchu, p\u0159i teplot\u011b do +25\u00a0\u02daC a\u00a0chra\u0148te p\u0159ed p\u0159\u00edm\u00fdm slune\u010dn\u00edm z\u00e1\u0159en\u00edm. Spot\u0159ebujte do 1\u00a0m\u011bs\u00edce od otev\u0159en\u00ed.\u00a0Obal v\u017edy dob\u0159e uzav\u0159ete.<\/p>\n<p>&nbsp;<\/p>\n<p><strong>Vyrobeno v \u010cesk\u00e9 republice. <\/strong><\/p>\n<p><strong>Zem\u011b p\u016fvodu prim\u00e1rn\u00ed slo\u017eky<\/strong> (<strong>ovesn\u00e9<\/strong> vlo\u010dky bez lepku): <strong>EU. <\/strong><\/p>\n<p><strong>300 g<\/strong><\/p>\n","protected":false},"excerpt":{"rendered":"<p>Zap\u00e9kan\u00e9 m\u00fcsli se su\u0161en\u00fdm ovocem (7,8 %) a\u00a0o\u0159echy.<\/p>\n<p>Skv\u011bl\u00e1 varianta zdrav\u00e9 sn\u00eddan\u011b, sva\u010dinky nebo rychl\u00e9ho snacku na cesty.<\/p>\n<p><strong>Minim\u00e1ln\u00ed trvanlivost: 30.6.2026<\/strong><br \/>\n<img loading=\"lazy\" decoding=\"async\" class=\"alignnone wp-image-171119\" src=\"https:\/\/fitshaker.sk\/eshop\/wp-content\/uploads\/2024\/12\/CZ-Snacknutka-Marhula-a-malina-granola.png\" alt=\"tycinka bez cukru\" width=\"557\" height=\"100\" srcset=\"https:\/\/fitshaker.cz\/eshop\/wp-content\/uploads\/2024\/12\/CZ-Snacknutka-Marhula-a-malina-granola.png 4914w, https:\/\/fitshaker.cz\/eshop\/wp-content\/uploads\/2024\/12\/CZ-Snacknutka-Marhula-a-malina-granola-350x63.png 350w, https:\/\/fitshaker.cz\/eshop\/wp-content\/uploads\/2024\/12\/CZ-Snacknutka-Marhula-a-malina-granola-595x107.png 595w, https:\/\/fitshaker.cz\/eshop\/wp-content\/uploads\/2024\/12\/CZ-Snacknutka-Marhula-a-malina-granola-385x69.png 385w, https:\/\/fitshaker.cz\/eshop\/wp-content\/uploads\/2024\/12\/CZ-Snacknutka-Marhula-a-malina-granola-768x138.png 768w, https:\/\/fitshaker.cz\/eshop\/wp-content\/uploads\/2024\/12\/CZ-Snacknutka-Marhula-a-malina-granola-1536x276.png 1536w, https:\/\/fitshaker.cz\/eshop\/wp-content\/uploads\/2024\/12\/CZ-Snacknutka-Marhula-a-malina-granola-2048x368.png 2048w, https:\/\/fitshaker.cz\/eshop\/wp-content\/uploads\/2024\/12\/CZ-Snacknutka-Marhula-a-malina-granola-450x81.png 450w\" sizes=\"(max-width: 557px) 100vw, 557px\" \/><\/p>\n","protected":false},"featured_media":162589,"comment_status":"open","ping_status":"closed","template":"","meta":{"_acf_changed":false},"product_cat":[213,251],"product_tag":[],"bundle_layout":"","bundled_by":[],"bundled_items":[],"acf":[],"_links":{"self":[{"href":"https:\/\/fitshaker.cz\/eshop\/cs\/wp-json\/wp\/v2\/product\/155850"}],"collection":[{"href":"https:\/\/fitshaker.cz\/eshop\/cs\/wp-json\/wp\/v2\/product"}],"about":[{"href":"https:\/\/fitshaker.cz\/eshop\/cs\/wp-json\/wp\/v2\/types\/product"}],"replies":[{"embeddable":true,"href":"https:\/\/fitshaker.cz\/eshop\/cs\/wp-json\/wp\/v2\/comments?post=155850"}],"wp:featuredmedia":[{"embeddable":true,"href":"https:\/\/fitshaker.cz\/eshop\/cs\/wp-json\/wp\/v2\/media\/162589"}],"wp:attachment":[{"href":"https:\/\/fitshaker.cz\/eshop\/cs\/wp-json\/wp\/v2\/media?parent=155850"}],"wp:term":[{"taxonomy":"product_cat","embeddable":true,"href":"https:\/\/fitshaker.cz\/eshop\/cs\/wp-json\/wp\/v2\/product_cat?post=155850"},{"taxonomy":"product_tag","embeddable":true,"href":"https:\/\/fitshaker.cz\/eshop\/cs\/wp-json\/wp\/v2\/product_tag?post=155850"}],"curies":[{"name":"wp","href":"https:\/\/api.w.org\/{rel}","templated":true}]}}