{"id":155866,"date":"2024-07-24T12:33:00","date_gmt":"2024-07-24T10:33:00","guid":{"rendered":"https:\/\/fitshaker-eshop-prod.goodrequest.dev\/eshop\/?post_type=product&#038;p=155866"},"modified":"2026-04-09T16:02:21","modified_gmt":"2026-04-09T14:02:21","slug":"snacknutka-ananas-a-mango-whey-protein-45-g","status":"publish","type":"product","link":"https:\/\/fitshaker.cz\/eshop\/cs\/produkt\/snacknutka-ananas-a-mango-whey-protein-45-g","title":{"rendered":"Snacknutka Ananas a mango (WHEY PROTEIN) 45 g"},"content":{"rendered":"<p>Snacknutka bude tv\u00fdm par\u0165\u00e1kem na v\u00fdlety, turistiku, ale i do pr\u00e1ce \u010di na cesty.<\/p>\n<p><strong>Dokonal\u00e1 p\u0159\u00edchut\u00ed, velikost\u00ed i slo\u017een\u00edm. <\/strong>Sta\u010d\u00ed hodit do kabelky \u010di batohu \ud83c\udf92.<\/p>\n<p>Do ty\u010dinek jsme vybrali ty nejlep\u0161\u00ed ingredience. <strong>P\u0159\u00edchut\u011b jsou inspirov\u00e1ny bestsellery \u2013 Fitnutkami a ka\u0161emi, kter\u00e9 milujete. <\/strong>Samoz\u0159ejmost\u00ed jsou vyv\u00e1\u017een\u00e9 v\u00fd\u017eivov\u00e9 hodnoty.<\/p>\n<p><strong>Snacknutka Mango a ananas (WHEY PROTEIN) \u2013 proteinov\u00e1 ty\u010dinka s\u00a0mrazem su\u0161en\u00fdm ananasem a mangem. Bezlepkov\u00e1. Bez sladidel. S\u00a0vysok\u00fdm obsahem b\u00edlkovin.<\/strong><\/p>\n<p><img loading=\"lazy\" decoding=\"async\" class=\"alignnone wp-image-166898\" src=\"https:\/\/fitshaker.sk\/eshop\/wp-content\/uploads\/2024\/07\/Snacknutky-zdrave.tycinky.jpg\" alt=\"\" width=\"400\" height=\"600\" srcset=\"https:\/\/fitshaker.cz\/eshop\/wp-content\/uploads\/2024\/07\/Snacknutky-zdrave.tycinky.jpg 1024w, https:\/\/fitshaker.cz\/eshop\/wp-content\/uploads\/2024\/07\/Snacknutky-zdrave.tycinky-200x300.jpg 200w, https:\/\/fitshaker.cz\/eshop\/wp-content\/uploads\/2024\/07\/Snacknutky-zdrave.tycinky-595x893.jpg 595w, https:\/\/fitshaker.cz\/eshop\/wp-content\/uploads\/2024\/07\/Snacknutky-zdrave.tycinky-332x498.jpg 332w, https:\/\/fitshaker.cz\/eshop\/wp-content\/uploads\/2024\/07\/Snacknutky-zdrave.tycinky-768x1152.jpg 768w, https:\/\/fitshaker.cz\/eshop\/wp-content\/uploads\/2024\/07\/Snacknutky-zdrave.tycinky-450x675.jpg 450w, https:\/\/fitshaker.cz\/eshop\/wp-content\/uploads\/2024\/07\/Snacknutky-zdrave.tycinky-350x525.jpg 350w\" sizes=\"(max-width: 400px) 100vw, 400px\" \/> <img loading=\"lazy\" decoding=\"async\" class=\"alignnone wp-image-166897\" src=\"https:\/\/fitshaker.sk\/eshop\/wp-content\/uploads\/2024\/07\/Snacknutka-proteinova-tycinka-595x802.jpg\" alt=\"\" width=\"445\" height=\"600\" srcset=\"https:\/\/fitshaker.cz\/eshop\/wp-content\/uploads\/2024\/07\/Snacknutka-proteinova-tycinka-595x802.jpg 595w, https:\/\/fitshaker.cz\/eshop\/wp-content\/uploads\/2024\/07\/Snacknutka-proteinova-tycinka-223x300.jpg 223w, https:\/\/fitshaker.cz\/eshop\/wp-content\/uploads\/2024\/07\/Snacknutka-proteinova-tycinka-369x498.jpg 369w, https:\/\/fitshaker.cz\/eshop\/wp-content\/uploads\/2024\/07\/Snacknutka-proteinova-tycinka-768x1035.jpg 768w, https:\/\/fitshaker.cz\/eshop\/wp-content\/uploads\/2024\/07\/Snacknutka-proteinova-tycinka-1139x1536.jpg 1139w, https:\/\/fitshaker.cz\/eshop\/wp-content\/uploads\/2024\/07\/Snacknutka-proteinova-tycinka-450x607.jpg 450w, https:\/\/fitshaker.cz\/eshop\/wp-content\/uploads\/2024\/07\/Snacknutka-proteinova-tycinka-350x472.jpg 350w, https:\/\/fitshaker.cz\/eshop\/wp-content\/uploads\/2024\/07\/Snacknutka-proteinova-tycinka.jpg 1318w\" sizes=\"(max-width: 445px) 100vw, 445px\" \/> <img loading=\"lazy\" decoding=\"async\" class=\"alignnone wp-image-166896\" src=\"https:\/\/fitshaker.sk\/eshop\/wp-content\/uploads\/2024\/07\/Snacknuta-fitshaker-tycinka.jpg\" alt=\"\" width=\"400\" height=\"600\" srcset=\"https:\/\/fitshaker.cz\/eshop\/wp-content\/uploads\/2024\/07\/Snacknuta-fitshaker-tycinka.jpg 1024w, https:\/\/fitshaker.cz\/eshop\/wp-content\/uploads\/2024\/07\/Snacknuta-fitshaker-tycinka-200x300.jpg 200w, https:\/\/fitshaker.cz\/eshop\/wp-content\/uploads\/2024\/07\/Snacknuta-fitshaker-tycinka-595x893.jpg 595w, https:\/\/fitshaker.cz\/eshop\/wp-content\/uploads\/2024\/07\/Snacknuta-fitshaker-tycinka-332x498.jpg 332w, https:\/\/fitshaker.cz\/eshop\/wp-content\/uploads\/2024\/07\/Snacknuta-fitshaker-tycinka-768x1152.jpg 768w, https:\/\/fitshaker.cz\/eshop\/wp-content\/uploads\/2024\/07\/Snacknuta-fitshaker-tycinka-450x675.jpg 450w, https:\/\/fitshaker.cz\/eshop\/wp-content\/uploads\/2024\/07\/Snacknuta-fitshaker-tycinka-350x525.jpg 350w\" sizes=\"(max-width: 400px) 100vw, 400px\" \/><\/p>\n<p>&nbsp;<\/p>\n<h3>Slo\u017een\u00ed:<\/h3>\n<p>oligofrukt\u00f3za, <strong>syrov\u00e1tkov\u00fd<\/strong>\u00a0koncentr\u00e1t 30 %,\u00a0kokosov\u00fd kr\u00e9m,\u00a0<strong>ke\u0161u<\/strong>\u00a0kr\u00e9m,\u00a0ananas su\u0161en\u00fd mrazem 6 %, mango su\u0161en\u00e9 mrazem 3 %, zvlh\u010duj\u00edc\u00ed l\u00e1tka: glycerol, emulg\u00e1tor: slune\u010dnicov\u00fd lecitin.<\/p>\n<p>&nbsp;<\/p>\n<h3>V\u00fd\u017eivov\u00e9 \u00fadaje na 100 g (na 45 g)<\/h3>\n<p>energie 1380 kJ\/345 kcal (621 kJ\/155 kcal)<br \/>\ntuky 12,4 g (5,6 g), z toho nasycen\u00e9 mastn\u00e9 kyseliny 6,2 g \u00a0(2,8 g)<br \/>\nsacharidy 8,5 g (3,8 g), z toho cukry 8,2 g (3,7 g)<br \/>\nvl\u00e1knina 34 g (15,3 g)<br \/>\nb\u00edlkoviny 25,9 g (11,7 g)<br \/>\ns\u016fl 0 g (0 g)<\/p>\n<p>&nbsp;<\/p>\n<p><strong>Balen\u00ed obsahuje 1 porci (45 g).<\/strong><\/p>\n<p><strong>Vyrobeno v \u010cesk\u00e9 republice.<\/strong><\/p>\n<p><strong>Skladov\u00e1n\u00ed:<\/strong> Skladujte v\u00a0suchu a temnu, chra\u0148te p\u0159ed teplem. Po otev\u0159en\u00ed ur\u010deno k okam\u017eit\u00e9 spot\u0159eb\u011b.<\/p>\n<p>&nbsp;<\/p>\n<p><strong>\u261d\ufe0f<\/strong><strong> Nep\u0159ehl\u00e9dni ani dal\u0161\u00ed p\u0159\u00edchut\u011b Snacknutek! <\/strong><\/p>\n<ul>\n<li>ovocn\u00e9 i o\u0159echov\u00e9<\/li>\n<li>vegansk\u00e9, bezlepkov\u00e9, s vysok\u00fdm obsahem vl\u00e1kniny i proteinov\u00e9<\/li>\n<li>bez p\u0159idan\u00e9ho cukru a sladidel<\/li>\n<li>prudce n\u00e1vykov\u00e9<\/li>\n<\/ul>\n<p>&nbsp;<\/p>\n","protected":false},"excerpt":{"rendered":"<p><strong>Lahodn\u011b ovocn\u00e1 a v\u00fdborn\u00e1 (nejen) pro sportovce d\u00edky vysok\u00e9mu obsahu proteinu.<\/strong><br \/>\nProteinov\u00e1 ty\u010dinka inspirovan\u00e1 Fitshaker sn\u00edda\u0148ovou ka\u0161\u00ed mango\u2013ananas.<\/p>\n<p>&nbsp;<\/p>\n<p><img loading=\"lazy\" decoding=\"async\" class=\"alignnone wp-image-171122\" src=\"https:\/\/fitshaker.sk\/eshop\/wp-content\/uploads\/2024\/12\/CZ-Snacknutka-Ananas-a-mango.png\" alt=\"proteinova tycinka Fitshaker\" width=\"442\" height=\"100\" srcset=\"https:\/\/fitshaker.cz\/eshop\/wp-content\/uploads\/2024\/12\/CZ-Snacknutka-Ananas-a-mango.png 3907w, https:\/\/fitshaker.cz\/eshop\/wp-content\/uploads\/2024\/12\/CZ-Snacknutka-Ananas-a-mango-350x79.png 350w, https:\/\/fitshaker.cz\/eshop\/wp-content\/uploads\/2024\/12\/CZ-Snacknutka-Ananas-a-mango-595x134.png 595w, https:\/\/fitshaker.cz\/eshop\/wp-content\/uploads\/2024\/12\/CZ-Snacknutka-Ananas-a-mango-385x87.png 385w, https:\/\/fitshaker.cz\/eshop\/wp-content\/uploads\/2024\/12\/CZ-Snacknutka-Ananas-a-mango-768x174.png 768w, https:\/\/fitshaker.cz\/eshop\/wp-content\/uploads\/2024\/12\/CZ-Snacknutka-Ananas-a-mango-1536x347.png 1536w, https:\/\/fitshaker.cz\/eshop\/wp-content\/uploads\/2024\/12\/CZ-Snacknutka-Ananas-a-mango-2048x463.png 2048w, https:\/\/fitshaker.cz\/eshop\/wp-content\/uploads\/2024\/12\/CZ-Snacknutka-Ananas-a-mango-450x102.png 450w\" sizes=\"(max-width: 442px) 100vw, 442px\" \/><\/p>\n","protected":false},"featured_media":162519,"comment_status":"open","ping_status":"closed","template":"","meta":{"_acf_changed":false},"product_cat":[213],"product_tag":[],"bundle_layout":"","bundled_by":[],"bundled_items":[],"acf":[],"_links":{"self":[{"href":"https:\/\/fitshaker.cz\/eshop\/cs\/wp-json\/wp\/v2\/product\/155866"}],"collection":[{"href":"https:\/\/fitshaker.cz\/eshop\/cs\/wp-json\/wp\/v2\/product"}],"about":[{"href":"https:\/\/fitshaker.cz\/eshop\/cs\/wp-json\/wp\/v2\/types\/product"}],"replies":[{"embeddable":true,"href":"https:\/\/fitshaker.cz\/eshop\/cs\/wp-json\/wp\/v2\/comments?post=155866"}],"wp:featuredmedia":[{"embeddable":true,"href":"https:\/\/fitshaker.cz\/eshop\/cs\/wp-json\/wp\/v2\/media\/162519"}],"wp:attachment":[{"href":"https:\/\/fitshaker.cz\/eshop\/cs\/wp-json\/wp\/v2\/media?parent=155866"}],"wp:term":[{"taxonomy":"product_cat","embeddable":true,"href":"https:\/\/fitshaker.cz\/eshop\/cs\/wp-json\/wp\/v2\/product_cat?post=155866"},{"taxonomy":"product_tag","embeddable":true,"href":"https:\/\/fitshaker.cz\/eshop\/cs\/wp-json\/wp\/v2\/product_tag?post=155866"}],"curies":[{"name":"wp","href":"https:\/\/api.w.org\/{rel}","templated":true}]}}