{"id":155868,"date":"2024-07-24T12:33:00","date_gmt":"2024-07-24T10:33:00","guid":{"rendered":"https:\/\/fitshaker-eshop-prod.goodrequest.dev\/eshop\/?post_type=product&#038;p=155868"},"modified":"2026-04-09T12:02:36","modified_gmt":"2026-04-09T10:02:36","slug":"snacknutka-marhula-a-malina-50-g","status":"publish","type":"product","link":"https:\/\/fitshaker.cz\/eshop\/cs\/produkt\/snacknutka-marhula-a-malina-50-g","title":{"rendered":"Snacknutka Meru\u0148ka a malina 50 g"},"content":{"rendered":"<p>Snacknutka bude tv\u00fdm par\u0165\u00e1kem na letn\u00ed v\u00fdlety, turistiku, ale i do pr\u00e1ce \u010di na cesty.<\/p>\n<p><strong>Dokonal\u00e1 p\u0159\u00edchut\u00ed, velikost\u00ed i slo\u017een\u00edm. <\/strong>Sta\u010d\u00ed hodit do kabelky \u010di batohu \ud83c\udf92.<\/p>\n<p>Do ty\u010dinek jsme vybrali ty nejlep\u0161\u00ed ingredience. <strong>P\u0159\u00edchut\u011b jsou inspirov\u00e1ny bestsellery \u2013 Fitnutkami a ka\u0161emi, kter\u00e9 milujete. <\/strong>Samoz\u0159ejmost\u00ed jsou vyv\u00e1\u017een\u00e9 v\u00fd\u017eivov\u00e9 hodnoty.<\/p>\n<p><strong>Snacknutka Meru\u0148ka a malina \u2013 vegansk\u00e1 ty\u010dinka s datlemi, mrazem su\u0161en\u00fdmi malinami, su\u0161en\u00fdmi meru\u0148kami a o\u0159echy. Bezlepkov\u00e1. Bez p\u0159idan\u00e9ho cukru. Bez sladidel.<\/strong><br \/>\n<img loading=\"lazy\" decoding=\"async\" class=\"alignnone wp-image-166898\" src=\"https:\/\/fitshaker.sk\/eshop\/wp-content\/uploads\/2024\/07\/Snacknutky-zdrave.tycinky.jpg\" alt=\"\" width=\"400\" height=\"600\" srcset=\"https:\/\/fitshaker.cz\/eshop\/wp-content\/uploads\/2024\/07\/Snacknutky-zdrave.tycinky.jpg 1024w, https:\/\/fitshaker.cz\/eshop\/wp-content\/uploads\/2024\/07\/Snacknutky-zdrave.tycinky-200x300.jpg 200w, https:\/\/fitshaker.cz\/eshop\/wp-content\/uploads\/2024\/07\/Snacknutky-zdrave.tycinky-595x893.jpg 595w, https:\/\/fitshaker.cz\/eshop\/wp-content\/uploads\/2024\/07\/Snacknutky-zdrave.tycinky-332x498.jpg 332w, https:\/\/fitshaker.cz\/eshop\/wp-content\/uploads\/2024\/07\/Snacknutky-zdrave.tycinky-768x1152.jpg 768w, https:\/\/fitshaker.cz\/eshop\/wp-content\/uploads\/2024\/07\/Snacknutky-zdrave.tycinky-450x675.jpg 450w, https:\/\/fitshaker.cz\/eshop\/wp-content\/uploads\/2024\/07\/Snacknutky-zdrave.tycinky-350x525.jpg 350w\" sizes=\"(max-width: 400px) 100vw, 400px\" \/> <img loading=\"lazy\" decoding=\"async\" class=\"alignnone wp-image-165387\" src=\"https:\/\/fitshaker.sk\/eshop\/wp-content\/uploads\/2024\/07\/Snacknutka-Marhula-a-malina-scaled-e1737992957914.jpg\" alt=\"datlova tycinka s ovocim\" width=\"446\" height=\"600\" srcset=\"https:\/\/fitshaker.cz\/eshop\/wp-content\/uploads\/2024\/07\/Snacknutka-Marhula-a-malina-scaled-e1737992957914.jpg 1267w, https:\/\/fitshaker.cz\/eshop\/wp-content\/uploads\/2024\/07\/Snacknutka-Marhula-a-malina-scaled-e1737992957914-223x300.jpg 223w, https:\/\/fitshaker.cz\/eshop\/wp-content\/uploads\/2024\/07\/Snacknutka-Marhula-a-malina-scaled-e1737992957914-595x801.jpg 595w, https:\/\/fitshaker.cz\/eshop\/wp-content\/uploads\/2024\/07\/Snacknutka-Marhula-a-malina-scaled-e1737992957914-370x498.jpg 370w, https:\/\/fitshaker.cz\/eshop\/wp-content\/uploads\/2024\/07\/Snacknutka-Marhula-a-malina-scaled-e1737992957914-768x1034.jpg 768w, https:\/\/fitshaker.cz\/eshop\/wp-content\/uploads\/2024\/07\/Snacknutka-Marhula-a-malina-scaled-e1737992957914-1141x1536.jpg 1141w, https:\/\/fitshaker.cz\/eshop\/wp-content\/uploads\/2024\/07\/Snacknutka-Marhula-a-malina-scaled-e1737992957914-450x606.jpg 450w, https:\/\/fitshaker.cz\/eshop\/wp-content\/uploads\/2024\/07\/Snacknutka-Marhula-a-malina-scaled-e1737992957914-350x471.jpg 350w\" sizes=\"(max-width: 446px) 100vw, 446px\" \/>\u00a0<img loading=\"lazy\" decoding=\"async\" class=\"alignnone wp-image-166896\" src=\"https:\/\/fitshaker.sk\/eshop\/wp-content\/uploads\/2024\/07\/Snacknuta-fitshaker-tycinka.jpg\" alt=\"\" width=\"400\" height=\"600\" srcset=\"https:\/\/fitshaker.cz\/eshop\/wp-content\/uploads\/2024\/07\/Snacknuta-fitshaker-tycinka.jpg 1024w, https:\/\/fitshaker.cz\/eshop\/wp-content\/uploads\/2024\/07\/Snacknuta-fitshaker-tycinka-200x300.jpg 200w, https:\/\/fitshaker.cz\/eshop\/wp-content\/uploads\/2024\/07\/Snacknuta-fitshaker-tycinka-595x893.jpg 595w, https:\/\/fitshaker.cz\/eshop\/wp-content\/uploads\/2024\/07\/Snacknuta-fitshaker-tycinka-332x498.jpg 332w, https:\/\/fitshaker.cz\/eshop\/wp-content\/uploads\/2024\/07\/Snacknuta-fitshaker-tycinka-768x1152.jpg 768w, https:\/\/fitshaker.cz\/eshop\/wp-content\/uploads\/2024\/07\/Snacknuta-fitshaker-tycinka-450x675.jpg 450w, https:\/\/fitshaker.cz\/eshop\/wp-content\/uploads\/2024\/07\/Snacknuta-fitshaker-tycinka-350x525.jpg 350w\" sizes=\"(max-width: 400px) 100vw, 400px\" \/><\/p>\n<h3>Slo\u017een\u00ed:<\/h3>\n<p>datle 65 %, maliny su\u0161en\u00e9 mrazem 13 %, su\u0161en\u00e9 meru\u0148ky 7 %, o\u0159echy <strong>ke\u0161u<\/strong> 5 %<u>,<\/u> kokos, kakao, kakaov\u00e9 boby<\/p>\n<h3><\/h3>\n<p>&nbsp;<\/p>\n<h3>V\u00fd\u017eivov\u00e9 \u00fadaje na 100 g (na 50 g)<\/h3>\n<p>energie 1385 KJ\/331 kcal (693 KJ\/166 kcal)<\/p>\n<p>tuky 7,6 g (3,8 g), z toho nasycen\u00e9 mastn\u00e9 kyseliny 3,9 g (2 g)<\/p>\n<p>sacharidy 53,3 g (26,7 g), z toho cukry 43,2 g (21,6 g)<\/p>\n<p>vl\u00e1knina 15,5 g (7,8 g)<\/p>\n<p>b\u00edlkoviny 4,9 g (2,5 g)<\/p>\n<p>s\u016fl 0 g (0 g)<\/p>\n<p>&nbsp;<\/p>\n<p><strong>Balen\u00ed obsahuje 1 porci (50 g).<\/strong><\/p>\n<p><strong>Vyrobeno v \u010cesk\u00e9 republice.<\/strong><\/p>\n<p><strong>Skladov\u00e1n\u00ed:<\/strong> Skladujte v\u00a0suchu a temnu, chra\u0148te p\u0159ed teplem. Po otev\u0159en\u00ed ur\u010deno k okam\u017eit\u00e9 spot\u0159eb\u011b.<\/p>\n<p>&nbsp;<\/p>\n<p><strong>\u261d\ufe0f<\/strong><strong> Nep\u0159ehl\u00e9dni ani dal\u0161\u00ed p\u0159\u00edchut\u011b Snacknutek! <\/strong><\/p>\n<ul>\n<li style=\"list-style-type: none;\">\n<ul>\n<li>ovocn\u00e9 i o\u0159echov\u00e9<\/li>\n<li>vegansk\u00e9, bezlepkov\u00e9, s vysok\u00fdm obsahem vl\u00e1kniny i proteinov\u00e9<\/li>\n<li>bez p\u0159idan\u00e9ho cukru a sladidel<\/li>\n<li>prudce n\u00e1vykov\u00e9<\/li>\n<\/ul>\n<\/li>\n<\/ul>\n<p>&nbsp;<\/p>\n","protected":false},"excerpt":{"rendered":"<p><strong>Ovocn\u00e1, sv\u011b\u017e\u00ed, sladk\u00e1 a absolutn\u011b unik\u00e1tn\u00ed. <\/strong><\/p>\n<p>Takov\u00e1 je \u201ena ty\u010dinku prom\u011bn\u011bn\u00e1\u201c milovan\u00e1 Fitshaker kakaov\u00e1 sn\u00edda\u0148ov\u00e1 ka\u0161e s kousky merun\u011bk a malin \ud83d\ude42.<br \/>\n<img loading=\"lazy\" decoding=\"async\" class=\"alignnone wp-image-171119\" src=\"https:\/\/fitshaker.sk\/eshop\/wp-content\/uploads\/2024\/12\/CZ-Snacknutka-Marhula-a-malina-granola.png\" alt=\"tycinka bez cukru\" width=\"557\" height=\"100\" srcset=\"https:\/\/fitshaker.cz\/eshop\/wp-content\/uploads\/2024\/12\/CZ-Snacknutka-Marhula-a-malina-granola.png 4914w, https:\/\/fitshaker.cz\/eshop\/wp-content\/uploads\/2024\/12\/CZ-Snacknutka-Marhula-a-malina-granola-350x63.png 350w, https:\/\/fitshaker.cz\/eshop\/wp-content\/uploads\/2024\/12\/CZ-Snacknutka-Marhula-a-malina-granola-595x107.png 595w, https:\/\/fitshaker.cz\/eshop\/wp-content\/uploads\/2024\/12\/CZ-Snacknutka-Marhula-a-malina-granola-385x69.png 385w, https:\/\/fitshaker.cz\/eshop\/wp-content\/uploads\/2024\/12\/CZ-Snacknutka-Marhula-a-malina-granola-768x138.png 768w, https:\/\/fitshaker.cz\/eshop\/wp-content\/uploads\/2024\/12\/CZ-Snacknutka-Marhula-a-malina-granola-1536x276.png 1536w, https:\/\/fitshaker.cz\/eshop\/wp-content\/uploads\/2024\/12\/CZ-Snacknutka-Marhula-a-malina-granola-2048x368.png 2048w, https:\/\/fitshaker.cz\/eshop\/wp-content\/uploads\/2024\/12\/CZ-Snacknutka-Marhula-a-malina-granola-450x81.png 450w\" sizes=\"(max-width: 557px) 100vw, 557px\" \/><\/p>\n","protected":false},"featured_media":162522,"comment_status":"open","ping_status":"closed","template":"","meta":{"_acf_changed":false},"product_cat":[213],"product_tag":[],"bundle_layout":"","bundled_by":[],"bundled_items":[],"acf":[],"_links":{"self":[{"href":"https:\/\/fitshaker.cz\/eshop\/cs\/wp-json\/wp\/v2\/product\/155868"}],"collection":[{"href":"https:\/\/fitshaker.cz\/eshop\/cs\/wp-json\/wp\/v2\/product"}],"about":[{"href":"https:\/\/fitshaker.cz\/eshop\/cs\/wp-json\/wp\/v2\/types\/product"}],"replies":[{"embeddable":true,"href":"https:\/\/fitshaker.cz\/eshop\/cs\/wp-json\/wp\/v2\/comments?post=155868"}],"wp:featuredmedia":[{"embeddable":true,"href":"https:\/\/fitshaker.cz\/eshop\/cs\/wp-json\/wp\/v2\/media\/162522"}],"wp:attachment":[{"href":"https:\/\/fitshaker.cz\/eshop\/cs\/wp-json\/wp\/v2\/media?parent=155868"}],"wp:term":[{"taxonomy":"product_cat","embeddable":true,"href":"https:\/\/fitshaker.cz\/eshop\/cs\/wp-json\/wp\/v2\/product_cat?post=155868"},{"taxonomy":"product_tag","embeddable":true,"href":"https:\/\/fitshaker.cz\/eshop\/cs\/wp-json\/wp\/v2\/product_tag?post=155868"}],"curies":[{"name":"wp","href":"https:\/\/api.w.org\/{rel}","templated":true}]}}