{"id":156244,"date":"2024-07-29T13:57:28","date_gmt":"2024-07-29T11:57:28","guid":{"rendered":"https:\/\/fitshaker.sk\/eshop\/?post_type=product&#038;p=156244"},"modified":"2026-04-09T07:38:24","modified_gmt":"2026-04-09T05:38:24","slug":"sportova-taska","status":"publish","type":"product","link":"https:\/\/fitshaker.cz\/eshop\/cs\/produkt\/sportova-taska","title":{"rendered":"Sportovn\u00ed ta\u0161ka Fitshaker"},"content":{"rendered":"<p>Cvi\u010d\u00ed\u0161, mak\u00e1\u0161, b\u011bh\u00e1\u0161, sportuje\u0161? A\u00a0k tomu i cestuje\u0161? Co ti tedy nesm\u00ed chyb\u011bt \ud83d\ude09?<\/p>\n<p>P\u0159ece sportovn\u00ed ta\u0161ka se skv\u011bl\u00fdmi vychyt\u00e1vkami, kam se ti vejde v\u0161echno pot\u0159ebn\u00e9, kdy\u017e chce\u0161 vyb\u011bhnout cvi\u010dit mimo domov. A v pohod\u011b do n\u00ed sbal\u00ed\u0161 i v\u0161echno na kr\u00e1tk\u00fd v\u00fdlet \u010di v\u00edkend.<\/p>\n<p><strong>\u010c\u00edm je na\u0161e Fitshaker ta\u0161ka zaj\u00edmav\u00e1?<\/strong><\/p>\n<ul>\n<li>M\u00e1 ide\u00e1ln\u00ed velikost. Ani velk\u00e1, ani mal\u00e1 \ud83d\ude42.<\/li>\n<li>Obsahuje dr\u017e\u00e1k na j\u00f3gamatku.<\/li>\n<li>M\u00e1 pogumovan\u00fd odd\u011blen\u00fd prostor na boty a mokr\u00e9 oble\u010den\u00ed nebo ru\u010dn\u00edk.<\/li>\n<li>Samostatn\u011b odd\u011blen\u00fd hlavn\u00ed prostor na \u010dist\u00e9 oble\u010den\u00ed nebo pom\u016fcky na cvi\u010den\u00ed.<\/li>\n<li>M\u00e1 2 dr\u017eadla na chycen\u00ed do ruky, ale i popruh na p\u0159ehozen\u00ed p\u0159es rameno.<\/li>\n<li>K dispozici je ve 2 obl\u00edben\u00fdch barv\u00e1ch \u2013 \u010dern\u00e9 a fialov\u00e9.<\/li>\n<\/ul>\n<p><strong>Rozm\u011bry (\u0160 x V x D): 49 cm x 24 cm x 25 cm<\/strong><\/p>\n","protected":false},"excerpt":{"rendered":"<p>Hled\u00e1\u0161 praktickou a stylovou ta\u0161ku, kter\u00e1 t\u011b bude prov\u00e1zet na ka\u017ed\u00e9m tr\u00e9ninku i v\u00fdlet\u011b? Na\u0161e sportovn\u00ed ta\u0161ka Fitshaker m\u00e1 perfektn\u00ed velikost, \u0161ikovn\u00fd dr\u017e\u00e1k na j\u00f3gamatku, odd\u011blen\u00fd prostor na boty \u010di mokr\u00e9 v\u011bci a pohodln\u011b se nos\u00ed v ruce i p\u0159es rameno. Zkr\u00e1tka \u2013 v\u0161echno, co aktivn\u00ed \u017eena pot\u0159ebuje na jednom m\u00edst\u011b!<\/p>\n","protected":false},"featured_media":162529,"comment_status":"open","ping_status":"closed","template":"","meta":{"_acf_changed":false},"product_cat":[215],"product_tag":[],"bundle_layout":"","bundled_by":[],"bundled_items":[],"acf":[],"_links":{"self":[{"href":"https:\/\/fitshaker.cz\/eshop\/cs\/wp-json\/wp\/v2\/product\/156244"}],"collection":[{"href":"https:\/\/fitshaker.cz\/eshop\/cs\/wp-json\/wp\/v2\/product"}],"about":[{"href":"https:\/\/fitshaker.cz\/eshop\/cs\/wp-json\/wp\/v2\/types\/product"}],"replies":[{"embeddable":true,"href":"https:\/\/fitshaker.cz\/eshop\/cs\/wp-json\/wp\/v2\/comments?post=156244"}],"wp:featuredmedia":[{"embeddable":true,"href":"https:\/\/fitshaker.cz\/eshop\/cs\/wp-json\/wp\/v2\/media\/162529"}],"wp:attachment":[{"href":"https:\/\/fitshaker.cz\/eshop\/cs\/wp-json\/wp\/v2\/media?parent=156244"}],"wp:term":[{"taxonomy":"product_cat","embeddable":true,"href":"https:\/\/fitshaker.cz\/eshop\/cs\/wp-json\/wp\/v2\/product_cat?post=156244"},{"taxonomy":"product_tag","embeddable":true,"href":"https:\/\/fitshaker.cz\/eshop\/cs\/wp-json\/wp\/v2\/product_tag?post=156244"}],"curies":[{"name":"wp","href":"https:\/\/api.w.org\/{rel}","templated":true}]}}