{"id":161425,"date":"2025-09-11T16:18:50","date_gmt":"2025-09-11T14:18:50","guid":{"rendered":"https:\/\/fitshaker.sk\/eshop\/?post_type=product&#038;p=161425"},"modified":"2026-03-25T15:42:59","modified_gmt":"2026-03-25T14:42:59","slug":"fitness-diar-2026-cesky-jazyk","status":"publish","type":"product","link":"https:\/\/fitshaker.cz\/eshop\/cs\/produkt\/fitness-diar-2026-cesky-jazyk","title":{"rendered":"Fitness di\u00e1\u0159 2026 (\u010desk\u00fd jazyk)"},"content":{"rendered":"<p><strong>Nen\u00ed to POUZE di\u00e1\u0159! Nikdy nebyl POUZE di\u00e1\u0159em. :) Letos jsme si dali speci\u00e1ln\u011b z\u00e1le\u017eet na tom, aby obsahoval jen to, co se skute\u010dn\u011b vyplat\u00ed m\u00edt u sebe (v kabelce) 356 dn\u00ed v roce. Inspirace, tah\u00e1ky, sez\u00f3nn\u00ed j\u00eddeln\u00ed\u010dky, motivace, rozvoj a maximum prostoru pro zapisov\u00e1n\u00ed. V\u0161e proto, abys um\u011bla r\u016fst na v\u0161ech \u00farovn\u00edch \u2013 t\u011bla, mysli a du\u0161e.<\/strong><\/p>\n<p>Deset vyd\u00e1n\u00ed = deset bestseller\u016f, des\u00edtky zapojen\u00fdch odborn\u00edk\u016f, stovky inspirativn\u00edch p\u0159\u00edb\u011bh\u016f, kter\u00e9 s di\u00e1\u0159em za\u017e\u00edv\u00e1te, a des\u00edtky tis\u00edc \u017een, kter\u00fdm na jejich zdrav\u00ed skute\u010dn\u011b z\u00e1le\u017e\u00ed.<\/p>\n<p>&nbsp;<\/p>\n<h3>Co v sob\u011b Fitness di\u00e1\u0159 2026 ukr\u00fdv\u00e1?<\/h3>\n<ul>\n<li><strong>12 n\u00e1vyk\u016f m\u011bs\u00edce<\/strong>, kter\u00e9 si m\u016f\u017ee\u0161 osvojit a kvalitu sv\u00e9ho \u017eivota z\u00e1sadn\u011b zlep\u0161it<\/li>\n<li><strong>12 v\u00fd\u017eivov\u00fdch ok\u00e9nek<\/strong>, kde se m\u016f\u017ee\u0161 s l\u00e9ka\u0159em, nutri\u010dn\u00edm kou\u010dem a v\u00fd\u017eivovou specialistkou pod\u00edvat na stravu prakticky, sez\u00f3nn\u011b a \u201eout of the box\u201c<\/li>\n<li><strong>12 sez\u00f3nn\u00edch j\u00eddeln\u00ed\u010dk\u016f<\/strong>, kter\u00fdmi se m\u016f\u017ee\u0161 inspirovat p\u0159i tvorb\u011b toho sv\u00e9ho<\/li>\n<li><strong>12x prostor pro t\u011blo, mysl, du\u0161i a tvoje nov\u00e9 J\u00c1<\/strong>, kde se na sebe pod\u00edv\u00e1\u0161 \u201ejinak\u201c za pomoci 3 super\u017een \u2013 leadership a egokou\u010dky, tren\u00e9rky a nutri\u010dn\u00ed kou\u010dky a garantky v\u00fdcvik\u016f v oblasti v\u00fd\u017eivy<\/li>\n<li><strong>M\u011bs\u00ed\u010dn\u00ed pl\u00e1nova\u010de aktivit, tr\u00e9nink\u016f a stravy<\/strong><\/li>\n<li><strong>Maximalizovan\u00fd prostor pro zapisov\u00e1n\u00ed<\/strong><\/li>\n<li>Sledov\u00e1n\u00ed krok\u016f, sp\u00e1nku a pitn\u00e9ho re\u017eimu na denn\u00ed b\u00e1zi<\/li>\n<li>Tradi\u010dn\u00ed vychyt\u00e1vky jako sledov\u00e1n\u00ed progresu, vision board, bojov\u00fd pl\u00e1n, lun\u00e1rn\u00ed tipy, tah\u00e1ky, t\u00fddenn\u00ed rozvojov\u00e9 ot\u00e1zky \u2026<\/li>\n<\/ul>\n<p>&nbsp;<\/p>\n<h3>Fitness di\u00e1\u0159\u00ae 2026 nen\u00ed \u00fa\u017easn\u00fd jen uvnit\u0159. Je n\u00e1dhern\u00fd i navenek. \ud83d\ude42<\/h3>\n<ul>\n<li>M\u00e1 tvrd\u00fd obal, tak\u017ee se jen tak snadno nepo\u0161kod\u00ed.<\/li>\n<li>Je plnobarevn\u00fd.<\/li>\n<li>M\u00e1 praktick\u00fd form\u00e1t, je lehk\u00fd a pohodln\u011b se vejde do kabelky.<\/li>\n<li>M\u00e1 n\u00e1dhern\u00fd n\u011b\u017en\u00fd, \u017eensk\u00fd a minimalistick\u00fd design.<\/li>\n<li>Pou\u017eit\u00fd pap\u00edr je kvalitn\u00ed. Neprosv\u00edt\u00e1.<\/li>\n<li>Obsahuje 2 \u0161\u0148\u016frky, kter\u00e9 slou\u017e\u00ed jako z\u00e1lo\u017eky.<\/li>\n<li>Na zadn\u00ed stran\u011b je praktick\u00e1 kapsa na karty, vizitky a pod.<\/li>\n<li>Samoz\u0159ejmost\u00ed je i gumi\u010dka na zav\u00edr\u00e1n\u00ed.<\/li>\n<\/ul>\n<p><strong>Rozm\u011br: 12 x 16 cm (\u0160 x V)<\/strong><\/p>\n<p><strong>V\u00e1ha:\u00a0340 g<\/strong><\/p>\n<p><strong>Po\u010det stran: 304<\/strong><\/p>\n<p>Bude tento rok tv\u016fj? Chce\u0161 vzkv\u00e9tat na v\u0161ech \u00farovn\u00edch?<\/p>\n<p>Poj\u010fme do toho spolu. Dos\u00e1hneme spole\u010dn\u011b v\u0161ech tv\u00fdch (nejen) fitness c\u00edl\u016f. :)<\/p>\n<p>&nbsp;<\/p>\n<style>.embed-container { position: relative; padding-bottom: 56.25%; height: 0; overflow: hidden; max-width: 100%; } .embed-container iframe, .embed-container object, .embed-container embed { position: absolute; top: 0; left: 0; width: 100%; height: 100%; }<\/style>\n<div class=\"embed-container\"><iframe src=\"https:\/\/youtube.com\/embed\/z7QS9KLxQzQ\" frameborder=\"0\" allowfullscreen=\"allowfullscreen\"><span data-mce-type=\"bookmark\" style=\"display: inline-block; width: 0px; overflow: hidden; line-height: 0;\" class=\"mce_SELRES_start\">\ufeff<\/span><\/iframe><\/div>\n<p>&nbsp;<\/p>\n","protected":false},"excerpt":{"rendered":"<p>Jeden\u00e1ct\u00fdm vyd\u00e1n\u00edm vstupuje Fitness di\u00e1\u0159 do nov\u00e9 dek\u00e1dy. Vytvo\u0159ili jsme pr\u016fvodce, kter\u00fd t\u011b provede nejen rokem 2026, ale i \u201etebou samou\u201c. B\u011bhem roku se pod\u00edv\u00e1\u0161 na vlastn\u00ed zdrav\u00ed a \u0161t\u011bst\u00ed t\u011bla, mysli a du\u0161e. Proto\u017ee jen \u017eena, kter\u00e1 se c\u00edt\u00ed zdrav\u00e1 a vyrovnan\u00e1 na v\u0161ech \u00farovn\u00edch, m\u016f\u017ee skute\u010dn\u011b kv\u00e9st a \u017e\u00edt naplno.<\/p>\n<p><strong>P\u0159ihlas se do <a href=\"https:\/\/fitshaker.cz\/novorocni-vyzva\">Novoro\u010dn\u00ed v\u00fdzvy<\/a> a z\u00edskej 20% slevu na Fitness di\u00e1\u0159!<\/strong><\/p>\n","protected":false},"featured_media":192144,"comment_status":"open","ping_status":"closed","template":"","meta":{"_acf_changed":false},"product_cat":[211],"product_tag":[],"bundle_layout":"","bundled_by":[],"bundled_items":[],"acf":[],"_links":{"self":[{"href":"https:\/\/fitshaker.cz\/eshop\/cs\/wp-json\/wp\/v2\/product\/161425"}],"collection":[{"href":"https:\/\/fitshaker.cz\/eshop\/cs\/wp-json\/wp\/v2\/product"}],"about":[{"href":"https:\/\/fitshaker.cz\/eshop\/cs\/wp-json\/wp\/v2\/types\/product"}],"replies":[{"embeddable":true,"href":"https:\/\/fitshaker.cz\/eshop\/cs\/wp-json\/wp\/v2\/comments?post=161425"}],"wp:featuredmedia":[{"embeddable":true,"href":"https:\/\/fitshaker.cz\/eshop\/cs\/wp-json\/wp\/v2\/media\/192144"}],"wp:attachment":[{"href":"https:\/\/fitshaker.cz\/eshop\/cs\/wp-json\/wp\/v2\/media?parent=161425"}],"wp:term":[{"taxonomy":"product_cat","embeddable":true,"href":"https:\/\/fitshaker.cz\/eshop\/cs\/wp-json\/wp\/v2\/product_cat?post=161425"},{"taxonomy":"product_tag","embeddable":true,"href":"https:\/\/fitshaker.cz\/eshop\/cs\/wp-json\/wp\/v2\/product_tag?post=161425"}],"curies":[{"name":"wp","href":"https:\/\/api.w.org\/{rel}","templated":true}]}}