{"id":162917,"date":"2024-10-24T14:08:57","date_gmt":"2024-10-24T12:08:57","guid":{"rendered":"https:\/\/fitshaker.sk\/eshop\/?post_type=product&#038;p=162917"},"modified":"2026-04-08T10:59:52","modified_gmt":"2026-04-08T08:59:52","slug":"joga-bloky-penove","status":"publish","type":"product","link":"https:\/\/fitshaker.cz\/eshop\/cs\/produkt\/joga-bloky-penove","title":{"rendered":"Joga bloky \u2013 p\u011bnov\u00e9 (2ks)"},"content":{"rendered":"<p><strong>J\u00f3ga bloky a jejich v\u00fdhody:<\/strong><\/p>\n<p>\u2022 Ide\u00e1ln\u00ed p\u0159i cvi\u010den\u00ed j\u00f3gy, pilatesu, p\u0159i rovnov\u00e1\u017en\u00fdch cvi\u010den\u00edch nebo stre\u010dinku.<br \/>\n\u2022 Pom\u016fcka na cvi\u010den\u00ed, kter\u00e1 dok\u00e1\u017ee zlep\u0161it stabilitu p\u0159i balan\u010dn\u00edch pozic\u00edch.<br \/>\n\u2022 Postupn\u011b pom\u00e1h\u00e1 prodlu\u017eovat rozsah pozic, otev\u00edr\u00e1n\u00ed a protahov\u00e1n\u00ed.<\/p>\n<p>&nbsp;<\/p>\n<p><strong>Fitshaker foam blocks:<\/strong> p\u011bnov\u00e9 j\u00f3ga bloky jsou lehk\u00e9 a p\u0159enosn\u00e9, ide\u00e1ln\u00ed na cesty\/skupinov\u00e1 cvi\u010den\u00ed mimo domov. Jsou t\u00e9\u017e cenov\u011b dostupn\u011bj\u0161\u00ed variantou.<br \/>\n<strong><a href=\"https:\/\/fitshaker.cz\/eshop\/produkt\/joga-bloky-korkove\">Fitshaker corck blocks<\/a>:<\/strong> korkov\u00e9 j\u00f3ga bloky jsou t\u011b\u017e\u0161\u00ed, ale pevn\u011bj\u0161\u00ed a odoln\u011bj\u0161\u00ed v\u016f\u010di po\u0161kozen\u00ed. Jsou skv\u011bl\u00e9, pokud cvi\u010d\u00ed\u0161 doma a chce\u0161 \u201einvestovat\u201c do jedn\u00e9 pom\u016fcky, kter\u00e1 t\u011b doslova podr\u017e\u00ed hodn\u011b dlouho.<\/p>\n<p>&nbsp;<\/p>\n<p><strong>P\u011bnov\u00e9 Fitshaker j\u00f3ga bloky (2 ks v balen\u00ed):<\/strong>\u2022 rozm\u011bry: 23 x 15 x 10 cm,<\/p>\n<p>\u2022 materi\u00e1l: p\u011bna (EVA \u2013 elastomeric polymer), kter\u00e1 neklou\u017ee,<br \/>\n\u2022 hust\u00e1 struktura p\u011bny zaru\u010duje velmi dobrou \u017eivotnost a bloky jsou odoln\u00e9 v\u016f\u010di zdeformov\u00e1n\u00ed,<br \/>\n\u2022 jsou lehk\u00e9, ale pevn\u00e9, ide\u00e1ln\u00ed na cesty\/cvi\u010den\u00ed mimo domov \ud83d\ude42,<br \/>\n\u2022 maj\u00ed zaoblen\u00e9 hrany a rohy na pohodln\u00e9 uchopen\u00ed,<br \/>\n\u2022 jsou dostupn\u00e9 ve 2 barv\u00e1ch: \u0161ed\u00e1 a fialov\u00e1.<\/p>\n<p>&nbsp;<\/p>\n","protected":false},"excerpt":{"rendered":"<p>Lehk\u00e9, pevn\u00e9 a protiskluzov\u00e9 j\u00f3gov\u00e9 bloky, kter\u00e9 ti pomohou se stabilitou, rozsahem i komfortem p\u0159i cvi\u010den\u00ed. Ide\u00e1ln\u00ed na cesty i dom\u00e1c\u00ed tr\u00e9ninky. Balen\u00ed obsahuje 2 ks.<\/p>\n","protected":false},"featured_media":162990,"comment_status":"open","ping_status":"closed","template":"","meta":{"_acf_changed":false},"product_cat":[215],"product_tag":[],"bundle_layout":"","bundled_by":[],"bundled_items":[],"acf":[],"_links":{"self":[{"href":"https:\/\/fitshaker.cz\/eshop\/cs\/wp-json\/wp\/v2\/product\/162917"}],"collection":[{"href":"https:\/\/fitshaker.cz\/eshop\/cs\/wp-json\/wp\/v2\/product"}],"about":[{"href":"https:\/\/fitshaker.cz\/eshop\/cs\/wp-json\/wp\/v2\/types\/product"}],"replies":[{"embeddable":true,"href":"https:\/\/fitshaker.cz\/eshop\/cs\/wp-json\/wp\/v2\/comments?post=162917"}],"wp:featuredmedia":[{"embeddable":true,"href":"https:\/\/fitshaker.cz\/eshop\/cs\/wp-json\/wp\/v2\/media\/162990"}],"wp:attachment":[{"href":"https:\/\/fitshaker.cz\/eshop\/cs\/wp-json\/wp\/v2\/media?parent=162917"}],"wp:term":[{"taxonomy":"product_cat","embeddable":true,"href":"https:\/\/fitshaker.cz\/eshop\/cs\/wp-json\/wp\/v2\/product_cat?post=162917"},{"taxonomy":"product_tag","embeddable":true,"href":"https:\/\/fitshaker.cz\/eshop\/cs\/wp-json\/wp\/v2\/product_tag?post=162917"}],"curies":[{"name":"wp","href":"https:\/\/api.w.org\/{rel}","templated":true}]}}