{"id":164888,"date":"2024-11-15T07:54:16","date_gmt":"2024-11-15T06:54:16","guid":{"rendered":"https:\/\/fitshaker.sk\/eshop\/?post_type=product&#038;p=164888"},"modified":"2026-04-15T19:12:50","modified_gmt":"2026-04-15T17:12:50","slug":"mikulassky-balicek-bestsellerov","status":"publish","type":"product","link":"https:\/\/fitshaker.cz\/eshop\/cs\/produkt\/mikulassky-balicek-bestsellerov","title":{"rendered":"Bal\u00ed\u010dek sladk\u00fdch bestseller\u016f"},"content":{"rendered":"<p><strong>Vybrali jsme to NEJobl\u00edben\u011bj\u0161\u00ed z va\u0161eho NEJobl\u00edben\u011bj\u0161\u00edho.<\/strong><br \/>\nV\u0161echny sladk\u00e9 a zdrav\u00e9 bestsellery najde\u0161 v tomto \u00fa\u017easn\u00e9m bal\u00ed\u010dku za zv\u00fdhodn\u011bnou cenu \ud83c\udf89.<\/p>\n<p><strong>Bal\u00ed\u010dek obsahuje:<\/strong><br \/>\n1x <a href=\"https:\/\/fitshaker.cz\/eshop\/produkt\/snacknutka-kesu-a-kokos-vegan-protein-50-g\">Snacknutka Ke\u0161u a kokos (VEGAN PROTEIN) 50 g<\/a><br \/>\n1x <a href=\"https:\/\/fitshaker.cz\/eshop\/produkt\/snacknutka-lieskove-oriesky-a-cokolada-54-g\">Snacknutka L\u00edskov\u00e9 o\u0159\u00ed\u0161ky a \u010dokol\u00e1da 54 g<\/a><br \/>\n1x <a href=\"https:\/\/fitshaker.cz\/eshop\/produkt\/granola-maliny-karob-300-g\">Granola \u2013 maliny, karob 300 g<\/a><br \/>\n1x <a href=\"https:\/\/fitshaker.cz\/eshop\/produkt\/lyofilizovane-jahody-v-horkej-cokolade-50-g\">Lyofilizovan\u00e9 jahody v ho\u0159k\u00e9 \u010dokol\u00e1d\u011b 50 g<\/a><br \/>\n1x <a href=\"https:\/\/fitshaker.cz\/eshop\/produkt\/lyofilizovane-maliny-v-mliecnej-cokolade-50-g\">Lyofilizovan\u00e9 maliny v ml\u00e9\u010dn\u00e9 \u010dokol\u00e1d\u011b 50 g<\/a><br \/>\n1x <a href=\"https:\/\/fitshaker.cz\/eshop\/produkt\/lyofilizovane-ovocie-mango-ananas-50-g\">Lyofilizovan\u00e9 ovoce \u2013 mango, ananas 50 g<\/a><\/p>\n<p>______________________________________________<br \/>\n<strong>Celkem u\u0161et\u0159\u00ed\u0161 17 %!<\/strong><\/p>\n","protected":false},"excerpt":{"rendered":"<p><strong>Vybrali jsme to NEJobl\u00edben\u011bj\u0161\u00ed z va\u0161eho NEJobl\u00edben\u011bj\u0161\u00edho.<\/strong><\/p>\n","protected":false},"featured_media":164894,"comment_status":"open","ping_status":"closed","template":"","meta":{"_acf_changed":false},"product_cat":[251],"product_tag":[],"bundle_layout":"","bundled_by":[],"bundled_items":[],"acf":[],"_links":{"self":[{"href":"https:\/\/fitshaker.cz\/eshop\/cs\/wp-json\/wp\/v2\/product\/164888"}],"collection":[{"href":"https:\/\/fitshaker.cz\/eshop\/cs\/wp-json\/wp\/v2\/product"}],"about":[{"href":"https:\/\/fitshaker.cz\/eshop\/cs\/wp-json\/wp\/v2\/types\/product"}],"replies":[{"embeddable":true,"href":"https:\/\/fitshaker.cz\/eshop\/cs\/wp-json\/wp\/v2\/comments?post=164888"}],"wp:featuredmedia":[{"embeddable":true,"href":"https:\/\/fitshaker.cz\/eshop\/cs\/wp-json\/wp\/v2\/media\/164894"}],"wp:attachment":[{"href":"https:\/\/fitshaker.cz\/eshop\/cs\/wp-json\/wp\/v2\/media?parent=164888"}],"wp:term":[{"taxonomy":"product_cat","embeddable":true,"href":"https:\/\/fitshaker.cz\/eshop\/cs\/wp-json\/wp\/v2\/product_cat?post=164888"},{"taxonomy":"product_tag","embeddable":true,"href":"https:\/\/fitshaker.cz\/eshop\/cs\/wp-json\/wp\/v2\/product_tag?post=164888"}],"curies":[{"name":"wp","href":"https:\/\/api.w.org\/{rel}","templated":true}]}}