{"id":164897,"date":"2024-11-15T08:43:01","date_gmt":"2024-11-15T07:43:01","guid":{"rendered":"https:\/\/fitshaker.sk\/eshop\/?post_type=product&#038;p=164897"},"modified":"2026-04-15T19:11:47","modified_gmt":"2026-04-15T17:11:47","slug":"mikulassky-lyo-balicek","status":"publish","type":"product","link":"https:\/\/fitshaker.cz\/eshop\/cs\/produkt\/mikulassky-lyo-balicek","title":{"rendered":"LYO Bal\u00ed\u010dek"},"content":{"rendered":"<p><strong>Vybrali jsme to NEJobl\u00edben\u011bj\u0161\u00ed z va\u0161eho NEJobl\u00edben\u011bj\u0161\u00edho LYO ovoce.<\/strong><br \/>\nK\u0159upav\u00e9 ovoce (nejen) v \u010dokol\u00e1d\u011b jsme spojili do jednoho bal\u00ed\u010dku za zv\u00fdhodn\u011bnou cenu \ud83c\udf89.<\/p>\n<p>MIX Lyo ovoce v \u010dokol\u00e1d\u011b a jedna ovocn\u00e1 SNACKNUTKA s Lyo malinami pro milovn\u00edky ovoce i v chladn\u011bj\u0161\u00edch dnech.<\/p>\n<p>V\u0161echny tyto zdrav\u00e9 dobroty najde\u0161 v par\u00e1dn\u00edm za zv\u00fdhodn\u011bnou cenu \ud83c\udf89.<\/p>\n<p><strong>Bal\u00ed\u010dek obsahuje:<\/strong><br \/>\n1x <a href=\"https:\/\/fitshaker.cz\/eshop\/produkt\/lyofilizovane-visne-v-horkej-cokolade-50-g\">Lyofilizovan\u00e9 vi\u0161n\u011b v ho\u0159k\u00e9 \u010dokol\u00e1d\u011b 50 g<\/a><br \/>\n1x <a href=\"https:\/\/fitshaker.cz\/eshop\/produkt\/lyofilizovane-cernice-v-mliecnej-cokolade-so-skoricou-50-g\">Lyofilizovan\u00e9 ostru\u017einy v ml\u00e9\u010dn\u00e9 \u010dokol\u00e1d\u011b se sko\u0159ic\u00ed 50 g <\/a><br \/>\n1x <a href=\"https:\/\/fitshaker.cz\/eshop\/produkt\/lyofilizovane-banany-v-mliecnej-cokolade-50-g\">Lyofilizovan\u00e9 ban\u00e1ny v ml\u00e9\u010dn\u00e9 \u010dokol\u00e1d\u011b 50 g<\/a><br \/>\n1x <a href=\"https:\/\/fitshaker.cz\/eshop\/produkt\/lyofilizovane-ovocie-mango-jahoda-mandarinka-100-g\">Lyofilizovan\u00e9 ovoce \u2013 mango, jahoda, mandarinka 100 g<\/a><br \/>\n1x <a href=\"https:\/\/fitshaker.cz\/eshop\/produkt\/snacknutka-marhula-a-malina-50-g\">Snacknutka Meru\u0148ka a malina 50 g<\/a><br \/>\n______________________________________________<br \/>\n<strong>Celkem u\u0161et\u0159\u00ed\u0161 17 %!<\/strong><\/p>\n","protected":false},"excerpt":{"rendered":"<p><strong>Vybrali jsme to NEJobl\u00edben\u011bj\u0161\u00ed z va\u0161eho NEJobl\u00edben\u011bj\u0161\u00edho LYO ovoce.<\/strong><\/p>\n","protected":false},"featured_media":164896,"comment_status":"open","ping_status":"closed","template":"","meta":{"_acf_changed":false},"product_cat":[251],"product_tag":[],"bundle_layout":"","bundled_by":[],"bundled_items":[],"acf":[],"_links":{"self":[{"href":"https:\/\/fitshaker.cz\/eshop\/cs\/wp-json\/wp\/v2\/product\/164897"}],"collection":[{"href":"https:\/\/fitshaker.cz\/eshop\/cs\/wp-json\/wp\/v2\/product"}],"about":[{"href":"https:\/\/fitshaker.cz\/eshop\/cs\/wp-json\/wp\/v2\/types\/product"}],"replies":[{"embeddable":true,"href":"https:\/\/fitshaker.cz\/eshop\/cs\/wp-json\/wp\/v2\/comments?post=164897"}],"wp:featuredmedia":[{"embeddable":true,"href":"https:\/\/fitshaker.cz\/eshop\/cs\/wp-json\/wp\/v2\/media\/164896"}],"wp:attachment":[{"href":"https:\/\/fitshaker.cz\/eshop\/cs\/wp-json\/wp\/v2\/media?parent=164897"}],"wp:term":[{"taxonomy":"product_cat","embeddable":true,"href":"https:\/\/fitshaker.cz\/eshop\/cs\/wp-json\/wp\/v2\/product_cat?post=164897"},{"taxonomy":"product_tag","embeddable":true,"href":"https:\/\/fitshaker.cz\/eshop\/cs\/wp-json\/wp\/v2\/product_tag?post=164897"}],"curies":[{"name":"wp","href":"https:\/\/api.w.org\/{rel}","templated":true}]}}