{"id":164899,"date":"2024-11-15T09:11:22","date_gmt":"2024-11-15T08:11:22","guid":{"rendered":"https:\/\/fitshaker.sk\/eshop\/?post_type=product&#038;p=164899"},"modified":"2026-04-09T08:56:08","modified_gmt":"2026-04-09T06:56:08","slug":"zimny-wellness-balicek","status":"publish","type":"product","link":"https:\/\/fitshaker.cz\/eshop\/cs\/produkt\/zimny-wellness-balicek","title":{"rendered":"Wellness bal\u00ed\u010dek"},"content":{"rendered":"<p><strong>Tento du\u0161i i t\u011blu lahod\u00edc\u00ed bal\u00ed\u010dek je na dlouh\u00e9 zimn\u00ed ve\u010dery jako stvo\u0159en\u00fd!<\/strong><br \/>\nMas\u00e1\u017en\u00ed olej nejen na svalovou hore\u010dku, ale i do koupele, tepl\u00fd bylinkov\u00fd \u010daj na pos\u00edlen\u00ed imunity a wellness sv\u00ed\u010dka, kter\u00e1 provon\u00ed v\u00e1\u0161 p\u0159\u00edbytek \u0161alv\u011bj\u00ed a eukalyptem.<\/p>\n<p>Skv\u011bl\u00fd tip na d\u00e1rek pod v\u00e1no\u010dn\u00ed strome\u010dek nebo obdarov\u00e1n\u00ed sebe sama\ud83e\udd70.<\/p>\n<p><strong>Bal\u00ed\u010dek obsahuje:<\/strong><br \/>\n<strong>1x<\/strong> <a href=\"https:\/\/fitshaker.cz\/eshop\/produkt\/masazny-olej-na-svalovicu\"><strong>Mas\u00e1\u017en\u00ed olej (nejen) na bolave svaly<\/strong><\/a><br \/>\nObsahuje p\u0159\u00edrodn\u00ed silice \u2013 <strong>levandule, kafr a wintergreen<\/strong>, d\u00edky kter\u00fdm m\u00e1 skv\u011bl\u00e9 \u00fa\u010dinky p\u0159i mas\u00e1\u017ei a kr\u00e1sn\u011b von\u00ed.<br \/>\n<strong>1x <a href=\"https:\/\/fitshaker.cz\/eshop\/produkt\/sviecka-domaci-wellness-limitovana-edicia\">S\u00f3jovou sv\u00ed\u010dku Dom\u00e1c\u00ed wellness<\/a><\/strong><br \/>\nRu\u010dn\u011b vyroben\u00e1 sv\u00ed\u010dka na Slovensku, ze s\u00f3jov\u00e9ho vosku a p\u0159\u00edrodn\u00edch silic<strong> \u0161alv\u011bje a eukalyptu<\/strong>.<\/p>\n<p>______________________________________________<br \/>\n<strong>Celkem u\u0161et\u0159\u00ed\u0161 25 %!<\/strong><\/p>\n","protected":false},"excerpt":{"rendered":"<p>Tento du\u0161i i t\u011blu lahod\u00edc\u00ed bal\u00ed\u010dek je na dlouh\u00e9 jesenn\u00ed a zimn\u00ed ve\u010dery jako stvo\u0159en\u00fd!<\/p>\n","protected":false},"featured_media":192163,"comment_status":"open","ping_status":"closed","template":"","meta":{"_acf_changed":false},"product_cat":[251],"product_tag":[],"bundle_layout":"","bundled_by":[],"bundled_items":[],"acf":[],"_links":{"self":[{"href":"https:\/\/fitshaker.cz\/eshop\/cs\/wp-json\/wp\/v2\/product\/164899"}],"collection":[{"href":"https:\/\/fitshaker.cz\/eshop\/cs\/wp-json\/wp\/v2\/product"}],"about":[{"href":"https:\/\/fitshaker.cz\/eshop\/cs\/wp-json\/wp\/v2\/types\/product"}],"replies":[{"embeddable":true,"href":"https:\/\/fitshaker.cz\/eshop\/cs\/wp-json\/wp\/v2\/comments?post=164899"}],"wp:featuredmedia":[{"embeddable":true,"href":"https:\/\/fitshaker.cz\/eshop\/cs\/wp-json\/wp\/v2\/media\/192163"}],"wp:attachment":[{"href":"https:\/\/fitshaker.cz\/eshop\/cs\/wp-json\/wp\/v2\/media?parent=164899"}],"wp:term":[{"taxonomy":"product_cat","embeddable":true,"href":"https:\/\/fitshaker.cz\/eshop\/cs\/wp-json\/wp\/v2\/product_cat?post=164899"},{"taxonomy":"product_tag","embeddable":true,"href":"https:\/\/fitshaker.cz\/eshop\/cs\/wp-json\/wp\/v2\/product_tag?post=164899"}],"curies":[{"name":"wp","href":"https:\/\/api.w.org\/{rel}","templated":true}]}}