{"id":165155,"date":"2025-09-10T09:34:46","date_gmt":"2025-09-10T07:34:46","guid":{"rendered":"https:\/\/fitshaker.sk\/eshop\/?post_type=product&#038;p=165155"},"modified":"2026-02-16T10:43:53","modified_gmt":"2026-02-16T09:43:53","slug":"fitshaker-v-kuchyni-fitness-diar-cz","status":"publish","type":"product","link":"https:\/\/fitshaker.cz\/eshop\/cs\/produkt\/fitshaker-v-kuchyni-fitness-diar-cz","title":{"rendered":"Fitshaker v kuchyni + Fitness di\u00e1\u0159 2026"},"content":{"rendered":"<p><strong>Bal\u00ed\u010dek obsahuje:<\/strong><\/p>\n<ul>\n<li><strong>1x Kn\u00ed\u017eku <a href=\"https:\/\/fitshaker.cz\/eshop\/produkt\/fitshaker-v-kuchyni\">Fitshaker v kuchyni<\/a> (ve slovensk\u00e9m jazyce)<\/strong><br \/>\nJedin\u00e1 kucha\u0159sk\u00e1 kniha, kterou pot\u0159ebuje\u0161, pokud chce\u0161 va\u0159it zdrav\u011b, rychle a s rozumn\u00fdm rozpo\u010dtem. Obsahuje 84 recept\u016f, 34 odborn\u00fdch stran a 4 sez\u00f3nn\u00ed j\u00eddeln\u00ed\u010dky. Vytvo\u0159ili jsme ji spolu s l\u00e9ka\u0159i a odborn\u00edky na v\u00fd\u017eivu tak, aby byla ka\u017edodenn\u011b vyu\u017eiteln\u00e1 ve v\u0161ech ro\u010dn\u00edch obdob\u00edch, p\u0159ehledn\u011b zorganizovan\u00e1 a neodolateln\u00e1 na pohled.<br \/>\n<strong><br \/>\n<\/strong><\/li>\n<li><strong>1x<a href=\"https:\/\/fitshaker.cz\/eshop\/produkt\/fitness-diar-2026-cesky-jazyk\"> Fitness di\u00e1\u0159 2026<\/a> (v \u010desk\u00e9m jazyce)<\/strong>,<br \/>\nJeden\u00e1ct\u00fdm vyd\u00e1n\u00edm vstupuje Fitness di\u00e1\u0159 do nov\u00e9 dek\u00e1dy. Vytvo\u0159ili jsme pr\u016fvodce, kter\u00fd t\u011b provede nejen rokem 2026, ale i \u201etebou samou\u201c. B\u011bhem roku se pod\u00edv\u00e1\u0161 na vlastn\u00ed zdrav\u00ed a \u0161t\u011bst\u00ed t\u011bla, mysli a du\u0161e. Proto\u017ee jen \u017eena, kter\u00e1 se c\u00edt\u00ed zdrav\u00e1 a vyrovnan\u00e1 na v\u0161ech \u00farovn\u00edch, m\u016f\u017ee skute\u010dn\u011b kv\u00e9st a \u017e\u00edt naplno.<br \/>\n______________________________________________<br \/>\n<strong>Celkem u\u0161et\u0159\u00ed\u0161 30 %!<\/strong><\/li>\n<\/ul>\n","protected":false},"excerpt":{"rendered":"<p>Nejnov\u011bj\u0161\u00ed kucha\u0159sk\u00e1 kniha od Fithsakera a Fitness di\u00e1\u0159 pro rok 2026 ve zv\u00fdhodn\u011bn\u00e9m bal\u00ed\u010dku.<\/p>\n","protected":false},"featured_media":192161,"comment_status":"open","ping_status":"closed","template":"","meta":{"_acf_changed":false},"product_cat":[211,251],"product_tag":[],"bundle_layout":"","bundled_by":[],"bundled_items":[],"acf":[],"_links":{"self":[{"href":"https:\/\/fitshaker.cz\/eshop\/cs\/wp-json\/wp\/v2\/product\/165155"}],"collection":[{"href":"https:\/\/fitshaker.cz\/eshop\/cs\/wp-json\/wp\/v2\/product"}],"about":[{"href":"https:\/\/fitshaker.cz\/eshop\/cs\/wp-json\/wp\/v2\/types\/product"}],"replies":[{"embeddable":true,"href":"https:\/\/fitshaker.cz\/eshop\/cs\/wp-json\/wp\/v2\/comments?post=165155"}],"wp:featuredmedia":[{"embeddable":true,"href":"https:\/\/fitshaker.cz\/eshop\/cs\/wp-json\/wp\/v2\/media\/192161"}],"wp:attachment":[{"href":"https:\/\/fitshaker.cz\/eshop\/cs\/wp-json\/wp\/v2\/media?parent=165155"}],"wp:term":[{"taxonomy":"product_cat","embeddable":true,"href":"https:\/\/fitshaker.cz\/eshop\/cs\/wp-json\/wp\/v2\/product_cat?post=165155"},{"taxonomy":"product_tag","embeddable":true,"href":"https:\/\/fitshaker.cz\/eshop\/cs\/wp-json\/wp\/v2\/product_tag?post=165155"}],"curies":[{"name":"wp","href":"https:\/\/api.w.org\/{rel}","templated":true}]}}