{"id":165240,"date":"2024-11-20T14:16:32","date_gmt":"2024-11-20T13:16:32","guid":{"rendered":"https:\/\/fitshaker.sk\/eshop\/?post_type=product&#038;p=165240"},"modified":"2026-01-15T10:03:56","modified_gmt":"2026-01-15T09:03:56","slug":"e-book-recepty-do-krabicky-cesky","status":"publish","type":"product","link":"https:\/\/fitshaker.cz\/eshop\/cs\/produkt\/e-book-recepty-do-krabicky-cesky","title":{"rendered":"[E-book] Recepty do krabi\u010dky (\u010desk\u00fd jazyk)"},"content":{"rendered":"<p>E-book Recepty do krabi\u010dky nab\u00edz\u00ed <strong>20 praktick\u00fdch recept\u016f, kter\u00e9 se daj\u00ed snadno zabalit do krabi\u010dky na cesty \u010di do pr\u00e1ce.<\/strong><br \/>\nVyzkou\u0161ej rychl\u00e9 recepty na ob\u011bdy, ve\u010de\u0159e nebo snack.<\/p>\n<p>V e-booku najde\u0161 nap\u0159\u00edklad recept na pln\u011bn\u00e9<strong> \u0161pen\u00e1tov\u00e9 \u010di \u0159epov\u00e9 tortilly, bramborovo-cuketov\u00e9 nebo brokolicovo-mrkvov\u00e9 placky, zaj\u00edmav\u00e9 sal\u00e1ty i origin\u00e1ln\u011b zape\u010den\u00e9 toasty.<\/strong><\/p>\n<p>Sou\u010d\u00e1st\u00ed v\u0161ech recept\u016f je:<br \/>\n\u2022 seznam pot\u0159ebn\u00fdch ingredienc\u00ed<br \/>\n\u2022 doba p\u0159\u00edpravy<br \/>\n\u2022 po\u010det porc\u00ed<br \/>\n\u2022 v\u00fd\u017eivov\u00e9 hodnoty na 1 porci<\/p>\n<p><strong>Upozorn\u011bn\u00ed: P\u0159i objedn\u00e1vce e-booku je nutn\u00e1 platba p\u0159edem. Nelze platit na dob\u00edrku.<\/strong><\/p>\n<p>&nbsp;<\/p>\n","protected":false},"excerpt":{"rendered":"<p>E-book Recepty do krabi\u010dky nab\u00edz\u00ed 20 praktick\u00fdch recept\u016f na cesty, do pr\u00e1ce nebo na v\u00fdlety.<\/p>\n","protected":false},"featured_media":163170,"comment_status":"open","ping_status":"closed","template":"","meta":{"_acf_changed":false},"product_cat":[211],"product_tag":[],"bundle_layout":"","bundled_by":[],"bundled_items":[],"acf":[],"_links":{"self":[{"href":"https:\/\/fitshaker.cz\/eshop\/cs\/wp-json\/wp\/v2\/product\/165240"}],"collection":[{"href":"https:\/\/fitshaker.cz\/eshop\/cs\/wp-json\/wp\/v2\/product"}],"about":[{"href":"https:\/\/fitshaker.cz\/eshop\/cs\/wp-json\/wp\/v2\/types\/product"}],"replies":[{"embeddable":true,"href":"https:\/\/fitshaker.cz\/eshop\/cs\/wp-json\/wp\/v2\/comments?post=165240"}],"wp:featuredmedia":[{"embeddable":true,"href":"https:\/\/fitshaker.cz\/eshop\/cs\/wp-json\/wp\/v2\/media\/163170"}],"wp:attachment":[{"href":"https:\/\/fitshaker.cz\/eshop\/cs\/wp-json\/wp\/v2\/media?parent=165240"}],"wp:term":[{"taxonomy":"product_cat","embeddable":true,"href":"https:\/\/fitshaker.cz\/eshop\/cs\/wp-json\/wp\/v2\/product_cat?post=165240"},{"taxonomy":"product_tag","embeddable":true,"href":"https:\/\/fitshaker.cz\/eshop\/cs\/wp-json\/wp\/v2\/product_tag?post=165240"}],"curies":[{"name":"wp","href":"https:\/\/api.w.org\/{rel}","templated":true}]}}