{"id":166679,"date":"2024-12-09T11:36:41","date_gmt":"2024-12-09T10:36:41","guid":{"rendered":"https:\/\/fitshaker.sk\/eshop\/?post_type=product&#038;p=166679"},"modified":"2024-12-12T10:41:11","modified_gmt":"2024-12-12T09:41:11","slug":"darcekovy-poukaz-clenstvo","status":"publish","type":"product","link":"https:\/\/fitshaker.cz\/eshop\/cs\/produkt\/darcekovy-poukaz-clenstvo","title":{"rendered":"D\u00e1rkov\u00fd poukaz na \u010dlenstv\u00ed"},"content":{"rendered":"<p>Chce\u0161 svoje okolie in\u0161pirova\u0165 zdrav\u00fdm \u017eivotn\u00fdm \u0161t\u00fdlom\u00a0 a motivova\u0165 k pravideln\u00e9mu pohybu?<\/p>\n<p>Daruj \u010dlenstvo vo Fitshakeri! A pridaj \u010fal\u0161iu \u010dlenku do na\u0161ej skvelej komunity \u017eien \ud83e\udd17.<\/p>\n<p>&nbsp;<\/p>\n<h3>Ak\u00e9 \u010dlenstvo vo Fitshakeri si m\u00f4\u017ee\u0161 vybra\u0165?<\/h3>\n<ol>\n<li>\n<h3>PREMIUM<\/h3>\n<\/li>\n<\/ol>\n<ul>\n<li><strong>3 MESIACE \u2013 29,70\u20ac (9,90 \u20ac\/1 mesiac)\u00a0<\/strong><\/li>\n<li><strong>1 ROK \u2013 99 \u20ac (8,25 \u20ac\/mesiac) *16 % z\u013eava<br \/>\n<\/strong><\/li>\n<\/ul>\n<p><strong>\u010co je v cene PREMIUM \u010dlenstva?<\/strong><\/p>\n<ul class=\"sc-7694f97a-7 eBqRuV\">\n<li class=\"sc-7694f97a-8 gkXvVg\">Viac ako 1 100 cvi\u010debn\u00fdch vide\u00ed (aktu\u00e1lne v\u00fdzvov\u00e9 vide\u00e1 aj v\u0161etky cvi\u010denia z arch\u00edvu)<\/li>\n<li class=\"sc-7694f97a-8 gkXvVg\">Viac ako 150 n\u00e1u\u010dn\u00fdch vide\u00ed o strave<\/li>\n<li>Motiva\u010dn\u00e9 vide\u00e1 od zn\u00e1mych coachov a psychol\u00f3gov<\/li>\n<li class=\"sc-7694f97a-8 gkXvVg\">Arch\u00edv vide\u00ed zo \u017eiv\u00fdch prenosov<\/li>\n<li class=\"sc-7694f97a-8 gkXvVg\">Z\u013eavov\u00e9 k\u00f3dy do Fitshaker e-shopu<\/li>\n<li class=\"sc-7694f97a-8 gkXvVg\">Dar\u010deky v \u010dasti <em>Na stiahnutie (vzorov\u00e9 jed\u00e1lni\u010dky, mini e-booky s receptami)<\/em><\/li>\n<li class=\"sc-7694f97a-8 gkXvVg\">Notifik\u00e1cie motivuj\u00face k cvi\u010deniu<\/li>\n<li class=\"sc-7694f97a-8 gkXvVg\">\u0160tatistiky cvi\u010denia a preh\u013eadn\u00fd kalend\u00e1r<\/li>\n<\/ul>\n","protected":false},"excerpt":{"rendered":"<p>Chce\u0161 svoje okolie in\u0161pirova\u0165 zdrav\u00fdm \u017eivotn\u00fdm \u0161t\u00fdlom\u00a0 a motivova\u0165 k pravideln\u00e9mu pohybu? Daruj \u010dlenstvo vo Fitshakeri! A pridaj \u010fal\u0161iu \u010dlenku do na\u0161ej skvelej komunity \u017eien \ud83e\udd17. &nbsp; Ak\u00e9 \u010dlenstvo vo Fitshakeri si m\u00f4\u017ee\u0161 vybra\u0165? PREMIUM 3 MESIACE \u2013 29,70\u20ac (9,90 \u20ac\/1 mesiac)\u00a0 1 ROK \u2013 99 \u20ac (8,25 \u20ac\/mesiac) *16 % z\u013eava \u010co je v [&hellip;]<\/p>\n","protected":false},"featured_media":166704,"comment_status":"open","ping_status":"closed","template":"","meta":{"_acf_changed":false},"product_cat":[211],"product_tag":[],"bundle_layout":"","bundled_by":[],"bundled_items":[],"acf":[],"_links":{"self":[{"href":"https:\/\/fitshaker.cz\/eshop\/cs\/wp-json\/wp\/v2\/product\/166679"}],"collection":[{"href":"https:\/\/fitshaker.cz\/eshop\/cs\/wp-json\/wp\/v2\/product"}],"about":[{"href":"https:\/\/fitshaker.cz\/eshop\/cs\/wp-json\/wp\/v2\/types\/product"}],"replies":[{"embeddable":true,"href":"https:\/\/fitshaker.cz\/eshop\/cs\/wp-json\/wp\/v2\/comments?post=166679"}],"wp:featuredmedia":[{"embeddable":true,"href":"https:\/\/fitshaker.cz\/eshop\/cs\/wp-json\/wp\/v2\/media\/166704"}],"wp:attachment":[{"href":"https:\/\/fitshaker.cz\/eshop\/cs\/wp-json\/wp\/v2\/media?parent=166679"}],"wp:term":[{"taxonomy":"product_cat","embeddable":true,"href":"https:\/\/fitshaker.cz\/eshop\/cs\/wp-json\/wp\/v2\/product_cat?post=166679"},{"taxonomy":"product_tag","embeddable":true,"href":"https:\/\/fitshaker.cz\/eshop\/cs\/wp-json\/wp\/v2\/product_tag?post=166679"}],"curies":[{"name":"wp","href":"https:\/\/api.w.org\/{rel}","templated":true}]}}