{"id":166701,"date":"2024-12-17T16:13:04","date_gmt":"2024-12-17T15:13:04","guid":{"rendered":"https:\/\/fitshaker.sk\/eshop\/?post_type=product&#038;p=166701"},"modified":"2026-01-28T17:59:32","modified_gmt":"2026-01-28T16:59:32","slug":"fitnutka-pistacie-kesu","status":"publish","type":"product","link":"https:\/\/fitshaker.cz\/eshop\/cs\/produkt\/fitnutka-pistacie-kesu","title":{"rendered":"Fitnutka: Pist\u00e1cie a ke\u0161u 200 g"},"content":{"rendered":"<p>Na\u0161e Fitnutky jsou prost\u011b TOP, jsou to na\u0161e BESTSELLERY, milujete je, a proto p\u0159in\u00e1\u0161\u00edme dal\u0161\u00ed 2 v\u00fdjime\u010dn\u00e9 p\u0159\u00edchut\u011b v 200g balen\u00ed:<\/p>\n<p><strong>Fitnutka Pist\u00e1cie a ke\u0161u<\/strong> \u2013 79 % pist\u00e1ci\u00ed, 20 % ke\u0161u o\u0159ech\u016f a mo\u0159sk\u00e1 s\u016fl<br \/>\n<a href=\"https:\/\/fitshaker.cz\/eshop\/produkt\/fitnutka-mandle-kakao\"><strong>Fitnutka Mandle a kakao<\/strong><\/a> \u2013 80 % mandl\u00ed a kakao s kokosov\u00fdm cukrem<\/p>\n<p><strong>Fitnutka Pist\u00e1cie a ke\u0161u<\/strong> je lahodn\u00e1 o\u0159\u00ed\u0161kov\u00e1 pomaz\u00e1nka pro v\u0161echny milovn\u00edky exotick\u00fdch pist\u00e1ci\u00ed. Jejich chu\u0165 je jemn\u011b dolad\u011bn\u00e1 ke\u0161u o\u0159echy, aby m\u011bla pomaz\u00e1nka p\u0159\u00edjemnou<strong> kr\u00e9movou konzistenci<\/strong>. Tato Fitnutka je<strong> dochucen\u00e1 pouze \u0161petkou soli pro zv\u00fdrazn\u011bn\u00ed chut\u00ed<\/strong>. Nen\u00ed oslazen\u00e1, proto je<strong> ide\u00e1ln\u00ed jak do sladk\u00fdch, tak do slan\u00fdch j\u00eddel<\/strong>. U t\u00e9to pomaz\u00e1nky jsme necht\u011bli d\u011blat \u017e\u00e1dn\u00e9 kompromisy, a tak jsme se rozhodli ponechat v\u00fdraznou pist\u00e1ciovou chu\u0165 bez p\u0159idan\u00fdch olej\u016f \u010di zahu\u0161\u0165ovadel.<\/p>\n<p>&nbsp;<\/p>\n<h3>Co dobr\u00e9ho si m\u016f\u017ee\u0161 s Fitnutkami p\u0159ipravit?<\/h3>\n<p>Tak co, zkus\u00ed\u0161 p\u0159idat n\u011bkterou z na\u0161ich Fitnutek do sn\u00edda\u0148ov\u00e9 ka\u0161e, na l\u00edvance, dezerty nebo naslano do om\u00e1\u010dek \u010di t\u011bstovin? <strong>Inspiruj se recepty na na\u0161em blogu v kategorii<\/strong><br \/>\n<strong><a href=\"https:\/\/fitshaker.cz\/cz\/kategorie\/recepty\/recepty-fitnutka\">RECEPTY S FITNUTKOU. <\/a><\/strong>Zjisti, kde v\u0161ude se daj\u00ed o\u0159\u00ed\u0161kov\u00e9 pomaz\u00e1nky vyu\u017e\u00edt, a vykouzli novou chu\u0165 na tal\u00ed\u0159i.<\/p>\n<p>&nbsp;<\/p>\n<p><strong>Tipy na recepty z na\u0161eho BLOGU:<\/strong><br \/>\n<a href=\"https:\/\/fitshaker.cz\/tip-na-rychly-obed-nebo-veceri-spagety-s-parmezanem-a-pistaciemi\">\u0160pagety s parmaz\u00e1nem a pist\u00e1ciemi<\/a><br \/>\n<a href=\"https:\/\/fitshaker.cz\/peceny-losos-s-krustou-z-krupavych-pistacii-bataty-a-zeleninou\">Pe\u010den\u00fd losos s krustou s k\u0159upav\u00fdch pist\u00e1ci\u00ed, s bataty a se zeleninou<\/a><\/p>\n<p>&nbsp;<\/p>\n<h3>Slo\u017een\u00ed:<\/h3>\n<ul>\n<li><strong>pist\u00e1cie<\/strong> 79 %<\/li>\n<li>o\u0159echy <strong>ke\u0161u<\/strong> 20 %<\/li>\n<li>mo\u0159sk\u00e1 s\u016fl<\/li>\n<\/ul>\n<p><strong>M\u016f\u017ee obsahovat jin\u00e9 sko\u0159\u00e1pkov\u00e9 plody.<\/strong><\/p>\n<p>&nbsp;<\/p>\n<p><strong>Pou\u017eit\u00ed\/Skladov\u00e1n\u00ed:<\/strong><br \/>\nP\u0159ed pou\u017eit\u00edm prom\u00edchejte. Skladujte v suchu, p\u0159i teplot\u011bdo 25 \u00b0C a chra\u0148te p\u0159ed p\u0159\u00edm\u00fdm slune\u010dn\u00edm z\u00e1\u0159en\u00edm. Zkonzumujte do jednoho m\u011bs\u00edce od otev\u0159en\u00ed.<\/p>\n<p>&nbsp;<\/p>\n<h3>V\u00fd\u017eivov\u00e9 \u00fadaje na 100 g:<\/h3>\n<p>energie 2 320 kJ\/555 kcal<br \/>\ntuky 44,33 g, z toho nasycen\u00e9 mastn\u00e9 kyseliny 6,3 g<br \/>\nsacharidy 28,16 g, z toho cukry 7,5 g<br \/>\nvl\u00e1knina 8,56 g<br \/>\nb\u00edlkoviny 19,44 g<br \/>\ns\u016fl 0,97 g<\/p>\n<p><strong>Balen\u00ed: 200 g<\/strong><\/p>\n<p>&nbsp;<\/p>\n<h3>A jak\u00e9 maj\u00ed pou\u017eit\u00e9 o\u0159echy v pomaz\u00e1nce benefity?<\/h3>\n<p>Pist\u00e1cie maj\u00ed vysokou nutri\u010dn\u00ed hodnotu a obsahuj\u00ed zdrav\u00e9 tuky, b\u00edlkoviny, vl\u00e1kninu, drasl\u00edk, fosfor, thiamin, m\u011b\u010f, mangan a vitam\u00edn B6. Jsou t\u00e9\u017e bohat\u00e9 na antioxidanty, kter\u00e9 pom\u00e1haj\u00ed chr\u00e1nit bu\u0148ky p\u0159ed r\u016fzn\u00fdmi nemocemi. V porovn\u00e1n\u00ed s jin\u00fdmi o\u0159echy obsahuj\u00ed pist\u00e1cie m\u00e9n\u011b kalori\u00ed, d\u00edky \u010demu\u017e jsou ide\u00e1ln\u00edm dopl\u0148kem zdrav\u00e9 v\u00fd\u017eivy.<\/p>\n<p>Ke\u0161u o\u0159echy jsou p\u0159ev\u00e1\u017en\u011b tvo\u0159eny t\u011blu prosp\u011b\u0161n\u00fdmi tuky \u2013 nenasycen\u00fdmi mastn\u00fdmi kyselinami, kter\u00e9 pom\u00e1haj\u00ed udr\u017eovat norm\u00e1ln\u00ed hladinu cholesterolu v krvi. V ke\u0161u najdeme i vysok\u00fd obsah vl\u00e1kniny a protein\u016f, kter\u00e9 dod\u00e1vaj\u00ed organismu dlouhodob\u00fd pocit nasycen\u00ed. O\u0159echy sni\u017euj\u00ed i hladinu inzulinu v t\u011ble. Ke\u0161u o\u0159echy obsahuj\u00ed zinek, selen, fosfor a vitam\u00edny skupiny B, kter\u00e9 maj\u00ed blahod\u00e1rn\u00e9 \u00fa\u010dinky na poko\u017eku, nehty a vlasy. Obsahuj\u00ed tak\u00e9 drasl\u00edk, ho\u0159\u010d\u00edk a v\u00e1pn\u00edk, kter\u00e9 pom\u00e1haj\u00ed udr\u017eovat zdrav\u00e9 kosti.<\/p>\n<p>&nbsp;<\/p>\n<p><strong>UPOZORN\u011aN\u00cd: P\u0159i v\u011bt\u0161\u00edch teplotn\u00edch rozd\u00edlech, hlavn\u011b v podzimn\u00edm a zimn\u00edm obdob\u00ed, se odd\u011blen\u00fd olej m\u016f\u017ee vysr\u00e1\u017eet do tukov\u00fdch \u010d\u00e1ste\u010dek (mal\u00e9 b\u00edl\u00e9 kuli\u010dky) nebo se m\u016f\u017ee odd\u011blit tuh\u00e1 a tekut\u00e1 slo\u017eka pomaz\u00e1nky, co\u017e v\u0161ak nen\u00ed vadou produktu. Pro odstran\u011bn\u00ed tohoto jevu doporu\u010dujeme produkt d\u016fkladn\u011b prom\u00edchat v tepl\u00e9, ne vrouc\u00ed l\u00e1zni, aby se v\u0161echny \u201evrstvy\u201c \u0159\u00e1dn\u011b spojily. Vznikne tak lahodn\u00e1 kr\u00e9mov\u00e1 konzistence.<\/strong><\/p>\n<p>&nbsp;<\/p>\n","protected":false},"excerpt":{"rendered":"<p>Fitnutka z pist\u00e1ci\u00ed a ke\u0161u o\u0159ech\u016f je luxusn\u00ed o\u0159\u00ed\u0161kov\u00e1 pomaz\u00e1nka bez kompromis\u016f.<strong><br \/>\n\u017d\u00e1dn\u00e9 zbyte\u010dnosti, 99 % o\u0159ech\u016f!<\/strong><\/p>\n<p>&nbsp;<\/p>\n<p><img loading=\"lazy\" decoding=\"async\" class=\"alignnone wp-image-171127\" src=\"https:\/\/fitshaker.sk\/eshop\/wp-content\/uploads\/2024\/12\/CZ-Fitnutka-Pistacie-a-kesu.png\" alt=\"pistaciova natierka\" width=\"670\" height=\"100\" srcset=\"https:\/\/fitshaker.cz\/eshop\/wp-content\/uploads\/2024\/12\/CZ-Fitnutka-Pistacie-a-kesu.png 5920w, https:\/\/fitshaker.cz\/eshop\/wp-content\/uploads\/2024\/12\/CZ-Fitnutka-Pistacie-a-kesu-350x52.png 350w, https:\/\/fitshaker.cz\/eshop\/wp-content\/uploads\/2024\/12\/CZ-Fitnutka-Pistacie-a-kesu-595x89.png 595w, https:\/\/fitshaker.cz\/eshop\/wp-content\/uploads\/2024\/12\/CZ-Fitnutka-Pistacie-a-kesu-385x57.png 385w, https:\/\/fitshaker.cz\/eshop\/wp-content\/uploads\/2024\/12\/CZ-Fitnutka-Pistacie-a-kesu-768x115.png 768w, https:\/\/fitshaker.cz\/eshop\/wp-content\/uploads\/2024\/12\/CZ-Fitnutka-Pistacie-a-kesu-1536x229.png 1536w, https:\/\/fitshaker.cz\/eshop\/wp-content\/uploads\/2024\/12\/CZ-Fitnutka-Pistacie-a-kesu-2048x305.png 2048w, https:\/\/fitshaker.cz\/eshop\/wp-content\/uploads\/2024\/12\/CZ-Fitnutka-Pistacie-a-kesu-450x67.png 450w\" sizes=\"(max-width: 670px) 100vw, 670px\" \/><\/p>\n","protected":false},"featured_media":166964,"comment_status":"open","ping_status":"closed","template":"","meta":{"_acf_changed":false},"product_cat":[213],"product_tag":[],"bundle_layout":"","bundled_by":[],"bundled_items":[],"acf":[],"_links":{"self":[{"href":"https:\/\/fitshaker.cz\/eshop\/cs\/wp-json\/wp\/v2\/product\/166701"}],"collection":[{"href":"https:\/\/fitshaker.cz\/eshop\/cs\/wp-json\/wp\/v2\/product"}],"about":[{"href":"https:\/\/fitshaker.cz\/eshop\/cs\/wp-json\/wp\/v2\/types\/product"}],"replies":[{"embeddable":true,"href":"https:\/\/fitshaker.cz\/eshop\/cs\/wp-json\/wp\/v2\/comments?post=166701"}],"wp:featuredmedia":[{"embeddable":true,"href":"https:\/\/fitshaker.cz\/eshop\/cs\/wp-json\/wp\/v2\/media\/166964"}],"wp:attachment":[{"href":"https:\/\/fitshaker.cz\/eshop\/cs\/wp-json\/wp\/v2\/media?parent=166701"}],"wp:term":[{"taxonomy":"product_cat","embeddable":true,"href":"https:\/\/fitshaker.cz\/eshop\/cs\/wp-json\/wp\/v2\/product_cat?post=166701"},{"taxonomy":"product_tag","embeddable":true,"href":"https:\/\/fitshaker.cz\/eshop\/cs\/wp-json\/wp\/v2\/product_tag?post=166701"}],"curies":[{"name":"wp","href":"https:\/\/api.w.org\/{rel}","templated":true}]}}