{"id":166944,"date":"2024-12-12T09:36:27","date_gmt":"2024-12-12T08:36:27","guid":{"rendered":"https:\/\/fitshaker.sk\/eshop\/cs\/?post_type=product&#038;p=166944"},"modified":"2026-04-09T16:31:38","modified_gmt":"2026-04-09T14:31:38","slug":"ranajkova-kasa-figa-hruska-skorica","status":"publish","type":"product","link":"https:\/\/fitshaker.cz\/eshop\/cs\/produkt\/ranajkova-kasa-figa-hruska-skorica","title":{"rendered":"Sn\u00edda\u0148ov\u00e1 ka\u0161e 350 g \u2013 hru\u0161ka, f\u00edka a sko\u0159ice (5-6 porc\u00ed)"},"content":{"rendered":"<p>Na\u0161e Fitshaker sn\u00edda\u0148ov\u00e9 ka\u0161e jsou velmi obl\u00edben\u00e9, a proto v\u00e1m p\u0159in\u00e1\u0161\u00edme 2 nov\u00e9 p\u0159\u00edchut\u011b op\u011bt s origin\u00e1ln\u00edm a v\u00fdjime\u010dn\u011b chutn\u00fdm slo\u017een\u00edm \ud83d\ude0b.<br \/>\nJe\u0161t\u011b jsi je nevyzkou\u0161el\/nevyzkou\u0161ela? Tak \u0161up s ka\u0161\u00ed do ko\u0161\u00edku \ud83d\ude01\ud83d\ude18.<\/p>\n<p>Jste milovn\u00edci ka\u0161\u00ed a\u00a0hled\u00e1te zaj\u00edmavou p\u0159\u00edchu\u0165? Nebo jen hled\u00e1te rychlou, chutnou a\u00a0v\u00fd\u017eivnou sn\u00eddani?<\/p>\n<p>Dejte \u0161anci <strong>sv\u011b\u017e\u00edm a\u00a0origin\u00e1ln\u00edm p\u0159\u00edchut\u00edm sn\u00edda\u0148ov\u00fdch ka\u0161\u00ed od Fitshakeru!<\/strong> Nam\u00edchali jsme <strong>jednoduch\u00e9 a\u00a0vyv\u00e1\u017een\u00e9 ingredience.<\/strong> Tak aby m\u011bly <strong>nev\u0161edn\u00ed a\u00a0z\u00e1rove\u0148 vynikaj\u00edc\u00ed chu\u0165. A\u00a0hlavn\u011b skv\u011blou v\u00fd\u017eivovou hodnotu.<\/strong> Nam\u00edchali jsme ka\u0161i z\u00a0ovesn\u00fdch a\u00a0pohankov\u00fdch vlo\u010dek, kter\u00e9 skv\u011ble <strong>zasyt\u00ed a\u00a0dopln\u00ed pot\u0159ebnou energii.<\/strong> P\u0159i sportu, pr\u00e1ci nebo doma.<br \/>\n<strong>Lyofilizovan\u00e9 exotick\u00e9 f\u00edky a su\u0161en\u00e9 hru\u0161ky jsou zaj\u00edmavou kombinac\u00ed, kter\u00e1 se skv\u011ble hod\u00ed ke sko\u0159ici a vanilce. Tuto ka\u0161i skute\u010dn\u011b doporu\u010dujeme ke zp\u0159\u00edjemn\u011bn\u00ed podzimn\u00edch a zimn\u00edch dn\u016f \ud83e\udd70.<\/strong><\/p>\n<p>Tato ka\u0161e je skv\u011bl\u00e1 volba pro n\u00e1ro\u010dn\u00e9 str\u00e1vn\u00edky i\u00a0pro za\u010d\u00e1te\u010dn\u00edky ve zdrav\u00e9m stravov\u00e1n\u00ed. Jej\u00ed slo\u017een\u00ed pro\u0161lo pozorn\u00fdm okem na\u0161ich v\u00fd\u017eivov\u00fdch a\u00a0nutri\u010dn\u00edch poradky\u0148. V\u011b\u0159\u00edme, \u017ee si na n\u00e1s p\u0159i sn\u00eddani v\u017edy s\u00a0l\u00e1skou vzpomenete. \ud83d\ude42<\/p>\n<p>&nbsp;<\/p>\n<h3><img loading=\"lazy\" decoding=\"async\" class=\"alignleft wp-image-167034\" src=\"https:\/\/fitshaker.sk\/eshop\/wp-content\/uploads\/2024\/12\/Ranajkova-kasa-hruska-figa-skorica.jpg\" alt=\"kasa s lyofilizovanyi figami\" width=\"390\" height=\"585\" srcset=\"https:\/\/fitshaker.cz\/eshop\/wp-content\/uploads\/2024\/12\/Ranajkova-kasa-hruska-figa-skorica.jpg 1344w, https:\/\/fitshaker.cz\/eshop\/wp-content\/uploads\/2024\/12\/Ranajkova-kasa-hruska-figa-skorica-200x300.jpg 200w, https:\/\/fitshaker.cz\/eshop\/wp-content\/uploads\/2024\/12\/Ranajkova-kasa-hruska-figa-skorica-595x893.jpg 595w, https:\/\/fitshaker.cz\/eshop\/wp-content\/uploads\/2024\/12\/Ranajkova-kasa-hruska-figa-skorica-332x498.jpg 332w, https:\/\/fitshaker.cz\/eshop\/wp-content\/uploads\/2024\/12\/Ranajkova-kasa-hruska-figa-skorica-768x1152.jpg 768w, https:\/\/fitshaker.cz\/eshop\/wp-content\/uploads\/2024\/12\/Ranajkova-kasa-hruska-figa-skorica-1024x1536.jpg 1024w, https:\/\/fitshaker.cz\/eshop\/wp-content\/uploads\/2024\/12\/Ranajkova-kasa-hruska-figa-skorica-450x675.jpg 450w, https:\/\/fitshaker.cz\/eshop\/wp-content\/uploads\/2024\/12\/Ranajkova-kasa-hruska-figa-skorica-350x525.jpg 350w\" sizes=\"(max-width: 390px) 100vw, 390px\" \/>Slo\u017een\u00ed:<\/h3>\n<p><strong>ovesn\u00e9<\/strong> vlo\u010dky bez lepku mlet\u00e9 47 %<br \/>\npohankov\u00e9 vlo\u010dky 20 %<br \/>\nkokosov\u00fd cukr<br \/>\nsu\u0161en\u00e9 hru\u0161ky \u2013 kostky 6,5 %<br \/>\nlyofilizovan\u00e9 f\u00edky \u2013 dr\u0165 5 %<br \/>\nslune\u010dnicov\u00e1 sem\u00ednka<br \/>\n\u0161ko\u0159ice \u2013 pr\u00e1\u0161ek<br \/>\nvanilka \u2013 pr\u00e1\u0161ek<\/p>\n<p>&nbsp;<\/p>\n<p>Zem\u011b p\u016fvodu ovesn\u00fdch vlo\u010dek: Velk\u00e1 Brit\u00e1nie\/Ma\u010farsko.<br \/>\n<strong>M\u016f\u017ee obsahovat ara\u0161\u00eddy, sko\u0159\u00e1pkov\u00e9 plody a ml\u00e9ko.<\/strong><\/p>\n<p>&nbsp;<\/p>\n<h3>V\u00fd\u017eivov\u00e9 \u00fadaje na 100 g:<\/h3>\n<p>energie 1 577 kJ\/372 kcal<br \/>\ntuky 7,8 g, z toho nasycen\u00e9 mastn\u00e9 kyseliny 1,1 g<br \/>\nsacharidy 64,4 g, z toho cukry 22,1 g<br \/>\nvl\u00e1knina 5,9 g<br \/>\nb\u00edlkoviny 9,7 g<br \/>\ns\u016fl 0,1 g<\/p>\n<p>&nbsp;<\/p>\n<p>&nbsp;<\/p>\n<p><strong>Pou\u017eit\u00ed:<\/strong> Po\u017eadovan\u00e9 mno\u017estv\u00ed sm\u011bsi (1 porce = 60\u201370 g) zalijte cca 120\u2013150 ml hork\u00e9 vody nebo hork\u00e9ho ml\u00e9ka \u010di rostlinn\u00e9ho n\u00e1poje. Prom\u00edchejte a nechejte p\u0159ibli\u017en\u011b 5 minut odst\u00e1t. Ka\u0161i m\u016f\u017eete dochutit kousky ovoce, o\u0159\u00ed\u0161ky, sem\u00ednky nebo Fitnutkou.<br \/>\n<strong><a href=\"https:\/\/fitshaker.cz\/cz\/kategorie\/recepty\/ranajky\">Skv\u011bl\u00e9 tipy na chutnou sn\u00eddani a sn\u00edda\u0148ov\u00e9 ka\u0161e naleznete na na\u0161em blogu.<\/a><\/strong><\/p>\n<p><strong>Skladov\u00e1n\u00ed:<\/strong> Skladujte v suchu p\u0159i teplot\u011b do 25 \u00b0C a chra\u0148te p\u0159ed p\u0159\u00edm\u00fdm slune\u010dn\u00edm z\u00e1\u0159en\u00edm. Spot\u0159ebujte do 1 m\u011bs\u00edce od otev\u0159en\u00ed.<\/p>\n<p>&nbsp;<\/p>\n<p><strong>Vyrobeno na Slovensku.<\/strong><\/p>\n<p><strong>Balen\u00ed: 350 g (5-6 porc\u00ed)<\/strong><\/p>\n<p>&nbsp;<\/p>\n","protected":false},"excerpt":{"rendered":"<p>Ka\u0161e vhodn\u00e1 (nejen) k\u00a0sn\u00eddani. Hotov\u00e1 do 5\u00a0minut. S\u00a0vyv\u00e1\u017een\u00fdm a\u00a0\u010dist\u00fdm slo\u017een\u00edm.<br \/>\n<strong>Lyofilizovan\u00e9 exotick\u00e9 f\u00edky a su\u0161en\u00e9 hru\u0161ky jsou zaj\u00edmavou kombinac\u00ed, kter\u00e1 se skv\u011ble hod\u00ed ke sko\u0159ici a vanilce. Tuto ka\u0161i skute\u010dn\u011b doporu\u010dujeme ke zp\u0159\u00edjemn\u011bn\u00ed podzimn\u00edch a zimn\u00edch dn\u016f \ud83e\udd70.<br \/>\n<\/strong>Datum minim\u00e1ln\u00ed trvanlivosti: 18.9.2026<strong><br \/>\n<\/strong><br \/>\n<img loading=\"lazy\" decoding=\"async\" class=\"alignnone wp-image-171729\" src=\"https:\/\/fitshaker.sk\/eshop\/wp-content\/uploads\/2025\/01\/CZ-Kase-ikonky.png\" alt=\"snidanove kase Fitshaker\" width=\"557\" height=\"100\" srcset=\"https:\/\/fitshaker.cz\/eshop\/wp-content\/uploads\/2025\/01\/CZ-Kase-ikonky.png 4914w, https:\/\/fitshaker.cz\/eshop\/wp-content\/uploads\/2025\/01\/CZ-Kase-ikonky-350x63.png 350w, https:\/\/fitshaker.cz\/eshop\/wp-content\/uploads\/2025\/01\/CZ-Kase-ikonky-595x107.png 595w, https:\/\/fitshaker.cz\/eshop\/wp-content\/uploads\/2025\/01\/CZ-Kase-ikonky-385x69.png 385w, https:\/\/fitshaker.cz\/eshop\/wp-content\/uploads\/2025\/01\/CZ-Kase-ikonky-768x138.png 768w, https:\/\/fitshaker.cz\/eshop\/wp-content\/uploads\/2025\/01\/CZ-Kase-ikonky-1536x276.png 1536w, https:\/\/fitshaker.cz\/eshop\/wp-content\/uploads\/2025\/01\/CZ-Kase-ikonky-2048x368.png 2048w, https:\/\/fitshaker.cz\/eshop\/wp-content\/uploads\/2025\/01\/CZ-Kase-ikonky-450x81.png 450w\" sizes=\"(max-width: 557px) 100vw, 557px\" \/><\/p>\n","protected":false},"featured_media":167660,"comment_status":"open","ping_status":"closed","template":"","meta":{"_acf_changed":false},"product_cat":[213],"product_tag":[],"bundle_layout":"","bundled_by":[],"bundled_items":[],"acf":[],"_links":{"self":[{"href":"https:\/\/fitshaker.cz\/eshop\/cs\/wp-json\/wp\/v2\/product\/166944"}],"collection":[{"href":"https:\/\/fitshaker.cz\/eshop\/cs\/wp-json\/wp\/v2\/product"}],"about":[{"href":"https:\/\/fitshaker.cz\/eshop\/cs\/wp-json\/wp\/v2\/types\/product"}],"replies":[{"embeddable":true,"href":"https:\/\/fitshaker.cz\/eshop\/cs\/wp-json\/wp\/v2\/comments?post=166944"}],"wp:featuredmedia":[{"embeddable":true,"href":"https:\/\/fitshaker.cz\/eshop\/cs\/wp-json\/wp\/v2\/media\/167660"}],"wp:attachment":[{"href":"https:\/\/fitshaker.cz\/eshop\/cs\/wp-json\/wp\/v2\/media?parent=166944"}],"wp:term":[{"taxonomy":"product_cat","embeddable":true,"href":"https:\/\/fitshaker.cz\/eshop\/cs\/wp-json\/wp\/v2\/product_cat?post=166944"},{"taxonomy":"product_tag","embeddable":true,"href":"https:\/\/fitshaker.cz\/eshop\/cs\/wp-json\/wp\/v2\/product_tag?post=166944"}],"curies":[{"name":"wp","href":"https:\/\/api.w.org\/{rel}","templated":true}]}}