{"id":167066,"date":"2024-12-13T15:40:56","date_gmt":"2024-12-13T14:40:56","guid":{"rendered":"https:\/\/fitshaker.sk\/eshop\/?post_type=product&#038;p=167066"},"modified":"2026-04-11T04:01:12","modified_gmt":"2026-04-11T02:01:12","slug":"bioactive-b-complex","status":"publish","type":"product","link":"https:\/\/fitshaker.cz\/eshop\/cs\/produkt\/bioactive-b-complex","title":{"rendered":"FITSHAKER BIOACTIVE B-COMPLEX"},"content":{"rendered":"<p>Ve vitam\u00ednov\u00e9m komplexu BIOACTIV B-COOMPLEX se nach\u00e1zej\u00ed v\u0161echny d\u016fle\u017eit\u00e9 vitam\u00edny skupiny B, aby spolu maximalizovaly sv\u00e9 \u00fa\u010dinky.<\/p>\n<p><strong>Vitam\u00edn B6, vitam\u00edn B1, niacin, vitam\u00edn B2, vitam\u00edn B12 a biotin p\u0159isp\u00edvaj\u00ed ke spr\u00e1vn\u00e9mu fungov\u00e1n\u00ed nervov\u00e9ho syst\u00e9mu. Vitam\u00edn B6, niacin, vitam\u00edn B1, vitam\u00edn B2, kyselina listov\u00e1 a biotin p\u0159isp\u00edvaj\u00ed ke spr\u00e1vn\u00e9 funkci psychiky. Kyselina pantothenov\u00e1 p\u0159isp\u00edv\u00e1 ke zdrav\u00e9 du\u0161evn\u00ed v\u00fdkonnosti. Vitam\u00edn B6, niacin, vitam\u00edn B2, kyselina pantothenov\u00e1, vitam\u00edn B12 a kyselina listov\u00e1 p\u0159isp\u00edvaj\u00ed ke sn\u00ed\u017een\u00ed vy\u010derp\u00e1n\u00ed a \u00fanavy.<\/strong><\/p>\n<p>&nbsp;<\/p>\n<h3>Jak\u00e9 m\u00e1 v\u00fdhody FITSHAKER BIOACTIVE B-COMPLEX? S \u010d\u00edm ti m\u016f\u017ee pomoci?<\/h3>\n<ul>\n<li>m\u00e1 p\u0159\u00edzniv\u00fd vliv na du\u0161evn\u00ed zdrav\u00ed a psychiku<\/li>\n<li>p\u0159isp\u00edv\u00e1 ke spr\u00e1vn\u00e9mu fungov\u00e1n\u00ed nervov\u00e9ho syst\u00e9mu<\/li>\n<li>posiluje imunitu<\/li>\n<li>podporuje spr\u00e1vn\u00e9 fungov\u00e1n\u00ed metabolismu<\/li>\n<li>vy\u017eivuje poko\u017eku (bojuje proti such\u00e9 poko\u017ece, proti akn\u00e9)<\/li>\n<li>dod\u00e1v\u00e1 t\u011blu energii<\/li>\n<li>podporuje spr\u00e1vnou funkci krvetvorby<\/li>\n<\/ul>\n<p>&nbsp;<\/p>\n<h3>K \u010demu vede nedostatek vitam\u00edn\u016f skupiny B?<\/h3>\n<ul>\n<li>ko\u017en\u00ed probl\u00e9my, popraskan\u00e9 rty, such\u00e1 poko\u017eka, akn\u00e9<\/li>\n<li>\u00a0\u00fanava<\/li>\n<li>psychick\u00e1 nerovnov\u00e1ha (podr\u00e1\u017ed\u011bnost, n\u00e1ladovost, \u00fazkost, deprese)<\/li>\n<li>tr\u00e1vic\u00ed probl\u00e9my<\/li>\n<li>necitlivost, mraven\u010den\u00ed v kon\u010detin\u00e1ch, svalov\u00e9 k\u0159e\u010de<\/li>\n<li>zhor\u0161en\u00ed imunity, zv\u00fd\u0161en\u00e1 nemocnost<\/li>\n<\/ul>\n<p>V\u00edce o d\u016fle\u017eitosti a vlivu vitam\u00edn\u016f skupiny B na na\u0161e zdrav\u00ed se do\u010dte\u0161 na na\u0161em blogu.<\/p>\n<p>&nbsp;<\/p>\n<h3>Slo\u017een\u00ed:<\/h3>\n<p>akt\u00edvn\u00ed slo\u017eky: vitamin B6 (pyridoxal-5\u2032-fosf\u00e1t), niacin (nikotinamid), thiamin (thiamin-hydrochlorid), riboflavin (riboflavin-5\u2032-fosf\u00e1t, sodn\u00e1 s\u016fl), kyselina pantothenov\u00e1 (D-pantothen\u00e1t v\u00e1penat\u00fd), vitamin B12 (methylkobalamin), kyselina listov\u00e1 (glukosaminov\u00e1 s\u016fl kyseliny (6S)-5-methyltetrahydrolistov\u00e9),<br \/>\nbiotin (D-biotin)<\/p>\n<p>plnidlo: mikrokrystalick\u00e1 celulosa, kapsle (hydroxypropylmethylcelulosa) \u2013 rostlinn\u00e1 celulosa<\/p>\n<p>&nbsp;<\/p>\n<p><strong>Pou\u017e\u00edv\u00e1me tobolky z rostlinn\u00e9 celul\u00f3zy, do kter\u00fdch nejsou p\u0159id\u00e1ny \u017e\u00e1dn\u00e9 zbyte\u010dn\u00e9 pomocn\u00e9 l\u00e1tky a aditiva<\/strong> (nap\u0159\u00edklad r\u016fzn\u00e1 pojiva nebo protihrudkuj\u00edc\u00ed l\u00e1tky pot\u0159ebn\u00e9 u tablet).<br \/>\n<strong>Tobolky jsou vhodn\u00e9 pro vegetari\u00e1ny, vegany i celiatiky.<\/strong><\/p>\n<p><img loading=\"lazy\" decoding=\"async\" class=\"alignnone wp-image-166961 \" src=\"https:\/\/fitshaker.sk\/eshop\/wp-content\/uploads\/2024\/12\/Bioactive-B-COMPLEX-aktivne-zlozky-eshop.jpg\" alt=\"\" width=\"732\" height=\"502\" srcset=\"https:\/\/fitshaker.cz\/eshop\/wp-content\/uploads\/2024\/12\/Bioactive-B-COMPLEX-aktivne-zlozky-eshop.jpg 1654w, https:\/\/fitshaker.cz\/eshop\/wp-content\/uploads\/2024\/12\/Bioactive-B-COMPLEX-aktivne-zlozky-eshop-350x240.jpg 350w, https:\/\/fitshaker.cz\/eshop\/wp-content\/uploads\/2024\/12\/Bioactive-B-COMPLEX-aktivne-zlozky-eshop-595x408.jpg 595w, https:\/\/fitshaker.cz\/eshop\/wp-content\/uploads\/2024\/12\/Bioactive-B-COMPLEX-aktivne-zlozky-eshop-385x264.jpg 385w, https:\/\/fitshaker.cz\/eshop\/wp-content\/uploads\/2024\/12\/Bioactive-B-COMPLEX-aktivne-zlozky-eshop-768x527.jpg 768w, https:\/\/fitshaker.cz\/eshop\/wp-content\/uploads\/2024\/12\/Bioactive-B-COMPLEX-aktivne-zlozky-eshop-1536x1053.jpg 1536w, https:\/\/fitshaker.cz\/eshop\/wp-content\/uploads\/2024\/12\/Bioactive-B-COMPLEX-aktivne-zlozky-eshop-450x309.jpg 450w\" sizes=\"(max-width: 732px) 100vw, 732px\" \/><\/p>\n<p>&nbsp;<\/p>\n<p><strong>Balen\u00ed: 90 kapsl\u00ed<\/strong><br \/>\n<strong>Hmotnost: 27,54 g<\/strong><\/p>\n<p>&nbsp;<\/p>\n<h3>Doporu\u010dn\u00e1 denn\u00ed d\u00e1vka:<\/h3>\n<ul>\n<li>1 kapsle denn\u011b, zapijte dostate\u010dn\u00fdm mno\u017estv\u00edm vody.<\/li>\n<li>1 balen\u00ed FITSHAKER BIOACTIVE B-COMPLEX vydr\u017e\u00ed a\u017e 3 m\u011bs\u00edce.<\/li>\n<\/ul>\n<p>&nbsp;<\/p>\n<p><strong>Skladov\u00e1n\u00ed:<\/strong> Skladujte na such\u00e9m, tmav\u00e9m m\u00edst\u011b p\u0159i pokojov\u00e9 teplot\u011b.<br \/>\n<strong>Vyrobeno pro Fitshaker v \u010cesk\u00e9 republice.<\/strong><\/p>\n<p>&nbsp;<\/p>\n<p><strong>Upozorn\u011bn\u00ed:<\/strong> Nep\u0159ekra\u010dujte doporu\u010denou denn\u00ed d\u00e1vku! Dopln\u011bk stravy nenahrazuje pestrou a vyv\u00e1\u017eenou stravu a zdrav\u00fd \u017eivotn\u00ed styl! Uchov\u00e1vejte<br \/>\nmimo dosah d\u011bt\u00ed! Nen\u00ed vhodn\u00e9 pro d\u011bti. V p\u0159\u00edpad\u011b, \u017ee jste t\u011bhotn\u00e1, koj\u00edte, p\u0159ed u\u017e\u00edv\u00e1n\u00edm se pora\u010fte se sv\u00fdm l\u00e9ka\u0159em.<\/p>\n<p>&nbsp;<\/p>\n","protected":false},"excerpt":{"rendered":"<p><strong>BALANCE BOOST \u2013 90 kapsl\u00ed<\/strong><br \/>\n<strong>Dopln\u011bk stravy s vitam\u00edny B1, B2, B6, B12, niacinem (B3), kyselinou pantotenovou (B5), kyselinou listovou (B9) a biotinem (B7) ve form\u011b kapsl\u00ed.<\/strong><br \/>\nB-komplex p\u0159isp\u00edv\u00e1 ke spr\u00e1vn\u00e9mu fungov\u00e1n\u00ed nervov\u00e9ho syst\u00e9mu, m\u00e1 p\u0159\u00edzniv\u00fd vliv na du\u0161evn\u00ed zdrav\u00ed a psychiku, posiluje imunitu a podporuje spr\u00e1vn\u00e9 fungov\u00e1n\u00ed metabolismu.<\/p>\n<p>&nbsp;<\/p>\n<p><img loading=\"lazy\" decoding=\"async\" class=\"alignnone wp-image-171118\" src=\"https:\/\/fitshaker.sk\/eshop\/wp-content\/uploads\/2024\/12\/CZ-vitaminy.png\" alt=\"kvalitne vitaminy a mineraly\" width=\"557\" height=\"100\" srcset=\"https:\/\/fitshaker.cz\/eshop\/wp-content\/uploads\/2024\/12\/CZ-vitaminy.png 4914w, https:\/\/fitshaker.cz\/eshop\/wp-content\/uploads\/2024\/12\/CZ-vitaminy-350x63.png 350w, https:\/\/fitshaker.cz\/eshop\/wp-content\/uploads\/2024\/12\/CZ-vitaminy-595x107.png 595w, https:\/\/fitshaker.cz\/eshop\/wp-content\/uploads\/2024\/12\/CZ-vitaminy-385x69.png 385w, https:\/\/fitshaker.cz\/eshop\/wp-content\/uploads\/2024\/12\/CZ-vitaminy-768x138.png 768w, https:\/\/fitshaker.cz\/eshop\/wp-content\/uploads\/2024\/12\/CZ-vitaminy-1536x276.png 1536w, https:\/\/fitshaker.cz\/eshop\/wp-content\/uploads\/2024\/12\/CZ-vitaminy-2048x368.png 2048w, https:\/\/fitshaker.cz\/eshop\/wp-content\/uploads\/2024\/12\/CZ-vitaminy-450x81.png 450w\" sizes=\"(max-width: 557px) 100vw, 557px\" \/><\/p>\n","protected":false},"featured_media":167053,"comment_status":"open","ping_status":"closed","template":"","meta":{"_acf_changed":false},"product_cat":[213],"product_tag":[],"bundle_layout":"","bundled_by":[],"bundled_items":[],"acf":[],"_links":{"self":[{"href":"https:\/\/fitshaker.cz\/eshop\/cs\/wp-json\/wp\/v2\/product\/167066"}],"collection":[{"href":"https:\/\/fitshaker.cz\/eshop\/cs\/wp-json\/wp\/v2\/product"}],"about":[{"href":"https:\/\/fitshaker.cz\/eshop\/cs\/wp-json\/wp\/v2\/types\/product"}],"replies":[{"embeddable":true,"href":"https:\/\/fitshaker.cz\/eshop\/cs\/wp-json\/wp\/v2\/comments?post=167066"}],"wp:featuredmedia":[{"embeddable":true,"href":"https:\/\/fitshaker.cz\/eshop\/cs\/wp-json\/wp\/v2\/media\/167053"}],"wp:attachment":[{"href":"https:\/\/fitshaker.cz\/eshop\/cs\/wp-json\/wp\/v2\/media?parent=167066"}],"wp:term":[{"taxonomy":"product_cat","embeddable":true,"href":"https:\/\/fitshaker.cz\/eshop\/cs\/wp-json\/wp\/v2\/product_cat?post=167066"},{"taxonomy":"product_tag","embeddable":true,"href":"https:\/\/fitshaker.cz\/eshop\/cs\/wp-json\/wp\/v2\/product_tag?post=167066"}],"curies":[{"name":"wp","href":"https:\/\/api.w.org\/{rel}","templated":true}]}}