{"id":184400,"date":"2025-06-26T18:25:40","date_gmt":"2025-06-26T16:25:40","guid":{"rendered":"https:\/\/fitshaker.sk\/eshop\/?post_type=product&#038;p=184400"},"modified":"2026-04-10T13:28:36","modified_gmt":"2026-04-10T11:28:36","slug":"snacknutka-lieskove-oriesky-a-cokolada-akcia","status":"publish","type":"product","link":"https:\/\/fitshaker.cz\/eshop\/cs\/produkt\/snacknutka-lieskove-oriesky-a-cokolada-akcia","title":{"rendered":"Snacknutka L\u00edskov\u00e9 o\u0159\u00ed\u0161ky a \u010dokol\u00e1da  54g 5ks"},"content":{"rendered":"<p>Snacknutka bude tv\u00fdm par\u0165\u00e1kem na letn\u00ed v\u00fdlety, turistiku, ale i do pr\u00e1ce \u010di na cesty.<\/p>\n<p><strong>Dokonal\u00e1 p\u0159\u00edchut\u00ed, velikost\u00ed i slo\u017een\u00edm. <\/strong>Sta\u010d\u00ed hodit do kabelky \u010di batohu \ud83c\udf92.<\/p>\n<p>Do ty\u010dinek jsme vybrali ty nejlep\u0161\u00ed ingredience. <strong>P\u0159\u00edchut\u011b jsou inspirov\u00e1ny bestsellery \u2013 Fitnutkami a ka\u0161emi, kter\u00e9 milujete. <\/strong>Samoz\u0159ejmost\u00ed jsou vyv\u00e1\u017een\u00e9 v\u00fd\u017eivov\u00e9 hodnoty.<\/p>\n<p><strong>Snacknutka L\u00edskov\u00e9 o\u0159\u00ed\u0161ky a\u00a0\u010dokol\u00e1da \u2013 vegansk\u00e1 ty\u010dinka v ho\u0159k\u00e9 \u010dokol\u00e1d\u011b s datlemi a l\u00edskov\u00fdmi o\u0159echy. Bezlepkov\u00e1.<\/strong><\/p>\n<p><img loading=\"lazy\" decoding=\"async\" class=\"alignnone wp-image-166898\" src=\"https:\/\/fitshaker.sk\/eshop\/wp-content\/uploads\/2024\/07\/Snacknutky-zdrave.tycinky.jpg\" alt=\"\" width=\"400\" height=\"600\" srcset=\"https:\/\/fitshaker.cz\/eshop\/wp-content\/uploads\/2024\/07\/Snacknutky-zdrave.tycinky.jpg 1024w, https:\/\/fitshaker.cz\/eshop\/wp-content\/uploads\/2024\/07\/Snacknutky-zdrave.tycinky-200x300.jpg 200w, https:\/\/fitshaker.cz\/eshop\/wp-content\/uploads\/2024\/07\/Snacknutky-zdrave.tycinky-595x893.jpg 595w, https:\/\/fitshaker.cz\/eshop\/wp-content\/uploads\/2024\/07\/Snacknutky-zdrave.tycinky-332x498.jpg 332w, https:\/\/fitshaker.cz\/eshop\/wp-content\/uploads\/2024\/07\/Snacknutky-zdrave.tycinky-768x1152.jpg 768w, https:\/\/fitshaker.cz\/eshop\/wp-content\/uploads\/2024\/07\/Snacknutky-zdrave.tycinky-450x675.jpg 450w, https:\/\/fitshaker.cz\/eshop\/wp-content\/uploads\/2024\/07\/Snacknutky-zdrave.tycinky-350x525.jpg 350w\" sizes=\"(max-width: 400px) 100vw, 400px\" \/> <img loading=\"lazy\" decoding=\"async\" class=\"alignnone wp-image-165388\" src=\"https:\/\/fitshaker.sk\/eshop\/wp-content\/uploads\/2024\/07\/Snacknutka-Lieskove-oriesky-a-cokolada-scaled-e1737987113148.jpg\" alt=\"orieskova tycinka s cokoladovou polevou\" width=\"446\" height=\"600\" srcset=\"https:\/\/fitshaker.cz\/eshop\/wp-content\/uploads\/2024\/07\/Snacknutka-Lieskove-oriesky-a-cokolada-scaled-e1737987113148.jpg 1267w, https:\/\/fitshaker.cz\/eshop\/wp-content\/uploads\/2024\/07\/Snacknutka-Lieskove-oriesky-a-cokolada-scaled-e1737987113148-223x300.jpg 223w, https:\/\/fitshaker.cz\/eshop\/wp-content\/uploads\/2024\/07\/Snacknutka-Lieskove-oriesky-a-cokolada-scaled-e1737987113148-595x801.jpg 595w, https:\/\/fitshaker.cz\/eshop\/wp-content\/uploads\/2024\/07\/Snacknutka-Lieskove-oriesky-a-cokolada-scaled-e1737987113148-370x498.jpg 370w, https:\/\/fitshaker.cz\/eshop\/wp-content\/uploads\/2024\/07\/Snacknutka-Lieskove-oriesky-a-cokolada-scaled-e1737987113148-768x1034.jpg 768w, https:\/\/fitshaker.cz\/eshop\/wp-content\/uploads\/2024\/07\/Snacknutka-Lieskove-oriesky-a-cokolada-scaled-e1737987113148-1141x1536.jpg 1141w, https:\/\/fitshaker.cz\/eshop\/wp-content\/uploads\/2024\/07\/Snacknutka-Lieskove-oriesky-a-cokolada-scaled-e1737987113148-450x606.jpg 450w, https:\/\/fitshaker.cz\/eshop\/wp-content\/uploads\/2024\/07\/Snacknutka-Lieskove-oriesky-a-cokolada-scaled-e1737987113148-350x471.jpg 350w\" sizes=\"(max-width: 446px) 100vw, 446px\" \/>\u00a0<img loading=\"lazy\" decoding=\"async\" class=\"alignnone wp-image-166896\" src=\"https:\/\/fitshaker.sk\/eshop\/wp-content\/uploads\/2024\/07\/Snacknuta-fitshaker-tycinka.jpg\" alt=\"\" width=\"400\" height=\"600\" srcset=\"https:\/\/fitshaker.cz\/eshop\/wp-content\/uploads\/2024\/07\/Snacknuta-fitshaker-tycinka.jpg 1024w, https:\/\/fitshaker.cz\/eshop\/wp-content\/uploads\/2024\/07\/Snacknuta-fitshaker-tycinka-200x300.jpg 200w, https:\/\/fitshaker.cz\/eshop\/wp-content\/uploads\/2024\/07\/Snacknuta-fitshaker-tycinka-595x893.jpg 595w, https:\/\/fitshaker.cz\/eshop\/wp-content\/uploads\/2024\/07\/Snacknuta-fitshaker-tycinka-332x498.jpg 332w, https:\/\/fitshaker.cz\/eshop\/wp-content\/uploads\/2024\/07\/Snacknuta-fitshaker-tycinka-768x1152.jpg 768w, https:\/\/fitshaker.cz\/eshop\/wp-content\/uploads\/2024\/07\/Snacknuta-fitshaker-tycinka-450x675.jpg 450w, https:\/\/fitshaker.cz\/eshop\/wp-content\/uploads\/2024\/07\/Snacknuta-fitshaker-tycinka-350x525.jpg 350w\" sizes=\"(max-width: 400px) 100vw, 400px\" \/><\/p>\n<p>&nbsp;<\/p>\n<h3>Slo\u017een\u00ed:<\/h3>\n<p>datle 63 %, <strong>l\u00edskov\u00e9 o\u0159echy <\/strong>17 %, ho\u0159k\u00e1 \u010dokol\u00e1da 12 % (cukr, kakaov\u00e1 hmota, kakaov\u00e9 maslo\/m\u00e1slo,\u00a0emulg\u00e1tor: <strong>s\u00f3jov\u00fd<\/strong> lecitin, vanilka bourbon), kakaov\u00e9 boby, kakao<\/p>\n<p>&nbsp;<\/p>\n<h3>V\u00fd\u017eivov\u00e9 \u00fadaje na 100 g (na 54 g)<\/h3>\n<p>energie 1648 KJ\/394 kcal (890 KJ\/213 kcal)<br \/>\ntuky 17,3 g (9,3 g), z toho nasycen\u00e9 mastn\u00e9 kyseliny 4,4 g (2,4 g)<br \/>\nsacharidy 46,7 g (25,2 g), z toho cukry 38,9 g (21 g)<br \/>\nvl\u00e1knina 12,4 g (6,7 g)<br \/>\nb\u00edlkoviny 6,5 g (3,5 g)<br \/>\ns\u016fl 0 g (0 g)<\/p>\n<p>&nbsp;<\/p>\n<p><strong>Balen\u00ed obsahuje 1 porci (54 g).<\/strong><\/p>\n<p><strong>Vyrobeno v \u010cesk\u00e9 republice.<\/strong><\/p>\n<p><strong>Skladov\u00e1n\u00ed:<\/strong> Skladujte v\u00a0suchu a temnu, chra\u0148te p\u0159ed teplem. Po otev\u0159en\u00ed ur\u010deno k okam\u017eit\u00e9 spot\u0159eb\u011b.<\/p>\n<p>&nbsp;<\/p>\n<p><strong>\u261d\ufe0f<\/strong><strong> Nep\u0159ehl\u00e9dni ani dal\u0161\u00ed p\u0159\u00edchut\u011b Snacknutek! <\/strong><\/p>\n<ul>\n<li>ovocn\u00e9 i o\u0159echov\u00e9<\/li>\n<li>vegansk\u00e9, bezlepkov\u00e9, s vysok\u00fdm obsahem vl\u00e1kniny i proteinov\u00e9<\/li>\n<li>bez p\u0159idan\u00e9ho cukru a sladidel<\/li>\n<li>prudce n\u00e1vykov\u00e9<\/li>\n<\/ul>\n<p>&nbsp;<\/p>\n","protected":false},"excerpt":{"rendered":"<p><strong>O\u0159\u00ed\u0161kov\u00e1, vegansk\u00e1 a celi\u010dk\u00e1 pokryt\u00e1 k\u0159upavou \u010dokol\u00e1dou. <\/strong>Takov\u00e1 je va\u0161e nejobl\u00edben\u011bj\u0161\u00ed \u010dokol\u00e1dov\u00e1 Fitnutka v ty\u010dince \ud83d\ude42. <strong>Nakup v\u00fdhodn\u011b, 4+1 ZDARMA!<\/strong><\/p>\n<p>&nbsp;<\/p>\n<p><img loading=\"lazy\" decoding=\"async\" class=\"alignnone wp-image-171120\" src=\"https:\/\/fitshaker.sk\/eshop\/wp-content\/uploads\/2024\/12\/CZ-Snacknutka-Lieskove-oriesky-a-cokolada.png\" alt=\"snacknutka cokoladova tycinka\" width=\"442\" height=\"100\" srcset=\"https:\/\/fitshaker.cz\/eshop\/wp-content\/uploads\/2024\/12\/CZ-Snacknutka-Lieskove-oriesky-a-cokolada.png 3902w, https:\/\/fitshaker.cz\/eshop\/wp-content\/uploads\/2024\/12\/CZ-Snacknutka-Lieskove-oriesky-a-cokolada-350x79.png 350w, https:\/\/fitshaker.cz\/eshop\/wp-content\/uploads\/2024\/12\/CZ-Snacknutka-Lieskove-oriesky-a-cokolada-595x135.png 595w, https:\/\/fitshaker.cz\/eshop\/wp-content\/uploads\/2024\/12\/CZ-Snacknutka-Lieskove-oriesky-a-cokolada-385x87.png 385w, https:\/\/fitshaker.cz\/eshop\/wp-content\/uploads\/2024\/12\/CZ-Snacknutka-Lieskove-oriesky-a-cokolada-768x174.png 768w, https:\/\/fitshaker.cz\/eshop\/wp-content\/uploads\/2024\/12\/CZ-Snacknutka-Lieskove-oriesky-a-cokolada-1536x348.png 1536w, https:\/\/fitshaker.cz\/eshop\/wp-content\/uploads\/2024\/12\/CZ-Snacknutka-Lieskove-oriesky-a-cokolada-2048x463.png 2048w, https:\/\/fitshaker.cz\/eshop\/wp-content\/uploads\/2024\/12\/CZ-Snacknutka-Lieskove-oriesky-a-cokolada-450x102.png 450w\" sizes=\"(max-width: 442px) 100vw, 442px\" \/><\/p>\n","protected":false},"featured_media":187905,"comment_status":"open","ping_status":"closed","template":"","meta":{"_acf_changed":false},"product_cat":[213,251],"product_tag":[],"bundle_layout":"","bundled_by":[],"bundled_items":[],"acf":[],"_links":{"self":[{"href":"https:\/\/fitshaker.cz\/eshop\/cs\/wp-json\/wp\/v2\/product\/184400"}],"collection":[{"href":"https:\/\/fitshaker.cz\/eshop\/cs\/wp-json\/wp\/v2\/product"}],"about":[{"href":"https:\/\/fitshaker.cz\/eshop\/cs\/wp-json\/wp\/v2\/types\/product"}],"replies":[{"embeddable":true,"href":"https:\/\/fitshaker.cz\/eshop\/cs\/wp-json\/wp\/v2\/comments?post=184400"}],"wp:featuredmedia":[{"embeddable":true,"href":"https:\/\/fitshaker.cz\/eshop\/cs\/wp-json\/wp\/v2\/media\/187905"}],"wp:attachment":[{"href":"https:\/\/fitshaker.cz\/eshop\/cs\/wp-json\/wp\/v2\/media?parent=184400"}],"wp:term":[{"taxonomy":"product_cat","embeddable":true,"href":"https:\/\/fitshaker.cz\/eshop\/cs\/wp-json\/wp\/v2\/product_cat?post=184400"},{"taxonomy":"product_tag","embeddable":true,"href":"https:\/\/fitshaker.cz\/eshop\/cs\/wp-json\/wp\/v2\/product_tag?post=184400"}],"curies":[{"name":"wp","href":"https:\/\/api.w.org\/{rel}","templated":true}]}}