{"id":184402,"date":"2025-06-26T18:31:51","date_gmt":"2025-06-26T16:31:51","guid":{"rendered":"https:\/\/fitshaker.sk\/eshop\/?post_type=product&#038;p=184402"},"modified":"2026-04-10T13:24:17","modified_gmt":"2026-04-10T11:24:17","slug":"snacknutka-kesu-a-kokos-vegan-protein-akcia","status":"publish","type":"product","link":"https:\/\/fitshaker.cz\/eshop\/cs\/produkt\/snacknutka-kesu-a-kokos-vegan-protein-akcia","title":{"rendered":"Snacknutka Ke\u0161u a kokos (VEGAN PROTEIN) 50g 5ks"},"content":{"rendered":"<p>Snacknutka bude tv\u00fdm par\u0165\u00e1kem na letn\u00ed v\u00fdlety, turistiku, ale i do pr\u00e1ce \u010di na cesty.<\/p>\n<p><strong>Dokonal\u00e1 p\u0159\u00edchut\u00ed, velikost\u00ed i slo\u017een\u00edm. <\/strong>Sta\u010d\u00ed hodit do kabelky \u010di batohu \ud83c\udf92.<\/p>\n<p>Do ty\u010dinek jsme vybrali ty nejlep\u0161\u00ed ingredience. <strong>P\u0159\u00edchut\u011b jsou inspirov\u00e1ny bestsellery \u2013 Fitnutkami a ka\u0161emi, kter\u00e9 milujete. <\/strong>Samoz\u0159ejmost\u00ed jsou vyv\u00e1\u017een\u00e9 v\u00fd\u017eivov\u00e9 hodnoty.<\/p>\n<p><strong>Snacknutka Ke\u0161u a kokos (VEGAN PROTEIN) \u2013 proteinov\u00e1 ty\u010dinka s\u00a0kokosem a o\u0159echy. Bezlepkov\u00e1. Vegansk\u00e1. Bez p\u0159idan\u00e9ho cukru. Bez sladidel.<\/strong><\/p>\n<p><img loading=\"lazy\" decoding=\"async\" class=\"alignnone wp-image-166898\" src=\"https:\/\/fitshaker.sk\/eshop\/wp-content\/uploads\/2024\/07\/Snacknutky-zdrave.tycinky.jpg\" alt=\"\" width=\"400\" height=\"600\" srcset=\"https:\/\/fitshaker.cz\/eshop\/wp-content\/uploads\/2024\/07\/Snacknutky-zdrave.tycinky.jpg 1024w, https:\/\/fitshaker.cz\/eshop\/wp-content\/uploads\/2024\/07\/Snacknutky-zdrave.tycinky-200x300.jpg 200w, https:\/\/fitshaker.cz\/eshop\/wp-content\/uploads\/2024\/07\/Snacknutky-zdrave.tycinky-595x893.jpg 595w, https:\/\/fitshaker.cz\/eshop\/wp-content\/uploads\/2024\/07\/Snacknutky-zdrave.tycinky-332x498.jpg 332w, https:\/\/fitshaker.cz\/eshop\/wp-content\/uploads\/2024\/07\/Snacknutky-zdrave.tycinky-768x1152.jpg 768w, https:\/\/fitshaker.cz\/eshop\/wp-content\/uploads\/2024\/07\/Snacknutky-zdrave.tycinky-450x675.jpg 450w, https:\/\/fitshaker.cz\/eshop\/wp-content\/uploads\/2024\/07\/Snacknutky-zdrave.tycinky-350x525.jpg 350w\" sizes=\"(max-width: 400px) 100vw, 400px\" \/> <img loading=\"lazy\" decoding=\"async\" class=\"alignnone wp-image-165389\" src=\"https:\/\/fitshaker.sk\/eshop\/wp-content\/uploads\/2024\/07\/Snacknutka-Kesu-a-kokos-VEGAN-PROTEIN-scaled-e1737717935690.jpg\" alt=\"zdrava kokosova tycinka\" width=\"445\" height=\"600\" srcset=\"https:\/\/fitshaker.cz\/eshop\/wp-content\/uploads\/2024\/07\/Snacknutka-Kesu-a-kokos-VEGAN-PROTEIN-scaled-e1737717935690.jpg 1267w, https:\/\/fitshaker.cz\/eshop\/wp-content\/uploads\/2024\/07\/Snacknutka-Kesu-a-kokos-VEGAN-PROTEIN-scaled-e1737717935690-223x300.jpg 223w, https:\/\/fitshaker.cz\/eshop\/wp-content\/uploads\/2024\/07\/Snacknutka-Kesu-a-kokos-VEGAN-PROTEIN-scaled-e1737717935690-595x801.jpg 595w, https:\/\/fitshaker.cz\/eshop\/wp-content\/uploads\/2024\/07\/Snacknutka-Kesu-a-kokos-VEGAN-PROTEIN-scaled-e1737717935690-370x498.jpg 370w, https:\/\/fitshaker.cz\/eshop\/wp-content\/uploads\/2024\/07\/Snacknutka-Kesu-a-kokos-VEGAN-PROTEIN-scaled-e1737717935690-768x1034.jpg 768w, https:\/\/fitshaker.cz\/eshop\/wp-content\/uploads\/2024\/07\/Snacknutka-Kesu-a-kokos-VEGAN-PROTEIN-scaled-e1737717935690-1141x1536.jpg 1141w, https:\/\/fitshaker.cz\/eshop\/wp-content\/uploads\/2024\/07\/Snacknutka-Kesu-a-kokos-VEGAN-PROTEIN-scaled-e1737717935690-450x606.jpg 450w, https:\/\/fitshaker.cz\/eshop\/wp-content\/uploads\/2024\/07\/Snacknutka-Kesu-a-kokos-VEGAN-PROTEIN-scaled-e1737717935690-350x471.jpg 350w\" sizes=\"(max-width: 445px) 100vw, 445px\" \/> <img loading=\"lazy\" decoding=\"async\" class=\"alignnone wp-image-166896\" src=\"https:\/\/fitshaker.sk\/eshop\/wp-content\/uploads\/2024\/07\/Snacknuta-fitshaker-tycinka.jpg\" alt=\"\" width=\"400\" height=\"600\" srcset=\"https:\/\/fitshaker.cz\/eshop\/wp-content\/uploads\/2024\/07\/Snacknuta-fitshaker-tycinka.jpg 1024w, https:\/\/fitshaker.cz\/eshop\/wp-content\/uploads\/2024\/07\/Snacknuta-fitshaker-tycinka-200x300.jpg 200w, https:\/\/fitshaker.cz\/eshop\/wp-content\/uploads\/2024\/07\/Snacknuta-fitshaker-tycinka-595x893.jpg 595w, https:\/\/fitshaker.cz\/eshop\/wp-content\/uploads\/2024\/07\/Snacknuta-fitshaker-tycinka-332x498.jpg 332w, https:\/\/fitshaker.cz\/eshop\/wp-content\/uploads\/2024\/07\/Snacknuta-fitshaker-tycinka-768x1152.jpg 768w, https:\/\/fitshaker.cz\/eshop\/wp-content\/uploads\/2024\/07\/Snacknuta-fitshaker-tycinka-450x675.jpg 450w, https:\/\/fitshaker.cz\/eshop\/wp-content\/uploads\/2024\/07\/Snacknuta-fitshaker-tycinka-350x525.jpg 350w\" sizes=\"(max-width: 400px) 100vw, 400px\" \/><\/p>\n<p>&nbsp;<\/p>\n<h3>Slo\u017een\u00ed:<\/h3>\n<p>datle 70 %, kokos 10 %, o\u0159echy<strong> ke\u0161u<\/strong> 10 %, mandlov\u00fd protein 10 %<\/p>\n<p>&nbsp;<\/p>\n<h3>V\u00fd\u017eivov\u00e9 \u00fadaje na 100 g (na 50 g):<\/h3>\n<p>energie 1 556 KJ\/372 kcal (778 KJ\/186 kcal)<br \/>\ntuky 13,2 g (6,6 g), z toho nasycen\u00e9 mastn\u00e9 kyseliny 7,1 g (3,6 g)<br \/>\nsacharidy 48,6 g (24,3 g), z toho cukry 40,3 g (20,2 g)<br \/>\nvl\u00e1knina 12,8 g (6,4 g)<br \/>\nb\u00edlkoviny 8,7 g (4,4 g)<br \/>\ns\u016fl 0 g (0 g)<\/p>\n<p>&nbsp;<\/p>\n<p><strong>Balen\u00ed obsahuje 1 porci (50 g).<\/strong><\/p>\n<p>Vyrobeno v \u010cesk\u00e9 republice.<\/p>\n<p><strong>Skladov\u00e1n\u00ed:<\/strong> Skladujte v\u00a0suchu a temnu, chra\u0148te p\u0159ed teplem. Po otev\u0159en\u00ed ur\u010deno k okam\u017eit\u00e9 spot\u0159eb\u011b.<\/p>\n<p>&nbsp;<\/p>\n<p><strong>\u261d\ufe0f<\/strong><strong> Nep\u0159ehl\u00e9dni ani dal\u0161\u00ed p\u0159\u00edchut\u011b Snacknutek! <\/strong><\/p>\n<ul>\n<li>ovocn\u00e9 i o\u0159echov\u00e9<\/li>\n<li>vegansk\u00e9, bezlepkov\u00e9, s vysok\u00fdm obsahem vl\u00e1kniny i proteinov\u00e9<\/li>\n<li>bez p\u0159idan\u00e9ho cukru a sladidel<\/li>\n<li>prudce n\u00e1vykov\u00e9<\/li>\n<\/ul>\n<p>&nbsp;<\/p>\n","protected":false},"excerpt":{"rendered":"<p><strong>O\u0159\u00ed\u0161kov\u00e1, vegansk\u00e1, proteinov\u00e1 a d\u00edky kokosu tak tro\u0161ku exotick\u00e1. <\/strong>Takov\u00e1 je Fitnutka Ke\u0161u a kokos v ty\u010dince \ud83d\ude42.<\/p>\n<p><strong>Nakup v\u00fdhodn\u011b, 4+1 ZDARMA!<\/strong><\/p>\n<p>&nbsp;<\/p>\n<p><img loading=\"lazy\" decoding=\"async\" class=\"alignnone wp-image-171121\" src=\"https:\/\/fitshaker.sk\/eshop\/wp-content\/uploads\/2024\/12\/CZ-Snacknutka-Kesu-a-kokos.png\" alt=\"veganska proteinova tycinka Fitshaker\" width=\"557\" height=\"100\" srcset=\"https:\/\/fitshaker.cz\/eshop\/wp-content\/uploads\/2024\/12\/CZ-Snacknutka-Kesu-a-kokos.png 4914w, https:\/\/fitshaker.cz\/eshop\/wp-content\/uploads\/2024\/12\/CZ-Snacknutka-Kesu-a-kokos-350x63.png 350w, https:\/\/fitshaker.cz\/eshop\/wp-content\/uploads\/2024\/12\/CZ-Snacknutka-Kesu-a-kokos-595x107.png 595w, https:\/\/fitshaker.cz\/eshop\/wp-content\/uploads\/2024\/12\/CZ-Snacknutka-Kesu-a-kokos-385x69.png 385w, https:\/\/fitshaker.cz\/eshop\/wp-content\/uploads\/2024\/12\/CZ-Snacknutka-Kesu-a-kokos-768x138.png 768w, https:\/\/fitshaker.cz\/eshop\/wp-content\/uploads\/2024\/12\/CZ-Snacknutka-Kesu-a-kokos-1536x276.png 1536w, https:\/\/fitshaker.cz\/eshop\/wp-content\/uploads\/2024\/12\/CZ-Snacknutka-Kesu-a-kokos-2048x368.png 2048w, https:\/\/fitshaker.cz\/eshop\/wp-content\/uploads\/2024\/12\/CZ-Snacknutka-Kesu-a-kokos-450x81.png 450w\" sizes=\"(max-width: 557px) 100vw, 557px\" \/><\/p>\n","protected":false},"featured_media":187903,"comment_status":"open","ping_status":"closed","template":"","meta":{"_acf_changed":false},"product_cat":[213,251],"product_tag":[],"bundle_layout":"","bundled_by":[],"bundled_items":[],"acf":[],"_links":{"self":[{"href":"https:\/\/fitshaker.cz\/eshop\/cs\/wp-json\/wp\/v2\/product\/184402"}],"collection":[{"href":"https:\/\/fitshaker.cz\/eshop\/cs\/wp-json\/wp\/v2\/product"}],"about":[{"href":"https:\/\/fitshaker.cz\/eshop\/cs\/wp-json\/wp\/v2\/types\/product"}],"replies":[{"embeddable":true,"href":"https:\/\/fitshaker.cz\/eshop\/cs\/wp-json\/wp\/v2\/comments?post=184402"}],"wp:featuredmedia":[{"embeddable":true,"href":"https:\/\/fitshaker.cz\/eshop\/cs\/wp-json\/wp\/v2\/media\/187903"}],"wp:attachment":[{"href":"https:\/\/fitshaker.cz\/eshop\/cs\/wp-json\/wp\/v2\/media?parent=184402"}],"wp:term":[{"taxonomy":"product_cat","embeddable":true,"href":"https:\/\/fitshaker.cz\/eshop\/cs\/wp-json\/wp\/v2\/product_cat?post=184402"},{"taxonomy":"product_tag","embeddable":true,"href":"https:\/\/fitshaker.cz\/eshop\/cs\/wp-json\/wp\/v2\/product_tag?post=184402"}],"curies":[{"name":"wp","href":"https:\/\/api.w.org\/{rel}","templated":true}]}}