{"id":192159,"date":"2025-09-11T13:00:37","date_gmt":"2025-09-11T11:00:37","guid":{"rendered":"https:\/\/fitshaker.sk\/eshop\/?post_type=product&#038;p=192159"},"modified":"2026-03-19T20:02:16","modified_gmt":"2026-03-19T19:02:16","slug":"kozmeticka-tasticka-fitshaker-cz","status":"publish","type":"product","link":"https:\/\/fitshaker.cz\/eshop\/cs\/produkt\/kozmeticka-tasticka-fitshaker-cz","title":{"rendered":"Kosmetick\u00e1 ta\u0161ti\u010dka Fitshaker (\u010desk\u00fd text)"},"content":{"rendered":"<p>Bavln\u011bn\u00e1 kosmetick\u00e1 ta\u0161ti\u010dka \u2013 praktick\u00e1 a stylov\u00e1 pomocnice na cesty i pro ka\u017edodenn\u00ed pou\u017eit\u00ed.<\/p>\n<p>Je vyrobena z kvalitn\u00ed fairtrade bavlny v p\u0159\u00edrodn\u00ed b\u00e9\u017eov\u00e9 barv\u011b, kter\u00e1 p\u016fsob\u00ed nad\u010dasov\u011b. Ta\u0161ti\u010dka se zap\u00edn\u00e1 na zip.<\/p>\n<p>S rozm\u011brem<strong> 24 \u00d7 6 \u00d7 17 cm<\/strong> nab\u00edz\u00ed dostatek prostoru na kosmetiku, drobnosti \u010di osobn\u00ed v\u011bci, kter\u00e9 chce\u0161 m\u00edt v\u017edy po ruce.<\/p>\n<p>Unik\u00e1tn\u00edm detailem je motiva\u010dn\u00ed potisk <strong>\u201eBu\u010f si oporou, kterou jsi tak dlouho hledala jinde.\u201c<\/strong>, kter\u00fd ti ka\u017ed\u00fd den p\u0159ipomene tvou vnit\u0159n\u00ed s\u00edlu a povzbud\u00ed t\u011b, a\u0165 jsi kdekoliv.<\/p>\n<p>Materi\u00e1l: bavlna<br \/>\nRozm\u011br: 24 \u00d7 6 \u00d7 17 cm (d \u00d7 \u0161 \u00d7 v)<\/p>\n","protected":false},"excerpt":{"rendered":"<p>Stylov\u00e1 kosmetick\u00e1 ta\u0161ti\u010dka z fairtrade bavlny v p\u0159\u00edrodn\u00ed b\u00e9\u017eov\u00e9 barv\u011b s motiva\u010dn\u00edm potiskem.<br \/>\nPraktick\u00fd rozm\u011br 24 \u00d7 6 \u00d7 17 cm, ide\u00e1ln\u00ed na kosmetiku a drobnosti.<\/p>\n<p>Na sklad\u011b je omezen\u00e9 mno\u017estv\u00ed, tak nev\u00e1hej a uchmatni si tu svou\ud83e\udd17!<\/p>\n","protected":false},"featured_media":192530,"comment_status":"open","ping_status":"closed","template":"","meta":{"_acf_changed":false},"product_cat":[215],"product_tag":[],"bundle_layout":"","bundled_by":[],"bundled_items":[],"acf":[],"_links":{"self":[{"href":"https:\/\/fitshaker.cz\/eshop\/cs\/wp-json\/wp\/v2\/product\/192159"}],"collection":[{"href":"https:\/\/fitshaker.cz\/eshop\/cs\/wp-json\/wp\/v2\/product"}],"about":[{"href":"https:\/\/fitshaker.cz\/eshop\/cs\/wp-json\/wp\/v2\/types\/product"}],"replies":[{"embeddable":true,"href":"https:\/\/fitshaker.cz\/eshop\/cs\/wp-json\/wp\/v2\/comments?post=192159"}],"wp:featuredmedia":[{"embeddable":true,"href":"https:\/\/fitshaker.cz\/eshop\/cs\/wp-json\/wp\/v2\/media\/192530"}],"wp:attachment":[{"href":"https:\/\/fitshaker.cz\/eshop\/cs\/wp-json\/wp\/v2\/media?parent=192159"}],"wp:term":[{"taxonomy":"product_cat","embeddable":true,"href":"https:\/\/fitshaker.cz\/eshop\/cs\/wp-json\/wp\/v2\/product_cat?post=192159"},{"taxonomy":"product_tag","embeddable":true,"href":"https:\/\/fitshaker.cz\/eshop\/cs\/wp-json\/wp\/v2\/product_tag?post=192159"}],"curies":[{"name":"wp","href":"https:\/\/api.w.org\/{rel}","templated":true}]}}