{"id":192934,"date":"2025-09-23T12:02:22","date_gmt":"2025-09-23T10:02:22","guid":{"rendered":"https:\/\/fitshaker.sk\/eshop\/?post_type=product&#038;p=192934"},"modified":"2026-03-12T21:56:58","modified_gmt":"2026-03-12T20:56:58","slug":"balicek-magnezium","status":"publish","type":"product","link":"https:\/\/fitshaker.cz\/eshop\/cs\/produkt\/balicek-magnezium","title":{"rendered":"Bal\u00ed\u010dek Magnezium"},"content":{"rendered":"<h3>Bal\u00ed\u010dek Magnezium obsahuje:<\/h3>\n<ul>\n<li>1x balen\u00ed\u00a0<a href=\"https:\/\/fitshaker.cz\/eshop\/produkt\/magnesium-bisglycinate\"><strong> FITSHAKER MAGNESIUM BISGLYCINATE COMPLEX + B6\u00a0(90 kaps\u00fal)<\/strong><\/a><br \/>\n<strong>Datum minim\u00e1ln\u00ed trvanlivsoti: 30.4.2027<\/strong><br \/>\nVysoce vst\u0159ebateln\u00e1 forma ho\u0159\u010d\u00edku (magnesium bisglycin\u00e1t), kter\u00e1 m\u00e1 pozitivn\u00ed vliv na du\u0161evn\u00ed zdrav\u00ed, psychickou poskytuje a nervovou soustavu. M\u00e1 uklid\u0148uj\u00edc\u00ed \u00fa\u010dinky.<\/li>\n<li>1x balen\u00ed\u00a0<a href=\"https:\/\/fitshaker.cz\/eshop\/produkt\/vitamin-magnesium-malate\"><strong> FITSHAKER MAGNESIUM MALATE + B6 (90 kaps\u00fal)<\/strong><\/a><br \/>\n<strong>Datum minim\u00e1ln\u00ed trvanlivsoti: 27.8.2026<\/strong><br \/>\nVysoce vst\u0159ebateln\u00e1 forma ho\u0159\u010d\u00edku (magnesium mal\u00e1t), kter\u00e1 m\u00e1 povzbuzuj\u00edc\u00ed \u00fa\u010dinky, je vhodn\u00e1 k podpo\u0159e energie a vitality a m\u00e1 pozitivn\u00ed vliv na zdrav\u00ed, psychickou zp\u016fsobila a nervovou soustavu.<\/li>\n<\/ul>\n<p>&nbsp;<\/p>\n","protected":false},"excerpt":{"rendered":"<p>Bal\u00ed\u010dek vysoce vst\u0159ebateln\u00fdch forem magn\u00e9zia (magnesium bisglycin\u00e1t a magnesium mal\u00e1t). V\u00fdborn\u00e1 kombinace pro podporu nervov\u00e9 soustavy a du\u0161evn\u00ed rovnov\u00e1hy. Magn\u00e9zium mal\u00e1t \u2013 vhodn\u00e9 pro dod\u00e1n\u00ed rann\u00ed energie a Magnesium bisglycin\u00e1t \u2013 ide\u00e1ln\u00ed pro ve\u010dern\u00ed zklidn\u011bn\u00ed a regeneraci.<\/p>\n<p><img loading=\"lazy\" decoding=\"async\" class=\"alignnone wp-image-171118\" src=\"https:\/\/fitshaker.sk\/eshop\/wp-content\/uploads\/2024\/12\/CZ-vitaminy.png\" alt=\"kvalitne vitaminy a mineraly\" width=\"557\" height=\"100\" srcset=\"https:\/\/fitshaker.cz\/eshop\/wp-content\/uploads\/2024\/12\/CZ-vitaminy.png 4914w, https:\/\/fitshaker.cz\/eshop\/wp-content\/uploads\/2024\/12\/CZ-vitaminy-350x63.png 350w, https:\/\/fitshaker.cz\/eshop\/wp-content\/uploads\/2024\/12\/CZ-vitaminy-595x107.png 595w, https:\/\/fitshaker.cz\/eshop\/wp-content\/uploads\/2024\/12\/CZ-vitaminy-385x69.png 385w, https:\/\/fitshaker.cz\/eshop\/wp-content\/uploads\/2024\/12\/CZ-vitaminy-768x138.png 768w, https:\/\/fitshaker.cz\/eshop\/wp-content\/uploads\/2024\/12\/CZ-vitaminy-1536x276.png 1536w, https:\/\/fitshaker.cz\/eshop\/wp-content\/uploads\/2024\/12\/CZ-vitaminy-2048x368.png 2048w, https:\/\/fitshaker.cz\/eshop\/wp-content\/uploads\/2024\/12\/CZ-vitaminy-450x81.png 450w\" sizes=\"(max-width: 557px) 100vw, 557px\" \/><\/p>\n","protected":false},"featured_media":192162,"comment_status":"open","ping_status":"closed","template":"","meta":{"_acf_changed":false},"product_cat":[251],"product_tag":[],"bundle_layout":"","bundled_by":[],"bundled_items":[],"acf":[],"_links":{"self":[{"href":"https:\/\/fitshaker.cz\/eshop\/cs\/wp-json\/wp\/v2\/product\/192934"}],"collection":[{"href":"https:\/\/fitshaker.cz\/eshop\/cs\/wp-json\/wp\/v2\/product"}],"about":[{"href":"https:\/\/fitshaker.cz\/eshop\/cs\/wp-json\/wp\/v2\/types\/product"}],"replies":[{"embeddable":true,"href":"https:\/\/fitshaker.cz\/eshop\/cs\/wp-json\/wp\/v2\/comments?post=192934"}],"wp:featuredmedia":[{"embeddable":true,"href":"https:\/\/fitshaker.cz\/eshop\/cs\/wp-json\/wp\/v2\/media\/192162"}],"wp:attachment":[{"href":"https:\/\/fitshaker.cz\/eshop\/cs\/wp-json\/wp\/v2\/media?parent=192934"}],"wp:term":[{"taxonomy":"product_cat","embeddable":true,"href":"https:\/\/fitshaker.cz\/eshop\/cs\/wp-json\/wp\/v2\/product_cat?post=192934"},{"taxonomy":"product_tag","embeddable":true,"href":"https:\/\/fitshaker.cz\/eshop\/cs\/wp-json\/wp\/v2\/product_tag?post=192934"}],"curies":[{"name":"wp","href":"https:\/\/api.w.org\/{rel}","templated":true}]}}