{"id":202304,"date":"2026-03-02T11:55:19","date_gmt":"2026-03-02T10:55:19","guid":{"rendered":"https:\/\/fitshaker.sk\/eshop\/?post_type=product&#038;p=202304"},"modified":"2026-04-27T17:31:55","modified_gmt":"2026-04-27T15:31:55","slug":"protismykova-podlozka-na-cvicenie-light-vypredaj","status":"publish","type":"product","link":"https:\/\/fitshaker.cz\/eshop\/cs\/produkt\/protismykova-podlozka-na-cvicenie-light-vypredaj","title":{"rendered":"Protiskluzov\u00e1 podlo\u017eka na cvi\u010den\u00ed LIGHT &#8211; fialov\u00e1 (2. jakost)"},"content":{"rendered":"<p><strong>Podlo\u017eka na cvi\u010den\u00ed Light:<\/strong><\/p>\n<p><strong>\u2022 lehk\u00e1 podlo\u017eka s hmotnost\u00ed 1,25 kg<\/strong><br \/>\n<strong>\u2022 tenk\u00e1 s tlou\u0161\u0165kou 1,5 mm<\/strong><br \/>\n<strong>\u2022 rozm\u011bry 185 cm x 68 cm x 0,15 cm (d\u00e9lka x \u0161\u00ed\u0159ka x tlou\u0161\u0165ka)<\/strong><br \/>\n<strong>\u2022 dokonale p\u0159ilnav\u00e1 a protiskluzov\u00e1<\/strong><br \/>\n<strong>\u2022 POZOR! Sou\u010d\u00e1st\u00ed balen\u00ed je i Fitshaker obal na p\u0159enos podlo\u017eky v hodnot\u011b 12 \u20ac jako d\u00e1rek!<\/strong><br \/>\n<strong>\u2022 ide\u00e1ln\u00ed na cesty<\/strong><br \/>\n<strong>\u2022 povrch se snadno \u010dist\u00ed<\/strong><br \/>\n<strong>\u2022 jednoduch\u00fd, minimalistick\u00fd design vhodn\u00fd pro ka\u017ed\u00e9ho<\/strong><br \/>\nLight protiskluzov\u00e1 podlo\u017eka s gumovou spodn\u00ed vrstvou <strong>se neroluje, nema\u010dk\u00e1, dokonale kop\u00edruje rovn\u00fd tvrd\u00fd povrch.<\/strong> Je <strong>ide\u00e1ln\u00ed na j\u00f3gu<\/strong>, rovnov\u00e1\u017en\u00e9 a statick\u00e9 pozice, proto\u017ee se noha neno\u0159\u00ed do m\u011bkk\u00e9 podlo\u017eky a je stabiln\u011bj\u0161\u00ed. Z\u00e1rove\u0148 je v\u0161ak<strong> perfektn\u00ed na ak\u010dn\u00ed a dynamick\u00fd tr\u00e9nink<\/strong>, proto\u017ee se neh\u00fdbe a dr\u017e\u00ed na podlaze jako p\u0159ilepen\u00e1.<\/p>\n<p>Je vhodn\u00e1 na cvi\u010den\u00ed p\u0159edev\u0161\u00edm na rovn\u00e9 podlaze, proto\u017ee toto tenk\u00e9 proveden\u00ed podlo\u017eky kop\u00edruje nerovnosti. Nen\u00ed vhodn\u00e1 na koberec. Jestli hled\u00e1\u0161 podlo\u017eku na m\u011bk\u010d\u00ed povrch, pod\u00edvej se na\u0161i obl\u00edbenou <a href=\"https:\/\/fitshaker.cz\/eshop\/podlozka-na-cvicenie.\">protiskluzovou podlo\u017eku o tlou\u0161\u0165ce 4 mm.\u00a0<\/a><\/p>\n<p>Tentokr\u00e1t jsme zvolili hladk\u00fd<strong> jednobarevn\u00fd design<\/strong> s vygrav\u00edrovan\u00fdm logem Fitshaker pro ty, kdo miluj\u00ed jednoduchost.<strong> Podlo\u017eky maj\u00ed vrchn\u00ed polyuretanovou vrstvu, kter\u00e1 dob\u0159e tlum\u00ed a m\u00e1 vysokou odolnost v\u016f\u010di opot\u0159eben\u00ed<\/strong>, proto se i v\u00fdborn\u011b \u010dist\u00ed. Nemus\u00ed\u0161 se tedy b\u00e1t vz\u00edt si ji na cesty a d\u00e1t j\u00ed po\u0159\u00e1dn\u011b zabrat.<\/p>\n<p><strong>Balen\u00ed obsahuje praktick\u00fd bavln\u011bn\u00fd obal na j\u00f3gamatku s posuvn\u00fdm ram\u00ednkem v hodnot\u011b 12 \u20ac jako d\u00e1rek!<\/strong><\/p>\n<p>Tak si poj\u010f zamakat, vezmi podlo\u017eku na ramena a u\u017e \u017e\u00e1dn\u00e9 v\u00fdmluvy! \ud83d\ude18<\/p>\n<p>&nbsp;<\/p>\n<p><strong>\ud83d\udce2 <em>INFO O DORU\u010cEN\u00cd<\/em> \ud83d\ude9a\ud83e\udd17:<\/strong><br \/>\n<em><strong>Podlo\u017eka chod\u00ed v\u017edy zabalen\u00e1 v samostatn\u00e9m bal\u00ed\u010dku.<br \/>\nPokud si tedy od n\u00e1s objedn\u00e1\u0161 v\u00edce v\u011bci\u010dek, p\u0159ijdou ti 2 bal\u00ed\u010dky. N\u011bkdy se m\u016f\u017ee st\u00e1t, \u017ee se v t\u0159\u00edd\u00edc\u00edm centru p\u0159epravn\u00ed spole\u010dnosti rozd\u011bl\u00ed a nep\u0159ijdou ti najednou. Ale nemus\u00ed\u0161 m\u00edt obavy\ud83d\ude09\u00a0<\/strong><\/em><em style=\"background-color: var(--global--color-background); color: var(--global--color-primary); font-family: var(--global--font-secondary); font-size: var(--global--font-size-base);\"><strong>, i druh\u00fd bal\u00ed\u010dek ur\u010dit\u011b doraz\u00ed, v\u011bt\u0161inou n\u00e1sleduj\u00edc\u00ed pracovn\u00ed den.<\/strong><\/em><\/p>\n","protected":false},"excerpt":{"rendered":"<p><strong>V\u00fdrazn\u00e1 sleva s malou chybi\u010dkou kr\u00e1sy!<\/strong><br \/>\n<strong>Na sklad\u011b m\u00e1me p\u00e1r podlo\u017eek na cvi\u010den\u00ed, kter\u00e9 jsou pln\u011b funk\u010dn\u00ed, kvalitn\u00ed a p\u0159ipraven\u00e9 pro ka\u017ed\u00fd tr\u00e9nink \u2013 jedin\u00fd rozd\u00edl je mal\u00e1 vizu\u00e1ln\u00ed nedokonalost.<\/strong><br \/>\n<strong>Na podlo\u017ek\u00e1ch jsou jemn\u00e9 p\u00e1sy\/fleky<\/strong>, kter\u00e9 vznikly p\u0159i skladov\u00e1n\u00ed, kdy\u017e byly podlo\u017eky d\u00e9le zato\u010den\u00e9.<strong> Na n\u011bkter\u00fdch podlo\u017ek\u00e1ch jsou v\u00edce viditeln\u00e9, na n\u011bkter\u00fdch m\u00e9n\u011b (viz foto).<\/strong><br \/>\n<strong>Na funk\u010dnost, komfort ani \u017eivotnost to nem\u00e1 \u017e\u00e1dn\u00fd vliv.<\/strong> Pokud ti nevad\u00ed mal\u00e1 estetick\u00e1 chybi\u010dka, m\u016f\u017ee\u0161 z\u00edskat podlo\u017eku za v\u00fdrazn\u011b sn\u00ed\u017eenou cenu.<br \/>\n<strong>Nav\u00edc sou\u010d\u00e1st\u00ed podlo\u017eky je tak\u00e9 pln\u011b funk\u010dn\u00ed, nepo\u0161kozen\u00fd vak na podlo\u017eku.<\/strong><br \/>\n<strong>Upozorn\u011bn\u00ed: Jeliko\u017e se jedn\u00e1 o zbo\u017e\u00ed se zohledn\u011bnou estetickou vadou, na podlo\u017eku se nevztahuje mo\u017enost reklamace z d\u016fvodu t\u00e9to vady.<\/strong><\/p>\n","protected":false},"featured_media":162561,"comment_status":"open","ping_status":"closed","template":"","meta":{"_acf_changed":false},"product_cat":[215],"product_tag":[],"bundle_layout":"","bundled_by":[],"bundled_items":[],"acf":[],"_links":{"self":[{"href":"https:\/\/fitshaker.cz\/eshop\/cs\/wp-json\/wp\/v2\/product\/202304"}],"collection":[{"href":"https:\/\/fitshaker.cz\/eshop\/cs\/wp-json\/wp\/v2\/product"}],"about":[{"href":"https:\/\/fitshaker.cz\/eshop\/cs\/wp-json\/wp\/v2\/types\/product"}],"replies":[{"embeddable":true,"href":"https:\/\/fitshaker.cz\/eshop\/cs\/wp-json\/wp\/v2\/comments?post=202304"}],"wp:featuredmedia":[{"embeddable":true,"href":"https:\/\/fitshaker.cz\/eshop\/cs\/wp-json\/wp\/v2\/media\/162561"}],"wp:attachment":[{"href":"https:\/\/fitshaker.cz\/eshop\/cs\/wp-json\/wp\/v2\/media?parent=202304"}],"wp:term":[{"taxonomy":"product_cat","embeddable":true,"href":"https:\/\/fitshaker.cz\/eshop\/cs\/wp-json\/wp\/v2\/product_cat?post=202304"},{"taxonomy":"product_tag","embeddable":true,"href":"https:\/\/fitshaker.cz\/eshop\/cs\/wp-json\/wp\/v2\/product_tag?post=202304"}],"curies":[{"name":"wp","href":"https:\/\/api.w.org\/{rel}","templated":true}]}}