{"id":155648,"date":"2024-07-24T12:32:04","date_gmt":"2024-07-24T10:32:04","guid":{"rendered":"https:\/\/fitshaker-eshop-prod.goodrequest.dev\/eshop\/?post_type=product&#038;p=155648"},"modified":"2026-03-19T11:14:19","modified_gmt":"2026-03-19T10:14:19","slug":"modre-leginy-fitshaker-x-abraka","status":"publish","type":"product","link":"https:\/\/fitshaker.cz\/eshop\/produkt\/modre-leginy-fitshaker-x-abraka","title":{"rendered":"Modr\u00e9 Leg\u00edny Fitshaker x Abraka\u00ae"},"content":{"rendered":"<p>Leg\u00edny ve spolupr\u00e1ci se slovenskou zna\u010dkou\u00a0Abraka\u00ae\u00a0podporuj\u00edc\u00ed\u00a0lok\u00e1ln\u00ed\u00a0v\u00fdrobu<br \/>\na\u00a0ekologickou\u00a0m\u00f3du maj\u00ed vesel\u00fd, nep\u0159ehl\u00e9dnuteln\u00fd design a d\u00edky pe\u010dliv\u00e9mu<br \/>\nv\u00fdb\u011bru\u00a0pr\u00e9miov\u00fdch evropsk\u00fdch materi\u00e1l\u016f\u00a0a ploch\u00e9mu \u0161vu se v nich budete c\u00edtit jako\u00a0v druh\u00e9<br \/>\nk\u016f\u017ei. Jsou vyrobeny z materi\u00e1lu Shine, kter\u00fd se vyzna\u010duje vysok\u00fdm komfortem no\u0161en\u00ed. Tento<br \/>\nmateri\u00e1l je\u00a0prody\u0161n\u00fd, extra jemn\u00fd, s vysokou hustotou pleten\u00ed, d\u00edky \u010demu\u017e dosahuj\u00ed vysok\u00e9<br \/>\nodolnosti v\u016f\u010di prosv\u00edt\u00e1n\u00ed, velkou rozta\u017enost pro volnost pohybu a UVB ochranu SPF 50+<br \/>\nP\u0159i v\u00fdb\u011bru velikosti doporu\u010dujeme dr\u017eet se standardn\u00ed konfek\u010dn\u00ed velikosti, kterou b\u011b\u017en\u011b nos\u00edte.<br \/>\nOv\u011b\u0159it si velikost doporu\u010dujeme ve velikostn\u00ed tabulce. Nejmen\u0161\u00ed velikost leg\u00edn S je vhodn\u00e1 i na<br \/>\npostavy konfek\u010dn\u00ed velikosti 34.<\/p>\n<p>Rozm\u011bry:<br \/>\nVelikost S: pas 60 \u2013 72 cm, boky 83 \u2013 93 cm, v\u00fd\u0161ka do 175 cm<br \/>\nVelikost M: pas 70 \u2013 82 cm, boky 93 \u2013 103 cm, v\u00fd\u0161ka do 183 cm<br \/>\nVelikost L: pas 80 \u2013 92 cm, 100 \u2013 110 cm, v\u00fd\u0161ka do 188 cm<\/p>\n<p>P\u00e9\u010de o produkt: Pr\u00e1t obr\u00e1cen\u00e9 na 30\u00b0, nepou\u017e\u00edvat aviv\u00e1\u017e, nesu\u0161it v su\u0161i\u010dce, vyvarovat se od\u011bru s<br \/>\nostr\u00fdmi p\u0159edm\u011bty.<\/p>\n","protected":false},"excerpt":{"rendered":"<p>Modr\u00e9 pestrobarevn\u00e9 leg\u00edny ve spolupr\u00e1ci se slovenskou zna\u010dkou Abraka\u00ae. Prody\u0161n\u00fd extra jemn\u00fd a pohodln\u00fd materi\u00e1l, flexibiln\u00ed a p\u0159izp\u016fsobiv\u00e9 leg\u00edny s extra vysok\u00fdm pasem! Jsou dokonal\u00e9 :)<\/p>\n","protected":false},"featured_media":154828,"comment_status":"open","ping_status":"closed","template":"","meta":{"_acf_changed":false},"product_cat":[214],"product_tag":[],"bundle_layout":"","bundled_by":[],"bundled_items":[],"acf":[],"_links":{"self":[{"href":"https:\/\/fitshaker.cz\/eshop\/wp-json\/wp\/v2\/product\/155648"}],"collection":[{"href":"https:\/\/fitshaker.cz\/eshop\/wp-json\/wp\/v2\/product"}],"about":[{"href":"https:\/\/fitshaker.cz\/eshop\/wp-json\/wp\/v2\/types\/product"}],"replies":[{"embeddable":true,"href":"https:\/\/fitshaker.cz\/eshop\/wp-json\/wp\/v2\/comments?post=155648"}],"wp:featuredmedia":[{"embeddable":true,"href":"https:\/\/fitshaker.cz\/eshop\/wp-json\/wp\/v2\/media\/154828"}],"wp:attachment":[{"href":"https:\/\/fitshaker.cz\/eshop\/wp-json\/wp\/v2\/media?parent=155648"}],"wp:term":[{"taxonomy":"product_cat","embeddable":true,"href":"https:\/\/fitshaker.cz\/eshop\/wp-json\/wp\/v2\/product_cat?post=155648"},{"taxonomy":"product_tag","embeddable":true,"href":"https:\/\/fitshaker.cz\/eshop\/wp-json\/wp\/v2\/product_tag?post=155648"}],"curies":[{"name":"wp","href":"https:\/\/api.w.org\/{rel}","templated":true}]}}