{"id":155695,"date":"2024-07-24T12:32:19","date_gmt":"2024-07-24T10:32:19","guid":{"rendered":"https:\/\/fitshaker-eshop-prod.goodrequest.dev\/eshop\/?post_type=product&#038;p=155695"},"modified":"2026-03-31T19:18:21","modified_gmt":"2026-03-31T17:18:21","slug":"kratke-sortky-basic","status":"publish","type":"product","link":"https:\/\/fitshaker.cz\/eshop\/produkt\/kratke-sortky-basic","title":{"rendered":"Kr\u00e1tk\u00e9 \u0161ortky BASIC"},"content":{"rendered":"<p><strong>BASIC kolekce sportovn\u00edho oble\u010den\u00ed vytvo\u0159en\u00e1 Fitshakerem pro v\u0161echny aktivn\u00ed \u017eeny je tady! Vznikla s d\u016frazem na pohodl\u00ed, funk\u010dnost a prakti\u010dnost. <\/strong><\/p>\n<p><strong>Dali jsme si z\u00e1le\u017eet na zaj\u00edmav\u00fdch st\u0159iz\u00edch, z nich\u017e si vybere ka\u017ed\u00e1 (nejen) Fitshakera\u010dka. <\/strong><strong>U\u0161ily jsme to, co jsme sami hledali. Tak\u017ee vy u\u017e hledat nemus\u00edte! <\/strong><strong>\u2764\ufe0f<\/strong><\/p>\n<p>&nbsp;<\/p>\n<p><strong>FITSHAKER BASIC KOLEKCE VE 3 BARV\u00c1CH:<\/strong><\/p>\n<ul>\n<li><strong>Z\u00e1kladn\u00ed BLACK<\/strong> \u2013 univerz\u00e1ln\u00ed \u010dern\u00e1, kter\u00e1 nesm\u00ed chyb\u011bt \u017e\u00e1dn\u00e9 fitshakera\u010dce \ud83d\ude09, hod\u00ed se ke v\u0161emu, skv\u011ble se kombinuje a nikdy nevyjde z m\u00f3dy.<\/li>\n<li><strong>Exotick\u00e1 CAYENNE<\/strong> barva rozz\u00e1\u0159\u00ed, okouzl\u00ed a upout\u00e1 ka\u017ed\u00e9ho. Tato barva se skv\u011ble hod\u00ed i k na\u0161\u00ed Basic BLACK kolekci. Je tu pro v\u0161echny aktivn\u00ed \u017eeny, kter\u00e9 cht\u011bj\u00ed vyniknout!<\/li>\n<li><strong>Kr\u00e1sn\u00e1, jemn\u00e1, n\u011b\u017en\u00e1 a \u017eensk\u00e1 NUDE<\/strong>. I tento odst\u00edn snadno slad\u00ed\u0161 se v\u0161emi na\u0161imi Fitshaker kousky, ale i s kter\u00fdmikoli jin\u00fdmi \u2013 tv\u00fdmi obl\u00edben\u00fdmi.<\/li>\n<\/ul>\n<p>&nbsp;<\/p>\n<p>Kr\u00e1tk\u00e9 \u0161ortky jsou neodmyslitelnou sou\u010d\u00e1st\u00ed letn\u00edch aktivit, hod\u00ed se na celoro\u010dn\u00ed online cvi\u010den\u00ed v\u00a0pohodl\u00ed domova s\u00a0Fitshakerem. A\u00a0taky se zaraduj\u00ed, kdy\u017e je vezmete prov\u011btrat do fitka. \ud83d\ude42<\/p>\n<p>Je jen na v\u00e1s, v\u00a0\u010dem r\u00e1dy cvi\u010d\u00edte! Oble\u010den\u00ed v\u00e1s v\u00a0tom omezovat nesm\u00ed. \ud83d\ude09<\/p>\n<p>Pro celou kolekci kalhot (kr\u00e1tk\u00e9, cyklistick\u00e9 \u0161ortky a\u00a0dlouh\u00e9 leg\u00edny) jsme pou\u017eili stejn\u011b pohodln\u00fd a\u00a0d\u016fmysln\u011b propracovan\u00fd st\u0159ih s\u00a0vysok\u00fdm pasem. \u0160ortky <strong>skv\u011ble sednou, dr\u017e\u00ed \u2013 nesklouz\u00e1vaj\u00ed p\u0159i cvi\u010den\u00ed, maj\u00ed pohodln\u00fd, FAKT vysok\u00fd pas a\u00a0pou\u017eili jsme p\u0159\u00edjemn\u00fd funk\u010dn\u00ed materi\u00e1l.<\/strong> My i\u00a0na\u0161e tren\u00e9rky zkr\u00e1tka v\u00edme, v\u00a0\u010dem se dob\u0159e cvi\u010d\u00ed a\u00a0v\u00a0\u010dem se \u017eeny dob\u0159e c\u00edt\u00ed. \ud83d\ude42<\/p>\n<p><strong>Kr\u00e1tk\u00e9 \u0161ortky u\u00a0n\u00e1s najdete ve velikostech od XS a\u017e po XL. Vyberte si velikost, kterou b\u011b\u017en\u011b nos\u00edte. <\/strong>Pokud v\u0161ak chcete, aby v\u00e1s \u0161ortky v\u00edc stahovaly, nebo se rozhodujete mezi 2\u00a0velikostmi, s\u00e1hn\u011bte po men\u0161\u00ed velikosti \u2013 materi\u00e1l a\u00a0st\u0159ih je velmi flexibiln\u00ed a\u00a0p\u0159izp\u016fsobiv\u00fd.<\/p>\n<p><strong>Materi\u00e1l je prody\u0161n\u00fd a\u00a0rychle schne. <\/strong>Na hork\u00e9 letn\u00ed dny vyzkou\u0161ejte i\u00a0cyklistick\u00e9 \u0161ortky a\u00a0na ty chladn\u011bj\u0161\u00ed dlouh\u00e9 leg\u00edny.<\/p>\n<p><strong>Slo\u017een\u00ed materi\u00e1lu:<\/strong> 82\u00a0% polyester, 18\u00a0% elastan<\/p>\n<p><strong>P\u00e9\u010de o\u00a0produkt: <\/strong>Pr\u00e1t naruby na 30\u00a0\u00b0C, nepou\u017e\u00edvat aviv\u00e1\u017e, nesu\u0161it v\u00a0su\u0161i\u010dce, vyvarovat se ot\u011bru o\u00a0ostr\u00e9 p\u0159edm\u011bty.<\/p>\n<p><strong>Na\u0161e BASIC a COMPRESS kolekce je u\u0161it\u00e1 v Polsku z l\u00e1tek vyroben\u00fdch v Polsku.<\/strong><br \/>\nVznikla ve f\u00e9r podm\u00ednk\u00e1ch. Na\u0161e dodavatele, \u0161vadleny i n\u00e1vrh\u00e1\u0159ky osobn\u011b zn\u00e1me, stejn\u011b jako m\u00edsta, ve kter\u00fdch pracuj\u00ed.<\/p>\n<p><img loading=\"lazy\" decoding=\"async\" class=\"alignnone wp-image-125022 size-full\" src=\"https:\/\/eshop.fitshaker.sk\/wp-content\/uploads\/2023\/06\/Kratke-sortky-BASIC-CZ-2.jpg\" alt=\"Tabulka velikosti Fitshaker sportovni obleceni\" width=\"1772\" height=\"856\" srcset=\"https:\/\/fitshaker.cz\/eshop\/wp-content\/uploads\/2023\/06\/Kratke-sortky-BASIC-CZ-2.jpg 1772w, https:\/\/fitshaker.cz\/eshop\/wp-content\/uploads\/2023\/06\/Kratke-sortky-BASIC-CZ-2-300x145.jpg 300w, https:\/\/fitshaker.cz\/eshop\/wp-content\/uploads\/2023\/06\/Kratke-sortky-BASIC-CZ-2-1024x495.jpg 1024w, https:\/\/fitshaker.cz\/eshop\/wp-content\/uploads\/2023\/06\/Kratke-sortky-BASIC-CZ-2-768x371.jpg 768w, https:\/\/fitshaker.cz\/eshop\/wp-content\/uploads\/2023\/06\/Kratke-sortky-BASIC-CZ-2-1536x742.jpg 1536w, https:\/\/fitshaker.cz\/eshop\/wp-content\/uploads\/2023\/06\/Kratke-sortky-BASIC-CZ-2-1568x757.jpg 1568w, https:\/\/fitshaker.cz\/eshop\/wp-content\/uploads\/2023\/06\/Kratke-sortky-BASIC-CZ-2-600x290.jpg 600w\" sizes=\"(max-width: 1772px) 100vw, 1772px\" \/><\/p>\n","protected":false},"excerpt":{"rendered":"<p>\u0160ortky <strong>skv\u011ble sednou, dr\u017e\u00ed \u2013 nesklouz\u00e1vaj\u00ed p\u0159i cvi\u010den\u00ed, maj\u00ed pohodln\u00fd, FAKT vysok\u00fd pas a\u00a0pou\u017eili jsme p\u0159\u00edjemn\u00fd funk\u010dn\u00ed materi\u00e1l.<\/strong><\/p>\n","protected":false},"featured_media":155179,"comment_status":"open","ping_status":"closed","template":"","meta":{"_acf_changed":false},"product_cat":[214],"product_tag":[],"bundle_layout":"","bundled_by":[],"bundled_items":[],"acf":[],"_links":{"self":[{"href":"https:\/\/fitshaker.cz\/eshop\/wp-json\/wp\/v2\/product\/155695"}],"collection":[{"href":"https:\/\/fitshaker.cz\/eshop\/wp-json\/wp\/v2\/product"}],"about":[{"href":"https:\/\/fitshaker.cz\/eshop\/wp-json\/wp\/v2\/types\/product"}],"replies":[{"embeddable":true,"href":"https:\/\/fitshaker.cz\/eshop\/wp-json\/wp\/v2\/comments?post=155695"}],"wp:featuredmedia":[{"embeddable":true,"href":"https:\/\/fitshaker.cz\/eshop\/wp-json\/wp\/v2\/media\/155179"}],"wp:attachment":[{"href":"https:\/\/fitshaker.cz\/eshop\/wp-json\/wp\/v2\/media?parent=155695"}],"wp:term":[{"taxonomy":"product_cat","embeddable":true,"href":"https:\/\/fitshaker.cz\/eshop\/wp-json\/wp\/v2\/product_cat?post=155695"},{"taxonomy":"product_tag","embeddable":true,"href":"https:\/\/fitshaker.cz\/eshop\/wp-json\/wp\/v2\/product_tag?post=155695"}],"curies":[{"name":"wp","href":"https:\/\/api.w.org\/{rel}","templated":true}]}}