{"id":155713,"date":"2024-07-24T12:32:27","date_gmt":"2024-07-24T10:32:27","guid":{"rendered":"https:\/\/fitshaker-eshop-prod.goodrequest.dev\/eshop\/?post_type=product&#038;p=155713"},"modified":"2026-03-27T10:28:01","modified_gmt":"2026-03-27T09:28:01","slug":"tricko-s-kratkym-rukavom-basic","status":"publish","type":"product","link":"https:\/\/fitshaker.cz\/eshop\/produkt\/tricko-s-kratkym-rukavom-basic","title":{"rendered":"Tri\u010dko s kr\u00e1tk\u00fdm ruk\u00e1vem BASIC"},"content":{"rendered":"<p><strong><em>Prvn\u00ed BASIC kolekce sportovn\u00edho oble\u010den\u00ed vytvo\u0159en\u00e1 Fitshakerem pro v\u0161echny aktivn\u00ed \u017eeny je tady! Vznikla s\u00a0d\u016frazem na pohodl\u00ed, funk\u010dnost a\u00a0prakti\u010dnost. <\/em><\/strong><\/p>\n<p><strong><em>Poslouchali jsme v\u00e1s a\u00a0vsadili jsme na univerz\u00e1ln\u00ed \u010dernou, kter\u00e1 se hod\u00ed ke v\u0161emu, skv\u011ble se kombinuje a\u00a0nikdy nevyjde z\u00a0m\u00f3dy. Dali jsme si z\u00e1le\u017eet na zaj\u00edmav\u00fdch st\u0159iz\u00edch, z\u00a0nich\u017e si vybere ka\u017ed\u00e1 (nejen) Fitshakera\u010dka. <\/em><\/strong><strong>U\u0161ili jsme to, co jsme sami hledali. Tak\u017ee vy u\u017e hledat nemus\u00edte! <\/strong><strong>\u2764\ufe0f<\/strong><\/p>\n<p><strong>Trendy tri\u010dko s\u00a0kr\u00e1tk\u00fdm ruk\u00e1vem po lokty s\u00a0rozparky po stran\u00e1ch je MUST HAVE kousek,<\/strong> kter\u00fd by nem\u011bl chyb\u011bt ve va\u0161em \u0161atn\u00edku. \ud83d\ude42 M\u00e1 p\u0159\u00edjemn\u00fd <strong>padav\u00fd<\/strong> <strong>a\u00a0voln\u011bj\u0161\u00ed st\u0159ih pro pohodln\u00e9 no\u0161en\u00ed b\u011bhem b\u011b\u017en\u00fdch dn\u016f<\/strong> nebo cvi\u010den\u00ed j\u00f3gy\/pilates. <strong>Materi\u00e1l si taky zamilujete. Je pohodln\u00fd, p\u0159\u00edjemn\u00fd a\u00a0prody\u0161n\u00fd. <\/strong>Na\u0161\u00edm z\u00e1m\u011brem bylo vytvo\u0159it nev\u0161edn\u00ed kousek, kter\u00fd si u\u017eijete p\u0159i sportu, v\u00a0pr\u00e1ci nebo na cest\u00e1ch. Poda\u0159ilo se n\u00e1m to? \ud83d\ude42<\/p>\n<p><strong>Tri\u010dko u\u00a0n\u00e1s najdete ve velikostech od XS a\u017e po XL. St\u0159ih tri\u010dka<\/strong> je jemn\u011b \u201eoversized\u201c. Pokud se rozhodujete mezi 2\u00a0velikostmi, s\u00e1hn\u011bte po t\u00e9 men\u0161\u00ed. P\u0159\u00edpadn\u011b t\u00e9, ve kter\u00e9 se c\u00edt\u00edte l\u00e9pe. Myslete v\u0161ak na to, \u017ee visk\u00f3za je materi\u00e1l, kter\u00fd se m\u016f\u017ee v\u00a0pra\u010dce srazit, pokud ho n\u00e1hodou vyperete na vy\u0161\u0161\u00ed teplot\u011b. \ud83d\ude42<em>Fotky na re\u00e1ln\u00fdch \u017een\u00e1ch najdete v\u00a0galerii, abyste si um\u011bly st\u0159ih a\u00a0d\u00e9lku dob\u0159e p\u0159edstavit. <\/em><\/p>\n<p><strong>Slo\u017een\u00ed materi\u00e1lu:<\/strong> 94\u00a0% visk\u00f3za, 6\u00a0% elastan<\/p>\n<p><strong>P\u00e9\u010de o\u00a0produkt: <\/strong>Pr\u00e1t naruby na 30\u00a0\u00b0C, nepou\u017e\u00edvat aviv\u00e1\u017e, nesu\u0161it v\u00a0su\u0161i\u010dce, vyvarovat se ot\u011bru o\u00a0ostr\u00e9 p\u0159edm\u011bty.<\/p>\n<p><strong>Na\u0161e BASIC a COMPRESS kolekce je u\u0161it\u00e1 v Polsku z l\u00e1tek vyroben\u00fdch v Polsku.<\/strong><br \/>\nVznikla ve f\u00e9r podm\u00ednk\u00e1ch. Na\u0161e dodavatele, \u0161vadleny i n\u00e1vrh\u00e1\u0159ky osobn\u011b zn\u00e1me, stejn\u011b jako m\u00edsta, ve kter\u00fdch pracuj\u00ed.<\/p>\n<p><img loading=\"lazy\" decoding=\"async\" class=\"alignnone wp-image-125006 size-full\" src=\"https:\/\/eshop.fitshaker.sk\/wp-content\/uploads\/2023\/06\/Tricko-s-kratkym-rukavem-BASIC-CZ.jpg\" alt=\"Tabulka velkosti Fitshaker sportovni obleceni\" width=\"1772\" height=\"856\" srcset=\"https:\/\/fitshaker.cz\/eshop\/wp-content\/uploads\/2023\/06\/Tricko-s-kratkym-rukavem-BASIC-CZ.jpg 1772w, https:\/\/fitshaker.cz\/eshop\/wp-content\/uploads\/2023\/06\/Tricko-s-kratkym-rukavem-BASIC-CZ-300x145.jpg 300w, https:\/\/fitshaker.cz\/eshop\/wp-content\/uploads\/2023\/06\/Tricko-s-kratkym-rukavem-BASIC-CZ-1024x495.jpg 1024w, https:\/\/fitshaker.cz\/eshop\/wp-content\/uploads\/2023\/06\/Tricko-s-kratkym-rukavem-BASIC-CZ-768x371.jpg 768w, https:\/\/fitshaker.cz\/eshop\/wp-content\/uploads\/2023\/06\/Tricko-s-kratkym-rukavem-BASIC-CZ-1536x742.jpg 1536w, https:\/\/fitshaker.cz\/eshop\/wp-content\/uploads\/2023\/06\/Tricko-s-kratkym-rukavem-BASIC-CZ-1568x757.jpg 1568w, https:\/\/fitshaker.cz\/eshop\/wp-content\/uploads\/2023\/06\/Tricko-s-kratkym-rukavem-BASIC-CZ-600x290.jpg 600w\" sizes=\"(max-width: 1772px) 100vw, 1772px\" \/><\/p>\n","protected":false},"excerpt":{"rendered":"<p><strong>Trendy tri\u010dko s\u00a0kr\u00e1tk\u00fdm ruk\u00e1vem po lokty s\u00a0rozparky po stran\u00e1ch je MUST HAVE kousek,<\/strong> kter\u00fd by nem\u011bl chyb\u011bt ve va\u0161em \u0161atn\u00edku. \ud83d\ude42<\/p>\n","protected":false},"featured_media":155232,"comment_status":"open","ping_status":"closed","template":"","meta":{"_acf_changed":false},"product_cat":[214],"product_tag":[],"bundle_layout":"","bundled_by":[],"bundled_items":[],"acf":[],"_links":{"self":[{"href":"https:\/\/fitshaker.cz\/eshop\/wp-json\/wp\/v2\/product\/155713"}],"collection":[{"href":"https:\/\/fitshaker.cz\/eshop\/wp-json\/wp\/v2\/product"}],"about":[{"href":"https:\/\/fitshaker.cz\/eshop\/wp-json\/wp\/v2\/types\/product"}],"replies":[{"embeddable":true,"href":"https:\/\/fitshaker.cz\/eshop\/wp-json\/wp\/v2\/comments?post=155713"}],"wp:featuredmedia":[{"embeddable":true,"href":"https:\/\/fitshaker.cz\/eshop\/wp-json\/wp\/v2\/media\/155232"}],"wp:attachment":[{"href":"https:\/\/fitshaker.cz\/eshop\/wp-json\/wp\/v2\/media?parent=155713"}],"wp:term":[{"taxonomy":"product_cat","embeddable":true,"href":"https:\/\/fitshaker.cz\/eshop\/wp-json\/wp\/v2\/product_cat?post=155713"},{"taxonomy":"product_tag","embeddable":true,"href":"https:\/\/fitshaker.cz\/eshop\/wp-json\/wp\/v2\/product_tag?post=155713"}],"curies":[{"name":"wp","href":"https:\/\/api.w.org\/{rel}","templated":true}]}}