{"id":155732,"date":"2024-07-24T12:32:28","date_gmt":"2024-07-24T10:32:28","guid":{"rendered":"https:\/\/fitshaker-eshop-prod.goodrequest.dev\/eshop\/?post_type=product&#038;p=155732"},"modified":"2026-04-24T08:35:35","modified_gmt":"2026-04-24T06:35:35","slug":"ranajkova-kasa-350-g-kakao-kokos-marhula-5-6-porcii","status":"publish","type":"product","link":"https:\/\/fitshaker.cz\/eshop\/produkt\/ranajkova-kasa-350-g-kakao-kokos-marhula-5-6-porcii","title":{"rendered":"Sn\u00edda\u0148ov\u00e1 ka\u0161e 350 g \u2013 kakao, kokos, meru\u0148ka (5-6 porc\u00ed)"},"content":{"rendered":"<p>Jste milovn\u00edci ka\u0161\u00ed a\u00a0hled\u00e1te zaj\u00edmavou p\u0159\u00edchu\u0165? Nebo jen hled\u00e1te rychlou, chutnou a\u00a0v\u00fd\u017eivnou sn\u00eddani?<\/p>\n<p>Dejte \u0161anci sv\u011b\u017e\u00edm a origin\u00e1ln\u00edm p\u0159\u00edchut\u00edm sn\u00edda\u0148ov\u00fdch ka\u0161\u00ed od Fitshaker! Nam\u00edchali jsme jednoduch\u00e9 a vyv\u00e1\u017een\u00e9 ingredience. Tak aby m\u011bli nev\u0161edn\u00ed a z\u00e1rove\u0148 vynikaj\u00edc\u00ed chu\u0165. A hlavn\u011b skv\u011blou v\u00fd\u017eivovou hodnotu. Nam\u00edchali jsme ka\u0161i z ovesn\u00fdch a pohankov\u00fdch vlo\u010dek, kter\u00e9 skv\u011ble zasyt\u00ed a doplnila pot\u0159ebnou energii. P\u0159i sportu, pr\u00e1ci nebo doma. Lyofilzovan\u00e9 meru\u0148ky a pr\u00e1\u0161ek z malin dod\u00e1vaj\u00ed ka\u0161i v\u00fdbornou nakyslou chu\u0165 dom\u00e1c\u00edho ovoce ze zahr\u00e1dky. Sladkost zase kokosov\u00fd cukr. Exotickou te\u010dku vybav\u00ed ke\u0161u o\u0159\u00ed\u0161ky, strouhan\u00fd kokos a kokosov\u00e9 lup\u00ednky.<\/p>\n<p>Tato ka\u0161e je skv\u011blou volbu pro n\u00e1ro\u010dn\u00e9 str\u00e1vn\u00edky a tak\u00e9 pro za\u010d\u00e1te\u010dn\u00edky ve zdrav\u00e9m stravov\u00e1n\u00ed. Jej\u00ed slo\u017een\u00ed pro\u0161lo pozorn\u00fdm o\u010dkem na\u0161ich v\u00fd\u017eivov\u00fdch a nutri\u010dn\u00edch poradky\u0148. V\u011b\u0159\u00edme, \u017ee si na n\u00e1s p\u0159i sn\u00eddani v\u017edy s l\u00e1skou vzpomene\u0161. \ud83d\ude42<\/p>\n<p>&nbsp;<\/p>\n<h3><img loading=\"lazy\" decoding=\"async\" class=\"wp-image-128868 alignleft\" src=\"https:\/\/fitshaker.sk\/eshop\/wp-content\/uploads\/2023\/08\/Zapecena-ovseno-marhulova-kasa-13.jpg\" alt=\"Zape\u010den\u00e1 ovseno marhu\u013eov\u00e1 ka\u0161a\" width=\"453\" height=\"681\" srcset=\"https:\/\/fitshaker.cz\/eshop\/wp-content\/uploads\/2023\/08\/Zapecena-ovseno-marhulova-kasa-13.jpg 782w, https:\/\/fitshaker.cz\/eshop\/wp-content\/uploads\/2023\/08\/Zapecena-ovseno-marhulova-kasa-13-199x300.jpg 199w, https:\/\/fitshaker.cz\/eshop\/wp-content\/uploads\/2023\/08\/Zapecena-ovseno-marhulova-kasa-13-681x1024.jpg 681w, https:\/\/fitshaker.cz\/eshop\/wp-content\/uploads\/2023\/08\/Zapecena-ovseno-marhulova-kasa-13-768x1155.jpg 768w, https:\/\/fitshaker.cz\/eshop\/wp-content\/uploads\/2023\/08\/Zapecena-ovseno-marhulova-kasa-13-600x902.jpg 600w\" sizes=\"(max-width: 453px) 100vw, 453px\" \/>Slo\u017een\u00ed:<\/h3>\n<div class=\"ql-block\" data-block-id=\"block-273d1872-6ceb-4719-a8fd-508acdf5b98f\"><strong>ovesn\u00e9<\/strong> vlo\u010dky bez lepku mlet\u00e9 47 %<\/div>\n<div class=\"ql-block\" data-block-id=\"block-a2b58bba-28f4-4ba3-8559-2e3e26205cdb\">pohankov\u00e9 vlo\u010dky 20 %<\/div>\n<div class=\"ql-block\" data-block-id=\"block-5199a94d-269c-4660-bd19-d8d7529745c1\">kokosov\u00fd cukr,<\/div>\n<div class=\"ql-block\" data-block-id=\"block-19e49a7b-0a33-46b5-93da-73151b78627b\">ho\u0159k\u00e1 \u010dokol\u00e1da \u2013 kousky* (kakaov\u00fd pr\u00e1\u0161ek*, kokosov\u00fd cukr*, kakaov\u00e9 m\u00e1slo*)<\/div>\n<div class=\"ql-block\" data-block-id=\"block-549adc66-d78d-46a9-813d-aa4a1743e9b6\">lyofilizovan\u00fd ryb\u00edz<\/div>\n<div class=\"ql-block\" data-block-id=\"block-99e07623-4fb5-42b0-a784-78168cbc0b62\">lyofilizovan\u00e9 ostru\u017einy<\/div>\n<div class=\"ql-block\" data-block-id=\"block-d5637630-63a8-49bc-8f42-83d08d40b9aa\">lyofilizovan\u00e9 maliny<\/div>\n<p>&nbsp;<\/p>\n<div class=\"ql-block\" data-block-id=\"block-4e97268c-c6de-4831-ac5a-4484793084ea\"><strong>Zem\u011b p\u016fvodu ovesn\u00fdch vlo\u010dek:<\/strong> Velk\u00e1 Brit\u00e1nie\/Ma\u010farsko.<\/div>\n<div class=\"ql-block\" data-block-id=\"block-bfbf6a62-35e7-4624-9bc8-5a8710a06a13\"><strong>M\u016f\u017ee obsahovat ara\u0161\u00eddy, sko\u0159\u00e1pkov\u00e9 plody a ml\u00e9ko.<\/strong><\/div>\n<div class=\"ql-block\" data-block-id=\"block-27bf9eb9-072a-49f4-a76c-c2331953a3eb\"><\/div>\n<h3><\/h3>\n<h3>V\u00fd\u017eivov\u00e9 \u00fadaje na 100g:<\/h3>\n<div class=\"ql-block\" data-block-id=\"block-0828c0f3-00e8-4f65-b2ce-ef4a35fe9b7b\">energie 1 577 kJ\/372 kcal<\/div>\n<div class=\"ql-block\" data-block-id=\"block-c0095199-8825-493c-99f3-d7d20b94f27b\">tuky 7,3 g, z toho nasycen\u00e9 mastn\u00e9 kyseliny 2,4 g<\/div>\n<div class=\"ql-block\" data-block-id=\"block-4be84c66-5c82-4c13-bc48-995431ab8d5a\">sacharidy 62 g, z toho cukry 21 g<\/div>\n<div class=\"ql-block\" data-block-id=\"block-898d675b-72f4-4646-9de0-db183ec99d8c\">vl\u00e1knina 8,6 g<\/div>\n<div class=\"ql-block\" data-block-id=\"block-78082d70-91f6-4906-9494-4e883dbb3722\">b\u00edlkoviny 9,3 g<\/div>\n<div class=\"ql-block\" data-block-id=\"block-27bf9eb9-072a-49f4-a76c-c2331953a3eb\">s\u016fl 0,1 g.<\/div>\n<p>&nbsp;<\/p>\n<p>&nbsp;<\/p>\n<p>&nbsp;<\/p>\n<p>&nbsp;<\/p>\n<p><strong>Pou\u017eit\u00ed:<\/strong> Po\u017eadovan\u00e9 mno\u017estv\u00ed sm\u011bsi (1 porce = 60\u201370 g) zalijte cca 120\u2013150 ml hork\u00e9 vody nebo hork\u00e9ho ml\u00e9ka \u010di rostlinn\u00e9ho n\u00e1poje. Prom\u00edchejte a nechejte p\u0159ibli\u017en\u011b 5 minut odst\u00e1t. Ka\u0161i m\u016f\u017eete dochutit kousky ovoce, o\u0159\u00ed\u0161ky, sem\u00ednky nebo Fitnutkou.<br \/>\n<a href=\"https:\/\/fitshaker.cz\/cz\/kategorie\/recepty\/ranajky\">Skv\u011bl\u00e9 tipy na chutnou sn\u00eddani a sn\u00edda\u0148ov\u00e9 ka\u0161e naleznete na na\u0161em blogu.<\/a><\/p>\n<p><strong>Skladov\u00e1n\u00ed:<\/strong> Skladujte v suchu p\u0159i teplot\u011b do 25 \u00b0C a chra\u0148te p\u0159ed p\u0159\u00edm\u00fdm slune\u010dn\u00edm z\u00e1\u0159en\u00edm. Spot\u0159ebujte do 1 m\u011bs\u00edce od otev\u0159en\u00ed.<\/p>\n<p>&nbsp;<\/p>\n<p><strong>Vyrobeno na Slovensku.<\/strong><\/p>\n<p><strong>Balen\u00ed: 350 g (5-6 porc\u00ed)<\/strong><\/p>\n<p>&nbsp;<\/p>\n<h3>Na slo\u017een\u00ed jsme si dali speci\u00e1ln\u011b z\u00e1le\u017eet, v\u00edce o jednotliv\u00fdch slo\u017ek\u00e1ch si p\u0159e\u010dti d\u00e1le:<\/h3>\n<p><strong>Ka\u0161e obsahuje \u0161etrn\u011b mlet\u00e9 ovesn\u00e9 a\u00a0cel\u00e9 pohankov\u00e9 vlo\u010dky<\/strong>, kter\u00e9 jsou v\u00fdznamn\u00fdm zdrojem sacharid\u016f d\u016fle\u017eit\u00fdch pro t\u011blesnou aktivitu a\u00a0spr\u00e1vnou \u010dinnost org\u00e1n\u016f.<br \/>\nDal\u0161\u00edmi slo\u017ekami ka\u0161e jsou<strong> kvalitn\u00ed kousky lyofilizovan\u00e9ho ovoce (meru\u0148ky) a\u00a0pr\u00e1\u0161ku z\u00a0lyofilizovan\u00fdch malin<\/strong>.\u00a0Lyofilizace je su\u0161en\u00ed mrazem \u2013 tedy odstran\u011bn\u00ed vody z\u00a0ovoce p\u0159i velmi n\u00edzk\u00e9 teplot\u011b a\u00a0tlaku. D\u00edky tomuto \u0161etrn\u00e9mu zp\u016fsobu konzervov\u00e1n\u00ed si ovoce zachov\u00e1v\u00e1 v\u0161echny vitam\u00edny a\u00a0miner\u00e1ly, chutn\u00e1 jako \u010derstv\u00e9 a\u00a0prodlou\u017e\u00ed se jeho trvanlivost.<br \/>\n<strong>O\u0159\u00ed\u0161kovou slo\u017eku v\u00a0ka\u0161i tvo\u0159\u00ed ke\u0161u o\u0159echy<\/strong>, kter\u00e9 jsou skv\u011bl\u00fdm zdrojem nenasycen\u00fdch mastn\u00fdch tuk\u016f, zinku, selenu, m\u011bdi, ho\u0159\u010d\u00edku nebo manganu.<br \/>\nA\u00a0<strong>zaj\u00edmavou chu\u0165 ka\u0161i dod\u00e1v\u00e1 i\u00a0strouhan\u00fd kokos a\u00a0kokosov\u00e9 lup\u00ednky<\/strong>.\u00a0Kokos je dobr\u00fd zdroj vl\u00e1kniny a\u00a0obsahuje v\u00edcero prosp\u011b\u0161n\u00fdch miner\u00e1l\u016f, jako nap\u0159\u00edklad mangan, drasl\u00edk nebo m\u011b\u010f.<br \/>\nKa\u0161e je <strong>oslazen\u00e1 tak\u00e9 kokosov\u00fdm cukrem<\/strong>, kter\u00fd obsahuje inulin \u2013 je to vl\u00e1knina, kter\u00e1 m\u016f\u017ee zpomalovat absorpci gluk\u00f3zy a\u00a0t\u00edm by se dalo vysv\u011btlit tvrzen\u00ed, \u017ee kokosov\u00fd cukr m\u00e1 n\u00edzk\u00fd glykemick\u00fd index.<\/p>\n<p>&nbsp;<\/p>\n","protected":false},"excerpt":{"rendered":"<p><strong>Ka\u0161e vhodn\u00e1 (nejen) k sn\u00eddani. Hotov\u00e1 do 5 minut. S vyv\u00e1\u017een\u00fdm a \u010dist\u00fdm slo\u017een\u00edm.<\/strong><\/p>\n<p>&nbsp;<\/p>\n<p><img loading=\"lazy\" decoding=\"async\" class=\"alignnone wp-image-171729\" src=\"https:\/\/fitshaker.sk\/eshop\/wp-content\/uploads\/2025\/01\/CZ-Kase-ikonky.png\" alt=\"snidanove kase Fitshaker\" width=\"557\" height=\"100\" srcset=\"https:\/\/fitshaker.cz\/eshop\/wp-content\/uploads\/2025\/01\/CZ-Kase-ikonky.png 4914w, https:\/\/fitshaker.cz\/eshop\/wp-content\/uploads\/2025\/01\/CZ-Kase-ikonky-350x63.png 350w, https:\/\/fitshaker.cz\/eshop\/wp-content\/uploads\/2025\/01\/CZ-Kase-ikonky-595x107.png 595w, https:\/\/fitshaker.cz\/eshop\/wp-content\/uploads\/2025\/01\/CZ-Kase-ikonky-385x69.png 385w, https:\/\/fitshaker.cz\/eshop\/wp-content\/uploads\/2025\/01\/CZ-Kase-ikonky-768x138.png 768w, https:\/\/fitshaker.cz\/eshop\/wp-content\/uploads\/2025\/01\/CZ-Kase-ikonky-1536x276.png 1536w, https:\/\/fitshaker.cz\/eshop\/wp-content\/uploads\/2025\/01\/CZ-Kase-ikonky-2048x368.png 2048w, https:\/\/fitshaker.cz\/eshop\/wp-content\/uploads\/2025\/01\/CZ-Kase-ikonky-450x81.png 450w\" sizes=\"(max-width: 557px) 100vw, 557px\" \/><\/p>\n","protected":false},"featured_media":162542,"comment_status":"open","ping_status":"closed","template":"","meta":{"_acf_changed":false},"product_cat":[213],"product_tag":[],"bundle_layout":"","bundled_by":[],"bundled_items":[],"acf":[],"_links":{"self":[{"href":"https:\/\/fitshaker.cz\/eshop\/wp-json\/wp\/v2\/product\/155732"}],"collection":[{"href":"https:\/\/fitshaker.cz\/eshop\/wp-json\/wp\/v2\/product"}],"about":[{"href":"https:\/\/fitshaker.cz\/eshop\/wp-json\/wp\/v2\/types\/product"}],"replies":[{"embeddable":true,"href":"https:\/\/fitshaker.cz\/eshop\/wp-json\/wp\/v2\/comments?post=155732"}],"wp:featuredmedia":[{"embeddable":true,"href":"https:\/\/fitshaker.cz\/eshop\/wp-json\/wp\/v2\/media\/162542"}],"wp:attachment":[{"href":"https:\/\/fitshaker.cz\/eshop\/wp-json\/wp\/v2\/media?parent=155732"}],"wp:term":[{"taxonomy":"product_cat","embeddable":true,"href":"https:\/\/fitshaker.cz\/eshop\/wp-json\/wp\/v2\/product_cat?post=155732"},{"taxonomy":"product_tag","embeddable":true,"href":"https:\/\/fitshaker.cz\/eshop\/wp-json\/wp\/v2\/product_tag?post=155732"}],"curies":[{"name":"wp","href":"https:\/\/api.w.org\/{rel}","templated":true}]}}