{"id":155741,"date":"2024-07-24T12:32:28","date_gmt":"2024-07-24T10:32:28","guid":{"rendered":"https:\/\/fitshaker-eshop-prod.goodrequest.dev\/eshop\/?post_type=product&#038;p=155741"},"modified":"2026-04-04T18:22:00","modified_gmt":"2026-04-04T16:22:00","slug":"protein-shake-srvatkovy-cokolada-350-g","status":"publish","type":"product","link":"https:\/\/fitshaker.cz\/eshop\/produkt\/protein-shake-srvatkovy-cokolada-350-g","title":{"rendered":"PROTEIN SHAKE Syrov\u00e1tkov\u00fd &#8211; \u010dokol\u00e1da 350 g"},"content":{"rendered":"<p>Protein, kter\u00fd si p\u0159iprav\u00edme po tr\u00e9ningu my sami a\u00a0doporu\u010dili bychom ho i\u00a0nejlep\u0161\u00edmu kamar\u00e1dovi nebo k\u00e1mo\u0161ce. P\u0159esn\u011b to byly na\u0161e n\u00e1roky, z\u00a0nich\u017e jsme necht\u011bli ustoupit ani o\u00a01\u00a0%.<\/p>\n<p>Proto jsme na tuto novinku extr\u00e9mn\u011b py\u0161n\u00ed! <strong>Fitshaker proteiny maj\u00ed \u010dist\u00e9 slo\u017een\u00ed a\u00a0\u00fa\u017easnou chu\u0165! <\/strong><\/p>\n<p><strong>Vybere\u0161 si syrov\u00e1tkov\u00fd, nebo vegansk\u00fd protein? A\u00a0s\u00a0jakou p\u0159\u00edchut\u00ed? \u010cokol\u00e1dovou, nebo vanilkovou? Jde\u0161 do toho naplno s\u00a0balen\u00edm 350\u00a0g, nebo si vezme\u0161 balen\u00ed s\u00a0jednou porc\u00ed do kapsy? <\/strong><strong>\ud83e\udd14<\/strong><\/p>\n<p>&nbsp;<\/p>\n<p><strong>Syrov\u00e1tkov\u00fd PROTEIN SHAKE \u010dokol\u00e1da \u2013 BENEFITY:<\/strong><\/p>\n<ul>\n<li>Protein m\u00e1 <strong>\u010dist\u00e9 a\u00a0jednoduch\u00e9 slo\u017een\u00ed, kter\u00e9 neobsahuje \u017e\u00e1dn\u00e9 zbyte\u010dnosti, aditiva ani zdrav\u00ed \u0161kodliv\u00e9 l\u00e1tky.<\/strong><\/li>\n<li>Tento protein obsahuje a\u017e <strong>89\u00a0% syrov\u00e1tkov\u00fdch b\u00edlkovin na 100\u00a0g.<\/strong><\/li>\n<li><strong>V\u00fd\u017eivov\u00e9 \u00fadaje jsou 71\u00a0g b\u00edlkovin na 100\u00a0g, co\u017e je a\u017e 21,3\u00a0g b\u00edlkovin na 1\u00a0porci (30\u00a0g).<\/strong><\/li>\n<li><strong>10\u00a0% slo\u017een\u00ed tvo\u0159\u00ed kvalitn\u00ed kakaov\u00fd pr\u00e1\u0161ek. <\/strong><\/li>\n<li>Zbyl\u00e9 1\u00a0% slo\u017een\u00ed tvo\u0159\u00ed p\u0159\u00edrodn\u00ed sladidlo ze st\u00e9vie, slune\u010dnicov\u00e9 lecitiny a\u00a0p\u0159\u00edrodn\u00ed \u010dokol\u00e1dov\u00e9 aroma.<\/li>\n<li><strong>P\u0159\u00edrodn\u00ed, bezpe\u010dn\u00e9 a\u00a0nekalorick\u00e9 sladidlo z\u00a0rostliny st\u00e9vie<\/strong> neovliv\u0148uje hladinu krevn\u00edho cukru.<\/li>\n<li>Slune\u010dnicov\u00e9 lecitiny, pou\u017eit\u00e9 v\u00a0proteinu jako konzervant a\u00a0stabiliz\u00e1tor, pat\u0159\u00ed mezi bezpe\u010dn\u00e9, zdrav\u00ed prosp\u011b\u0161n\u00e9 emulg\u00e1tory.<\/li>\n<li><strong>P\u0159\u00edrodn\u00ed \u010dokol\u00e1dov\u00e9 aroma<\/strong> je neutr\u00e1ln\u00ed p\u0159\u00edsada, kter\u00e1 nem\u00e1 negativn\u00ed vliv na lidsk\u00fd organismus, z\u00edsk\u00e1v\u00e1 se z\u00a0p\u0159\u00edrodn\u00edch zdroj\u016f, bez dal\u0161\u00edch chemick\u00fdch \u00faprav. Dokonale zv\u00fdraznila \u010dokol\u00e1dovou v\u016fni a\u00a0chu\u0165 proteinu.<\/li>\n<li><strong>\u017d\u00e1dn\u00e1 um\u011bl\u00e1 barviva, um\u011bl\u00e1 aromata, tedy ani um\u011bl\u00e1 chu\u0165!<\/strong><\/li>\n<li><strong>V\u00fdborn\u00e1 rozpustnost proteinu.<\/strong><\/li>\n<\/ul>\n<p>V\u00a0nab\u00eddce m\u00e1me <strong>balen\u00ed po 30\u00a0g<\/strong> s\u00a0jednou porc\u00ed <strong>na cesty nebo ochutn\u00e1vku, nebo balen\u00ed po 350\u00a0g cca s\u00a011\u00a0porcemi.<\/strong><\/p>\n<p>&nbsp;<\/p>\n<div class=\"ql-block\" data-block-id=\"block-8e509689-1b1c-4094-9217-9e038945ddac\">\n<div class=\"ql-block\" data-block-id=\"block-609c7d1c-5eea-4dd0-b821-ced5eee5b9bc\">\n<h3>Slo\u017een\u00ed a v\u00fd\u017eivov\u00e9 \u00fadaje<\/h3>\n<p><strong>Sypk\u00e1 sm\u011bs ze syrov\u00e1tkov\u00fdch b\u00edlkovin s kakaem a s\u00a0\u010dokol\u00e1dovou p\u0159\u00edchut\u00ed na p\u0159\u00edpravu n\u00e1poje.<\/strong><\/p>\n<p><strong>Slo\u017een\u00ed: syrov\u00e1tkov\u00fd <\/strong>b\u00edlkovinn\u00fd koncentr\u00e1t WPC80 (<strong>syrov\u00e1tkov\u00e9 <\/strong>b\u00edlkoviny) 89 %, kakaov\u00fd pr\u00e1\u0161ek 10 %, p\u0159\u00edrodn\u00ed aroma &#8211; \u010dokol\u00e1da,\u00a0sladidlo: steviol-glykosidy ze st\u00e9vie, emulg\u00e1tor: slune\u010dnicov\u00e9 lecitiny.<\/p>\n<p><strong>Zem\u011b p\u016fvodu prim\u00e1rn\u00ed slo\u017eky<\/strong> (<strong>syrov\u00e1tkov\u00fd<\/strong> b\u00edlkovinn\u00fd koncentr\u00e1t WPC80): Holandsko.<\/p>\n<p><strong>Vyrobeno na Slovensku.<\/strong><\/p>\n<p><strong>V\u00fd\u017eivov\u00e9 \u00fadaje na 100 g:<\/strong> Energie 1687 kJ\/400 kcal; Tuky 7,2 g, z toho nasycen\u00e9 mastn\u00e9 kyseliny 4,6 g; Sacharidy 11,5 g z toho cukry 5,5 g; B\u00edlkoviny 71 g; S\u016fl 0,4 g.<\/p>\n<p><strong>V\u00fd\u017eivov\u00e9 \u00fadaje na 1 porciu 30 g:<\/strong> Energie 506,1 kJ\/120 kcal; Tuky 2,2 g, z toho nasycen\u00e9 mastn\u00e9 kyseliny 1,4 g; Sacharidy 3,45 g z toho cukry 1,65 g; B\u00edlkoviny 21,3 g; S\u016fl 0,1 g.<\/p>\n<p>&nbsp;<\/p>\n<h3 data-block-id=\"block-3712a60e-6e10-4837-bffe-96599b0ffafd\">P\u0159\u00edprava, skladov\u00e1n\u00ed, upozorn\u011bn\u00ed<\/h3>\n<p><strong>P\u0159\u00edprava:<\/strong> 30 g (1 porci) sm\u00edchejte s 300 ml tekutiny (vodou, ml\u00e9kem, \u010di rostlinn\u00fdm n\u00e1pojem) a dob\u0159e prom\u00edchejte. Ide\u00e1ln\u011b konzumovat po tr\u00e9ninkov\u00e9 aktivit\u011b.<\/p>\n<p>Skv\u011bl\u00e9 tipy na <a href=\"https:\/\/fitshaker.cz\/kategorie\/recepty\/recepty-s-proteinem\">recepty s\u00a0vyu\u017eit\u00edm protein\u016f<\/a> najdete i\u00a0na na\u0161em Fitshaker blogu.<\/p>\n<p><strong>Skladov\u00e1n\u00ed: <\/strong>Skladujte v suchu, mimo p\u0159\u00edm\u00e9 slune\u010dn\u00ed z\u00e1\u0159en\u00ed, p\u0159i teplot\u00e1ch od +6\u00b0C do +25\u00b0C. Nevystavujte mrazu a vlhkosti. Spot\u0159ebujte do 4 m\u011bs\u00edc\u016f od otev\u0159en\u00ed.<\/p>\n<p><strong>Upozorn\u011bn\u00ed: <\/strong>P\u0159\u00edpravek nen\u00ed vhodn\u00fd pro d\u011bti do 15 let, t\u011bhotn\u00e9 a koj\u00edc\u00ed \u017eeny. Nezapom\u00ednejte na v\u00fdznam r\u016fznorod\u00e9 a vyv\u00e1\u017een\u00e9 stravy a zdrav\u00e9ho \u017eivotn\u00edho stylu. Uchov\u00e1vejte mimo dosah mal\u00fdch d\u011bt\u00ed. Doporu\u010dujeme nep\u0159ekra\u010dovat uvedenou d\u00e1vku.<\/p>\n<p>&nbsp;<\/p>\n<h3 data-block-id=\"block-6589365e-4ed8-411c-bfa8-be4c33d77fd9\">Balen\u00ed<\/h3>\n<p><strong>Hmotnost balen\u00ed: 350 g<\/strong><\/p>\n<p><strong>Balen\u00ed obsahuje cca 11 porc\u00ed (30g).<\/strong><\/p>\n<p><strong>Konzumujte 30 g v\u00fdrobku za den.<\/strong><\/p>\n<\/div>\n<\/div>\n<p>&nbsp;<\/p>\n<p>&nbsp;<\/p>\n","protected":false},"excerpt":{"rendered":"<p>Podpo\u0159 svou regeneraci a r\u016fst sval\u016f po tr\u00e9ninku s na\u0161\u00edm syrov\u00e1tkov\u00fdm proteinem obohacen\u00fdm o kvalitn\u00ed kakao! 71 g b\u00edlkovin na 100 g, \u010dist\u00e9 slo\u017een\u00ed bez zbyte\u010dnost\u00ed, vynikaj\u00edc\u00ed \u010dokol\u00e1dov\u00e1 chu\u0165 a perfektn\u00ed rozpustnost. Skv\u011bl\u00fd zp\u016fsob, jak snadno z\u00edskat b\u00edlkoviny p\u0159i aktivn\u00edm \u017eivotn\u00edm stylu.<\/p>\n","protected":false},"featured_media":162514,"comment_status":"open","ping_status":"closed","template":"","meta":{"_acf_changed":false},"product_cat":[213],"product_tag":[],"bundle_layout":"","bundled_by":[],"bundled_items":[],"acf":[],"_links":{"self":[{"href":"https:\/\/fitshaker.cz\/eshop\/wp-json\/wp\/v2\/product\/155741"}],"collection":[{"href":"https:\/\/fitshaker.cz\/eshop\/wp-json\/wp\/v2\/product"}],"about":[{"href":"https:\/\/fitshaker.cz\/eshop\/wp-json\/wp\/v2\/types\/product"}],"replies":[{"embeddable":true,"href":"https:\/\/fitshaker.cz\/eshop\/wp-json\/wp\/v2\/comments?post=155741"}],"wp:featuredmedia":[{"embeddable":true,"href":"https:\/\/fitshaker.cz\/eshop\/wp-json\/wp\/v2\/media\/162514"}],"wp:attachment":[{"href":"https:\/\/fitshaker.cz\/eshop\/wp-json\/wp\/v2\/media?parent=155741"}],"wp:term":[{"taxonomy":"product_cat","embeddable":true,"href":"https:\/\/fitshaker.cz\/eshop\/wp-json\/wp\/v2\/product_cat?post=155741"},{"taxonomy":"product_tag","embeddable":true,"href":"https:\/\/fitshaker.cz\/eshop\/wp-json\/wp\/v2\/product_tag?post=155741"}],"curies":[{"name":"wp","href":"https:\/\/api.w.org\/{rel}","templated":true}]}}