{"id":155763,"date":"2024-07-24T12:32:36","date_gmt":"2024-07-24T10:32:36","guid":{"rendered":"https:\/\/fitshaker-eshop-prod.goodrequest.dev\/eshop\/?post_type=product&#038;p=155763"},"modified":"2026-03-12T10:33:55","modified_gmt":"2026-03-12T09:33:55","slug":"kratke-sortky-compress-gray","status":"publish","type":"product","link":"https:\/\/fitshaker.cz\/eshop\/produkt\/kratke-sortky-compress-gray","title":{"rendered":"Kr\u00e1tk\u00e9 \u0161ortky COMPRESS Gray"},"content":{"rendered":"<p><strong><em>P\u0159in\u00e1\u0161\u00edme novou origin\u00e1ln\u00ed kolekci sportovn\u00edho oble\u010den\u00ed Fitshaker \u2013 COMPRESS. <\/em><\/strong><em>Tato kolekce je specifick\u00e1 t\u00edm, \u017ee <strong>je vyroben\u00e1 z pevn\u011bj\u0161\u00edho formuj\u00edc\u00edho materi\u00e1lu. COMPRESS GRAY <\/strong>jsme p\u0159ipravili <strong>v univerz\u00e1ln\u00edm \u0161ed\u00e9m proveden\u00ed. Leg\u00edny i \u0161ortky t\u00e9to kolekce jsou jemn\u011b ozdoben\u00e9 na\u0161imi autorsk\u00fdmi Fitshaker ilustracemi. <\/strong><\/em><\/p>\n<p><em>Co z na\u0161eho oble\u010den\u00ed ti sedne v\u00edc? Flexibiln\u011bj\u0161\u00ed BASIC, nebo formuj\u00edc\u00ed COMPRESS kolekce? <\/em><\/p>\n<p>Pokud hled\u00e1\u0161 kr\u00e1tk\u00e9 \u0161ortky s vysok\u00fdm pasem a formuj\u00edc\u00edm efektem, u n\u00e1s je najde\u0161 \ud83d\ude42.<\/p>\n<p>Kr\u00e1tk\u00e9 \u0161ortky jsou neodmyslitelnou sou\u010d\u00e1st\u00ed letn\u00edch aktivit a hod\u00ed se i na celoro\u010dn\u00ed online cvi\u010den\u00ed v pohodl\u00ed domova s Fitshakerem. A taky budou m\u00edt radost, kdy\u017e je vezmete vyv\u011btrat do fitka \ud83d\ude42.<\/p>\n<p>Je jen na v\u00e1s, v \u010dem r\u00e1dy cvi\u010d\u00edte! Oble\u010den\u00ed v\u00e1s v tom omezovat nesm\u00ed \ud83d\ude09.<\/p>\n<p>Na celou kolekci kalhot COMPRESS (kr\u00e1tk\u00e9 \u0161ortky, cyklistick\u00e9 \u0161ortky a dlouh\u00e9 leg\u00edny) jsme pou\u017eili stejn\u00fd stahuj\u00edc\u00ed materi\u00e1l a d\u016fmysln\u011b promy\u0161len\u00fd st\u0159ih s vysok\u00fdm pasem. <strong>Kr\u00e1tk\u00e9 \u0161ortky COMPRESS<\/strong> <strong>skv\u011ble sednou, dr\u017e\u00ed, nesj\u00ed\u017ed\u011bj\u00ed p\u0159i cvi\u010den\u00ed, maj\u00ed pohodln\u00fd, FAKT vysok\u00fd pas a jejich pevn\u011bj\u0161\u00ed funk\u010dn\u00ed materi\u00e1l kr\u00e1sn\u011b formuje zadek i stehna<\/strong> \ud83d\ude01.<\/p>\n<p><strong>Kr\u00e1tk\u00e9 \u0161ortky COMPRESS u n\u00e1s najde\u0161 ve velikostech od XS a\u017e po XL. <\/strong><strong>Pokud chce\u0161 v\u00edce stahuj\u00edc\u00ed a formuj\u00edc\u00ed efekt, vyber si velikost, kterou b\u011b\u017en\u011b nos\u00ed\u0161, pokud chce\u0161 m\u00e9n\u011b stahuj\u00edc\u00ed efekt a preferuje\u0161 pohodln\u011bj\u0161\u00ed sportovn\u00ed oble\u010den\u00ed, vyber si o \u010d\u00edslo v\u011bt\u0161\u00ed velikost. <\/strong><\/p>\n<p><strong>Materi\u00e1l je prody\u0161n\u00fd a rychle schne. <\/strong>Pro hork\u00e9 letn\u00ed dny vyzkou\u0161ejte z t\u00e9to kolekce i Cyklistick\u00e9 \u0161ortky COMPRESS a pro ty chladn\u011bj\u0161\u00ed Dlouh\u00e9 leg\u00edny COMPRESS.<\/p>\n<p><strong>Slo\u017een\u00ed materi\u00e1lu:<\/strong> 82 % polyester, 18 % elastan<\/p>\n<p><strong>P\u00e9\u010de o produkt: <\/strong>Pr\u00e1t oto\u010den\u00e9 naruby na 30 \u00b0, nepou\u017e\u00edvat aviv\u00e1\u017e, nesu\u0161it v su\u0161i\u010dce, vyvarovat se od\u011bru s ostr\u00fdmi p\u0159edm\u011bty.<\/p>\n<p><strong>Na\u0161e BASIC a COMPRESS kolekce je u\u0161it\u00e1 v Polsku z l\u00e1tek vyroben\u00fdch v Polsku.<\/strong><br \/>\nVznikla ve f\u00e9r podm\u00ednk\u00e1ch. Na\u0161e dodavatele, \u0161vadleny i n\u00e1vrh\u00e1\u0159ky osobn\u011b zn\u00e1me, stejn\u011b jako m\u00edsta, ve kter\u00fdch pracuj\u00ed.<\/p>\n<p><strong>COMPRESS kolekce je vyrobena sublimac\u00ed \u2013 tedy potiskem na b\u00edlou l\u00e1tku.<\/strong> V n\u011bkter\u00fdch m\u00edstech m\u00e1 proto jemn\u00e9 b\u00edl\u00e9 odlesky, kter\u00e9 l\u00e1tce dod\u00e1vaj\u00ed tro\u0161ku metalick\u00fd charakter. <strong>L\u00e1tka je pevn\u00e1, stahuj\u00edc\u00ed a neprosv\u00edt\u00e1.<\/strong><\/p>\n","protected":false},"excerpt":{"rendered":"<p>Nov\u00e1 kolekce z pevn\u011bj\u0161\u00edho formuj\u00edc\u00edho materi\u00e1lu je tady!<\/p>\n","protected":false},"featured_media":155406,"comment_status":"open","ping_status":"closed","template":"","meta":{"_acf_changed":false},"product_cat":[214],"product_tag":[],"bundle_layout":"","bundled_by":[],"bundled_items":[],"acf":[],"_links":{"self":[{"href":"https:\/\/fitshaker.cz\/eshop\/wp-json\/wp\/v2\/product\/155763"}],"collection":[{"href":"https:\/\/fitshaker.cz\/eshop\/wp-json\/wp\/v2\/product"}],"about":[{"href":"https:\/\/fitshaker.cz\/eshop\/wp-json\/wp\/v2\/types\/product"}],"replies":[{"embeddable":true,"href":"https:\/\/fitshaker.cz\/eshop\/wp-json\/wp\/v2\/comments?post=155763"}],"wp:featuredmedia":[{"embeddable":true,"href":"https:\/\/fitshaker.cz\/eshop\/wp-json\/wp\/v2\/media\/155406"}],"wp:attachment":[{"href":"https:\/\/fitshaker.cz\/eshop\/wp-json\/wp\/v2\/media?parent=155763"}],"wp:term":[{"taxonomy":"product_cat","embeddable":true,"href":"https:\/\/fitshaker.cz\/eshop\/wp-json\/wp\/v2\/product_cat?post=155763"},{"taxonomy":"product_tag","embeddable":true,"href":"https:\/\/fitshaker.cz\/eshop\/wp-json\/wp\/v2\/product_tag?post=155763"}],"curies":[{"name":"wp","href":"https:\/\/api.w.org\/{rel}","templated":true}]}}