{"id":155811,"date":"2024-07-24T12:32:48","date_gmt":"2024-07-24T10:32:48","guid":{"rendered":"https:\/\/fitshaker-eshop-prod.goodrequest.dev\/eshop\/?post_type=product&#038;p=155811"},"modified":"2026-04-09T16:31:38","modified_gmt":"2026-04-09T14:31:38","slug":"lyofilizovane-visne-v-horkej-cokolade-50-g","status":"publish","type":"product","link":"https:\/\/fitshaker.cz\/eshop\/produkt\/lyofilizovane-visne-v-horkej-cokolade-50-g","title":{"rendered":"Lyofilizovan\u00e9 vi\u0161n\u011b v ho\u0159k\u00e9 \u010dokol\u00e1d\u011b 50 g"},"content":{"rendered":"<p><img loading=\"lazy\" decoding=\"async\" class=\"alignright wp-image-146481\" src=\"https:\/\/fitshaker.sk\/eshop\/wp-content\/uploads\/2024\/04\/visne-v-cokolade-scaled-e1739551829570.jpg\" alt=\"zdrave-sladkosti\" width=\"565\" height=\"450\" srcset=\"https:\/\/fitshaker.cz\/eshop\/wp-content\/uploads\/2024\/04\/visne-v-cokolade-scaled-e1739551829570.jpg 1369w, https:\/\/fitshaker.cz\/eshop\/wp-content\/uploads\/2024\/04\/visne-v-cokolade-scaled-e1739551829570-350x279.jpg 350w, https:\/\/fitshaker.cz\/eshop\/wp-content\/uploads\/2024\/04\/visne-v-cokolade-scaled-e1739551829570-595x474.jpg 595w, https:\/\/fitshaker.cz\/eshop\/wp-content\/uploads\/2024\/04\/visne-v-cokolade-scaled-e1739551829570-385x307.jpg 385w, https:\/\/fitshaker.cz\/eshop\/wp-content\/uploads\/2024\/04\/visne-v-cokolade-scaled-e1739551829570-768x612.jpg 768w, https:\/\/fitshaker.cz\/eshop\/wp-content\/uploads\/2024\/04\/visne-v-cokolade-scaled-e1739551829570-450x359.jpg 450w\" sizes=\"(max-width: 565px) 100vw, 565px\" \/>A toto je d\u016fkaz, \u017ee sladkosti se daj\u00ed d\u011blat i <strong>zdrav\u011b a kvalitn\u011b!<\/strong><\/p>\n<p><strong>Na\u0161e lyofilizovan\u00e9 ovoce se sb\u00edr\u00e1 v dob\u011b ide\u00e1ln\u00ed zralosti. N\u00e1sledn\u011b se \u0161etrn\u011b su\u0161\u00ed mrazem, aby bylo kr\u00e1sn\u011b k\u0159upav\u00e9, zachovalo si chu\u0165 a barvu a a\u017e 98 % sv\u00fdch v\u00fd\u017eivov\u00fdch hodnot. Je t\u00e9m\u011b\u0159 identick\u00e9 s\u00a0p\u016fvodn\u00edm ovocem. Je bez konzervant\u016f. <\/strong><\/p>\n<p>Ka\u017ed\u00fdch 100 g mrazem su\u0161en\u00e9ho ovoce je vyrobeno z 800 g a\u017e 1 kg \u010derstv\u00e9ho ovoce.<\/p>\n<p>Vi\u0161n\u011b jsou jednotliv\u011b t\u0159\u00edd\u011bny a dra\u017eov\u00e1ny do ho\u0159k\u00e9 \u010dokol\u00e1dy. Vi\u0161n\u011b neobsahuj\u00ed \u017e\u00e1dn\u00e9 chemik\u00e1lie ani p\u0159idan\u00e9 cukry. \u010cokol\u00e1da je bez um\u011bl\u00fdch le\u0161tic\u00edch l\u00e1tek.<\/p>\n<p>&nbsp;<\/p>\n<h3>Slo\u017een\u00ed:<\/h3>\n<p>ho\u0159k\u00e1 \u010dokol\u00e1da 66,7 % (cukr, kakaov\u00e1 hmota, kakaov\u00e9 m\u00e1slo, emulg\u00e1tory: \u0159epkov\u00fd lecitin, vanilka), lyofilizovan\u00e9 vi\u0161ne 33,3 %.<\/p>\n<p><strong>M\u016f\u017ee obsahovat ara\u0161\u00eddy, s\u00f3ju, o\u0159echy a ml\u00e9ko.<\/strong><\/p>\n<p>&nbsp;<\/p>\n<h3>V\u00fd\u017eivov\u00e9 \u00fadaje na 100 g:<\/h3>\n<p>energie 2036,57 kJ\/487 kcal; tuky 22,8 g, z toho nasycen\u00e9 mastn\u00e9 kyseliny 13,39 g; sacharidy 64,02 g, z toho cukry 49,93 g; b\u00edlkoviny 4,83 g; s\u016fl 0,01 g.<\/p>\n<p>&nbsp;<\/p>\n<p><strong>Skladov\u00e1n\u00ed: <\/strong>Skladujte v\u00a0suchu, p\u0159i teplot\u011b od +18 \u02daC do +23\u00a0\u02daC a\u00a0chra\u0148te p\u0159ed p\u0159\u00edm\u00fdm slune\u010dn\u00edm z\u00e1\u0159en\u00edm. Spot\u0159ebujte do 1\u00a0m\u011bs\u00edce od otev\u0159en\u00ed.\u00a0Obal v\u017edy dob\u0159e uzav\u0159ete.<\/p>\n<p><strong>Vyrobeno na Slovensku.<\/strong><\/p>\n<p><strong>Zem\u011b p\u016fvodu ovoce: Srbsko.<\/strong><\/p>\n<p><strong>50 g<\/strong><\/p>\n<p>&nbsp;<\/p>\n","protected":false},"excerpt":{"rendered":"<p>Tak toto je sladk\u00e1, zdrav\u00e1 BOMBA! <strong>Lyofilizovan\u00e9 ovoce pr\u00e9miov\u00e9 kvality m\u00e1\u010den\u00e9 v \u010dokol\u00e1d\u011b vyroben\u00e9 na Slovensku. <\/strong><\/p>\n<p><strong>Bez zbyte\u010dn\u00fdch le\u0161tic\u00edch l\u00e1tek! <\/strong>P\u0159in\u00e1\u0161\u00edme ti pr\u00e9miovou kvalitu, kterou hled\u00e1me i sami pro sebe.<strong> Bez kompromis\u016f<\/strong><strong>.<\/strong><\/p>\n<p>&nbsp;<\/p>\n<p>&nbsp;<\/p>\n<p><img loading=\"lazy\" decoding=\"async\" class=\"alignnone wp-image-171124\" src=\"https:\/\/fitshaker.sk\/eshop\/wp-content\/uploads\/2024\/12\/CZ-Lyo-jahody-v-horej-cokolade.png\" alt=\"ovoce v horek cokolade\" width=\"670\" height=\"100\" srcset=\"https:\/\/fitshaker.cz\/eshop\/wp-content\/uploads\/2024\/12\/CZ-Lyo-jahody-v-horej-cokolade.png 5920w, https:\/\/fitshaker.cz\/eshop\/wp-content\/uploads\/2024\/12\/CZ-Lyo-jahody-v-horej-cokolade-350x52.png 350w, https:\/\/fitshaker.cz\/eshop\/wp-content\/uploads\/2024\/12\/CZ-Lyo-jahody-v-horej-cokolade-595x89.png 595w, https:\/\/fitshaker.cz\/eshop\/wp-content\/uploads\/2024\/12\/CZ-Lyo-jahody-v-horej-cokolade-385x57.png 385w, https:\/\/fitshaker.cz\/eshop\/wp-content\/uploads\/2024\/12\/CZ-Lyo-jahody-v-horej-cokolade-768x115.png 768w, https:\/\/fitshaker.cz\/eshop\/wp-content\/uploads\/2024\/12\/CZ-Lyo-jahody-v-horej-cokolade-1536x229.png 1536w, https:\/\/fitshaker.cz\/eshop\/wp-content\/uploads\/2024\/12\/CZ-Lyo-jahody-v-horej-cokolade-2048x305.png 2048w, https:\/\/fitshaker.cz\/eshop\/wp-content\/uploads\/2024\/12\/CZ-Lyo-jahody-v-horej-cokolade-450x67.png 450w\" sizes=\"(max-width: 670px) 100vw, 670px\" \/><\/p>\n","protected":false},"featured_media":162553,"comment_status":"open","ping_status":"closed","template":"","meta":{"_acf_changed":false},"product_cat":[213],"product_tag":[],"bundle_layout":"","bundled_by":[],"bundled_items":[],"acf":[],"_links":{"self":[{"href":"https:\/\/fitshaker.cz\/eshop\/wp-json\/wp\/v2\/product\/155811"}],"collection":[{"href":"https:\/\/fitshaker.cz\/eshop\/wp-json\/wp\/v2\/product"}],"about":[{"href":"https:\/\/fitshaker.cz\/eshop\/wp-json\/wp\/v2\/types\/product"}],"replies":[{"embeddable":true,"href":"https:\/\/fitshaker.cz\/eshop\/wp-json\/wp\/v2\/comments?post=155811"}],"wp:featuredmedia":[{"embeddable":true,"href":"https:\/\/fitshaker.cz\/eshop\/wp-json\/wp\/v2\/media\/162553"}],"wp:attachment":[{"href":"https:\/\/fitshaker.cz\/eshop\/wp-json\/wp\/v2\/media?parent=155811"}],"wp:term":[{"taxonomy":"product_cat","embeddable":true,"href":"https:\/\/fitshaker.cz\/eshop\/wp-json\/wp\/v2\/product_cat?post=155811"},{"taxonomy":"product_tag","embeddable":true,"href":"https:\/\/fitshaker.cz\/eshop\/wp-json\/wp\/v2\/product_tag?post=155811"}],"curies":[{"name":"wp","href":"https:\/\/api.w.org\/{rel}","templated":true}]}}