{"id":155813,"date":"2024-07-24T12:32:48","date_gmt":"2024-07-24T10:32:48","guid":{"rendered":"https:\/\/fitshaker-eshop-prod.goodrequest.dev\/eshop\/?post_type=product&#038;p=155813"},"modified":"2026-03-17T12:03:00","modified_gmt":"2026-03-17T11:03:00","slug":"lyofilizovane-ovocie-ananas-jahoda-banan-100-g","status":"publish","type":"product","link":"https:\/\/fitshaker.cz\/eshop\/produkt\/lyofilizovane-ovocie-ananas-jahoda-banan-100-g","title":{"rendered":"Lyofilizovan\u00e9 ovoce \u2013 ananas, jahoda, ban\u00e1n 100 g"},"content":{"rendered":"<p><strong><img loading=\"lazy\" decoding=\"async\" class=\"alignright wp-image-146475\" src=\"https:\/\/fitshaker.sk\/eshop\/wp-content\/uploads\/2024\/04\/lyo-ovocie-ananas-jahoda-banan-e1739453511434.jpg\" alt=\"lyo ovocie jahoda anans banan\" width=\"568\" height=\"400\" srcset=\"https:\/\/fitshaker.cz\/eshop\/wp-content\/uploads\/2024\/04\/lyo-ovocie-ananas-jahoda-banan-e1739453511434.jpg 1223w, https:\/\/fitshaker.cz\/eshop\/wp-content\/uploads\/2024\/04\/lyo-ovocie-ananas-jahoda-banan-e1739453511434-350x246.jpg 350w, https:\/\/fitshaker.cz\/eshop\/wp-content\/uploads\/2024\/04\/lyo-ovocie-ananas-jahoda-banan-e1739453511434-595x419.jpg 595w, https:\/\/fitshaker.cz\/eshop\/wp-content\/uploads\/2024\/04\/lyo-ovocie-ananas-jahoda-banan-e1739453511434-385x271.jpg 385w, https:\/\/fitshaker.cz\/eshop\/wp-content\/uploads\/2024\/04\/lyo-ovocie-ananas-jahoda-banan-e1739453511434-768x541.jpg 768w, https:\/\/fitshaker.cz\/eshop\/wp-content\/uploads\/2024\/04\/lyo-ovocie-ananas-jahoda-banan-e1739453511434-450x317.jpg 450w\" sizes=\"(max-width: 568px) 100vw, 568px\" \/>Na\u0161e lyofilizovan\u00e9 ovoce se sb\u00edr\u00e1 v dob\u011b ide\u00e1ln\u00ed zralosti. N\u00e1sledn\u011b se \u0161etrn\u011b su\u0161\u00ed mrazem, aby bylo:<\/strong><\/p>\n<ul>\n<li><strong>kr\u00e1sn\u011b k\u0159upav\u00e9, <\/strong><\/li>\n<li><strong>zachovalo si chu\u0165 a barvu <\/strong><\/li>\n<li><strong>a a\u017e 98 % sv\u00fdch v\u00fd\u017eivov\u00fdch hodnot. <\/strong><\/li>\n<li><strong>Je t\u00e9m\u011b\u0159 identick\u00e9 s\u00a0p\u016fvodn\u00edm ovocem. <\/strong><\/li>\n<li><strong>Je bez konzervant\u016f.<\/strong><\/li>\n<\/ul>\n<p><strong>P\u0159in\u00e1\u0161\u00edme ti pr\u00e9miovou kvalitu, kterou hled\u00e1me i sami pro sebe. Bez kompromis\u016f<\/strong><strong>.<\/strong><\/p>\n<p>&nbsp;<\/p>\n<h3>Slo\u017een\u00ed:<\/h3>\n<p>lyofilizovan\u00e9 ban\u00e1ny 40 %, lyofilizovan\u00fd ananas 30 %, lyofilizovan\u00e9 jahody 30 %.*<\/p>\n<p><strong>*Ovoce su\u0161en\u00e9 mrazem je 100% \u010dist\u00e9 ovoce, ze\u00a0kter\u00e9ho je odstran\u011bn\u00e1 voda. <\/strong><br \/>\n<strong>50 g lyofilizovan\u00e9ho ovoce je vyrobeno ze 400 a\u017e 500 g \u010derstv\u00e9ho ovoce.<\/strong><\/p>\n<p>&nbsp;<\/p>\n<h3>V\u00fd\u017eivov\u00e9 \u00fadaje na 100 g:<\/h3>\n<p>energie 1 671 kJ\/399 kcal; tuky 0,8 g, z toho nasycen\u00e9 mastn\u00e9 kyseliny 0,02 g; sacharidy 83,9 g, z toho cukry 63 g; vl\u00e1knina 6,9 g; b\u00edlkoviny 5,2 g; s\u016fl 0,01 g.<\/p>\n<p>&nbsp;<\/p>\n<p><strong>Pou\u017eit\u00ed:<\/strong> Lyofilizovan\u00e9 ovoce je ide\u00e1ln\u00ed ke konzumaci p\u0159\u00edmo, k pe\u010den\u00ed, do jogurt\u016f, sorbet\u016f nebo smoothies.<\/p>\n<p><strong>Skladov\u00e1n\u00ed: <\/strong>Skladujte v\u00a0suchu, p\u0159i teplot\u011b do +25\u00a0\u02daC a\u00a0chra\u0148te p\u0159ed p\u0159\u00edm\u00fdm slune\u010dn\u00edm z\u00e1\u0159en\u00edm. Spot\u0159ebujte do 1\u00a0m\u011bs\u00edce od otev\u0159en\u00ed.\u00a0Obal v\u017edy dob\u0159e uzav\u0159ete.<\/p>\n<p>&nbsp;<\/p>\n<p><strong>Vyrobeno na Slovensku.<\/strong><\/p>\n<p><strong>Zem\u011b p\u016fvodu ovoce: mimo EU.<\/strong><\/p>\n<p><strong>100 g<\/strong><\/p>\n<p>&nbsp;<\/p>\n","protected":false},"excerpt":{"rendered":"<p>Mrazem su\u0161en\u00e9 ovoce (100 %).<br \/>\n<img loading=\"lazy\" decoding=\"async\" class=\"alignnone wp-image-171123\" src=\"https:\/\/fitshaker.sk\/eshop\/wp-content\/uploads\/2024\/12\/CZ-Lyo-ovocie.png\" alt=\"lyo ovoce\" width=\"670\" height=\"100\" srcset=\"https:\/\/fitshaker.cz\/eshop\/wp-content\/uploads\/2024\/12\/CZ-Lyo-ovocie.png 5920w, https:\/\/fitshaker.cz\/eshop\/wp-content\/uploads\/2024\/12\/CZ-Lyo-ovocie-350x52.png 350w, https:\/\/fitshaker.cz\/eshop\/wp-content\/uploads\/2024\/12\/CZ-Lyo-ovocie-595x89.png 595w, https:\/\/fitshaker.cz\/eshop\/wp-content\/uploads\/2024\/12\/CZ-Lyo-ovocie-385x57.png 385w, https:\/\/fitshaker.cz\/eshop\/wp-content\/uploads\/2024\/12\/CZ-Lyo-ovocie-768x115.png 768w, https:\/\/fitshaker.cz\/eshop\/wp-content\/uploads\/2024\/12\/CZ-Lyo-ovocie-1536x229.png 1536w, https:\/\/fitshaker.cz\/eshop\/wp-content\/uploads\/2024\/12\/CZ-Lyo-ovocie-2048x305.png 2048w, https:\/\/fitshaker.cz\/eshop\/wp-content\/uploads\/2024\/12\/CZ-Lyo-ovocie-450x67.png 450w\" sizes=\"(max-width: 670px) 100vw, 670px\" \/><\/p>\n","protected":false},"featured_media":162544,"comment_status":"open","ping_status":"closed","template":"","meta":{"_acf_changed":false},"product_cat":[213],"product_tag":[],"bundle_layout":"","bundled_by":[],"bundled_items":[],"acf":[],"_links":{"self":[{"href":"https:\/\/fitshaker.cz\/eshop\/wp-json\/wp\/v2\/product\/155813"}],"collection":[{"href":"https:\/\/fitshaker.cz\/eshop\/wp-json\/wp\/v2\/product"}],"about":[{"href":"https:\/\/fitshaker.cz\/eshop\/wp-json\/wp\/v2\/types\/product"}],"replies":[{"embeddable":true,"href":"https:\/\/fitshaker.cz\/eshop\/wp-json\/wp\/v2\/comments?post=155813"}],"wp:featuredmedia":[{"embeddable":true,"href":"https:\/\/fitshaker.cz\/eshop\/wp-json\/wp\/v2\/media\/162544"}],"wp:attachment":[{"href":"https:\/\/fitshaker.cz\/eshop\/wp-json\/wp\/v2\/media?parent=155813"}],"wp:term":[{"taxonomy":"product_cat","embeddable":true,"href":"https:\/\/fitshaker.cz\/eshop\/wp-json\/wp\/v2\/product_cat?post=155813"},{"taxonomy":"product_tag","embeddable":true,"href":"https:\/\/fitshaker.cz\/eshop\/wp-json\/wp\/v2\/product_tag?post=155813"}],"curies":[{"name":"wp","href":"https:\/\/api.w.org\/{rel}","templated":true}]}}