{"id":161440,"date":"2024-10-01T17:24:44","date_gmt":"2024-10-01T15:24:44","guid":{"rendered":"https:\/\/fitshaker.sk\/eshop\/?post_type=product&#038;p=161440"},"modified":"2026-04-09T07:38:25","modified_gmt":"2026-04-09T05:38:25","slug":"macka-vo-vreci","status":"publish","type":"product","link":"https:\/\/fitshaker.cz\/eshop\/produkt\/macka-vo-vreci","title":{"rendered":"Zaj\u00edc v pytli"},"content":{"rendered":"<p>Dovol\u00ed\u0161 n\u00e1m p\u0159ekvapit t\u011b?<br \/>\nKonkr\u00e9tn\u011b zdrav\u00fdm p\u0159ekvapen\u00edm v hodnot\u011b minim\u00e1ln\u011b dvojn\u00e1sobku zaplacen\u00e9 \u010d\u00e1stky, tedy minim\u00e1ln\u011b v hodnot\u011b 398 K\u010d?<br \/>\nP\u0159iho\u010f si do ko\u0161\u00edku tento tajemn\u00fd produkt a nechej zdrav\u00fd v\u00fdb\u011br na n\u00e1s.<br \/>\nVe tv\u00e9m bal\u00ed\u010dku t\u011b m\u016f\u017ee \u010dekat kniha, cvi\u010debn\u00ed pom\u016fcka, dobrota nebo produkt od na\u0161ich partner\u016f.<br \/>\nHodnota produktu nebude nikdy ni\u017e\u0161\u00ed ne\u017e 398 K\u010d.<\/p>\n<p><span class=\"HwtZe\" lang=\"cs\"><span class=\"jCAhz ChMk0b\"><span class=\"ryNqvb\">*Jeliko\u017e &#8220;Zaj\u00edc v pytli&#8221; je d\u00e1rkov\u00fd poukaz, jeho\u017e hodnota je re\u00e1ln\u011b vy\u0161\u0161\u00ed, nedaj\u00ed se na tento produkt uplatnit ji\u017e \u017e\u00e1dn\u00e9 dal\u0161\u00ed slevy :).<\/span><\/span><\/span><\/p>\n","protected":false},"excerpt":{"rendered":"<p>Nakup za 199 K\u010d a z\u00edsk\u00e1\u0161 p\u0159ekvapen\u00ed v hodnot\u011b minim\u00e1ln\u011b 398 K\u010d \ud83c\udf89.<\/p>\n","protected":false},"featured_media":162555,"comment_status":"open","ping_status":"closed","template":"","meta":{"_acf_changed":false},"product_cat":[211],"product_tag":[],"bundle_layout":"","bundled_by":[],"bundled_items":[],"acf":[],"_links":{"self":[{"href":"https:\/\/fitshaker.cz\/eshop\/wp-json\/wp\/v2\/product\/161440"}],"collection":[{"href":"https:\/\/fitshaker.cz\/eshop\/wp-json\/wp\/v2\/product"}],"about":[{"href":"https:\/\/fitshaker.cz\/eshop\/wp-json\/wp\/v2\/types\/product"}],"replies":[{"embeddable":true,"href":"https:\/\/fitshaker.cz\/eshop\/wp-json\/wp\/v2\/comments?post=161440"}],"wp:featuredmedia":[{"embeddable":true,"href":"https:\/\/fitshaker.cz\/eshop\/wp-json\/wp\/v2\/media\/162555"}],"wp:attachment":[{"href":"https:\/\/fitshaker.cz\/eshop\/wp-json\/wp\/v2\/media?parent=161440"}],"wp:term":[{"taxonomy":"product_cat","embeddable":true,"href":"https:\/\/fitshaker.cz\/eshop\/wp-json\/wp\/v2\/product_cat?post=161440"},{"taxonomy":"product_tag","embeddable":true,"href":"https:\/\/fitshaker.cz\/eshop\/wp-json\/wp\/v2\/product_tag?post=161440"}],"curies":[{"name":"wp","href":"https:\/\/api.w.org\/{rel}","templated":true}]}}