{"id":162314,"date":"2024-10-15T17:17:58","date_gmt":"2024-10-15T15:17:58","guid":{"rendered":"https:\/\/fitshaker.sk\/eshop\/?post_type=product&#038;p=162314"},"modified":"2026-04-08T10:59:52","modified_gmt":"2026-04-08T08:59:52","slug":"svihadlo","status":"publish","type":"product","link":"https:\/\/fitshaker.cz\/eshop\/produkt\/svihadlo","title":{"rendered":"\u0160vihadlo"},"content":{"rendered":"<p>Vra\u0165 se do d\u011btstv\u00ed, zabav se a zlep\u0161i svoji kondi\u010dku. To v\u0161echno d\u00edky \u0161vihadlu!<\/p>\n<p><strong>Fitshaker \u0161vihadlo a jeho v\u00fdhody:<\/strong><\/p>\n<p>\u2022 Praktick\u00e9 a lehk\u00e9 \u0161vihadlo v modern\u00edm designu.<br \/>\n\u2022 M\u00e1 d\u0159ev\u011bn\u00e1, ergonomicky tvarovan\u00e1 dr\u017eadla.<br \/>\n\u2022 Je vyroben\u00e9 z bavln\u011bn\u00e9ho lana (d\u00e9lka 275 cm), kter\u00e9 jde zkr\u00e1tit. D\u00e9lka je tedy nastaviteln\u00e1.<br \/>\n\u2022 Uprost\u0159ed bavln\u011bn\u00e9ho lana je plastov\u00fd kryt, kter\u00fd p\u0159i nar\u00e1\u017een\u00ed o zem chr\u00e1n\u00ed lanko p\u0159ed po\u0161kozen\u00edm.<br \/>\n\u2022 Dostupn\u00e9 ve 3 n\u00e1dhern\u00fdch sv\u011b\u017e\u00edch barv\u00e1ch: fialov\u00e9, r\u016f\u017eov\u00e9, modr\u00e9.<\/p>\n<p><strong>Na co v\u0161echno je \u0161vihadlo vhodn\u00e9?<\/strong><\/p>\n<p>\u2022 z\u00e1bavn\u00e1 forma cvi\u010den\u00ed,<br \/>\n\u2022 kondi\u010dn\u00ed cvi\u010den\u00ed,<br \/>\n\u2022 posilov\u00e1n\u00ed,<br \/>\n\u2022 aktivita s vysokou intenzitou, p\u0159i kter\u00e9 se spaluje spousta kalori\u00ed,<br \/>\n\u2022 ide\u00e1ln\u00ed na hubnut\u00ed,<br \/>\n\u2022 p\u0159i sk\u00e1k\u00e1n\u00ed p\u0159es \u0161vihadlo posilujeme st\u0159ed t\u011bla a doln\u00ed i horn\u00ed kon\u010detiny,<br \/>\n\u2022 tr\u00e9nujeme koordinaci pohybu, obratnost, rychlost a vytrvalost,<br \/>\n\u2022 pohyb se d\u00edky n\u011bmu stane z\u00e1bavou pro d\u011bti i dosp\u011bl\u00e9,<br \/>\n\u2022 \u0161vihadlo je skladn\u00e1 a cenov\u011b dostupn\u00e1 pom\u016fcka na cvi\u010den\u00ed, a proto u\u017e \u017e\u00e1dn\u00e9 v\u00fdmluvy \ud83d\ude42!<\/p>\n<p>&nbsp;<\/p>\n<p><strong>N\u00e1vod jak upravit d\u00e9lku na Fitshaker \u0161vihadle:<\/strong><\/p>\n<style>.embed-container { position: relative; padding-bottom: 56.25%; height: 0; overflow: hidden; max-width: 100%; } .embed-container iframe, .embed-container object, .embed-container embed { position: absolute; top: 0; left: 0; width: 100%; height: 100%; }<\/style>\n<div class=\"embed-container\"><iframe src=\"https:\/\/youtube.be\/embed\/o6WOQZQbhu0\" frameborder=\"0\" allowfullscreen=\"allowfullscreen\"><span data-mce-type=\"bookmark\" style=\"display: inline-block; width: 0px; overflow: hidden; line-height: 0;\" class=\"mce_SELRES_start\">\ufeff<\/span><\/iframe><\/div>\n","protected":false},"excerpt":{"rendered":"<p>Nastaviteln\u00e9 \u0161vihadlo s max. d\u00e9lkou 275 cm, s d\u0159ev\u011bn\u00fdmi dr\u017eadly, ve 3 n\u00e1dhern\u00fdch sv\u011b\u017e\u00edch barv\u00e1ch.<\/p>\n","protected":false},"featured_media":162490,"comment_status":"open","ping_status":"closed","template":"","meta":{"_acf_changed":false},"product_cat":[215],"product_tag":[],"bundle_layout":"","bundled_by":[],"bundled_items":[],"acf":[],"_links":{"self":[{"href":"https:\/\/fitshaker.cz\/eshop\/wp-json\/wp\/v2\/product\/162314"}],"collection":[{"href":"https:\/\/fitshaker.cz\/eshop\/wp-json\/wp\/v2\/product"}],"about":[{"href":"https:\/\/fitshaker.cz\/eshop\/wp-json\/wp\/v2\/types\/product"}],"replies":[{"embeddable":true,"href":"https:\/\/fitshaker.cz\/eshop\/wp-json\/wp\/v2\/comments?post=162314"}],"wp:featuredmedia":[{"embeddable":true,"href":"https:\/\/fitshaker.cz\/eshop\/wp-json\/wp\/v2\/media\/162490"}],"wp:attachment":[{"href":"https:\/\/fitshaker.cz\/eshop\/wp-json\/wp\/v2\/media?parent=162314"}],"wp:term":[{"taxonomy":"product_cat","embeddable":true,"href":"https:\/\/fitshaker.cz\/eshop\/wp-json\/wp\/v2\/product_cat?post=162314"},{"taxonomy":"product_tag","embeddable":true,"href":"https:\/\/fitshaker.cz\/eshop\/wp-json\/wp\/v2\/product_tag?post=162314"}],"curies":[{"name":"wp","href":"https:\/\/api.w.org\/{rel}","templated":true}]}}