{"id":162488,"date":"2024-10-18T10:39:29","date_gmt":"2024-10-18T08:39:29","guid":{"rendered":"https:\/\/fitshaker.sk\/eshop\/cs\/?post_type=product&#038;p=162488"},"modified":"2026-04-08T16:02:08","modified_gmt":"2026-04-08T14:02:08","slug":"lyofilizovane-dracie-ovocie-figy","status":"publish","type":"product","link":"https:\/\/fitshaker.cz\/eshop\/produkt\/lyofilizovane-dracie-ovocie-figy","title":{"rendered":"Lyofilizovan\u00e9 ovoce \u2013 dra\u010d\u00ed ovoce, f\u00edky 50 g"},"content":{"rendered":"<p><strong><img loading=\"lazy\" decoding=\"async\" class=\"alignright wp-image-162497\" src=\"https:\/\/fitshaker.sk\/eshop\/wp-content\/uploads\/2024\/10\/0Z6A9289-e1739375237985.jpg\" alt=\"lyo pitahaya-lyo figy\" width=\"567\" height=\"500\" srcset=\"https:\/\/fitshaker.cz\/eshop\/wp-content\/uploads\/2024\/10\/0Z6A9289-e1739375237985.jpg 1525w, https:\/\/fitshaker.cz\/eshop\/wp-content\/uploads\/2024\/10\/0Z6A9289-e1739375237985-340x300.jpg 340w, https:\/\/fitshaker.cz\/eshop\/wp-content\/uploads\/2024\/10\/0Z6A9289-e1739375237985-595x524.jpg 595w, https:\/\/fitshaker.cz\/eshop\/wp-content\/uploads\/2024\/10\/0Z6A9289-e1739375237985-385x339.jpg 385w, https:\/\/fitshaker.cz\/eshop\/wp-content\/uploads\/2024\/10\/0Z6A9289-e1739375237985-768x677.jpg 768w, https:\/\/fitshaker.cz\/eshop\/wp-content\/uploads\/2024\/10\/0Z6A9289-e1739375237985-450x397.jpg 450w, https:\/\/fitshaker.cz\/eshop\/wp-content\/uploads\/2024\/10\/0Z6A9289-e1739375237985-350x308.jpg 350w\" sizes=\"(max-width: 567px) 100vw, 567px\" \/><\/strong><\/p>\n<p><strong>Na\u0161e lyofilizovan\u00e9 ovoce se sb\u00edr\u00e1 v dob\u011b ide\u00e1ln\u00ed zralosti. N\u00e1sledn\u011b se \u0161etrn\u011b su\u0161\u00ed mrazem, aby bylo:<\/strong><\/p>\n<ul>\n<li><strong>kr\u00e1sn\u011b k\u0159upav\u00e9, <\/strong><\/li>\n<li><strong>zachovalo si chu\u0165 a barvu <\/strong><\/li>\n<li><strong>a a\u017e 98 % sv\u00fdch v\u00fd\u017eivov\u00fdch hodnot. <\/strong><\/li>\n<li><strong>Je t\u00e9m\u011b\u0159 identick\u00e9 s\u00a0p\u016fvodn\u00edm ovocem. <\/strong><\/li>\n<li><strong>Je bez konzervant\u016f.<\/strong><\/li>\n<\/ul>\n<p><strong>P\u0159in\u00e1\u0161\u00edme ti pr\u00e9miovou kvalitu, kterou hled\u00e1me i sami pro sebe. Bez kompromis\u016f<\/strong><strong>.<\/strong><\/p>\n<p>&nbsp;<\/p>\n<p><strong>Slo\u017een\u00ed:<\/strong> lyofilizovan\u00e9 dra\u010d\u00ed ovoce 60 %, lyofilizovan\u00e9 f\u00edky 40 %.*<\/p>\n<p><strong>*Ovoce su\u0161en\u00e9 mrazem je 100% \u010dist\u00e9 ovoce, ze\u00a0kter\u00e9ho je odstran\u011bn\u00e1 voda. <\/strong><br \/>\n<strong>50 g lyofilizovan\u00e9ho ovoce je vyrobeno ze 400 a\u017e 500 g \u010derstv\u00e9ho ovoce.<\/strong><\/p>\n<p>&nbsp;<\/p>\n<p><strong>V\u00fd\u017eivov\u00e9 \u00fadaje na 100 g:<\/strong><\/p>\n<p>energie 1 564 kJ\/379 kcal; tuky 1,55 g, z toho nasycen\u00e9 mastn\u00e9 kyseliny 0,1 g; sacharidy 78,55 g, z toho cukry 69,5 g; vl\u00e1knina 12 g; b\u00edlkoviny 3,5 g; s\u016fl 0,01 g.<\/p>\n<p>&nbsp;<\/p>\n<p><strong>Pou\u017eit\u00ed:<\/strong> Lyofilizovan\u00e9 ovoce je ide\u00e1ln\u00ed ke konzumaci p\u0159\u00edmo, k pe\u010den\u00ed, do jogurt\u016f, sorbet\u016f nebo smoothies.<\/p>\n<p><strong>Skladov\u00e1n\u00ed: <\/strong>Skladujte v\u00a0suchu, p\u0159i teplot\u011b do +25\u00a0\u02daC a\u00a0chra\u0148te p\u0159ed p\u0159\u00edm\u00fdm slune\u010dn\u00edm z\u00e1\u0159en\u00edm. Spot\u0159ebujte do 1\u00a0m\u011bs\u00edce od otev\u0159en\u00ed.\u00a0Obal v\u017edy dob\u0159e uzav\u0159ete.<\/p>\n<p>&nbsp;<\/p>\n<p><strong>Vyrobeno na Slovensku.<\/strong><\/p>\n<p><strong>Zem\u011b p\u016fvodu ovoce: EU.<\/strong><\/p>\n<p><strong>50 g<\/strong><\/p>\n<p>&nbsp;<\/p>\n","protected":false},"excerpt":{"rendered":"<p>Mrazem su\u0161en\u00e9 ovoce (100 %).<\/p>\n<p>&nbsp;<\/p>\n<p><img loading=\"lazy\" decoding=\"async\" class=\"alignnone wp-image-171123\" src=\"https:\/\/fitshaker.sk\/eshop\/wp-content\/uploads\/2024\/12\/CZ-Lyo-ovocie.png\" alt=\"lyo ovoce\" width=\"670\" height=\"100\" srcset=\"https:\/\/fitshaker.cz\/eshop\/wp-content\/uploads\/2024\/12\/CZ-Lyo-ovocie.png 5920w, https:\/\/fitshaker.cz\/eshop\/wp-content\/uploads\/2024\/12\/CZ-Lyo-ovocie-350x52.png 350w, https:\/\/fitshaker.cz\/eshop\/wp-content\/uploads\/2024\/12\/CZ-Lyo-ovocie-595x89.png 595w, https:\/\/fitshaker.cz\/eshop\/wp-content\/uploads\/2024\/12\/CZ-Lyo-ovocie-385x57.png 385w, https:\/\/fitshaker.cz\/eshop\/wp-content\/uploads\/2024\/12\/CZ-Lyo-ovocie-768x115.png 768w, https:\/\/fitshaker.cz\/eshop\/wp-content\/uploads\/2024\/12\/CZ-Lyo-ovocie-1536x229.png 1536w, https:\/\/fitshaker.cz\/eshop\/wp-content\/uploads\/2024\/12\/CZ-Lyo-ovocie-2048x305.png 2048w, https:\/\/fitshaker.cz\/eshop\/wp-content\/uploads\/2024\/12\/CZ-Lyo-ovocie-450x67.png 450w\" sizes=\"(max-width: 670px) 100vw, 670px\" \/><\/p>\n","protected":false},"featured_media":162491,"comment_status":"open","ping_status":"closed","template":"","meta":{"_acf_changed":false},"product_cat":[213],"product_tag":[],"bundle_layout":"","bundled_by":[],"bundled_items":[],"acf":[],"_links":{"self":[{"href":"https:\/\/fitshaker.cz\/eshop\/wp-json\/wp\/v2\/product\/162488"}],"collection":[{"href":"https:\/\/fitshaker.cz\/eshop\/wp-json\/wp\/v2\/product"}],"about":[{"href":"https:\/\/fitshaker.cz\/eshop\/wp-json\/wp\/v2\/types\/product"}],"replies":[{"embeddable":true,"href":"https:\/\/fitshaker.cz\/eshop\/wp-json\/wp\/v2\/comments?post=162488"}],"wp:featuredmedia":[{"embeddable":true,"href":"https:\/\/fitshaker.cz\/eshop\/wp-json\/wp\/v2\/media\/162491"}],"wp:attachment":[{"href":"https:\/\/fitshaker.cz\/eshop\/wp-json\/wp\/v2\/media?parent=162488"}],"wp:term":[{"taxonomy":"product_cat","embeddable":true,"href":"https:\/\/fitshaker.cz\/eshop\/wp-json\/wp\/v2\/product_cat?post=162488"},{"taxonomy":"product_tag","embeddable":true,"href":"https:\/\/fitshaker.cz\/eshop\/wp-json\/wp\/v2\/product_tag?post=162488"}],"curies":[{"name":"wp","href":"https:\/\/api.w.org\/{rel}","templated":true}]}}