{"id":164903,"date":"2024-11-15T09:27:31","date_gmt":"2024-11-15T08:27:31","guid":{"rendered":"https:\/\/fitshaker.sk\/eshop\/?post_type=product&#038;p=164903"},"modified":"2026-04-28T11:28:39","modified_gmt":"2026-04-28T09:28:39","slug":"treningovy-balicek","status":"publish","type":"product","link":"https:\/\/fitshaker.cz\/eshop\/produkt\/treningovy-balicek","title":{"rendered":"Tr\u00e9ninkov\u00fd bal\u00ed\u010dek"},"content":{"rendered":"<p>Proto\u017ee ani v zim\u011b nezah\u00e1l\u00edme a mak\u00e1me, tak pro tebe m\u00e1me super bal\u00ed\u010dek s obl\u00edben\u00fdmi kr\u00e1tk\u00fdmi expandery, \u0161vihadlem, kter\u00e9 je skv\u011blou pom\u016fckou na kondi\u010dn\u00ed tr\u00e9ninky, a mas\u00e1\u017en\u00edm olejem, se kter\u00fdm si m\u016f\u017ee\u0161 cvi\u010den\u00ed \u010di zimn\u00ed dny zp\u0159\u00edjemnit a provon\u011bt.<\/p>\n<p>Skv\u011bl\u00fd tip na d\u00e1rek pod v\u00e1no\u010dn\u00ed strome\u010dek nebo obdarov\u00e1n\u00ed sebe sama\ud83e\udd70.<\/p>\n<p><strong>Bal\u00ed\u010dek obsahuje:<\/strong><br \/>\n<strong>1x <a href=\"https:\/\/fitshaker.cz\/eshop\/produkt\/expandery-na-spodnu-cast-tela-2\">Kr\u00e1tk\u00e9 expandery<\/a><\/strong> na procvi\u010dov\u00e1n\u00ed spodn\u00ed \u010d\u00e1sti t\u011bla<br \/>\n<strong>1x<a href=\"https:\/\/fitshaker.cz\/eshop\/produkt\/svihadlo\"> R\u016f\u017eov\u00e9 \u0161vihadlo<\/a><\/strong> s nastavitelnou d\u00e9lkou<br \/>\n<strong>1x <a href=\"https:\/\/fitshaker.cz\/eshop\/produkt\/masazny-olej-na-svalovicu\">Mas\u00e1\u017en\u00ed olej (nejen) na bolav\u00e9 svaly<\/a><\/strong><br \/>\nObsahuje p\u0159\u00edrodn\u00ed silice \u2013<strong> levandule, kafr a wintergreen<\/strong>, d\u00edky kter\u00fdm m\u00e1 skv\u011bl\u00e9 \u00fa\u010dinky p\u0159i mas\u00e1\u017ei a kr\u00e1sn\u011b von\u00ed.<br \/>\n______________________________________________<br \/>\n<strong>Celkovo u\u0161etr\u00ed\u0161 30 %!<\/strong><\/p>\n","protected":false},"excerpt":{"rendered":"<p>Perfektn\u00ed tr\u00e9ninkov\u00fd bal\u00ed\u010dek za v\u00fdhodnou cenu! Kr\u00e1tk\u00e9 expandery pro zintenzivn\u011bn\u00ed tr\u00e9ninku nohou, \u0161vihadlo pro zpest\u0159en\u00ed tr\u00e9ninku venku a olej\u010dek pro regeneraci sval\u016f. Uchmatni si i ty sv\u016fj v\u00fdhodn\u00fd bal\u00ed\u010dek. V l\u00e9t\u011b se ti hod\u00ed :)<\/p>\n","protected":false},"featured_media":164892,"comment_status":"open","ping_status":"closed","template":"","meta":{"_acf_changed":false},"product_cat":[251],"product_tag":[],"bundle_layout":"","bundled_by":[],"bundled_items":[],"acf":[],"_links":{"self":[{"href":"https:\/\/fitshaker.cz\/eshop\/wp-json\/wp\/v2\/product\/164903"}],"collection":[{"href":"https:\/\/fitshaker.cz\/eshop\/wp-json\/wp\/v2\/product"}],"about":[{"href":"https:\/\/fitshaker.cz\/eshop\/wp-json\/wp\/v2\/types\/product"}],"replies":[{"embeddable":true,"href":"https:\/\/fitshaker.cz\/eshop\/wp-json\/wp\/v2\/comments?post=164903"}],"wp:featuredmedia":[{"embeddable":true,"href":"https:\/\/fitshaker.cz\/eshop\/wp-json\/wp\/v2\/media\/164892"}],"wp:attachment":[{"href":"https:\/\/fitshaker.cz\/eshop\/wp-json\/wp\/v2\/media?parent=164903"}],"wp:term":[{"taxonomy":"product_cat","embeddable":true,"href":"https:\/\/fitshaker.cz\/eshop\/wp-json\/wp\/v2\/product_cat?post=164903"},{"taxonomy":"product_tag","embeddable":true,"href":"https:\/\/fitshaker.cz\/eshop\/wp-json\/wp\/v2\/product_tag?post=164903"}],"curies":[{"name":"wp","href":"https:\/\/api.w.org\/{rel}","templated":true}]}}