{"id":165241,"date":"2024-11-20T14:26:15","date_gmt":"2024-11-20T13:26:15","guid":{"rendered":"https:\/\/fitshaker.sk\/eshop\/?post_type=product&#038;p=165241"},"modified":"2026-01-21T11:42:11","modified_gmt":"2026-01-21T10:42:11","slug":"e-book-recepty-do-20-minut-cesky","status":"publish","type":"product","link":"https:\/\/fitshaker.cz\/eshop\/produkt\/e-book-recepty-do-20-minut-cesky","title":{"rendered":"[E-book] Recepty do 20 minut (\u010desk\u00fd jazyk)"},"content":{"rendered":"<p>E-book Recepty do 20 minut obsahuje 25 skv\u011bl\u00fdch rychl\u00fdch recept\u016f na chutn\u00e9 ob\u011bdy \u010di ve\u010de\u0159e s b\u011b\u017en\u00fdmi surovinami, kter\u00e9 si dok\u00e1\u017ee p\u0159ipravit ka\u017ed\u00fd!<\/p>\n<p>Sou\u010d\u00e1st\u00ed v\u0161ech recept\u016f je:<br \/>\n\u2022 seznam pot\u0159ebn\u00fdch ingredienc\u00ed<br \/>\n\u2022 doba p\u0159\u00edpravy<br \/>\n\u2022 po\u010det porc\u00ed<br \/>\n\u2022 v\u00fd\u017eivov\u00e9 hodnoty na 1 porci<\/p>\n<p><strong>Upozorn\u011bn\u00ed: P\u0159i objedn\u00e1vce e-booku je nutn\u00e1 platba p\u0159edem. Nelze platit na dob\u00edrku.<\/strong><\/p>\n<p>&nbsp;<\/p>\n","protected":false},"excerpt":{"rendered":"<p>E-book Recepty do 20 minut \u2013 25 rychl\u00fdch recept\u016f na chutn\u00e9 a zdrav\u00e9 ob\u011bdy nebo ve\u010de\u0159e.<\/p>\n","protected":false},"featured_media":165242,"comment_status":"open","ping_status":"closed","template":"","meta":{"_acf_changed":false},"product_cat":[211],"product_tag":[],"bundle_layout":"","bundled_by":[],"bundled_items":[],"acf":[],"_links":{"self":[{"href":"https:\/\/fitshaker.cz\/eshop\/wp-json\/wp\/v2\/product\/165241"}],"collection":[{"href":"https:\/\/fitshaker.cz\/eshop\/wp-json\/wp\/v2\/product"}],"about":[{"href":"https:\/\/fitshaker.cz\/eshop\/wp-json\/wp\/v2\/types\/product"}],"replies":[{"embeddable":true,"href":"https:\/\/fitshaker.cz\/eshop\/wp-json\/wp\/v2\/comments?post=165241"}],"wp:featuredmedia":[{"embeddable":true,"href":"https:\/\/fitshaker.cz\/eshop\/wp-json\/wp\/v2\/media\/165242"}],"wp:attachment":[{"href":"https:\/\/fitshaker.cz\/eshop\/wp-json\/wp\/v2\/media?parent=165241"}],"wp:term":[{"taxonomy":"product_cat","embeddable":true,"href":"https:\/\/fitshaker.cz\/eshop\/wp-json\/wp\/v2\/product_cat?post=165241"},{"taxonomy":"product_tag","embeddable":true,"href":"https:\/\/fitshaker.cz\/eshop\/wp-json\/wp\/v2\/product_tag?post=165241"}],"curies":[{"name":"wp","href":"https:\/\/api.w.org\/{rel}","templated":true}]}}