{"id":167046,"date":"2024-12-13T13:24:23","date_gmt":"2024-12-13T12:24:23","guid":{"rendered":"https:\/\/fitshaker.sk\/eshop\/?post_type=product&#038;p=167046"},"modified":"2025-12-31T17:49:26","modified_gmt":"2025-12-31T16:49:26","slug":"mineraly-zinc-bisglycinate-selen","status":"publish","type":"product","link":"https:\/\/fitshaker.cz\/eshop\/produkt\/mineraly-zinc-bisglycinate-selen","title":{"rendered":"FITSHAKER ZINC BISGLYCINATE + SELEN"},"content":{"rendered":"<p><strong>Zinek bisglycin\u00e1t (chel\u00e1t)<\/strong> je miner\u00e1ln\u00ed l\u00e1tka<strong> ve vysoce vst\u0159ebateln\u00e9 form\u011b<\/strong> (chel\u00e1tov\u00e1 vazba bisglycin\u00e1tu zine\u010dnat\u00e9ho), kter\u00e1 je <strong>vysoce koncentrovan\u00e1 a nezat\u011b\u017euje tr\u00e1ven\u00ed.<\/strong> <strong>Selen ve form\u011b selenometioninu je t\u00e9\u017e vysoce biologicky dostupn\u00e1 forma<\/strong>, kter\u00e1 je velmi dob\u0159e vyu\u017eiteln\u00e1 v lidsk\u00e9m t\u011ble. Oba tyto miner\u00e1ly jsou velmi d\u016fle\u017eit\u00e9 aminokyseliny pot\u0159ebn\u00e9 pro lidsk\u00fd organismus.<\/p>\n<p>&nbsp;<\/p>\n<h3>Jak\u00e9 m\u00e1 v\u00fdhody FITSHAKER ZINC BISGLYCINATE + SELEN? S \u010d\u00edm ti m\u016f\u017ee pomoci?<\/h3>\n<ul>\n<li>podporuje tvorbu kolagenu a absorpci vitam\u00ednu A, co\u017e je kl\u00ed\u010dov\u00e9 pro zdrav\u00e9 bu\u0148ky vlas\u016f a jejich r\u016fst, stejn\u011b jako pro zdrav\u00e9 nehty a ple\u0165<\/li>\n<li>p\u0159isp\u00edv\u00e1 k norm\u00e1ln\u00ed funkci imunitn\u00edho syst\u00e9mu<\/li>\n<li>norm\u00e1ln\u00ed \u010dinnost \u0161t\u00edtn\u00e9 \u017el\u00e1zy<\/li>\n<li>podporuje hormon\u00e1ln\u00ed rovnov\u00e1hu, potenci<\/li>\n<li>selen a zinek jako antioxidanty sni\u017euj\u00ed oxida\u010dn\u00ed stres, kter\u00fd se spojuje s mno\u017estv\u00edm chronick\u00fdch nemoc\u00ed, jako je cukrovka druh\u00e9ho typu, srde\u010dn\u011b-c\u00e9vn\u00ed onemocn\u011bn\u00ed, Alzheimerova choroba, \u0161ed\u00fd z\u00e1kal \u010di r\u016fzn\u00e9 druhy rakoviny.<\/li>\n<\/ul>\n<p>&nbsp;<\/p>\n<h3>K \u010demu vede nedostatek miner\u00e1l\u016f zinku a selenu?<\/h3>\n<ul>\n<li>such\u00e9 a l\u00e1mav\u00e9 vlasy<\/li>\n<li>k\u0159ehk\u00e9 nehty<\/li>\n<li>rychlej\u0161\u00ed st\u00e1rnut\u00ed, tvorba \u0161edin, tvorba vr\u00e1sek<\/li>\n<li>nedostatek antioxidant\u016f, jako jsou zinek a selen nebo i vitam\u00edn C, vitam\u00edn E \u010di beta-karoten, zp\u016fsobuje mno\u017estv\u00ed chronick\u00fdch nemoc\u00ed<\/li>\n<\/ul>\n<p>V\u00edce o d\u016fle\u017eitosti a vlivu miner\u00e1l\u016f zinku a selenu na na\u0161e zdrav\u00ed se do\u010dte\u0161 na na\u0161em blogu.<\/p>\n<p>&nbsp;<\/p>\n<h3>Slo\u017een\u00ed:<\/h3>\n<p>akt\u00edvn\u00ed slo\u017eky: zinek (zinek bisglycin\u00e1t), selen (selenometionin).<\/p>\n<p>plnidlo: mikrokrystalick\u00e1 celulosa, kapsle (hydroxypropylmethylcelulosa) \u2013 rostlinn\u00e1 celulosa<\/p>\n<p>&nbsp;<\/p>\n<p><strong>Pou\u017e\u00edv\u00e1me kapsle z rostlinn\u00e9 celul\u00f3zy, do kter\u00fdch nejsou p\u0159id\u00e1ny \u017e\u00e1dn\u00e9 zbyte\u010dn\u00e9 pomocn\u00e9 l\u00e1tky a aditiva<\/strong> (nap\u0159\u00edklad r\u016fzn\u00e1 pojiva nebo protihrudkuj\u00edc\u00ed l\u00e1tky pot\u0159ebn\u00e9 u tablet).<br \/>\n<strong>Tobolky jsou vhodn\u00e9 pro vegetari\u00e1ny, vegany i celiatiky.<\/strong><\/p>\n<p><img loading=\"lazy\" decoding=\"async\" class=\"alignnone wp-image-167072 size-large\" src=\"https:\/\/fitshaker.sk\/eshop\/wp-content\/uploads\/2024\/12\/zinok-aktivne-zlozky-eshop-595x298.jpg\" alt=\"\" width=\"595\" height=\"298\" srcset=\"https:\/\/fitshaker.cz\/eshop\/wp-content\/uploads\/2024\/12\/zinok-aktivne-zlozky-eshop-595x298.jpg 595w, https:\/\/fitshaker.cz\/eshop\/wp-content\/uploads\/2024\/12\/zinok-aktivne-zlozky-eshop-350x175.jpg 350w, https:\/\/fitshaker.cz\/eshop\/wp-content\/uploads\/2024\/12\/zinok-aktivne-zlozky-eshop-385x193.jpg 385w, https:\/\/fitshaker.cz\/eshop\/wp-content\/uploads\/2024\/12\/zinok-aktivne-zlozky-eshop-768x384.jpg 768w, https:\/\/fitshaker.cz\/eshop\/wp-content\/uploads\/2024\/12\/zinok-aktivne-zlozky-eshop-1536x768.jpg 1536w, https:\/\/fitshaker.cz\/eshop\/wp-content\/uploads\/2024\/12\/zinok-aktivne-zlozky-eshop-450x225.jpg 450w, https:\/\/fitshaker.cz\/eshop\/wp-content\/uploads\/2024\/12\/zinok-aktivne-zlozky-eshop.jpg 1654w\" sizes=\"(max-width: 595px) 100vw, 595px\" \/><\/p>\n<p>&nbsp;<\/p>\n<p><strong>Balen\u00ed: 90 kapsl\u00ed<\/strong><br \/>\n<strong>Hmotnost: 28,35 g<\/strong><\/p>\n<p>&nbsp;<\/p>\n<h3>Doporu\u010dn\u00e1 denn\u00ed d\u00e1vka:<\/h3>\n<ul>\n<li>1 kapsle denn\u011b, zapijte dostate\u010dn\u00fdm mno\u017estv\u00edm vody.<\/li>\n<li>1 balen\u00ed FITSHAKER ZINC BISGLYCINATE + SELEN vydr\u017e\u00ed a\u017e 3 m\u011bs\u00edce.<\/li>\n<\/ul>\n<p>&nbsp;<\/p>\n<p><strong>Skladov\u00e1n\u00ed:<\/strong> Skladujte na such\u00e9m, tmav\u00e9m m\u00edst\u011b p\u0159i pokojov\u00e9 teplot\u011b.<br \/>\n<strong>Vyrobeno pro Fitshaker v \u010cesk\u00e9 republice.<\/strong><\/p>\n<p>&nbsp;<\/p>\n<p><strong>Upozorn\u011bn\u00ed:<\/strong> Nep\u0159ekra\u010dujte doporu\u010denou denn\u00ed d\u00e1vku! Dopln\u011bk stravy nenahrazuje pestrou a vyv\u00e1\u017eenou stravu a zdrav\u00fd \u017eivotn\u00ed styl! Uchov\u00e1vejte<br \/>\nmimo dosah d\u011bt\u00ed! Nen\u00ed vhodn\u00e9 pro d\u011bti. V p\u0159\u00edpad\u011b, \u017ee jste t\u011bhotn\u00e1, koj\u00edte, p\u0159ed u\u017e\u00edv\u00e1n\u00edm se pora\u010fte se sv\u00fdm l\u00e9ka\u0159em.<\/p>\n<p>&nbsp;<\/p>\n","protected":false},"excerpt":{"rendered":"<p><strong>BEAUTY BOOST \u2013 90 kapsl\u00ed<\/strong><\/p>\n<p><strong>Dopln\u011bk stravy se zinkem a selenem ve form\u011b kapsl\u00ed.<\/strong><br \/>\nKombinace miner\u00e1l\u016f zinku a selenu p\u0159isp\u00edv\u00e1 ke spr\u00e1vn\u00e9mu fungov\u00e1n\u00ed imunitn\u00edho syst\u00e9mu, reproduk\u010dn\u00ed funkce a pom\u00e1h\u00e1 udr\u017eovat zdrav\u00e9 vlasy, nehty a poko\u017eku.<\/p>\n<p>&nbsp;<\/p>\n<p><img loading=\"lazy\" decoding=\"async\" class=\"alignnone wp-image-171118\" src=\"https:\/\/fitshaker.sk\/eshop\/wp-content\/uploads\/2024\/12\/CZ-vitaminy.png\" alt=\"kvalitne vitaminy a mineraly\" width=\"557\" height=\"100\" srcset=\"https:\/\/fitshaker.cz\/eshop\/wp-content\/uploads\/2024\/12\/CZ-vitaminy.png 4914w, https:\/\/fitshaker.cz\/eshop\/wp-content\/uploads\/2024\/12\/CZ-vitaminy-350x63.png 350w, https:\/\/fitshaker.cz\/eshop\/wp-content\/uploads\/2024\/12\/CZ-vitaminy-595x107.png 595w, https:\/\/fitshaker.cz\/eshop\/wp-content\/uploads\/2024\/12\/CZ-vitaminy-385x69.png 385w, https:\/\/fitshaker.cz\/eshop\/wp-content\/uploads\/2024\/12\/CZ-vitaminy-768x138.png 768w, https:\/\/fitshaker.cz\/eshop\/wp-content\/uploads\/2024\/12\/CZ-vitaminy-1536x276.png 1536w, https:\/\/fitshaker.cz\/eshop\/wp-content\/uploads\/2024\/12\/CZ-vitaminy-2048x368.png 2048w, https:\/\/fitshaker.cz\/eshop\/wp-content\/uploads\/2024\/12\/CZ-vitaminy-450x81.png 450w\" sizes=\"(max-width: 557px) 100vw, 557px\" \/><\/p>\n","protected":false},"featured_media":167048,"comment_status":"open","ping_status":"closed","template":"","meta":{"_acf_changed":false},"product_cat":[213],"product_tag":[],"bundle_layout":"","bundled_by":[],"bundled_items":[],"acf":[],"_links":{"self":[{"href":"https:\/\/fitshaker.cz\/eshop\/wp-json\/wp\/v2\/product\/167046"}],"collection":[{"href":"https:\/\/fitshaker.cz\/eshop\/wp-json\/wp\/v2\/product"}],"about":[{"href":"https:\/\/fitshaker.cz\/eshop\/wp-json\/wp\/v2\/types\/product"}],"replies":[{"embeddable":true,"href":"https:\/\/fitshaker.cz\/eshop\/wp-json\/wp\/v2\/comments?post=167046"}],"wp:featuredmedia":[{"embeddable":true,"href":"https:\/\/fitshaker.cz\/eshop\/wp-json\/wp\/v2\/media\/167048"}],"wp:attachment":[{"href":"https:\/\/fitshaker.cz\/eshop\/wp-json\/wp\/v2\/media?parent=167046"}],"wp:term":[{"taxonomy":"product_cat","embeddable":true,"href":"https:\/\/fitshaker.cz\/eshop\/wp-json\/wp\/v2\/product_cat?post=167046"},{"taxonomy":"product_tag","embeddable":true,"href":"https:\/\/fitshaker.cz\/eshop\/wp-json\/wp\/v2\/product_tag?post=167046"}],"curies":[{"name":"wp","href":"https:\/\/api.w.org\/{rel}","templated":true}]}}