{"id":167057,"date":"2024-12-13T14:24:50","date_gmt":"2024-12-13T13:24:50","guid":{"rendered":"https:\/\/fitshaker.sk\/eshop\/?post_type=product&#038;p=167057"},"modified":"2026-03-26T20:02:39","modified_gmt":"2026-03-26T19:02:39","slug":"vitamin-magnesium-malate","status":"publish","type":"product","link":"https:\/\/fitshaker.cz\/eshop\/produkt\/vitamin-magnesium-malate","title":{"rendered":"FITSHAKER MAGNESIUM MALATE + B6"},"content":{"rendered":"<p><strong>Ho\u0159\u010d\u00edk a vitamin B6 p\u0159isp\u00edvaj\u00ed k norm\u00e1ln\u00ed \u010dinnosti nervov\u00e9 soustavy a psychick\u00e9 rovnov\u00e1hy, ke sn\u00ed\u017een\u00ed m\u00edrn\u00e9 \u00fanavy a vy\u010derp\u00e1n\u00ed. Ho\u0159\u010d\u00edk (magn\u00e9sium mal\u00e1t) je vhodn\u00fd pro podporu energie a vitality.<\/strong><\/p>\n<p><strong>Magnezium mal\u00e1t je vysoce vst\u0159ebateln\u00e1 a vysoce koncentrovan\u00e1 forma ho\u0159\u010d\u00edku,<\/strong> kter\u00e1 je \u0161etrn\u00e1 pro tr\u00e1ven\u00ed. D\u00edky sv\u00fdm energizuj\u00edc\u00edm \u00fa\u010dink\u016fm je tento ho\u0159\u010d\u00edk vhodn\u00fd pro u\u017e\u00edv\u00e1n\u00ed r\u00e1no a v dopoledn\u00edch hodin\u00e1ch.<\/p>\n<p>&nbsp;<\/p>\n<h3>Jak\u00e9 m\u00e1 v\u00fdhody FITSHAKER MAGNESIUM MALATE + B6? S \u010d\u00edm ti m\u016f\u017ee pomoci?<\/h3>\n<ul>\n<li>m\u00e1 povzbuzuj\u00edc\u00ed \u00fa\u010dinky, dod\u00e1v\u00e1 t\u011blu energii<\/li>\n<li>p\u0159isp\u00edv\u00e1 ke sn\u00ed\u017een\u00ed m\u00edry \u00fanavy a vy\u010derp\u00e1n\u00ed<\/li>\n<li>m\u00e1 p\u0159\u00edzniv\u00fd vliv na du\u0161evn\u00ed zdrav\u00ed, psychickou rovnov\u00e1hu a nervovou soustavu<\/li>\n<li>psychick\u00e1 rovnov\u00e1ha<\/li>\n<li>podporuje spr\u00e1vnou funkci sval\u016f (prevence proti k\u0159e\u010d\u00edm, proti bolesti sval\u016f)<\/li>\n<li>p\u0159edch\u00e1z\u00ed migr\u00e9n\u00e1m<\/li>\n<\/ul>\n<p>&nbsp;<\/p>\n<h3>K \u010demu vede nedostatek magnesia?<\/h3>\n<ul>\n<li>n\u00e1ladovost, podr\u00e1\u017ed\u011bnost, \u00fazkost, deprese<\/li>\n<li>pot\u00ed\u017ee se sp\u00e1nkem<\/li>\n<li>vy\u010derpanost, \u00fanava, ospalost<\/li>\n<li>svalov\u00e9 k\u0159e\u010de, bolesti sval\u016f<\/li>\n<li>bolest hlavy, migr\u00e9ny<\/li>\n<\/ul>\n<p>V\u00edce o d\u016fle\u017eitosti a vlivu magn\u00e9zia u na na\u0161e zdrav\u00ed se do\u010dte\u0161 na na\u0161em blogu.<\/p>\n<p>&nbsp;<\/p>\n<h3>Slo\u017een\u00ed:<\/h3>\n<p>akt\u00edvn\u00ed slo\u017eky: ho\u0159\u010d\u00edk (magnesium mal\u00e1t), vitamin B6 (pyridoxal-5\u2032-fosf\u00e1t)<\/p>\n<p>plnidlo: kapsle (hydroxypropylmethylcelulosa) \u2013 rostlinn\u00e1 celulosa<\/p>\n<p>&nbsp;<\/p>\n<p><strong>Pou\u017e\u00edv\u00e1me kapsle z rostlinn\u00e9 celul\u00f3zy, do kter\u00fdch nejsou p\u0159id\u00e1ny \u017e\u00e1dn\u00e9 zbyte\u010dn\u00e9 pomocn\u00e9 l\u00e1tky a aditiva<\/strong> (nap\u0159\u00edklad r\u016fzn\u00e1 pojiva nebo protihrudkuj\u00edc\u00ed l\u00e1tky pot\u0159ebn\u00e9 u tablet).<br \/>\n<strong>Tobolky jsou vhodn\u00e9 pro vegetari\u00e1ny, vegany i celiatiky.<\/strong><\/p>\n<p><img loading=\"lazy\" decoding=\"async\" class=\"alignnone wp-image-167073 \" src=\"https:\/\/fitshaker.sk\/eshop\/wp-content\/uploads\/2024\/12\/magnesium-malate-B6-aktivne-zlozky-eshop.jpg\" alt=\"\" width=\"603\" height=\"302\" srcset=\"https:\/\/fitshaker.cz\/eshop\/wp-content\/uploads\/2024\/12\/magnesium-malate-B6-aktivne-zlozky-eshop.jpg 1654w, https:\/\/fitshaker.cz\/eshop\/wp-content\/uploads\/2024\/12\/magnesium-malate-B6-aktivne-zlozky-eshop-350x175.jpg 350w, https:\/\/fitshaker.cz\/eshop\/wp-content\/uploads\/2024\/12\/magnesium-malate-B6-aktivne-zlozky-eshop-595x298.jpg 595w, https:\/\/fitshaker.cz\/eshop\/wp-content\/uploads\/2024\/12\/magnesium-malate-B6-aktivne-zlozky-eshop-385x193.jpg 385w, https:\/\/fitshaker.cz\/eshop\/wp-content\/uploads\/2024\/12\/magnesium-malate-B6-aktivne-zlozky-eshop-768x384.jpg 768w, https:\/\/fitshaker.cz\/eshop\/wp-content\/uploads\/2024\/12\/magnesium-malate-B6-aktivne-zlozky-eshop-1536x768.jpg 1536w, https:\/\/fitshaker.cz\/eshop\/wp-content\/uploads\/2024\/12\/magnesium-malate-B6-aktivne-zlozky-eshop-450x225.jpg 450w\" sizes=\"(max-width: 603px) 100vw, 603px\" \/><\/p>\n<p>&nbsp;<\/p>\n<p><strong>Balen\u00ed: 90 kapsl\u00ed<\/strong><br \/>\n<strong>Hmotnost: 85,87 g<\/strong><\/p>\n<p>&nbsp;<\/p>\n<h3>Doporu\u010dn\u00e1 denn\u00ed d\u00e1vka:<\/h3>\n<ul>\n<li>3 kapsle denn\u011b, zapijte dostate\u010dn\u00fdm mno\u017estv\u00edm vody.<\/li>\n<li>1 balen\u00ed FITSHAKER MAGNESIUM MALATE + B6 vydr\u017e\u00ed 30 dn\u00ed.<\/li>\n<\/ul>\n<p>&nbsp;<\/p>\n<p><strong>Skladov\u00e1n\u00ed:<\/strong> Skladujte na such\u00e9m, tmav\u00e9m m\u00edst\u011b p\u0159i pokojov\u00e9 teplot\u011b.<br \/>\n<strong>Vyrobeno pro Fitshaker v \u010cesk\u00e9 republice.<\/strong><\/p>\n<p>&nbsp;<\/p>\n<p><strong>Upozorn\u011bn\u00ed:<\/strong> Nep\u0159ekra\u010dujte doporu\u010denou denn\u00ed d\u00e1vku! Dopln\u011bk stravy nenahrazuje pestrou a vyv\u00e1\u017eenou stravu a zdrav\u00fd \u017eivotn\u00ed styl! Uchov\u00e1vejte<br \/>\nmimo dosah d\u011bt\u00ed! Nen\u00ed vhodn\u00e9 pro d\u011bti. V p\u0159\u00edpad\u011b, \u017ee jste t\u011bhotn\u00e1, koj\u00edte, p\u0159ed u\u017e\u00edv\u00e1n\u00edm se pora\u010fte se sv\u00fdm l\u00e9ka\u0159em.<\/p>\n<p>&nbsp;<\/p>\n","protected":false},"excerpt":{"rendered":"<p><strong>MORNING ENERGY BOOST\u00a0 \u2013 90 kapsl\u00ed<\/strong><br \/>\n<strong> Dopln\u011bk stravy s ho\u0159\u010d\u00edkem (magnesium mal\u00e1t) a vitaminem B6 ve form\u011b kapsl\u00ed.<\/strong><\/p>\n<p>Vysoce vst\u0159ebateln\u00e1 forma ho\u0159\u010d\u00edku, kter\u00e1 m\u00e1 povzbuzuj\u00edc\u00ed \u00fa\u010dinky, je vhodn\u00fd pro podporu energie a vitality a m\u00e1 pozitivn\u00ed vliv na du\u0161evn\u00ed zdrav\u00ed, psychickou rovnov\u00e1hu a nervovou soustavu.<\/p>\n<p><strong>Datum minim\u00e1ln\u00ed trvanlivosti: 27.8.2026<\/strong><\/p>\n<p>&nbsp;<\/p>\n<p><img loading=\"lazy\" decoding=\"async\" class=\"alignnone wp-image-171118\" src=\"https:\/\/fitshaker.sk\/eshop\/wp-content\/uploads\/2024\/12\/CZ-vitaminy.png\" alt=\"kvalitne vitaminy a mineraly\" width=\"557\" height=\"100\" srcset=\"https:\/\/fitshaker.cz\/eshop\/wp-content\/uploads\/2024\/12\/CZ-vitaminy.png 4914w, https:\/\/fitshaker.cz\/eshop\/wp-content\/uploads\/2024\/12\/CZ-vitaminy-350x63.png 350w, https:\/\/fitshaker.cz\/eshop\/wp-content\/uploads\/2024\/12\/CZ-vitaminy-595x107.png 595w, https:\/\/fitshaker.cz\/eshop\/wp-content\/uploads\/2024\/12\/CZ-vitaminy-385x69.png 385w, https:\/\/fitshaker.cz\/eshop\/wp-content\/uploads\/2024\/12\/CZ-vitaminy-768x138.png 768w, https:\/\/fitshaker.cz\/eshop\/wp-content\/uploads\/2024\/12\/CZ-vitaminy-1536x276.png 1536w, https:\/\/fitshaker.cz\/eshop\/wp-content\/uploads\/2024\/12\/CZ-vitaminy-2048x368.png 2048w, https:\/\/fitshaker.cz\/eshop\/wp-content\/uploads\/2024\/12\/CZ-vitaminy-450x81.png 450w\" sizes=\"(max-width: 557px) 100vw, 557px\" \/><\/p>\n","protected":false},"featured_media":167050,"comment_status":"open","ping_status":"closed","template":"","meta":{"_acf_changed":false},"product_cat":[213],"product_tag":[],"bundle_layout":"","bundled_by":[],"bundled_items":[],"acf":[],"_links":{"self":[{"href":"https:\/\/fitshaker.cz\/eshop\/wp-json\/wp\/v2\/product\/167057"}],"collection":[{"href":"https:\/\/fitshaker.cz\/eshop\/wp-json\/wp\/v2\/product"}],"about":[{"href":"https:\/\/fitshaker.cz\/eshop\/wp-json\/wp\/v2\/types\/product"}],"replies":[{"embeddable":true,"href":"https:\/\/fitshaker.cz\/eshop\/wp-json\/wp\/v2\/comments?post=167057"}],"wp:featuredmedia":[{"embeddable":true,"href":"https:\/\/fitshaker.cz\/eshop\/wp-json\/wp\/v2\/media\/167050"}],"wp:attachment":[{"href":"https:\/\/fitshaker.cz\/eshop\/wp-json\/wp\/v2\/media?parent=167057"}],"wp:term":[{"taxonomy":"product_cat","embeddable":true,"href":"https:\/\/fitshaker.cz\/eshop\/wp-json\/wp\/v2\/product_cat?post=167057"},{"taxonomy":"product_tag","embeddable":true,"href":"https:\/\/fitshaker.cz\/eshop\/wp-json\/wp\/v2\/product_tag?post=167057"}],"curies":[{"name":"wp","href":"https:\/\/api.w.org\/{rel}","templated":true}]}}