{"id":167064,"date":"2024-12-13T15:18:23","date_gmt":"2024-12-13T14:18:23","guid":{"rendered":"https:\/\/fitshaker.sk\/eshop\/?post_type=product&#038;p=167064"},"modified":"2025-12-31T17:49:26","modified_gmt":"2025-12-31T16:49:26","slug":"vitaminy-d3-k2","status":"publish","type":"product","link":"https:\/\/fitshaker.cz\/eshop\/produkt\/vitaminy-d3-k2","title":{"rendered":"FITSHAKER VITAMINS D3 + K2"},"content":{"rendered":"<p><strong>Vitamin D3 se p\u0159irozen\u011b tvo\u0159\u00ed v na\u0161\u00ed k\u016f\u017ei p\u016fsoben\u00edm slune\u010dn\u00edho z\u00e1\u0159en\u00ed hlavn\u011b b\u011bhem letn\u00edch m\u011bs\u00edc\u016f. Spolu s vitaminem K2 p\u0159isp\u00edvaj\u00ed k podpo\u0159e imunitn\u00edho syst\u00e9mu a udr\u017een\u00ed zdrav\u00fdch kost\u00ed a zub\u016f.<\/strong><\/p>\n<p>Tato ide\u00e1ln\u00ed kombinace dvou z\u00e1kladn\u00edch vitam\u00edn\u016f <strong>D3 z extraktu borovice a K2 ve form\u011b MK7 je velmi dob\u0159e vyu\u017eiteln\u00e1 pro lidsk\u00e9 t\u011blo<\/strong>. Tento v\u00fd\u017eivov\u00fd dopln\u011bk je pot\u0159eba u\u017e\u00edvat s j\u00eddlem, proto\u017ee <strong>vitam\u00edn D3 je rozpustn\u00fd v tuc\u00edch a pom\u00e1h\u00e1 vst\u0159eb\u00e1v\u00e1n\u00ed v\u00e1pn\u00edku z potravy<\/strong>.<br \/>\nVitam\u00edn <strong>K2 ve form\u011b MK7 pom\u00e1h\u00e1 t\u011blu vyu\u017e\u00edt v\u00e1pn\u00edk naplno t\u00edm, \u017ee zabra\u0148uje jeho usazov\u00e1n\u00ed v c\u00e9v\u00e1ch<\/strong>. Tato forma vitam\u00ednu K2 m\u00e1 mnohem del\u0161\u00ed polo\u010das rozpadu ne\u017e b\u011b\u017en\u00e9 formy vitam\u00ednu K2 a jeho vyu\u017eitelnost a efektivita v t\u011ble je maxim\u00e1ln\u00ed.<\/p>\n<p>Vitamin K2 m\u00e1 hlavn\u00ed funkci podporu metabolismu v\u00e1pn\u00edku v t\u011ble. Nedostatek vitam\u00ednu K2 zp\u016fsobuje ukl\u00e1d\u00e1n\u00ed v\u00e1pn\u00edku do m\u011bkk\u00fdch tk\u00e1n\u00ed a zhor\u0161uje jeho ukl\u00e1d\u00e1n\u00ed do kost\u00ed, co\u017e m\u016f\u017ee v\u00e9st k osteopor\u00f3ze (\u0159\u00eddnut\u00ed kost\u00ed). Vitam\u00edny D3 a K2 se tak navz\u00e1jem skv\u011ble dopl\u0148uj\u00ed a spolupracuj\u00ed.<\/p>\n<p>&nbsp;<\/p>\n<h3>Jak\u00e9 m\u00e1 v\u00fdhody FITSHAKER VITAMINS D3 + K2? S \u010d\u00edm ti m\u016f\u017ee pomoci?<\/h3>\n<ul>\n<li>pom\u00e1h\u00e1 p\u0159i budov\u00e1n\u00ed a posilov\u00e1n\u00ed kost\u00ed a zub\u016f<\/li>\n<li>posiluje imunitu<\/li>\n<li>m\u00e1 protiz\u00e1n\u011btliv\u00e9 \u00fa\u010dinky<\/li>\n<li>posiluje svaly<\/li>\n<li>napom\u00e1h\u00e1 k psychick\u00e9 rovnov\u00e1ze<\/li>\n<li>sni\u017euje vysok\u00fd krevn\u00ed tlak a podporuje kardiovaskul\u00e1rn\u00ed zdrav\u00ed<\/li>\n<\/ul>\n<p>&nbsp;<\/p>\n<h3>K \u010demu vede nedostatek vitam\u00edn\u016f D3 a K2?<\/h3>\n<ul>\n<li>tenk\u00e9 a k\u0159ehk\u00e9 kosti<\/li>\n<li>svalov\u00e1 slabost<\/li>\n<li>ospalost<\/li>\n<li>pot\u00ed\u017ee se sp\u00e1nkem<\/li>\n<li>v\u011bt\u0161\u00ed n\u00e1chylnost k respira\u010dn\u00edm nemocem<\/li>\n<li>oslaben\u00e1 imunita<\/li>\n<li>deprese, n\u00e1ladovost, \u00fazkost, deprese<\/li>\n<\/ul>\n<p>V\u00edce o d\u016fle\u017eitosti a vlivu vitam\u00edn\u016f na na\u0161e zdrav\u00ed se do\u010dte\u0161 na na\u0161em blogu.<\/p>\n<p>&nbsp;<\/p>\n<h3>Slo\u017een\u00ed:<\/h3>\n<p>akt\u00edvn\u00ed slo\u017eky: vitamin D3 (cholekalciferol \u2013 z extraktu z borovice), vitamin K2 (MK7)<\/p>\n<p>plnidlo: mikrokrystalick\u00e1 celulosa, kapsle (hydroxypropylmethylcelulosa) \u2013 rostlinn\u00e1 celulosa<\/p>\n<p>&nbsp;<\/p>\n<p><strong>Pou\u017e\u00edv\u00e1me kapsle z rostlinn\u00e9 celul\u00f3zy, do kter\u00fdch nejsou p\u0159id\u00e1ny \u017e\u00e1dn\u00e9 zbyte\u010dn\u00e9 pomocn\u00e9 l\u00e1tky a aditiva<\/strong> (nap\u0159\u00edklad r\u016fzn\u00e1 pojiva nebo protihrudkuj\u00edc\u00ed l\u00e1tky pot\u0159ebn\u00e9 u tablet).<br \/>\n<strong>Tobolky jsou vhodn\u00e9 pro vegetari\u00e1ny, vegany i celiatiky.<\/strong><\/p>\n<p><img loading=\"lazy\" decoding=\"async\" class=\"alignnone wp-image-167075 \" src=\"https:\/\/fitshaker.sk\/eshop\/wp-content\/uploads\/2024\/12\/D3-K2-aktivne-zlozky-eshop.jpg\" alt=\"\" width=\"595\" height=\"298\" srcset=\"https:\/\/fitshaker.cz\/eshop\/wp-content\/uploads\/2024\/12\/D3-K2-aktivne-zlozky-eshop.jpg 1654w, https:\/\/fitshaker.cz\/eshop\/wp-content\/uploads\/2024\/12\/D3-K2-aktivne-zlozky-eshop-350x175.jpg 350w, https:\/\/fitshaker.cz\/eshop\/wp-content\/uploads\/2024\/12\/D3-K2-aktivne-zlozky-eshop-595x298.jpg 595w, https:\/\/fitshaker.cz\/eshop\/wp-content\/uploads\/2024\/12\/D3-K2-aktivne-zlozky-eshop-385x193.jpg 385w, https:\/\/fitshaker.cz\/eshop\/wp-content\/uploads\/2024\/12\/D3-K2-aktivne-zlozky-eshop-768x384.jpg 768w, https:\/\/fitshaker.cz\/eshop\/wp-content\/uploads\/2024\/12\/D3-K2-aktivne-zlozky-eshop-1536x768.jpg 1536w, https:\/\/fitshaker.cz\/eshop\/wp-content\/uploads\/2024\/12\/D3-K2-aktivne-zlozky-eshop-450x225.jpg 450w\" sizes=\"(max-width: 595px) 100vw, 595px\" \/><\/p>\n<p>&nbsp;<\/p>\n<p><strong>Balen\u00ed: 90 kapsl\u00ed<\/strong><br \/>\n<strong>Hmotnost: 27,54 g<\/strong><\/p>\n<p>&nbsp;<\/p>\n<h3>Doporu\u010dn\u00e1 denn\u00ed d\u00e1vka:<\/h3>\n<ul>\n<li>1 kapsle denn\u011b, zapijte dostate\u010dn\u00fdm mno\u017estv\u00edm vody.<\/li>\n<li>Vitamin D3 je ide\u00e1ln\u00ed p\u0159ij\u00edmat spolu s j\u00eddlem, proto\u017ee jde o vitamin rozpustn\u00fd v tuc\u00edch.<\/li>\n<li>1 balen\u00ed FITSHAKER VITAMINS D3 + K2 vydr\u017e\u00ed a\u017e 3 m\u011bs\u00edce.<\/li>\n<\/ul>\n<p>&nbsp;<\/p>\n<p><strong>Skladov\u00e1n\u00ed:<\/strong> Skladujte na such\u00e9m, tmav\u00e9m m\u00edst\u011b p\u0159i pokojov\u00e9 teplot\u011b.<br \/>\n<strong>Vyrobeno pro Fitshaker v \u010cesk\u00e9 republice.<\/strong><\/p>\n<p>&nbsp;<\/p>\n<p><strong>Upozorn\u011bn\u00ed:<\/strong> Nep\u0159ekra\u010dujte doporu\u010denou denn\u00ed d\u00e1vku! Dopln\u011bk stravy nenahrazuje pestrou a vyv\u00e1\u017eenou stravu a zdrav\u00fd \u017eivotn\u00ed styl! Uchov\u00e1vejte<br \/>\nmimo dosah d\u011bt\u00ed! Nen\u00ed vhodn\u00e9 pro d\u011bti. V p\u0159\u00edpad\u011b, \u017ee jste t\u011bhotn\u00e1, koj\u00edte, p\u0159ed u\u017e\u00edv\u00e1n\u00edm se pora\u010fte se sv\u00fdm l\u00e9ka\u0159em.<\/p>\n<p>&nbsp;<\/p>\n","protected":false},"excerpt":{"rendered":"<p><strong>SUN COMPLEX\u00a0\u2013 90 kapsl\u00ed<\/strong><br \/>\n<strong>Dopln\u011bk stravy s vitam\u00edny D3 a K2 ve form\u011b kapsl\u00ed.<\/strong><br \/>\nDokonal\u00e1 kombinace vitam\u00edn\u016f pro pos\u00edlen\u00ed kost\u00ed, zub\u016f, sval\u016f a imunity, hlavn\u011b b\u011bhem zimn\u00edch dn\u016f.<\/p>\n<p>&nbsp;<\/p>\n<p><img loading=\"lazy\" decoding=\"async\" class=\"alignnone wp-image-171118\" src=\"https:\/\/fitshaker.sk\/eshop\/wp-content\/uploads\/2024\/12\/CZ-vitaminy.png\" alt=\"kvalitne vitaminy a mineraly\" width=\"557\" height=\"100\" srcset=\"https:\/\/fitshaker.cz\/eshop\/wp-content\/uploads\/2024\/12\/CZ-vitaminy.png 4914w, https:\/\/fitshaker.cz\/eshop\/wp-content\/uploads\/2024\/12\/CZ-vitaminy-350x63.png 350w, https:\/\/fitshaker.cz\/eshop\/wp-content\/uploads\/2024\/12\/CZ-vitaminy-595x107.png 595w, https:\/\/fitshaker.cz\/eshop\/wp-content\/uploads\/2024\/12\/CZ-vitaminy-385x69.png 385w, https:\/\/fitshaker.cz\/eshop\/wp-content\/uploads\/2024\/12\/CZ-vitaminy-768x138.png 768w, https:\/\/fitshaker.cz\/eshop\/wp-content\/uploads\/2024\/12\/CZ-vitaminy-1536x276.png 1536w, https:\/\/fitshaker.cz\/eshop\/wp-content\/uploads\/2024\/12\/CZ-vitaminy-2048x368.png 2048w, https:\/\/fitshaker.cz\/eshop\/wp-content\/uploads\/2024\/12\/CZ-vitaminy-450x81.png 450w\" sizes=\"(max-width: 557px) 100vw, 557px\" \/><\/p>\n","protected":false},"featured_media":167051,"comment_status":"open","ping_status":"closed","template":"","meta":{"_acf_changed":false},"product_cat":[213],"product_tag":[],"bundle_layout":"","bundled_by":[],"bundled_items":[],"acf":[],"_links":{"self":[{"href":"https:\/\/fitshaker.cz\/eshop\/wp-json\/wp\/v2\/product\/167064"}],"collection":[{"href":"https:\/\/fitshaker.cz\/eshop\/wp-json\/wp\/v2\/product"}],"about":[{"href":"https:\/\/fitshaker.cz\/eshop\/wp-json\/wp\/v2\/types\/product"}],"replies":[{"embeddable":true,"href":"https:\/\/fitshaker.cz\/eshop\/wp-json\/wp\/v2\/comments?post=167064"}],"wp:featuredmedia":[{"embeddable":true,"href":"https:\/\/fitshaker.cz\/eshop\/wp-json\/wp\/v2\/media\/167051"}],"wp:attachment":[{"href":"https:\/\/fitshaker.cz\/eshop\/wp-json\/wp\/v2\/media?parent=167064"}],"wp:term":[{"taxonomy":"product_cat","embeddable":true,"href":"https:\/\/fitshaker.cz\/eshop\/wp-json\/wp\/v2\/product_cat?post=167064"},{"taxonomy":"product_tag","embeddable":true,"href":"https:\/\/fitshaker.cz\/eshop\/wp-json\/wp\/v2\/product_tag?post=167064"}],"curies":[{"name":"wp","href":"https:\/\/api.w.org\/{rel}","templated":true}]}}