{"id":167410,"date":"2024-12-16T12:29:59","date_gmt":"2024-12-16T11:29:59","guid":{"rendered":"https:\/\/fitshaker.sk\/eshop\/cs\/?post_type=product&#038;p=167410"},"modified":"2026-04-15T04:01:43","modified_gmt":"2026-04-15T02:01:43","slug":"fitnutka-mandle-kakao","status":"publish","type":"product","link":"https:\/\/fitshaker.cz\/eshop\/produkt\/fitnutka-mandle-kakao","title":{"rendered":"Fitnutka: Mandle a kakao 200 g"},"content":{"rendered":"<p><strong>Fitnutka Mandle a kakao<\/strong> je fam\u00f3zn\u00ed mandlov\u00e1 pomaz\u00e1nka s kakaem, kter\u00e1 je dal\u0161\u00ed \u010doko variantou na\u0161\u00ed nejprod\u00e1van\u011bj\u0161\u00ed Fitnutky BIO L\u00edskov\u00e9 o\u0159\u00ed\u0161ky a \u010dokol\u00e1da. Jej\u00ed konzistence je kr\u00e9mov\u00e1, ale k\u0159upav\u00e1 d\u00edky kousk\u016fm mandl\u00ed. Mandle jsme pou\u017eili neloupan\u00e9, abychom zachovali vitam\u00edny a vl\u00e1kninu, kterou slupka obsahuje. \u010cist\u00e9 kakao a kokosov\u00fd cukr dodaly mandlov\u00e9 Fitnutce lahodnou, jemn\u011b sladkou chu\u0165, kter\u00e1 kr\u00e1sn\u011b obohat\u00ed ka\u0161i k sn\u00eddani nebo jinou dobrotu \ud83d\ude0b.<\/p>\n<p>&nbsp;<\/p>\n<h3>Co dobr\u00e9ho si m\u016f\u017ee\u0161 s Fitnutkami p\u0159ipravit?<\/h3>\n<p>Tak co, zkus\u00ed\u0161 p\u0159idat n\u011bkterou z na\u0161ich Fitnutek do sn\u00edda\u0148ov\u00e9 ka\u0161e, na l\u00edvance, dezerty nebo naslano do om\u00e1\u010dek \u010di t\u011bstovin? <strong>Inspiruj se recepty na na\u0161em blogu v kategorii <\/strong><strong><a href=\"https:\/\/fitshaker.cz\/cz\/kategorie\/recepty\/recepty-fitnutka\">RECEPTY S FITNUTKOU.<\/a><\/strong>\u00a0Zjisti, kde v\u0161ude se daj\u00ed o\u0159\u00ed\u0161kov\u00e9 pomaz\u00e1nky vyu\u017e\u00edt, a vykouzli novou chu\u0165 na tal\u00ed\u0159i.<\/p>\n<p>&nbsp;<\/p>\n<h3>Slo\u017een\u00ed:<\/h3>\n<ul>\n<li><strong>mandle<\/strong> neloupan\u00e9 80 %<\/li>\n<li>kokosov\u00fd cukr<\/li>\n<li>kakaov\u00fd pr\u00e1\u0161ek<\/li>\n<\/ul>\n<p><strong>M\u016f\u017ee obsahovat jin\u00e9 sko\u0159\u00e1pkov\u00e9 plody.<\/strong><\/p>\n<p>&nbsp;<\/p>\n<p><strong>Pou\u017eit\u00ed\/Skladov\u00e1n\u00ed:<\/strong><br \/>\nP\u0159ed pou\u017eit\u00edm prom\u00edchejte. Skladujte v suchu, p\u0159i teplot\u011bdo 25 \u00b0C a chra\u0148te p\u0159ed p\u0159\u00edm\u00fdm slune\u010dn\u00edm z\u00e1\u0159en\u00edm. Zkonzumujte do jednoho m\u011bs\u00edce od otev\u0159en\u00ed.<\/p>\n<p>&nbsp;<\/p>\n<h3>V\u00fd\u017eivov\u00e9 \u00fadaje na 100 g:<\/h3>\n<p>energie 2 503 kJ\/598 kcal<br \/>\ntuky 47,24 g, z toho nasycen\u00e9 mastn\u00e9 kyseliny 5,15 g<br \/>\nsacharidy 20,81 g, z toho cukry 17,33 g<br \/>\nvl\u00e1knina 6,62 g<br \/>\nb\u00edlkoviny 21,05 g<br \/>\ns\u016fl 0,05 g<\/p>\n<p><strong>Balen\u00ed: 200 g<\/strong><\/p>\n<p>&nbsp;<\/p>\n<h3>A jak\u00e9 maj\u00ed pou\u017eit\u00e9 o\u0159echy v pomaz\u00e1nce benefity?<\/h3>\n<p>Mandle jsou fantastick\u00fdm zdrojem antioxidant\u016f, nenasycen\u00fdch mastn\u00fdch tuk\u016f, ho\u0159\u010d\u00edku, fosforu, vl\u00e1kniny a mnoha dal\u0161\u00edho. Jejich konzumace napom\u00e1h\u00e1 nap\u0159\u00edklad \u010dinnosti srdce, mozku, ke zdrav\u00e9 poko\u017ece, kostem a zub\u016fm.<\/p>\n<p>&nbsp;<\/p>\n<p><strong>UPOZORN\u011aN\u00cd: P\u0159i v\u011bt\u0161\u00edch teplotn\u00edch rozd\u00edlech, hlavn\u011b v podzimn\u00edm a zimn\u00edm obdob\u00ed, se odd\u011blen\u00fd olej m\u016f\u017ee vysr\u00e1\u017eet do tukov\u00fdch \u010d\u00e1ste\u010dek (mal\u00e9 b\u00edl\u00e9 kuli\u010dky) nebo se m\u016f\u017ee odd\u011blit tuh\u00e1 a tekut\u00e1 slo\u017eka pomaz\u00e1nky, co\u017e v\u0161ak nen\u00ed vadou produktu. Pro odstran\u011bn\u00ed tohoto jevu doporu\u010dujeme produkt d\u016fkladn\u011b prom\u00edchat v tepl\u00e9, ne vrouc\u00ed l\u00e1zni, aby se v\u0161echny \u201evrstvy\u201c \u0159\u00e1dn\u011b spojily. Vznikne tak lahodn\u00e1 kr\u00e9mov\u00e1 konzistence.<\/strong><\/p>\n<p>&nbsp;<\/p>\n","protected":false},"excerpt":{"rendered":"<p>Fitnutka z neloupan\u00fdch mandl\u00ed a kakaa je luxusn\u00ed o\u0159\u00ed\u0161kov\u00e1 pomaz\u00e1nka s k\u0159upav\u00fdmi kousky mandl\u00ed.<br \/>\n<strong> A\u017e 80 % mandl\u00ed!<br \/>\n<\/strong>Datum minim\u00e1ln\u00ed trvanlivosti: 13.12.2025<strong><br \/>\n<\/strong><\/p>\n<p>&nbsp;<\/p>\n<p><img loading=\"lazy\" decoding=\"async\" class=\"alignnone wp-image-171196\" src=\"https:\/\/fitshaker.sk\/eshop\/wp-content\/uploads\/2024\/12\/CZ-Fitnutka-Mandle-a-kakao-Fitshaker.png\" alt=\"mandlova natierka\" width=\"557\" height=\"100\" srcset=\"https:\/\/fitshaker.cz\/eshop\/wp-content\/uploads\/2024\/12\/CZ-Fitnutka-Mandle-a-kakao-Fitshaker.png 4914w, https:\/\/fitshaker.cz\/eshop\/wp-content\/uploads\/2024\/12\/CZ-Fitnutka-Mandle-a-kakao-Fitshaker-350x63.png 350w, https:\/\/fitshaker.cz\/eshop\/wp-content\/uploads\/2024\/12\/CZ-Fitnutka-Mandle-a-kakao-Fitshaker-595x107.png 595w, https:\/\/fitshaker.cz\/eshop\/wp-content\/uploads\/2024\/12\/CZ-Fitnutka-Mandle-a-kakao-Fitshaker-385x69.png 385w, https:\/\/fitshaker.cz\/eshop\/wp-content\/uploads\/2024\/12\/CZ-Fitnutka-Mandle-a-kakao-Fitshaker-768x138.png 768w, https:\/\/fitshaker.cz\/eshop\/wp-content\/uploads\/2024\/12\/CZ-Fitnutka-Mandle-a-kakao-Fitshaker-1536x276.png 1536w, https:\/\/fitshaker.cz\/eshop\/wp-content\/uploads\/2024\/12\/CZ-Fitnutka-Mandle-a-kakao-Fitshaker-2048x368.png 2048w, https:\/\/fitshaker.cz\/eshop\/wp-content\/uploads\/2024\/12\/CZ-Fitnutka-Mandle-a-kakao-Fitshaker-450x81.png 450w\" sizes=\"(max-width: 557px) 100vw, 557px\" \/><\/p>\n","protected":false},"featured_media":167412,"comment_status":"open","ping_status":"closed","template":"","meta":{"_acf_changed":false},"product_cat":[213],"product_tag":[],"bundle_layout":"","bundled_by":[],"bundled_items":[],"acf":[],"_links":{"self":[{"href":"https:\/\/fitshaker.cz\/eshop\/wp-json\/wp\/v2\/product\/167410"}],"collection":[{"href":"https:\/\/fitshaker.cz\/eshop\/wp-json\/wp\/v2\/product"}],"about":[{"href":"https:\/\/fitshaker.cz\/eshop\/wp-json\/wp\/v2\/types\/product"}],"replies":[{"embeddable":true,"href":"https:\/\/fitshaker.cz\/eshop\/wp-json\/wp\/v2\/comments?post=167410"}],"wp:featuredmedia":[{"embeddable":true,"href":"https:\/\/fitshaker.cz\/eshop\/wp-json\/wp\/v2\/media\/167412"}],"wp:attachment":[{"href":"https:\/\/fitshaker.cz\/eshop\/wp-json\/wp\/v2\/media?parent=167410"}],"wp:term":[{"taxonomy":"product_cat","embeddable":true,"href":"https:\/\/fitshaker.cz\/eshop\/wp-json\/wp\/v2\/product_cat?post=167410"},{"taxonomy":"product_tag","embeddable":true,"href":"https:\/\/fitshaker.cz\/eshop\/wp-json\/wp\/v2\/product_tag?post=167410"}],"curies":[{"name":"wp","href":"https:\/\/api.w.org\/{rel}","templated":true}]}}