{"id":167752,"date":"2024-12-19T09:26:41","date_gmt":"2024-12-19T08:26:41","guid":{"rendered":"https:\/\/fitshaker.sk\/eshop\/?post_type=product&#038;p=167752"},"modified":"2026-02-16T13:53:11","modified_gmt":"2026-02-16T12:53:11","slug":"ranajkove-kombo-novinky","status":"publish","type":"product","link":"https:\/\/fitshaker.cz\/eshop\/produkt\/ranajkove-kombo-novinky","title":{"rendered":"Sn\u00edda\u0148ov\u00e9 kombo &#8211; pist\u00e1cie a f\u00edky"},"content":{"rendered":"<p>Hru\u0161kovo-f\u00edkovou ka\u0161i zalije\u0161 horkou vodou, ml\u00e9kem nebo rostlinn\u00fdm n\u00e1pojem, nech\u00e1\u0161 odst\u00e1t 5 minut. P\u0159id\u00e1\u0161 1-2 l\u017ei\u010dky pist\u00e1ciov\u00e9 Fitnutky a p\u0159id\u00e1\u0161 p\u00e1r extra velk\u00fdch kousk\u016f lyofilizovan\u00e9ho f\u00edku a dra\u010d\u00edho ovoce.<br \/>\nVypad\u00e1 to \u00fa\u017easn\u011b, i chutn\u00e1 to \u00fa\u017easn\u011b! Tak si p\u0159iprav skv\u011bl\u00e9 rychl\u00e9 vyv\u00e1\u017een\u00e9 sn\u00eddan\u011b s n\u00e1mi. M\u0148am!<\/p>\n<h3>Bal\u00ed\u010dek obsahuje:<\/h3>\n<ul>\n<li>1x balen\u00ed <a href=\"https:\/\/fitshaker.cz\/eshop\/produkt\/ranajkova-kasa-figa-hruska-skorica\"><strong>Sn\u00edda\u0148ov\u00e1 ka\u0161e 350 g \u2013 hru\u0161ka, f\u00edka, \u0161ko\u0159ice (5-6 porci\u00ed)<\/strong><\/a><\/li>\n<li>1x balen\u00ed <a href=\"https:\/\/fitshaker.cz\/eshop\/produkt\/fitnutka-pistacie-kesu\"><strong>Fitnutka: Pist\u00e1cie a ke\u0161u 200 g<\/strong><\/a><\/li>\n<li>1x balen\u00ed <a href=\"https:\/\/fitshaker.cz\/eshop\/produkt\/lyofilizovane-dracie-ovocie-figy\"><strong>Lyofilizovan\u00e9 ovoce \u2013 dra\u010d\u00ed ovoce, f\u00edky 50 g<\/strong><\/a><\/li>\n<\/ul>\n<p>&nbsp;<\/p>\n","protected":false},"excerpt":{"rendered":"<p>Zalej hru\u0161kovo-f\u00edkovou ka\u0161i horkou vodou nebo ml\u00e9kem \u2013 p\u0159\u00edpadn\u011b ji na chv\u00edli pova\u0159. Je to jen na tob\u011b, jak ka\u0161i nejv\u00edc miluje\u0161!<br \/>\nP\u0159idej l\u017ei\u010dku pist\u00e1ciov\u00e9 Fitnutky, lyofilizovan\u00e9 f\u00edky a dra\u010d\u00ed ovoce. Hotovo za 5 minut \u2013 pln\u00e9 chuti i energie!<\/p>\n<p>&nbsp;<\/p>\n","protected":false},"featured_media":167737,"comment_status":"open","ping_status":"closed","template":"","meta":{"_acf_changed":false},"product_cat":[213,251],"product_tag":[],"bundle_layout":"","bundled_by":[],"bundled_items":[],"acf":[],"_links":{"self":[{"href":"https:\/\/fitshaker.cz\/eshop\/wp-json\/wp\/v2\/product\/167752"}],"collection":[{"href":"https:\/\/fitshaker.cz\/eshop\/wp-json\/wp\/v2\/product"}],"about":[{"href":"https:\/\/fitshaker.cz\/eshop\/wp-json\/wp\/v2\/types\/product"}],"replies":[{"embeddable":true,"href":"https:\/\/fitshaker.cz\/eshop\/wp-json\/wp\/v2\/comments?post=167752"}],"wp:featuredmedia":[{"embeddable":true,"href":"https:\/\/fitshaker.cz\/eshop\/wp-json\/wp\/v2\/media\/167737"}],"wp:attachment":[{"href":"https:\/\/fitshaker.cz\/eshop\/wp-json\/wp\/v2\/media?parent=167752"}],"wp:term":[{"taxonomy":"product_cat","embeddable":true,"href":"https:\/\/fitshaker.cz\/eshop\/wp-json\/wp\/v2\/product_cat?post=167752"},{"taxonomy":"product_tag","embeddable":true,"href":"https:\/\/fitshaker.cz\/eshop\/wp-json\/wp\/v2\/product_tag?post=167752"}],"curies":[{"name":"wp","href":"https:\/\/api.w.org\/{rel}","templated":true}]}}