{"id":172614,"date":"2025-02-10T08:55:51","date_gmt":"2025-02-10T07:55:51","guid":{"rendered":"https:\/\/fitshaker.sk\/eshop\/?post_type=product&#038;p=172614"},"modified":"2026-03-28T08:41:41","modified_gmt":"2026-03-28T07:41:41","slug":"masazny-valec","status":"publish","type":"product","link":"https:\/\/fitshaker.cz\/eshop\/produkt\/masazny-valec","title":{"rendered":"Mas\u00e1\u017en\u00ed v\u00e1lec \u2013 45 cm"},"content":{"rendered":"<p><strong>Mas\u00e1\u017en\u00ed v\u00e1lec Fitshaker:<\/strong><\/p>\n<p>\u2022 v\u00fdborn\u00e1 pom\u016fcka na cvi\u010den\u00ed, regeneraci sval\u016f a rehabilitaci,<br \/>\n\u2022 m\u00e1 strukturovan\u00fd povrch pro lep\u0161\u00ed prokrven\u00ed sval\u016f \u2013 stimulovanou mas\u00e1\u017e,<br \/>\n\u2022 rozm\u011br: 45 cm x 14 cm,<br \/>\n\u2022 odoln\u00fd pevn\u00fd materi\u00e1l s dlouhou \u017eivotnost\u00ed (EVA p\u011bna), v\u00e1lec je dut\u00fd a lehk\u00fd,<br \/>\n\u2022 mas\u00e1\u017en\u00ed v\u00e1lec (roller) pom\u00e1h\u00e1 p\u0159i bolestiv\u00fdch a napjat\u00fdch svalech, p\u0159i svalov\u00e9 hore\u010dce, zlep\u0161uje krevn\u00ed ob\u011bh,<br \/>\n\u2022 zlep\u0161uje pru\u017enost sval\u016f, je vhodn\u00fd nap\u0159\u00edklad i na j\u00f3gu a stre\u010dink,<br \/>\n\u2022 pom\u00e1h\u00e1 svaly p\u0159ipravit na fyzickou z\u00e1t\u011b\u017e a uvolnit je po n\u00e1ro\u010dn\u00e9m tr\u00e9ninku,<br \/>\n\u2022 d\u00edky svoj\u00ed velikosti a struktu\u0159e je mas\u00e1\u017en\u00ed v\u00e1lec doporu\u010denou pom\u016fckou i pro intenzivn\u00ed uvoln\u011bn\u00ed cel\u00e9ho t\u011bla, nap\u0159\u00edklad zad, ramen, stehen a zadku,<br \/>\n\u2022 mas\u00e1\u017en\u00ed v\u00e1lec je mo\u017en\u00e9 vyu\u017e\u00edt i v boji proti celulitid\u011b ve spojen\u00ed s cvi\u010den\u00edm a se zdrav\u00fdm stravov\u00e1n\u00edm.<\/p>\n<p>&nbsp;<\/p>\n<style>.embed-container { position: relative; padding-bottom: 56.25%; height: 0; overflow: hidden; max-width: 100%; } .embed-container iframe, .embed-container object, .embed-container embed { position: absolute; top: 0; left: 0; width: 100%; height: 100%; }<\/style>\n<div class=\"embed-container\"><iframe src=\"https:\/\/youtube.com\/embed\/KB4dueJ53T4\" frameborder=\"0\" allowfullscreen=\"allowfullscreen\"><span data-mce-type=\"bookmark\" style=\"display: inline-block; width: 0px; overflow: hidden; line-height: 0;\" class=\"mce_SELRES_start\">\ufeff<\/span><\/iframe><\/div>\n<p>&nbsp;<\/p>\n","protected":false},"excerpt":{"rendered":"<p>Mas\u00e1\u017en\u00ed v\u00e1lec je praktick\u00e1 pom\u016fcka na cvi\u010den\u00ed, stre\u010dink, regeneraci sval\u016f a rehabilitaci.<br \/>\nRozm\u011br: 45 cm x 14 cm.<br \/>\nNosnost: 150 kg<\/p>\n","protected":false},"featured_media":172615,"comment_status":"open","ping_status":"closed","template":"","meta":{"_acf_changed":false},"product_cat":[215],"product_tag":[],"bundle_layout":"","bundled_by":[],"bundled_items":[],"acf":[],"_links":{"self":[{"href":"https:\/\/fitshaker.cz\/eshop\/wp-json\/wp\/v2\/product\/172614"}],"collection":[{"href":"https:\/\/fitshaker.cz\/eshop\/wp-json\/wp\/v2\/product"}],"about":[{"href":"https:\/\/fitshaker.cz\/eshop\/wp-json\/wp\/v2\/types\/product"}],"replies":[{"embeddable":true,"href":"https:\/\/fitshaker.cz\/eshop\/wp-json\/wp\/v2\/comments?post=172614"}],"wp:featuredmedia":[{"embeddable":true,"href":"https:\/\/fitshaker.cz\/eshop\/wp-json\/wp\/v2\/media\/172615"}],"wp:attachment":[{"href":"https:\/\/fitshaker.cz\/eshop\/wp-json\/wp\/v2\/media?parent=172614"}],"wp:term":[{"taxonomy":"product_cat","embeddable":true,"href":"https:\/\/fitshaker.cz\/eshop\/wp-json\/wp\/v2\/product_cat?post=172614"},{"taxonomy":"product_tag","embeddable":true,"href":"https:\/\/fitshaker.cz\/eshop\/wp-json\/wp\/v2\/product_tag?post=172614"}],"curies":[{"name":"wp","href":"https:\/\/api.w.org\/{rel}","templated":true}]}}