{"id":194007,"date":"2025-10-16T17:13:05","date_gmt":"2025-10-16T15:13:05","guid":{"rendered":"https:\/\/fitshaker.sk\/eshop\/cs\/?post_type=product&#038;p=194007"},"modified":"2026-04-10T00:32:24","modified_gmt":"2026-04-09T22:32:24","slug":"sm-system-set-na-cvicenie","status":"publish","type":"product","link":"https:\/\/fitshaker.cz\/eshop\/produkt\/sm-system-set-na-cvicenie","title":{"rendered":"SM SYSTEM \u2013 set na cvi\u010den\u00ed"},"content":{"rendered":"<p><strong>Set pro cvi\u010den\u00ed SM SYSTEM obsahuje:<\/strong><\/p>\n<ul>\n<li><strong>Origin\u00e1ln\u00ed SM System podlo\u017eku (1 ks)<\/strong> \u2013 poskytuje ide\u00e1ln\u00ed oporu p\u0159i cvi\u010den\u00ed metody SPS, a\u0165 u\u017e p\u0159i cvic\u00edch v kleku, nebo p\u0159i t\u011bch, kter\u00e9 vy\u017eaduj\u00ed v\u011bt\u0161\u00ed koordinaci a stabilitu.<\/li>\n<li><strong>SM System hole (2 ks)<\/strong> \u2013 pom\u00e1haj\u00ed p\u0159i n\u00e1cviku spr\u00e1vn\u00e9 \u2013 spir\u00e1lov\u00e9 a koordinovan\u00e9 \u2013 ch\u016fze a z\u00e1rove\u0148 poskytuj\u00ed podporu a stabilitu b\u011bhem cvi\u010den\u00ed.<\/li>\n<li><strong>SM System lano sportovn\u00ed \u2013 ten\u010d\u00ed (r\u016f\u017eov\u00e9, 1 ks)<\/strong> \u2013 slou\u017e\u00ed k rehabilita\u010dn\u00edm a regenera\u010dn\u00edm cvi\u010den\u00edm.<\/li>\n<\/ul>\n<p><strong><br \/>\nSM \u2013 System: Tvoje t\u011blo v rovnov\u00e1ze, tvoje p\u00e1te\u0159 bez bolesti<\/strong><\/p>\n<p><strong>SM \u2013 System nen\u00ed jen oby\u010dejn\u00e9 cvi\u010den\u00ed.<\/strong><br \/>\nJe to chytr\u00fd <strong>zp\u016fsob, jak obnovit zdrav\u00fd pohyb, pos\u00edlit t\u011blo zevnit\u0159 a znovu se c\u00edtit dob\u0159e ve sv\u00e9 k\u016f\u017ei.<\/strong><br \/>\n<strong>Slou\u017e\u00ed k regeneraci, rehabilitaci i prevenci<\/strong> \u2013 proto\u017ee to nejlep\u0161\u00ed, co m\u016f\u017ee\u0161 pro sv\u00e9 t\u011blo ud\u011blat, je nau\u010dit ho h\u00fdbat se spr\u00e1vn\u011b.<\/p>\n<p>Tato origin\u00e1ln\u00ed metoda vznikla jako <strong>\u00fa\u010dinn\u00e1 pomoc p\u0159i poruch\u00e1ch p\u00e1te\u0159e<\/strong>, ale jej\u00ed skute\u010dn\u00e1 s\u00edla spo\u010d\u00edv\u00e1 v prevenci.<strong> Pom\u00e1h\u00e1 p\u0159edch\u00e1zet bolestem, nap\u011bt\u00ed a \u00fanav\u011b t\u00edm, \u017ee aktivuje hlubok\u00e9 svaly, obnovuje spr\u00e1vn\u00e9 pohybov\u00e9 vzorce a p\u0159in\u00e1\u0161\u00ed t\u011blu zaslou\u017eenou regeneraci.<\/strong><\/p>\n<p><strong>SM \u2013 System je komplexn\u00ed tr\u00e9nink pohybov\u00e9ho apar\u00e1tu<\/strong>, kter\u00fd t\u011b nau\u010d\u00ed, jak pracovat se sv\u00fdm t\u011blem efektivn\u011b, s lehkost\u00ed a bez bolesti.<br \/>\nKa\u017ed\u00fd pohyb m\u00e1 sv\u016fj smysl \u2013 a p\u0159i d\u016fsledn\u00e9m dodr\u017eov\u00e1n\u00ed princip\u016f dostane tvoje t\u011blo ten spr\u00e1vn\u00fd impulz k obnoven\u00ed svalov\u00e9 rovnov\u00e1hy, uvoln\u011bn\u00ed p\u00e1te\u0159e a regeneraci meziobratlov\u00fdch plot\u00e9nek.<\/p>\n<p><strong>Je to most mezi rehabilitac\u00ed a kondi\u010dn\u00edm tr\u00e9ninkem \u2013 propojen\u00ed zdrav\u00ed a v\u00fdkonu<\/strong>, kter\u00e9 d\u00e1v\u00e1 smysl.<br \/>\n<strong>SM \u2013 System je tvoje cesta z ordinace zp\u011bt do \u017eivota.<\/strong><br \/>\nCesta k pru\u017en\u00e9mu, siln\u00e9mu a zdrav\u00e9mu t\u011blu, kter\u00e9 t\u011b podr\u017e\u00ed v ka\u017ed\u00e9 situaci.<\/p>\n<p>Proto\u017ee zdrav\u00fd pohyb je svoboda.<br \/>\nA ty si ji zaslou\u017e\u00ed\u0161.<\/p>\n<p>&nbsp;<\/p>\n<p><em><strong>\ud83d\udce2 INFO O DORU\u010cEN\u00cd \ud83d\ude9a\ud83e\udd17:<\/strong><\/em><br \/>\n<em><strong>H\u016flky v SM setu na cvi\u010den\u00ed chod\u00ed zabalen\u00e9 samostatn\u011b, tak\u017ee si pros\u00edm vyzvedni ze z\u00e1silkovny nebo od kur\u00fdra 2 bal\u00ed\u010dky.<\/strong><\/em><br \/>\n<em><strong>N\u011bkdy se m\u016f\u017ee st\u00e1t, \u017ee se tyto bal\u00ed\u010dky v t\u0159\u00edd\u00edc\u00edm centru p\u0159epravn\u00ed spole\u010dnosti rozd\u011bl\u00ed a nep\u0159ijdou ti najednou. Ale nemus\u00ed\u0161 m\u00edt obavy \ud83d\ude09, i druh\u00fd bal\u00ed\u010dek ti ur\u010dit\u011b doraz\u00ed, v\u011bt\u0161inou n\u00e1sleduj\u00edc\u00ed pracovn\u00ed den.<\/strong><\/em><\/p>\n","protected":false},"excerpt":{"rendered":"<p><strong>Set pro cvi\u010den\u00ed SM SYSTEM obsahuje \u2013 1\u00d7 tenk\u00e9 rehabilita\u010dn\u00ed lano (r\u016f\u017eov\u00e9), 2\u00d7 h\u016fl, 1\u00d7 podlo\u017eku.<\/strong><br \/>\nSM syst\u00e9m je origin\u00e1ln\u00ed metoda, kter\u00e1 pom\u00e1h\u00e1 l\u00e9\u010dit poruchy p\u00e1te\u0159e a z\u00e1rove\u0148 jim p\u0159edch\u00e1zet d\u00edky \u00fa\u010dinn\u00e9 regeneraci.<\/p>\n","protected":false},"featured_media":194060,"comment_status":"open","ping_status":"closed","template":"","meta":{"_acf_changed":false},"product_cat":[215],"product_tag":[],"bundle_layout":"","bundled_by":[],"bundled_items":[],"acf":[],"_links":{"self":[{"href":"https:\/\/fitshaker.cz\/eshop\/wp-json\/wp\/v2\/product\/194007"}],"collection":[{"href":"https:\/\/fitshaker.cz\/eshop\/wp-json\/wp\/v2\/product"}],"about":[{"href":"https:\/\/fitshaker.cz\/eshop\/wp-json\/wp\/v2\/types\/product"}],"replies":[{"embeddable":true,"href":"https:\/\/fitshaker.cz\/eshop\/wp-json\/wp\/v2\/comments?post=194007"}],"wp:featuredmedia":[{"embeddable":true,"href":"https:\/\/fitshaker.cz\/eshop\/wp-json\/wp\/v2\/media\/194060"}],"wp:attachment":[{"href":"https:\/\/fitshaker.cz\/eshop\/wp-json\/wp\/v2\/media?parent=194007"}],"wp:term":[{"taxonomy":"product_cat","embeddable":true,"href":"https:\/\/fitshaker.cz\/eshop\/wp-json\/wp\/v2\/product_cat?post=194007"},{"taxonomy":"product_tag","embeddable":true,"href":"https:\/\/fitshaker.cz\/eshop\/wp-json\/wp\/v2\/product_tag?post=194007"}],"curies":[{"name":"wp","href":"https:\/\/api.w.org\/{rel}","templated":true}]}}