{"id":199365,"date":"2026-01-14T16:10:25","date_gmt":"2026-01-14T15:10:25","guid":{"rendered":"https:\/\/fitshaker.sk\/eshop\/?post_type=product&#038;p=199365"},"modified":"2026-03-31T10:26:32","modified_gmt":"2026-03-31T08:26:32","slug":"vzorovy-jidelnicek-lehci-telo-silnejsi-imunita","status":"publish","type":"product","link":"https:\/\/fitshaker.cz\/eshop\/produkt\/vzorovy-jidelnicek-lehci-telo-silnejsi-imunita","title":{"rendered":"[E-book] Vzorov\u00fd j\u00eddeln\u00ed\u010dek na 14 dn\u00ed: Leh\u010d\u00ed t\u011blo, siln\u011bj\u0161\u00ed imunita"},"content":{"rendered":"<p><strong>Za\u010dni nov\u00fd rok laskav\u011b k sob\u011b.<\/strong><\/p>\n<p><strong>Tento 14-denn\u00ed vzorov\u00fd j\u00eddeln\u00ed\u010dek je jako stvo\u0159en\u00fd na leden po sv\u00e1tc\u00edch<\/strong> \u2013 obdob\u00ed, kdy si t\u011blo \u017e\u00e1d\u00e1 \u00falevu, teplo a kvalitn\u00ed \u017eiviny. <strong>Podporuje imunitu v zimn\u00edm obdob\u00ed<\/strong>, pom\u00e1h\u00e1 c\u00edtit se leh\u010deji a vrac\u00ed t\u011blu p\u0159irozenou rovnov\u00e1hu bez extr\u00e9m\u016f a tlaku.<\/p>\n<p>Z\u00e1rove\u0148 ale nejde o j\u00eddeln\u00ed\u010dek \u201ejen na chv\u00edli\u201c. <strong>D\u00edky vyv\u00e1\u017een\u00fdm, chutn\u00fdm a snadno kombinovateln\u00fdm j\u00eddl\u016fm ho vyu\u017eije\u0161 i b\u011bhem cel\u00e9ho roku jako spolehliv\u00fd z\u00e1klad zdrav\u00e9ho va\u0159en\u00ed.<\/strong> Recepty se z\u00e1m\u011brn\u011b opakuj\u00ed, aby ti \u0161et\u0159ily \u010das, energii i rozhodov\u00e1n\u00ed v kuchyni.<\/p>\n<p>Nen\u00ed o omezov\u00e1n\u00ed ani o p\u0159\u00edsn\u00fdch pravidlech. Je o naslouch\u00e1n\u00ed vlastn\u00edmu t\u011blu, o svobod\u011b p\u0159izp\u016fsobit si porce i j\u00eddla podle sebe a o radosti z j\u00eddla, kter\u00e9 zah\u0159eje, zasyt\u00ed a dod\u00e1 energii.<\/p>\n<p>Jez s klidem, bez stresu a s pocitem, \u017ee pro sebe d\u011bl\u00e1\u0161 n\u011bco dobr\u00e9ho \u2013 v lednu i kdykoliv b\u011bhem roku.<\/p>\n<p>&nbsp;<\/p>\n<p><strong>Benefity j\u00eddeln\u00ed\u010dku:<\/strong><\/p>\n<p>\u2714 podporuje imunitu v n\u00e1ro\u010dn\u00e9m zimn\u00edm obdob\u00ed<br \/>\n\u2714 pom\u00e1h\u00e1 c\u00edtit se leh\u010deji, sv\u011b\u017eeji a energi\u010dt\u011bji<br \/>\n\u2714 vyv\u00e1\u017een\u00e1, chutn\u00e1 a snadno kombinovateln\u00e1 j\u00eddla<br \/>\n\u2714 recepty se z\u00e1m\u011brn\u011b opakuj\u00ed \u2013 \u0161et\u0159\u00ed \u010das i energii<br \/>\n\u2714 mo\u017enost p\u0159izp\u016fsobit si porce i j\u00eddla podle sebe<br \/>\n\u2714 bez tlaku, bez diet, bez stresu<br \/>\n\u2714 j\u00eddeln\u00ed\u010dek, kter\u00fd podporuje pohodu t\u011bla i mysli<\/p>\n<p>Po dokon\u010den\u00ed objedn\u00e1vky ti bude j\u00eddeln\u00ed\u010dek zasl\u00e1n na email, kde si jej m\u016f\u017ee\u0161 st\u00e1hnout ve form\u00e1tu PDF.<\/p>\n<p>&nbsp;<\/p>\n","protected":false},"excerpt":{"rendered":"<p>14-denn\u00ed vzorov\u00fd j\u00eddeln\u00ed\u010dek pln\u00fd vyv\u00e1\u017een\u00fdch j\u00eddel, kter\u00e1 podpo\u0159\u00ed imunitu, usnadn\u00ed tr\u00e1ven\u00ed a pomohou ti c\u00edtit se leh\u010deji a pln\u00e1 energie \u2013 bez stresu a extr\u00e9m\u016f.<br \/>\n<a href=\"https:\/\/fitshaker.cz\/\">Pokud se stane\u0161 na\u0161\u00edm PREMIUM \u010dlenem<\/a>, m\u016f\u017ee\u0161 si tento j\u00eddeln\u00ed\u010dek st\u00e1hnout ZDARMA!<\/p>\n","protected":false},"featured_media":199373,"comment_status":"open","ping_status":"closed","template":"","meta":{"_acf_changed":false},"product_cat":[211],"product_tag":[],"bundle_layout":"","bundled_by":[],"bundled_items":[],"acf":[],"_links":{"self":[{"href":"https:\/\/fitshaker.cz\/eshop\/wp-json\/wp\/v2\/product\/199365"}],"collection":[{"href":"https:\/\/fitshaker.cz\/eshop\/wp-json\/wp\/v2\/product"}],"about":[{"href":"https:\/\/fitshaker.cz\/eshop\/wp-json\/wp\/v2\/types\/product"}],"replies":[{"embeddable":true,"href":"https:\/\/fitshaker.cz\/eshop\/wp-json\/wp\/v2\/comments?post=199365"}],"wp:featuredmedia":[{"embeddable":true,"href":"https:\/\/fitshaker.cz\/eshop\/wp-json\/wp\/v2\/media\/199373"}],"wp:attachment":[{"href":"https:\/\/fitshaker.cz\/eshop\/wp-json\/wp\/v2\/media?parent=199365"}],"wp:term":[{"taxonomy":"product_cat","embeddable":true,"href":"https:\/\/fitshaker.cz\/eshop\/wp-json\/wp\/v2\/product_cat?post=199365"},{"taxonomy":"product_tag","embeddable":true,"href":"https:\/\/fitshaker.cz\/eshop\/wp-json\/wp\/v2\/product_tag?post=199365"}],"curies":[{"name":"wp","href":"https:\/\/api.w.org\/{rel}","templated":true}]}}